{"id":10815,"date":"2025-09-22T23:21:55","date_gmt":"2025-09-22T15:21:55","guid":{"rendered":"https:\/\/green-grasshopper-921422.hostingersite.com\/?page_id=10815"},"modified":"2025-09-24T17:19:42","modified_gmt":"2025-09-24T09:19:42","slug":"faqs","status":"publish","type":"page","link":"https:\/\/agoravape.com\/de\/faqs\/","title":{"rendered":"H\u00e4ufig gestellte Fragen"},"content":{"rendered":"<h1 class=\"wp-block-heading has-text-align-center\">Frequently Asked Questions( FAQ )<\/h1>\n\n\n\n<h2 class=\"wp-block-heading\"><strong>Payment<\/strong><\/h2>\n\n\n<div id=\"rank-math-faq\" class=\"rank-math-block\">\n<ul class=\"rank-math-list\">\n<li id=\"faq-question-1758677760300\" class=\"rank-math-list-item\">\n<h3 class=\"rank-math-question\">Which payment methods do you accept?<\/h3>\n<div class=\"rank-math-answer\">\n\n<p>We accept a variety of payment methods. For example Credit Card, Trustly, Bancontact, Przelewy24, Multibanco, SEPA, Crypto\uff08USDT, BTC ect.\uff09 and more. Check the checkout page for all options.<\/p>\n\n<\/div>\n<\/li>\n<li id=\"faq-question-1758677791437\" class=\"rank-math-list-item\">\n<h3 class=\"rank-math-question\">Why was my payment declined?<\/h3>\n<div class=\"rank-math-answer\">\n\n<p>Payments can be declined for several reasons. For example, wrong card details, insufficient balance or problems with the payment service. Please check your details or contact your bank\/payment provider.<\/p>\n\n<\/div>\n<\/li>\n<li id=\"faq-question-1758677799119\" class=\"rank-math-list-item\">\n<h3 class=\"rank-math-question\">How can I obtain an invoice?<\/h3>\n<div class=\"rank-math-answer\">\n\n<p>Request an invoice? Can be done during checkout. We will send it by email afterwards.<\/p>\n\n<\/div>\n<\/li>\n<li id=\"faq-question-1758677805392\" class=\"rank-math-list-item\">\n<h3 class=\"rank-math-question\">Do you offer cash-on-delivery (COD) payment option?<\/h3>\n<div class=\"rank-math-answer\">\n\n<p>No, we do not have cash on delivery. You must pay online when ordering.<\/p>\n\n<\/div>\n<\/li>\n<li id=\"faq-question-1758677842806\" class=\"rank-math-list-item\">\n<h3 class=\"rank-math-question\">Is there an option to enter a discount code or gift card?<\/h3>\n<div class=\"rank-math-answer\">\n\n<p>Yes, do you have a code or voucher? Enter the code on the checkout page for a discount.<\/p>\n\n<\/div>\n<\/li>\n<li id=\"faq-question-1758677850262\" class=\"rank-math-list-item\">\n<h3 class=\"rank-math-question\">Is payment secure?<\/h3>\n<div class=\"rank-math-answer\">\n\n<p>We provide secure payments. We use encryption and comply with PCI standards.<\/p>\n\n<\/div>\n<\/li>\n<li id=\"faq-question-1758677856599\" class=\"rank-math-list-item\">\n<h3 class=\"rank-math-question\">How can I receive an order confirmation after making a payment?<\/h3>\n<div class=\"rank-math-answer\">\n\n<p>Yes, immediately after successful payment you will receive an email with order confirmation.<\/p>\n\n<\/div>\n<\/li>\n<li id=\"faq-question-1758677863213\" class=\"rank-math-list-item\">\n<h3 class=\"rank-math-question\">How can I request a return?<\/h3>\n<div class=\"rank-math-answer\">\n\n<p>Please contact our customer service team. Please provide your order details. We will help according to our return policy.<\/p>\n\n<\/div>\n<\/li>\n<li id=\"faq-question-1758677871426\" class=\"rank-math-list-item\">\n<h3 class=\"rank-math-question\">How can I view my order history after making a payment?<\/h3>\n<div class=\"rank-math-answer\">\n\n<p>Log in to your account. Go to \u201cMy Account.\u201d In order history you will see all payments and status of your orders.<\/p>\n\n<\/div>\n<\/li>\n<\/ul>\n<\/div>\n\n\n<h2 class=\"wp-block-heading\">Shipping<\/h2>\n\n\n<div id=\"rank-math-faq\" class=\"rank-math-block\">\n<ul class=\"rank-math-list\">\n<li id=\"faq-question-1758677890188\" class=\"rank-math-list-item\">\n<h3 class=\"rank-math-question\">What\u2019s the shipping policy?<\/h3>\n<div class=\"rank-math-answer\">\n\n<p>Countries that we can ship with\u00a0<strong>DDP<\/strong>\u00a0(<strong>Lieferzoll bezahlt<\/strong>Bei dieser Methode m\u00fcssen Sie keine Zollabfertigung durchf\u00fchren und es fallen keine Geb\u00fchren f\u00fcr Sie an.<br \/>\u2013 USA \u2013\u00a0 UPS Express (except Alaska and Hawaii)<br \/>\u2013 UK \u2013\u00a0 Local DPD Express<br \/>\u2013 Europe \u2013 UPS Express\/ DPD Express\/ DHL Express<br \/>L\u00e4nderliste Europas nach DDP-Methode: Deutschland, Belgien, Luxemburg, Niederlande, Tschechische Republik, Polen, Kroatien, Slowakei, Slowenien, Finnland, D\u00e4nemark, Schweden, \u00d6sterreich, Frankreich, Italien, Ungarn, Bulgarien, Litauen, Estland, Lettland, Griechenland, Irland, Portugal, Spanien.<br \/>Shipments to European countries except UK will be cleared in Germany and shipped to other European countries from Germany.<br \/>\u2013 UAE (Dubai only)<br \/>\u2013 South Africa<br \/>\u2013 Vietnam<br \/>\u2013 West Malaysia\uff08expcet Kalimantan Island\uff09<\/p>\n<p><strong>Lieferzeiten f\u00fcr bestimmte L\u00e4nder:<\/strong><br \/>\n<table id=\"tablepress-1\" class=\"tablepress tablepress-id-1\">\n<thead>\n<tr class=\"row-1\">\n\t<th class=\"column-1\">LAND<\/th><th class=\"column-2\">VERSANDMETHODE<\/th><th class=\"column-3\">LIEFERZEIT<\/th>\n<\/tr>\n<\/thead>\n<tbody class=\"row-striping row-hover\">\n<tr class=\"row-2\">\n\t<td class=\"column-1\">Reh<\/td><td class=\"column-2\">Lokaler UPS-Standard<\/td><td class=\"column-3\">10-15 Tage<\/td>\n<\/tr>\n<tr class=\"row-3\">\n\t<td class=\"column-1\">Vereinigtes K\u00f6nigreich<\/td><td class=\"column-2\">Lokaler DPD Express<\/td><td class=\"column-3\">7-12 Tage<\/td>\n<\/tr>\n<tr class=\"row-4\">\n\t<td class=\"column-1\">Deutschland<\/td><td class=\"column-2\">UPS\/DPD\/DHL Deutschland<\/td><td class=\"column-3\">8-13 Tage<\/td>\n<\/tr>\n<tr class=\"row-5\">\n\t<td class=\"column-1\">Frankreich<\/td><td class=\"column-2\">UPS\/DPD\/DHL Deutschland<\/td><td class=\"column-3\">8-13 Tage<\/td>\n<\/tr>\n<tr class=\"row-6\">\n\t<td class=\"column-1\">Belgien<\/td><td class=\"column-2\">UPS\/DPD\/DHL Deutschland<\/td><td class=\"column-3\">8-13 Tage<\/td>\n<\/tr>\n<tr class=\"row-7\">\n\t<td class=\"column-1\">Luxemburg<\/td><td class=\"column-2\">UPS\/DPD\/DHL Deutschland<\/td><td class=\"column-3\">8-13 Tage<\/td>\n<\/tr>\n<tr class=\"row-8\">\n\t<td class=\"column-1\">Niederlande<\/td><td class=\"column-2\">UPS\/DPD\/DHL Deutschland<\/td><td class=\"column-3\">8-13 Tage<\/td>\n<\/tr>\n<tr class=\"row-9\">\n\t<td class=\"column-1\">Tschechische Republik<\/td><td class=\"column-2\">UPS\/DPD\/DHL Deutschland<\/td><td class=\"column-3\">8-13 Tage<\/td>\n<\/tr>\n<tr class=\"row-10\">\n\t<td class=\"column-1\">Polen<\/td><td class=\"column-2\">UPS\/DPD\/DHL Deutschland<\/td><td class=\"column-3\">8-13 Tage<\/td>\n<\/tr>\n<tr class=\"row-11\">\n\t<td class=\"column-1\">Kroatien<\/td><td class=\"column-2\">UPS\/DPD\/DHL Deutschland<\/td><td class=\"column-3\">8-13 Tage<\/td>\n<\/tr>\n<tr class=\"row-12\">\n\t<td class=\"column-1\">Slowakei<\/td><td class=\"column-2\">UPS\/DPD\/DHL Deutschland<\/td><td class=\"column-3\">8-13 Tage<\/td>\n<\/tr>\n<tr class=\"row-13\">\n\t<td class=\"column-1\">Slowenien<\/td><td class=\"column-2\">UPS\/DPD\/DHL Deutschland<\/td><td class=\"column-3\">8-13 Tage<\/td>\n<\/tr>\n<tr class=\"row-14\">\n\t<td class=\"column-1\">Finnland<\/td><td class=\"column-2\">UPS\/DPD\/DHL Deutschland<\/td><td class=\"column-3\">8-13 Tage<\/td>\n<\/tr>\n<tr class=\"row-15\">\n\t<td class=\"column-1\">D\u00e4nemark<\/td><td class=\"column-2\">UPS\/DPD\/DHL Deutschland<\/td><td class=\"column-3\">8-13 Tage<\/td>\n<\/tr>\n<tr class=\"row-16\">\n\t<td class=\"column-1\">Schweden<\/td><td class=\"column-2\">UPS\/DPD\/DHL Deutschland<\/td><td class=\"column-3\">8-13 Tage<\/td>\n<\/tr>\n<tr class=\"row-17\">\n\t<td class=\"column-1\">\u00d6sterreich<\/td><td class=\"column-2\">UPS\/DPD\/DHL Deutschland<\/td><td class=\"column-3\">8-13 Tage<\/td>\n<\/tr>\n<tr class=\"row-18\">\n\t<td class=\"column-1\">Italien<\/td><td class=\"column-2\">UPS\/DPD\/DHL Deutschland<\/td><td class=\"column-3\">8-13 Tage<\/td>\n<\/tr>\n<tr class=\"row-19\">\n\t<td class=\"column-1\">Ungarn<\/td><td class=\"column-2\">UPS\/DPD\/DHL Deutschland<\/td><td class=\"column-3\">8-13 Tage<\/td>\n<\/tr>\n<tr class=\"row-20\">\n\t<td class=\"column-1\">Litauen<\/td><td class=\"column-2\">UPS\/DPD\/DHL Deutschland<\/td><td class=\"column-3\">8-13 Tage<\/td>\n<\/tr>\n<tr class=\"row-21\">\n\t<td class=\"column-1\">Estland<\/td><td class=\"column-2\">UPS\/DPD\/DHL Deutschland<\/td><td class=\"column-3\">8-13 Tage<\/td>\n<\/tr>\n<tr class=\"row-22\">\n\t<td class=\"column-1\">Lettland<\/td><td class=\"column-2\">UPS\/DPD\/DHL Deutschland<\/td><td class=\"column-3\">8-13 Tage<\/td>\n<\/tr>\n<tr class=\"row-23\">\n\t<td class=\"column-1\">Griechenland<\/td><td class=\"column-2\">UPS\/DPD\/DHL Deutschland<\/td><td class=\"column-3\">8-13 Tage<\/td>\n<\/tr>\n<tr class=\"row-24\">\n\t<td class=\"column-1\">Irland<\/td><td class=\"column-2\">UPS\/DPD\/DHL Deutschland<\/td><td class=\"column-3\">8-13 Tage<\/td>\n<\/tr>\n<tr class=\"row-25\">\n\t<td class=\"column-1\">Portugal<\/td><td class=\"column-2\">UPS\/DPD\/DHL Deutschland<\/td><td class=\"column-3\">8-13 Tage<\/td>\n<\/tr>\n<tr class=\"row-26\">\n\t<td class=\"column-1\">Spanien<\/td><td class=\"column-2\">UPS\/DPD\/DHL Deutschland<\/td><td class=\"column-3\">8-13 Tage<\/td>\n<\/tr>\n<tr class=\"row-27\">\n\t<td class=\"column-1\">Vereinigte Arabische Emirate (Dubai)<\/td><td class=\"column-2\">Dubai-Sonderleitung<\/td><td class=\"column-3\">12-18 Tage<\/td>\n<\/tr>\n<tr class=\"row-28\">\n\t<td class=\"column-1\">S\u00fcdafrika<\/td><td class=\"column-2\">S\u00fcdafrika-eigene Leitung<\/td><td class=\"column-3\">15-25 Tage<\/td>\n<\/tr>\n<tr class=\"row-29\">\n\t<td class=\"column-1\">Vietnam<\/td><td class=\"column-2\">Vietnam-Speziallinie<\/td><td class=\"column-3\">3-5 Tage<\/td>\n<\/tr>\n<tr class=\"row-30\">\n\t<td class=\"column-1\">Westmalaysia<\/td><td class=\"column-2\">Malaysia-eigene Leitung<\/td><td class=\"column-3\">4-8 Tage<\/td>\n<\/tr>\n<\/tbody>\n<\/table>\n<!-- #tablepress-1 from cache --><\/p>\n<p>Other countries<br \/>Except these countries list above, you need to\u00a0<strong>do customs clearance<\/strong>\u00a0Und\u00a0<strong>pay duties<\/strong>\u00a0when package arrived to your customs, regarding to how much tax you need to pay, please inquiry local customs for details.<br \/>Your customs may require you to provide\u00a0<strong>business license<\/strong>\u00a0too. (if any)<\/p>\n\n<\/div>\n<\/li>\n<li id=\"faq-question-1758705293446\" class=\"rank-math-list-item\">\n<h3 class=\"rank-math-question\">How are shipping costs calculated?<\/h3>\n<div class=\"rank-math-answer\">\n\n<p>Shipping costs are typically calculated based on the weight of the items, the shipping destination, and the selected shipping method. You can see the shipping cost during checkout.<\/p>\n\n<\/div>\n<\/li>\n<li id=\"faq-question-1758705303927\" class=\"rank-math-list-item\">\n<h3 class=\"rank-math-question\">What should I do if my package is lost or delayed?<\/h3>\n<div class=\"rank-math-answer\">\n\n<p>If your package is lost or significantly delayed, please contact our customer support team. We will investigate and assist in resolving the issue.<\/p>\n\n<\/div>\n<\/li>\n<li id=\"faq-question-1758705315349\" class=\"rank-math-list-item\">\n<h3 class=\"rank-math-question\">How can I track my order?<\/h3>\n<div class=\"rank-math-answer\">\n\n<p>You can track your order by logging into your account and accessing the \u201cOrder History\u201d section. We also send order tracking information via email.<\/p>\n\n<\/div>\n<\/li>\n<li id=\"faq-question-1758705329899\" class=\"rank-math-list-item\">\n<h3 class=\"rank-math-question\">Do I need to pay customs duties?<\/h3>\n<div class=\"rank-math-answer\">\n\n<p>Not required for now, except in Canada and Denmark.<\/p>\n\n<\/div>\n<\/li>\n<li id=\"faq-question-1758705335223\" class=\"rank-math-list-item\">\n<h3 class=\"rank-math-question\">What is the estimated shipping time?<\/h3>\n<div class=\"rank-math-answer\">\n\n<p>Depending on the product, the stocking time is 1-5 days and the shipping time is 7-15 days.<\/p>\n\n<\/div>\n<\/li>\n<\/ul>\n<\/div>\n\n\n<h2 class=\"wp-block-heading\">Security<\/h2>\n\n\n<div id=\"rank-math-faq\" class=\"rank-math-block\">\n<div class=\"rank-math-list\">\n<div id=\"faq-question-1758705372113\" class=\"rank-math-list-item\">\n<h3 class=\"rank-math-question\">How is website security ensured?<\/h3>\n<div class=\"rank-math-answer\">\n\n<p>Wir setzen mehrere Sicherheitsebenen ein, um Ihre Daten und Transaktionen zu sch\u00fctzen, darunter Datenverschl\u00fcsselung, Firewalls und regelm\u00e4\u00dfige Sicherheits\u00fcberpr\u00fcfungen.<\/p>\n\n<\/div>\n<\/div>\n<div id=\"faq-question-1758705383884\" class=\"rank-math-list-item\">\n<h3 class=\"rank-math-question\">Wie werden meine pers\u00f6nlichen Daten gesch\u00fctzt?<\/h3>\n<div class=\"rank-math-answer\">\n\n<p>Wir halten uns strikt an unsere Datenschutzrichtlinien und verkaufen oder teilen Ihre pers\u00f6nlichen Daten nicht. Ihre Daten werden ausschlie\u00dflich zur Bestellabwicklung und zur Bereitstellung von Kundensupport verwendet.<\/p>\n\n<\/div>\n<\/div>\n<div id=\"faq-question-1758705391537\" class=\"rank-math-list-item\">\n<h3 class=\"rank-math-question\">Sind Zahlungsinformationen sicher?<\/h3>\n<div class=\"rank-math-answer\">\n\n<p>Wir verwenden ein sicheres Zahlungsabwicklungssystem, das den PCI-Standards entspricht, um die Sicherheit Ihrer Zahlungsinformationen zu gew\u00e4hrleisten.<\/p>\n\n<\/div>\n<\/div>\n<div id=\"faq-question-1758705401483\" class=\"rank-math-list-item\">\n<h3 class=\"rank-math-question\">Wie kann ich ein sicheres Passwort erstellen?<\/h3>\n<div class=\"rank-math-answer\">\n\n<p>Ein sicheres Passwort besteht aus einer Kombination von Buchstaben, Zahlen und Sonderzeichen. Vermeiden Sie leicht zu erratende Informationen wie Geburtstage. Regelm\u00e4\u00dfiges \u00c4ndern des Passworts erh\u00f6ht die Sicherheit zus\u00e4tzlich.<\/p>\n\n<\/div>\n<\/div>\n<div id=\"faq-question-1758705409709\" class=\"rank-math-list-item\">\n<h3 class=\"rank-math-question\">Wie kann ich die Echtheit der Website \u00fcberpr\u00fcfen?<\/h3>\n<div class=\"rank-math-answer\">\n\n<p>\u00dcberpr\u00fcfen Sie die URL der Website, um sicherzustellen, dass sie mit der offiziellen Website \u00fcbereinstimmt. Achten Sie au\u00dferdem auf das SSL-Zertifikat, das die Sicherheit der Website best\u00e4tigen sollte.<\/p>\n\n<\/div>\n<\/div>\n<div id=\"faq-question-1758705417995\" class=\"rank-math-list-item\">\n<h3 class=\"rank-math-question\">Wie kann ich verd\u00e4chtige Aktivit\u00e4ten melden?<\/h3>\n<div class=\"rank-math-answer\">\n\n<p>Sollten Sie verd\u00e4chtige Aktivit\u00e4ten oder Sicherheitsprobleme feststellen, kontaktieren Sie bitte umgehend unseren Kundenservice. Wir werden den Fall untersuchen und die notwendigen Ma\u00dfnahmen ergreifen.<\/p>\n\n<\/div>\n<\/div>\n<div id=\"faq-question-1758705426259\" class=\"rank-math-list-item\">\n<h3 class=\"rank-math-question\">Sind Ma\u00dfnahmen gegen Phishing vorhanden?<\/h3>\n<div class=\"rank-math-answer\">\n\n<p>Ja, wir haben Anti-Phishing-Ma\u00dfnahmen implementiert, um betr\u00fcgerische Aktivit\u00e4ten auf b\u00f6sartigen Websites und in E-Mails zu verhindern.<\/p>\n\n<\/div>\n<\/div>\n<\/div>\n<\/div>\n\n\n<h2 class=\"wp-block-heading\">R\u00fccksendungen<\/h2>\n\n\n<div id=\"rank-math-faq\" class=\"rank-math-block\">\n<div class=\"rank-math-list\">\n<div id=\"faq-question-1758705453340\" class=\"rank-math-list-item\">\n<h3 class=\"rank-math-question\">Ich m\u00f6chte meine bestellten Artikel \u00e4ndern. Was muss ich tun?<\/h3>\n<div class=\"rank-math-answer\">\n\n<p>Sie k\u00f6nnen Ihre Bestellung bis sp\u00e4testens 23:00 Uhr (PDT -7 GMT) am selben Tag \u00e4ndern. Bitte kontaktieren Sie uns unter info@agoravape.com, um \u00c4nderungen anzufordern.<\/p>\n\n<\/div>\n<\/div>\n<div id=\"faq-question-1758705465220\" class=\"rank-math-list-item\">\n<h3 class=\"rank-math-question\">Wie kann ich ein Produkt zur\u00fccksenden?<\/h3>\n<div class=\"rank-math-answer\">\n\n<p>Sie haben 15 Tage Zeit, um einen Artikel zur\u00fcckzusenden. Die Frist beginnt mit dem Tag, an dem Sie das Paket erhalten haben.<\/p>\n<p>F\u00fcr eine R\u00fcckgabe muss der Artikel exakt im Originalzustand sein. Er darf nicht getragen oder benutzt worden sein. Etiketten m\u00fcssen noch angebracht sein. Die Originalverpackung muss ebenfalls vorhanden sein. Ein Kaufbeleg (Quittung) ist erforderlich.<\/p>\n<p>Um die R\u00fccksendung einzuleiten, senden Sie bitte eine E-Mail an info@agoravape.com. Nach Genehmigung erhalten Sie von uns ein R\u00fccksendeetikett sowie eine Versandanleitung. Unangemeldete R\u00fccksendungen werden nicht bearbeitet.<\/p>\n<p>Noch Fragen? Schreiben Sie einfach eine E-Mail an info@agoravape.com.<\/p>\n\n<\/div>\n<\/div>\n<\/div>\n<\/div>","protected":false},"excerpt":{"rendered":"<p>Frequently Asked Questions( FAQ ) Payment Shipping Security Returns<\/p>","protected":false},"author":2,"featured_media":0,"parent":0,"menu_order":0,"comment_status":"closed","ping_status":"closed","template":"elementor_header_footer","meta":{"footnotes":""},"class_list":["post-10815","page","type-page","status-publish","hentry"],"_links":{"self":[{"href":"https:\/\/agoravape.com\/de\/wp-json\/wp\/v2\/pages\/10815","targetHints":{"allow":["GET"]}}],"collection":[{"href":"https:\/\/agoravape.com\/de\/wp-json\/wp\/v2\/pages"}],"about":[{"href":"https:\/\/agoravape.com\/de\/wp-json\/wp\/v2\/types\/page"}],"author":[{"embeddable":true,"href":"https:\/\/agoravape.com\/de\/wp-json\/wp\/v2\/users\/2"}],"replies":[{"embeddable":true,"href":"https:\/\/agoravape.com\/de\/wp-json\/wp\/v2\/comments?post=10815"}],"version-history":[{"count":0,"href":"https:\/\/agoravape.com\/de\/wp-json\/wp\/v2\/pages\/10815\/revisions"}],"wp:attachment":[{"href":"https:\/\/agoravape.com\/de\/wp-json\/wp\/v2\/media?parent=10815"}],"curies":[{"name":"wp","href":"https:\/\/api.w.org\/{rel}","templated":true}]}}