{"id":18887,"date":"2025-10-27T23:02:42","date_gmt":"2025-10-27T15:02:42","guid":{"rendered":"https:\/\/agoravape.com\/?page_id=18887"},"modified":"2025-10-28T09:42:57","modified_gmt":"2025-10-28T01:42:57","slug":"lizenz","status":"publish","type":"page","link":"https:\/\/agoravape.com\/de\/license\/","title":{"rendered":"Bildlizenz, Urheberrecht und Erkl\u00e4rung zum geistigen Eigentum"},"content":{"rendered":"<h1 class=\"wp-block-heading has-text-align-left\">Bildlizenz, Urheberrecht und Erkl\u00e4rung zum geistigen Eigentum<br><br><strong>Einf\u00fchrung<\/strong><\/h1>\n\n\n\n<p>Diese Erkl\u00e4rung regelt die Nutzung aller visuellen Inhalte auf agoravape.com (nachfolgend \u201edie Website\u201c). Durch den Zugriff auf oder die Nutzung der Website erkl\u00e4ren Sie sich mit den hierin dargelegten Nutzungsbedingungen uneingeschr\u00e4nkt einverstanden.<\/p>\n\n\n\n<h3 class=\"wp-block-heading\"><strong>Teil 1: Urheberrecht und geistiges Eigentum<\/strong><\/h3>\n\n\n\n<h4 class=\"wp-block-heading\"><strong>Artikel 1.1: Eigentumserkl\u00e4rung<\/strong><\/h4>\n\n\n\n<p>Alle auf dieser Website ver\u00f6ffentlichten Bilder, Fotos, Grafiken, Logos und Videos (zusammenfassend als \u201eVisuelle Inhalte\u201c bezeichnet), einschlie\u00dflich, aber nicht beschr\u00e4nkt auf solche, die sich auf Produkte, Produktvarianten und Werbematerialien beziehen, sind ausschlie\u00dfliches Eigentum von agoravape.com oder werden mit ausdr\u00fccklicher Genehmigung der jeweiligen Eigent\u00fcmer verwendet.<\/p>\n\n\n\n<h4 class=\"wp-block-heading\"><strong>Artikel 1.2: Rechtsschutz<\/strong><\/h4>\n\n\n\n<p>Alle visuellen Inhalte sind durch das franz\u00f6sische Gesetz \u00fcber geistiges Eigentum (Code de la Propri\u00e9t\u00e9 Intellectuelle, insbesondere Artikel L111-1 und nachfolgende Artikel) sowie durch geltende europ\u00e4ische und internationale Urheberrechtsgesetze gesch\u00fctzt. Jede unerlaubte Nutzung dieser Inhalte stellt eine Verletzung dieser Gesetze dar. Der Urheberrechtsschutz entsteht automatisch mit der Erstellung des Werkes und bedarf keiner formellen Registrierung.<\/p>\n\n\n\n<h3 class=\"wp-block-heading\"><strong>Teil 2: Lizenz und autorisierte Nutzung<\/strong><\/h3>\n\n\n\n<h4 class=\"wp-block-heading\"><strong>Artikel 2.1: Umfang der zul\u00e4ssigen Verwendung<\/strong><\/h4>\n\n\n\n<p>agoravape.com gew\u00e4hrt Nutzern eine beschr\u00e4nkte, nicht-exklusive und nicht \u00fcbertragbare Lizenz f\u00fcr den Zugriff auf und die Nutzung der visuellen Inhalte ausschlie\u00dflich zu folgenden Zwecken:<\/p>\n\n\n\n<ul class=\"wp-block-list\">\n<li><strong>Pers\u00f6nliche Beratung:<\/strong>\u00a0Die Anzeige der Inhalte auf einem pers\u00f6nlichen Ger\u00e4t zu privaten, nicht-kommerziellen Zwecken.<\/li>\n\n\n\n<li><strong>Nichtkommerzielle Weitergabe:<\/strong>\u00a0Das Teilen von Links oder Screenshots der Inhalte auf pers\u00f6nlichen Kan\u00e4len, wie z. B. sozialen Medien, ist gestattet, sofern die Nutzung ausschlie\u00dflich nicht-kommerziell ist und agoravape.com klar als Quelle angegeben wird.<\/li>\n<\/ul>\n\n\n\n<h4 class=\"wp-block-heading\"><strong>Artikel 2.2: Verbotene Handlungen<\/strong><\/h4>\n\n\n\n<p>Ohne vorherige schriftliche Zustimmung von agoravape.com sind folgende Handlungen strengstens untersagt:<\/p>\n\n\n\n<ul class=\"wp-block-list\">\n<li><strong>Vervielf\u00e4ltigung und Verbreitung:<\/strong>\u00a0Das Kopieren, Herunterladen, Ver\u00e4ndern, Verbreiten oder Wiederver\u00f6ffentlichen der visuellen Inhalte in jeglicher Form, sei es digital oder physisch, ist untersagt.<\/li>\n\n\n\n<li><strong>\u00c4nderungen und abgeleitete Werke:<\/strong>\u00a0Das Ver\u00e4ndern, Bearbeiten, Beschneiden, Kolorieren oder Erstellen von abgeleiteten Werken auf Grundlage des visuellen Inhalts ist untersagt.<\/li>\n\n\n\n<li><strong>Kommerzielle Verwertung:<\/strong>\u00a0Die Nutzung der visuellen Inhalte f\u00fcr jegliche kommerzielle Zwecke, einschlie\u00dflich, aber nicht beschr\u00e4nkt auf Werbung, Marketing, Produktverpackung, Weiterverkauf auf Online-Marktpl\u00e4tzen (z. B. Amazon, eBay) oder jede andere gewinnorientierte Aktivit\u00e4t, ist untersagt.<\/li>\n\n\n\n<li><strong>\u00d6ffentliche Ausstellung:<\/strong>\u00a0Die Verbreitung oder \u00f6ffentliche Zurschaustellung der visuellen Inhalte auf beliebigen Plattformen ohne Einhaltung der obligatorischen Quellenangaben ist untersagt.<\/li>\n<\/ul>\n\n\n\n<h4 class=\"wp-block-heading\"><strong>Artikel 2.3: Erwerb einer Nutzungslizenz<\/strong><\/h4>\n\n\n\n<p>F\u00fcr die Verwendung von visuellen Inhalten zu Zwecken, die nicht unter Artikel 2.1 fallen, ist eine vorherige schriftliche Genehmigung erforderlich.<\/p>\n\n\n\n<ul class=\"wp-block-list\">\n<li><strong>Lizenztyp:<\/strong>\u00a0Die einzige erteilte Lizenz ist f\u00fcr\u00a0<strong>Namensnennung \u2013 Nicht kommerziell<\/strong>\u00a0verwenden.<\/li>\n\n\n\n<li><strong>Lizenzinformationsseite:<\/strong>\u00a0Die detaillierten Lizenzbedingungen finden Sie hier:\u00a0<code>https:\/\/agoravape.com\/license\/<\/code><\/li>\n\n\n\n<li><strong>Kontakt f\u00fcr Lizenzantr\u00e4ge:<\/strong>\u00a0Alle Lizenzantr\u00e4ge m\u00fcssen \u00fcber unsere Kontaktseite eingereicht werden:\u00a0<code><a href=\"https:\/\/agoravape.com\/de\/unsere-kontakte\/\">https:\/\/agoravape.com\/contact\/<\/a><\/code><\/li>\n<\/ul>\n\n\n\n<h3 class=\"wp-block-heading\"><strong>Teil 3: Anforderungen an die Quellenangabe<\/strong><\/h3>\n\n\n\n<h4 class=\"wp-block-heading\"><strong>Artikel 3.1: Obligatorische Quellenangabe<\/strong><\/h4>\n\n\n\n<p>Jede autorisierte Nutzung von visuellen Inhalten, sei es durch nichtkommerzielle Weitergabe (Artikel 2.1) oder durch eine spezifische schriftliche Lizenz (Artikel 2.3), muss mit folgendem deutlich sichtbaren Quellenvermerk versehen sein:<\/p>\n\n\n\n<blockquote class=\"wp-block-quote is-layout-flow wp-block-quote-is-layout-flow\">\n<p><strong>\u00a9 agoravape.com \u2013 Alle Rechte vorbehalten<\/strong><br><strong>Bildquelle: agoravape.com<\/strong><br><strong>Quell-URL: https:\/\/agoravape.com<\/strong><\/p>\n<\/blockquote>\n\n\n\n<p>Die Nichtangabe der korrekten Quellenangabe stellt einen Versto\u00df gegen diese Bedingungen dar.<\/p>\n\n\n\n<h3 class=\"wp-block-heading\"><strong>Teil 4: Verst\u00f6\u00dfe und Rechtsmittel<\/strong><\/h3>\n\n\n\n<h4 class=\"wp-block-heading\"><strong>Artikel 4.1: Versto\u00df gegen die Nutzungsbedingungen<\/strong><\/h4>\n\n\n\n<p>Jede Nutzung von visuellen Inhalten, die gegen die in dieser Erkl\u00e4rung dargelegten Bedingungen verst\u00f6\u00dft, wird als Urheberrechtsverletzung betrachtet.<\/p>\n\n\n\n<h4 class=\"wp-block-heading\"><strong>Artikel 4.2: Rechtliche Folgen<\/strong><\/h4>\n\n\n\n<p>agoravape.com beh\u00e4lt sich das Recht vor, bei Verst\u00f6\u00dfen alle erforderlichen rechtlichen Schritte einzuleiten. Dies kann unter anderem Folgendes umfassen:<\/p>\n\n\n\n<ul class=\"wp-block-list\">\n<li><strong>Forderung nach sofortiger Entfernung:<\/strong>\u00a0Zustellung einer f\u00f6rmlichen Mitteilung an die rechtsverletzende Partei mit der Aufforderung zur sofortigen Einstellung der unerlaubten Nutzung und zur Entfernung aller rechtsverletzenden Inhalte.<\/li>\n\n\n\n<li><strong>Schadensersatzanspruch:<\/strong>\u00a0Wir fordern gem\u00e4\u00df den geltenden Gesetzen eine Entsch\u00e4digung f\u00fcr alle finanziellen Verluste und Rufsch\u00e4digungen, die aus der Rechtsverletzung resultieren.<\/li>\n\n\n\n<li><strong>Gerichtsverfahren:<\/strong>\u00a0Einleitung zivil- oder strafrechtlicher Verfahren gegen den Rechtsverletzer vor einem zust\u00e4ndigen Gericht zur Durchsetzung unserer Rechte an geistigem Eigentum.<\/li>\n<\/ul>\n\n\n\n<p><strong>Artikel 4.3: Auslegungsrecht<\/strong><br>agoravape.com beh\u00e4lt sich das Recht vor, diese Erkl\u00e4rung jederzeit zu \u00e4ndern. Alle \u00c4nderungen treten mit ihrer Ver\u00f6ffentlichung auf der Website sofort in Kraft.<\/p>\n\n\n\n<p><\/p>","protected":false},"excerpt":{"rendered":"<p>Erkl\u00e4rung zur Bildlizenz, zum Urheberrecht und zum geistigen Eigentum Einleitung Diese Erkl\u00e4rung regelt die Nutzung aller visuellen Inhalte auf agoravape.com (im Folgenden<\/p>","protected":false},"author":2,"featured_media":18658,"parent":0,"menu_order":0,"comment_status":"closed","ping_status":"closed","template":"elementor_header_footer","meta":{"footnotes":""},"class_list":["post-18887","page","type-page","status-publish","has-post-thumbnail","hentry"],"_links":{"self":[{"href":"https:\/\/agoravape.com\/de\/wp-json\/wp\/v2\/pages\/18887","targetHints":{"allow":["GET"]}}],"collection":[{"href":"https:\/\/agoravape.com\/de\/wp-json\/wp\/v2\/pages"}],"about":[{"href":"https:\/\/agoravape.com\/de\/wp-json\/wp\/v2\/types\/page"}],"author":[{"embeddable":true,"href":"https:\/\/agoravape.com\/de\/wp-json\/wp\/v2\/users\/2"}],"replies":[{"embeddable":true,"href":"https:\/\/agoravape.com\/de\/wp-json\/wp\/v2\/comments?post=18887"}],"version-history":[{"count":0,"href":"https:\/\/agoravape.com\/de\/wp-json\/wp\/v2\/pages\/18887\/revisions"}],"wp:featuredmedia":[{"embeddable":true,"href":"https:\/\/agoravape.com\/de\/wp-json\/wp\/v2\/media\/18658"}],"wp:attachment":[{"href":"https:\/\/agoravape.com\/de\/wp-json\/wp\/v2\/media?parent=18887"}],"curies":[{"name":"wp","href":"https:\/\/api.w.org\/{rel}","templated":true}]}}