{"id":10852,"date":"2025-10-01T09:29:35","date_gmt":"2025-10-01T01:29:35","guid":{"rendered":"https:\/\/green-grasshopper-921422.hostingersite.com\/?post_type=product&#038;p=10852"},"modified":"2026-01-19T22:09:32","modified_gmt":"2026-01-19T14:09:32","slug":"iqte-50000-puffs-wiederaufladbar-vape","status":"publish","type":"product","link":"https:\/\/agoravape.com\/de\/product\/iqte-50000-puffs-rechargeable-vape\/","title":{"rendered":"IQTE \u2013 Wiederaufladbare Einweg-E-Zigarette f\u00fcr 50.000 Z\u00fcge | Gro\u00dfe Kapazit\u00e4t, einfaches Aufladen"},"content":{"rendered":"<h2 data-v-md-heading=\"so-what-about-iqte-50000-rechargeable-disposable-vapes\" data-v-md-line=\"3\"><img loading=\"lazy\" decoding=\"async\" class=\"aligncenter size-full wp-image-18613\" src=\"https:\/\/agoravape.com\/wp-content\/uploads\/2025\/10\/IQTE-50000-Puffs-Rechargeable-Disposable_Agora_vape-6.webp\" alt=\"\" width=\"2560\" height=\"1785\" srcset=\"https:\/\/agoravape.com\/wp-content\/uploads\/2025\/10\/IQTE-50000-Puffs-Rechargeable-Disposable_Agora_vape-6.webp 2560w, https:\/\/agoravape.com\/wp-content\/uploads\/2025\/10\/IQTE-50000-Puffs-Rechargeable-Disposable_Agora_vape-6-1200x837.webp 1200w, https:\/\/agoravape.com\/wp-content\/uploads\/2025\/10\/IQTE-50000-Puffs-Rechargeable-Disposable_Agora_vape-6-300x209.webp 300w, https:\/\/agoravape.com\/wp-content\/uploads\/2025\/10\/IQTE-50000-Puffs-Rechargeable-Disposable_Agora_vape-6-1024x714.webp 1024w, https:\/\/agoravape.com\/wp-content\/uploads\/2025\/10\/IQTE-50000-Puffs-Rechargeable-Disposable_Agora_vape-6-768x536.webp 768w, https:\/\/agoravape.com\/wp-content\/uploads\/2025\/10\/IQTE-50000-Puffs-Rechargeable-Disposable_Agora_vape-6-1536x1071.webp 1536w, https:\/\/agoravape.com\/wp-content\/uploads\/2025\/10\/IQTE-50000-Puffs-Rechargeable-Disposable_Agora_vape-6-2048x1428.webp 2048w\" sizes=\"auto, (max-width: 2560px) 100vw, 2560px\" \/><\/h2>\n<h2 data-v-md-heading=\"so-what-about-iqte-50000-rechargeable-disposable-vapes\" data-v-md-line=\"3\">Was ist mit IQTE 50000 wiederaufladbaren Einweg-Vapes?<\/h2>\n<p data-v-md-line=\"4\">Wenn Sie es leid sind, alle paar Tage Einwegdampfer zu ersetzen, wird dieses Produkt Ihr Leben einfacher machen. IQTE 50000 ist mit einem wiederaufladbaren Akku ausgestattet, der bis zu 50000 Packungen fassen kann, so dass Sie den wahren Wert von E-Liquid ganz einfach genie\u00dfen k\u00f6nnen.<\/p>\n<p data-v-md-line=\"6\">Wenn Sie einen zuverl\u00e4ssigen, langlebigen Verdampfer suchen, der mit einem Handy-Ladekabel aufgeladen werden kann, dann ist dieses Produkt die ideale Wahl. Es ist einfach zu bedienen, bequem zu transportieren und kann jedes Mal, wenn es benutzt wird, einen gleichbleibenden Geschmack beibehalten.<\/p>\n<h2 data-v-md-heading=\"excellent-performance-without-any-complexity\" data-v-md-line=\"8\">Excellent performance without any complexity<\/h2>\n<p data-v-md-line=\"9\">Der interne Zerst\u00e4uberkern wurde sorgf\u00e4ltig abgestimmt, um einen sauberen und stabilen Geschmack von Anfang bis Ende zu erhalten. Am dritten Tag gab es keinen verbrannten Geruch, und sogar auf halbem Weg, gab es keinen Stromausfall. Wenn der Akku schwach ist, kann er \u00fcber die Typ-C-Schnittstelle aufgeladen werden. Sie denken vielleicht, dass wiederaufladbare Vape m\u00fchsam sind, aber diese E-Zigarette erreicht wirklich Plug-and-Play-Funktionalit\u00e4t.<\/p>\n<h2 data-v-md-heading=\"specification-overview\" data-v-md-line=\"11\">Specification Overview<\/h2>\n<ul data-v-md-line=\"12\">\n<li>Suction frequency: up to 50000 times<\/li>\n<li>Nicotine content: 2% and 5% optional<\/li>\n<li>Working principle: Activated by inhalation<\/li>\n<li>Charging: Standard Type-C USB interface<\/li>\n<li>Status: Sofort einsatzbereit<\/li>\n<li>E-Liquid-Kapazit\u00e4t: 50 Milliliter<\/li>\n<li>Batteriekapazit\u00e4t: 800mAh wiederaufladbare Batterie<\/li>\n<\/ul>\n<h2 data-v-md-heading=\"full-range-of-flavors\" data-v-md-line=\"20\">Full range of flavors<\/h2>\n<ul data-v-md-line=\"21\">\n<li>Watermelon Ice<\/li>\n<li>Strawberry Ice<\/li>\n<li>Blue Rink Ice<\/li>\n<li>Menthol ice<\/li>\n<li>Zitrone und Limette<\/li>\n<li>Mehr Geschmacksrichtungen zur Auswahl<\/li>\n<\/ul>\n<h2 data-v-md-heading=\"for-you-for-your-business\" data-v-md-line=\"28\">F\u00fcr Sie, f\u00fcr Ihr Unternehmen<\/h2>\n<p data-v-md-line=\"29\">Sie k\u00f6nnen w\u00e4hlen <a class=\"wpil_keyword_link\" title=\"IQTE\" href=\"https:\/\/agoravape.com\/de\/verdampfen-nach-marke\/iqte\/\" data-wpil-keyword-link=\"linked\" data-wpil-monitor-id=\"110\">IQTE<\/a> 50.000 wiederaufladbare Einweg-E-Zigaretten f\u00fcr den pers\u00f6nlichen Gebrauch oder zum Verkauf in Ihrem Gesch\u00e4ft. Gro\u00dfhandelskartons mit 200 St\u00fcck pro Karton. Das Bruttogewicht des Kartons betr\u00e4gt 19 Kilogramm, die Abmessungen betragen 510 \u00d7 293 \u00d7 260 Millimeter, was die Planung von Regalfl\u00e4che und Transport sehr vereinfacht.<\/p>\n<p data-v-md-line=\"31\">F\u00fcr den Versand in ganz Europa bieten wir steuerpflichtige DDP-Optionen \u00fcber vertrauensw\u00fcrdige Partner wie UPS, DPD und DHL an. Ihre Bestellung wird abgefertigt und nachverfolgt, um unerwartete Situationen beim Zoll zu vermeiden.<\/p>\n<h2 data-v-md-heading=\"why-do-you-like-it\" data-v-md-line=\"33\">Why do you like it<\/h2>\n<ul data-v-md-line=\"34\">\n<li>Gro\u00dfe Rauchkapazit\u00e4t: l\u00e4ngere Akkulaufzeit, Sie m\u00fcssen nicht h\u00e4ufig Vapes ersetzen.<\/li>\n<li>Auswahl des Nikotingehalts: W\u00e4hlen Sie je nach Vorliebe 2 % oder 5 %.<\/li>\n<li>Rechargeable: You can use all purchased e-liquids.<\/li>\n<li>Stabile Spulenleistung: Es kann einen stabilen und reichen Geschmack jedes Mal bieten.<\/li>\n<li>Bequeme Typ-C-Schnittstelle: Laden Sie mit Ihrem vorhandenen Datenkabel auf.<\/li>\n<\/ul>\n<h2 data-v-md-heading=\"why-choose-to-collaborate-with-agoravape\" data-v-md-line=\"40\">Warum sollten Sie sich f\u00fcr eine Zusammenarbeit mit AgoraVape entscheiden?<\/h2>\n<p data-v-md-line=\"41\">Wir verkaufen nur 100% echte Produkte und haben keinen Zweifel daran. Wenn Sie kaufen <a class=\"wpil_keyword_link\" href=\"https:\/\/agoravape.com\/de\/marke\/iqte\/\" target=\"_blank\" rel=\"noopener\" title=\"IQTE\" data-wpil-keyword-link=\"linked\" data-wpil-monitor-id=\"7177\">IQTE<\/a> 50000 wiederaufladbaren Einweg-Vapes Gro\u00dfhandel, werden Sie erm\u00e4\u00dfigte Preise, schnelle Reaktion Unterst\u00fctzung und schnelle und zuverl\u00e4ssige Lieferung Dienstleistungen genie\u00dfen. Kontaktieren Sie uns, um Produkte zu kaufen, die Ihre Kunden wirklich lieben.<\/p>\n<p>&nbsp;<\/p>","protected":false},"excerpt":{"rendered":"<p>Der IQTE 50000 bietet bis zu 50.000 Z\u00fcge f\u00fcr ultimative Langlebigkeit. Dieses wiederaufladbare Einwegger\u00e4t sorgt daf\u00fcr, dass Sie jeden Tropfen E-Liquid mit konsistentem, sauberem Geschmack genie\u00dfen k\u00f6nnen. Er verf\u00fcgt \u00fcber ein einfaches Typ-C-Ladeger\u00e4t und ist mit 2% oder 5% Nikotin erh\u00e4ltlich. Ihr zuverl\u00e4ssiger, unkomplizierter Verdampfer ist da.<\/p>","protected":false},"featured_media":18608,"comment_status":"open","ping_status":"closed","template":"","meta":[],"product_brand":[198],"product_cat":[124,185,189,1641,174,175,125,191,180,190],"product_tag":[],"class_list":{"0":"post-10852","1":"product","2":"type-product","3":"status-publish","4":"has-post-thumbnail","6":"product_brand-iqte","7":"product_cat-vape-by-brand","8":"product_cat-10000-puffs-high-capacity","9":"product_cat-20mg-standard-nicotine-vapes","10":"product_cat-50000-puffs","11":"product_cat-fruit-flavors","12":"product_cat-icy-mint","13":"product_cat-iqte","14":"product_cat-rechargeable-disposables","15":"product_cat-vape-by-puff-count","16":"product_cat-vape-by-feature-or-type","18":"first","19":"onbackorder","20":"shipping-taxable","21":"purchasable","22":"product-type-variable","23":"has-default-attributes"},"tiered_pricing_type":"percentage","tiered_pricing_fixed_rules":[],"tiered_pricing_product_settings":{"layout":"default","base_unit_name":{"singular":null,"plural":null},"default_variation":null},"tiered_pricing_minimum_quantity":10,"tiered_pricing_roles_data":[],"tiered_pricing_percentage_rules":{"30":"29","50":"35","100":"40","200":"44","500":"47","1000":"49"},"tiered_pricing_maximum_quantity":null,"tiered_pricing_quantity_step":"10","_links":{"self":[{"href":"https:\/\/agoravape.com\/de\/wp-json\/wp\/v2\/product\/10852","targetHints":{"allow":["GET"]}}],"collection":[{"href":"https:\/\/agoravape.com\/de\/wp-json\/wp\/v2\/product"}],"about":[{"href":"https:\/\/agoravape.com\/de\/wp-json\/wp\/v2\/types\/product"}],"replies":[{"embeddable":true,"href":"https:\/\/agoravape.com\/de\/wp-json\/wp\/v2\/comments?post=10852"}],"version-history":[{"count":5,"href":"https:\/\/agoravape.com\/de\/wp-json\/wp\/v2\/product\/10852\/revisions"}],"predecessor-version":[{"id":29829,"href":"https:\/\/agoravape.com\/de\/wp-json\/wp\/v2\/product\/10852\/revisions\/29829"}],"wp:featuredmedia":[{"embeddable":true,"href":"https:\/\/agoravape.com\/de\/wp-json\/wp\/v2\/media\/18608"}],"wp:attachment":[{"href":"https:\/\/agoravape.com\/de\/wp-json\/wp\/v2\/media?parent=10852"}],"wp:term":[{"taxonomy":"product_brand","embeddable":true,"href":"https:\/\/agoravape.com\/de\/wp-json\/wp\/v2\/product_brand?post=10852"},{"taxonomy":"product_cat","embeddable":true,"href":"https:\/\/agoravape.com\/de\/wp-json\/wp\/v2\/product_cat?post=10852"},{"taxonomy":"product_tag","embeddable":true,"href":"https:\/\/agoravape.com\/de\/wp-json\/wp\/v2\/product_tag?post=10852"}],"curies":[{"name":"wp","href":"https:\/\/api.w.org\/{rel}","templated":true}]}}