{"id":11045,"date":"2025-10-04T10:49:43","date_gmt":"2025-10-04T02:49:43","guid":{"rendered":"https:\/\/green-grasshopper-921422.hostingersite.com\/?post_type=product&#038;p=11045"},"modified":"2025-12-31T22:59:34","modified_gmt":"2025-12-31T14:59:34","slug":"iqte-2400-puffs-4-in-1-pod-vape","status":"publish","type":"product","link":"https:\/\/agoravape.com\/de\/product\/iqte-2400-puffs-4-in-1-pod-vape\/","title":{"rendered":"IQTE 2400 Z\u00fcge Vier-in-Eins-Vape mit verschiedenen Geschmacksrichtungen | Wiederaufladbares Set, vier Geschmacksrichtungen"},"content":{"rendered":"<h2 data-v-md-heading=\"so-what-exactly-is-the-iqte-2400-puffs-four-in-one-multi-flavor-electronic-cigarette\" data-v-md-line=\"3\">Was genau ist die IQTE 2400 Puffs Vier-in-Eins-Vape mit verschiedenen Geschmacksrichtungen?<\/h2>\n<p data-v-md-line=\"4\">Wenn Ihnen der gleiche Geschmack nach ein oder zwei Tagen zu langweilig wird, ist dieses Set genau das Richtige f\u00fcr Sie. Eine Packung enth\u00e4lt vier vorinstallierte 2-ml-Zigarettenkartuschen, mit denen Sie jederzeit den Geschmack wechseln k\u00f6nnen, ohne mehrere Ger\u00e4te kaufen zu m\u00fcssen. So bleibt Ihr E-Zigaretten-Genuss einfach und bequem frisch.<\/p>\n<p data-v-md-line=\"6\">Jedes Set aus vier Kartuschen erm\u00f6glicht bis zu 2400 Z\u00fcge und ist wiederaufladbar, sodass Sie das E-Liquid erst beim Kauf erwerben. Es eignet sich f\u00fcr alle, die Wert auf gleichbleibenden Geschmack, lange Akkulaufzeit und eine einfache, tragbare Handhabung legen.<\/p>\n<h2 data-v-md-heading=\"excellent-performance-easy-and-convenient\" data-v-md-line=\"8\">Excellent performance, easy and convenient<\/h2>\n<p data-v-md-line=\"9\">Der 500-mAh-Akku sorgt f\u00fcr einen reibungslosen Betrieb der E-Zigarette, und dank des USB-C-Anschlusses l\u00e4sst sie sich bequem mit einem Handy-Ladekabel aufladen. Einfach die Kartusche einsetzen und schon kann es losgehen. Vom ersten bis zum letzten Zug bleibt der Geschmack gleichbleibend, ohne dass Einstellungen st\u00e4ndig oder \u00fcberhaupt angepasst werden m\u00fcssen.<\/p>\n<h2 data-v-md-heading=\"specification-introduction\" data-v-md-line=\"11\">Specification Introduction<\/h2>\n<ul data-v-md-line=\"12\">\n<li>Anzahl der Saugvorg\u00e4nge: bis zu 2400 Saugvorg\u00e4nge pro Set<\/li>\n<li>Anzahl der Kartuschen: 4 Kartuschen pro Set, jede mit 2 Millilitern E-Liquid vorbef\u00fcllt.<\/li>\n<li>Batterie: Wiederaufladbarer 500-mAh-Akku<\/li>\n<li>Nikotin: Bitte kontaktieren Sie unser Team, um sich \u00fcber die verf\u00fcgbaren Nikotinkonzentrationen zu informieren.<\/li>\n<li>Charging: Standard Type-C USB interface<\/li>\n<li>Status: Sofort einsatzbereit nach dem Auspacken<\/li>\n<\/ul>\n<h2 data-v-md-heading=\"full-range-of-flavors\" data-v-md-line=\"19\">Full range of flavors<\/h2>\n<ul data-v-md-line=\"20\">\n<li>Watermelon Ice<\/li>\n<li>Blue Rink Ice<\/li>\n<li>Blaubeeren und Zitronen<\/li>\n<li>Gemischte Beeren<\/li>\n<li>Strawberry Ice<\/li>\n<li>Miami Mint<\/li>\n<li>Grape Ice<\/li>\n<li>Zitrone und Limette<\/li>\n<li>Strawberry watermelon ice<\/li>\n<li>Strawberry kiwi fruit<\/li>\n<li>Erdbeere, Himbeere, Kirsche<\/li>\n<li>Pfirsicheis<\/li>\n<li>Ananas Mango<\/li>\n<li>Kirsch-Zitrone<\/li>\n<li>Watermelon Bubble Gum<\/li>\n<li>Blaubeeren und Brombeeren<\/li>\n<\/ul>\n<h2 data-v-md-heading=\"for-you-and-your-business\" data-v-md-line=\"37\">For you and your business<\/h2>\n<p data-v-md-line=\"38\">Sie k\u00f6nnen IQTE 2400 Vier-in-Eins f\u00fcr den Eigenbedarf oder f\u00fcr den Einkauf in Ihrem Gesch\u00e4ft w\u00e4hlen. Im Gro\u00dfhandel ist es in 100er-Kartons erh\u00e4ltlich, was Ihnen die Lagerplanung erleichtert. Wir bieten europaweit zollfreie Lieferung (DDP) \u00fcber zuverl\u00e4ssige Partner wie UPS, DPD und DHL an, sodass Sie Ihre Ware garantiert und ohne Probleme beim Zoll erhalten.<\/p>\n<h2 data-v-md-heading=\"why-do-you-like-it\" data-v-md-line=\"40\">Why do you like it<\/h2>\n<ul data-v-md-line=\"41\">\n<li>Hohe Saugkraft: Jeder Satz Kartuschen reicht f\u00fcr bis zu 2400 Z\u00fcge und muss nicht alle paar Tage ausgetauscht werden.<\/li>\n<li>Vier Geschmacksrichtungen in einem: Wechseln Sie die Geschmacksrichtung jederzeit, ohne mehrere Ger\u00e4te mitf\u00fchren zu m\u00fcssen.<\/li>\n<li>Wiederaufladbar: Sie k\u00f6nnen alle E-Liquids verwenden, ohne eine halbe Kartusche wegwerfen zu m\u00fcssen.<\/li>\n<li>Laden \u00fcber USB-C: Nutzen Sie Ihr vorhandenes Kabel f\u00fcr schnelles und bequemes Laden.<\/li>\n<\/ul>\n<h2 data-v-md-heading=\"why-choose-to-collaborate-with-agoravape\" data-v-md-line=\"46\">Warum sollten Sie sich f\u00fcr eine Zusammenarbeit mit AgoraVape entscheiden?<\/h2>\n<p data-v-md-line=\"47\">Wir haben 100% Originalger\u00e4te auf Lager, die durch g\u00fcnstige Gro\u00dfhandelspreise, schnellen Kundenservice und schnelle DDP-Lieferdienste erg\u00e4nzt werden. Hinzuf\u00fcgen <a class=\"wpil_keyword_link\" href=\"https:\/\/agoravape.com\/de\/verdampfen-nach-marke\/iqte\/\" title=\"IQTE\" data-wpil-keyword-link=\"linked\" data-wpil-monitor-id=\"130\">IQTE<\/a> 2400 Puffs 4-in-1 Multi Flavor Pod Vape in Ihr Sortiment aufzunehmen und Ihren Kunden ein einfaches und vielseitiges Kit anzubieten, das sie zu Stammkunden macht.<\/p>\n<p data-v-md-line=\"47\"><img loading=\"lazy\" decoding=\"async\" class=\"aligncenter wp-image-11067 size-full\" src=\"https:\/\/agoravape.com\/wp-content\/uploads\/2025\/10\/a1678a8d4525d50d7d1f5b12b7d0c98_final-scaled.webp\" alt=\"\" width=\"908\" height=\"2560\" srcset=\"https:\/\/agoravape.com\/wp-content\/uploads\/2025\/10\/a1678a8d4525d50d7d1f5b12b7d0c98_final-scaled.webp 908w, https:\/\/agoravape.com\/wp-content\/uploads\/2025\/10\/a1678a8d4525d50d7d1f5b12b7d0c98_final-106x300.webp 106w, https:\/\/agoravape.com\/wp-content\/uploads\/2025\/10\/a1678a8d4525d50d7d1f5b12b7d0c98_final-363x1024.webp 363w, https:\/\/agoravape.com\/wp-content\/uploads\/2025\/10\/a1678a8d4525d50d7d1f5b12b7d0c98_final-768x2166.webp 768w, https:\/\/agoravape.com\/wp-content\/uploads\/2025\/10\/a1678a8d4525d50d7d1f5b12b7d0c98_final-545x1536.webp 545w, https:\/\/agoravape.com\/wp-content\/uploads\/2025\/10\/a1678a8d4525d50d7d1f5b12b7d0c98_final-726x2048.webp 726w, https:\/\/agoravape.com\/wp-content\/uploads\/2025\/10\/a1678a8d4525d50d7d1f5b12b7d0c98_final-1200x3385.webp 1200w\" sizes=\"auto, (max-width: 908px) 100vw, 908px\" \/><\/p>","protected":false},"excerpt":{"rendered":"<p>Genie\u00dfen Sie vier Geschmacksrichtungen in einem Ger\u00e4t mit dem IQTE 2400 vape! Dieses wiederaufladbare Kit liefert bis zu 2400 Z\u00fcge mit vier vorgef\u00fcllten Pods, so dass Sie jederzeit den Geschmack wechseln k\u00f6nnen. Verf\u00fcgt \u00fcber einen 500-mAh-Akku und praktisches Typ-C-Laden. Die ultimative taschenfreundliche L\u00f6sung f\u00fcr Geschmacksvielfalt.<\/p>","protected":false},"featured_media":18599,"comment_status":"open","ping_status":"closed","template":"","meta":[],"product_brand":[198],"product_cat":[124,183,176,195,174,175,125,191,173,186,180,190],"product_tag":[],"class_list":{"0":"post-11045","1":"product","2":"type-product","3":"status-publish","4":"has-post-thumbnail","6":"product_brand-iqte","7":"product_cat-vape-by-brand","8":"product_cat-2000-4000-puffs","9":"product_cat-beverage","10":"product_cat-dual-flavor-switch","11":"product_cat-fruit-flavors","12":"product_cat-icy-mint","13":"product_cat-iqte","14":"product_cat-rechargeable-disposables","15":"product_cat-vape-by-flavor-profile","16":"product_cat-vape-by-nicotine-strength","17":"product_cat-vape-by-puff-count","18":"product_cat-vape-by-feature-or-type","20":"first","21":"instock","22":"shipping-taxable","23":"purchasable","24":"product-type-variable","25":"has-default-attributes"},"tiered_pricing_type":"percentage","tiered_pricing_fixed_rules":[],"tiered_pricing_product_settings":{"layout":"default","base_unit_name":{"singular":null,"plural":null},"default_variation":null},"tiered_pricing_minimum_quantity":10,"tiered_pricing_roles_data":[],"tiered_pricing_percentage_rules":{"30":"29","50":"35","100":"40","200":"44","500":"47","1000":"49"},"tiered_pricing_maximum_quantity":null,"tiered_pricing_quantity_step":"10","_links":{"self":[{"href":"https:\/\/agoravape.com\/de\/wp-json\/wp\/v2\/product\/11045","targetHints":{"allow":["GET"]}}],"collection":[{"href":"https:\/\/agoravape.com\/de\/wp-json\/wp\/v2\/product"}],"about":[{"href":"https:\/\/agoravape.com\/de\/wp-json\/wp\/v2\/types\/product"}],"replies":[{"embeddable":true,"href":"https:\/\/agoravape.com\/de\/wp-json\/wp\/v2\/comments?post=11045"}],"version-history":[{"count":0,"href":"https:\/\/agoravape.com\/de\/wp-json\/wp\/v2\/product\/11045\/revisions"}],"wp:featuredmedia":[{"embeddable":true,"href":"https:\/\/agoravape.com\/de\/wp-json\/wp\/v2\/media\/18599"}],"wp:attachment":[{"href":"https:\/\/agoravape.com\/de\/wp-json\/wp\/v2\/media?parent=11045"}],"wp:term":[{"taxonomy":"product_brand","embeddable":true,"href":"https:\/\/agoravape.com\/de\/wp-json\/wp\/v2\/product_brand?post=11045"},{"taxonomy":"product_cat","embeddable":true,"href":"https:\/\/agoravape.com\/de\/wp-json\/wp\/v2\/product_cat?post=11045"},{"taxonomy":"product_tag","embeddable":true,"href":"https:\/\/agoravape.com\/de\/wp-json\/wp\/v2\/product_tag?post=11045"}],"curies":[{"name":"wp","href":"https:\/\/api.w.org\/{rel}","templated":true}]}}