{"id":11078,"date":"2025-10-04T18:26:57","date_gmt":"2025-10-04T10:26:57","guid":{"rendered":"https:\/\/green-grasshopper-921422.hostingersite.com\/?post_type=product&#038;p=11078"},"modified":"2026-01-19T22:09:25","modified_gmt":"2026-01-19T14:09:25","slug":"kristall-mary-3in1-65000-puffs-vape","status":"publish","type":"product","link":"https:\/\/agoravape.com\/de\/product\/crystal-mary-3in1-65000-puffs-vape\/","title":{"rendered":"Crystal Mary 3-in-1 E-Zigarette mit 65.000 Z\u00fcgen | Dreifacher Geschmack, langanhaltend und praktisch"},"content":{"rendered":"<h2 data-v-md-heading=\"what-s-so-special-about-crystal-mary-s-three-in-one-65000-pack-electronic-cigarette\" data-v-md-line=\"3\">Was ist das Besondere an Crystal Marys 3-in-1-E-Zigarette mit 65.000 Kapseln?<\/h2>\n<p data-v-md-line=\"4\">Wenn Sie es nicht m\u00f6gen, die ganze Woche nur ein Aroma zu verwenden, kann dieses Produkt Ihre Gewohnheiten \u00e4ndern. Mit der Crystal Mary 3-in-1-E-Zigarette k\u00f6nnen Sie zwischen drei Aromen auf demselben Ger\u00e4t wechseln und so f\u00fcr Abwechslung sorgen, ohne drei E-Zigaretten mit sich f\u00fchren zu m\u00fcssen.<\/p>\n<p data-v-md-line=\"6\">Es wurde f\u00fcr Nutzer entwickelt, die Wert auf ein langanhaltendes Nutzungserlebnis legen und ist einfach zu bedienen. Keine umst\u00e4ndlichen Einstellungen, keine komplizierten Men\u00fcs. W\u00e4hlen Sie einfach Ihren Lieblingsgeschmack und genie\u00dfen Sie ihn unkompliziert. Sie denken vielleicht, dass E-Zigaretten mit mehreren Geschmacksrichtungen und hohem Dampfvolumen umst\u00e4ndlich sein k\u00f6nnen, aber der Geschmackswechsel bei dieser E-Zigarette ist schnell und intuitiv.<\/p>\n<h2 data-v-md-heading=\"excellent-performance-easy-and-convenient\" data-v-md-line=\"8\">Excellent performance, easy and convenient<\/h2>\n<p data-v-md-line=\"9\">Das Herzst\u00fcck des Crystal Mary 3-in-1-Vapes ist die Mesh-Coil, die f\u00fcr gleichbleibenden Geschmack bei jedem Zug sorgt. Der Geschmack bleibt stets klar und verliert auch nach der H\u00e4lfte der Nutzung nicht an Aroma. Bei niedrigem Akkustand l\u00e4sst sich das Ger\u00e4t bequem \u00fcber den USB-C-Anschluss aufladen. Verwenden Sie einfach Ihr gewohntes Handy-Kabel. Simpel und komfortabel.<\/p>\n<h2 data-v-md-heading=\"specification-introduction\" data-v-md-line=\"11\">Specification Introduction<\/h2>\n<ul data-v-md-line=\"12\">\n<li>Saugfrequenz: bis zu 65000 Mal<\/li>\n<li>Nikotingehalt: 2 % oder 5 % (optional)<\/li>\n<li>Funktionsprinzip: Einfache Bedienung, keine Kn\u00f6pfe erforderlich, das Ger\u00e4t verf\u00fcgt \u00fcber einen eingebauten Geschmacksschalter.<\/li>\n<li>Charging: Standard Type-C USB interface<\/li>\n<li>Status: Sofort einsatzbereit<\/li>\n<\/ul>\n<h2 data-v-md-heading=\"full-flavor-series\" data-v-md-line=\"18\">Full Flavor-Serie<\/h2>\n<p data-v-md-line=\"19\">Jedes Ger\u00e4t wird mit 3 ausgew\u00e4hlten Geschmackssets geliefert:<\/p>\n<ul data-v-md-line=\"20\">\n<li>Erdbeer-Vanille-Cola\/Blaubeere-Himbeere\/Zitrone-Limette<\/li>\n<li>Schwarze Johannisbeere\/Rosa Zitronenwasser\/Mango-Passionsfrucht<\/li>\n<li>Wassermeloneneis\/s\u00fc\u00df-saure Bonbons\/Erdbeer-Kiwi<\/li>\n<li>Wassermeloneneis\/Erdbeereis\/Dreifachmeloneneis<\/li>\n<li>Erdbeer-Himbeere\/Kirschbeere\/Traubeneis<\/li>\n<li>Saures Apfeleis \/ Erdbeer-Wassermelone \/ Zitronen-Pfirsich<\/li>\n<li>Zitronen-Limetten-\/Erdbeer-Wassermelonen-\/Heidelbeer-Smoothie<\/li>\n<li>Blaubeer-Smoothie\/Himbeer-Wassermelone\/Zitronen-Limette<\/li>\n<li>Blaubeer-Himbeer-\/Erdbeer-Sauer-Mango-Smoothie\/Zitronen-Cola<\/li>\n<li>Erfrischungsgetr\u00e4nk mit Himbeer-Wassermelone, saurer Mango, Ananas und Erdbeer-Kiwi<\/li>\n<\/ul>\n<h2 data-v-md-heading=\"for-you-and-for-your-business-as-well\" data-v-md-line=\"31\">For you, and for your business as well<\/h2>\n<p data-v-md-line=\"32\">Wenn Sie eine E-Zigarette mit langanhaltendem, w\u00e4hlbarem Geschmack und einfacher Ladefunktion suchen, dann ist dieses Modell genau das Richtige f\u00fcr Sie. Ob Sie Ihren Laden aufstocken oder eine Online-Kollektion aufbauen m\u00f6chten \u2013 wir bieten Ihnen jederzeit Gro\u00dfhandelslieferungen an. 10 oder 200 St\u00fcck pro Karton erleichtern Ihnen die Lagerplanung.<\/p>\n<p data-v-md-line=\"34\">Wir arbeiten mit vertrauensw\u00fcrdigen Partnern wie UPS, DPD und DHL zusammen, um den Transport per DDP (Delivered Duty Paid) zu erm\u00f6glichen, sodass die Zollgeb\u00fchren im Voraus abgewickelt werden k\u00f6nnen und es bei der Ankunft des Pakets beim Zoll zu keinen Zwischenf\u00e4llen kommt.<\/p>\n<p data-v-md-line=\"36\">Konformit\u00e4tserkl\u00e4rung: E-Zigaretten mit gro\u00dfem Verdampferdurchmesser und einer Nikotinkonzentration von 5 % erf\u00fcllen in vielen EU-M\u00e4rkten nicht die TPD-Standards (Europ\u00e4ische Tabakproduktrichtlinie). Wir liefern in zugelassene Regionen. Falls Sie in der EU erh\u00e4ltliche Alternativen ben\u00f6tigen, die den TPD-Standards entsprechen, wenden Sie sich bitte an unser Team.<\/p>\n<h2 data-v-md-heading=\"why-do-you-like-it\" data-v-md-line=\"38\">Why do you like it<\/h2>\n<ul data-v-md-line=\"39\">\n<li>Enorme Saugkraft: weniger Aufladen und Nachk\u00e4ufe.<\/li>\n<li>Dreifacher Geschmackswechsel: Wechseln Sie den Geschmack jederzeit, um Ihren Bed\u00fcrfnissen gerecht zu werden.<\/li>\n<li>Wiederaufladbar: Dank des Typ-C-Ladeanschlusses k\u00f6nnen Sie E-Liquid effizient nutzen.<\/li>\n<li>Mesh-Spule: Gleichbleibende Leistung vom Anfang bis zum Ende, mit einem vollen und milden Geschmack.<\/li>\n<\/ul>\n<h2 data-v-md-heading=\"why-collaborate-with-agoravape\" data-v-md-line=\"44\">Warum mit AgoraVape zusammenarbeiten?<\/h2>\n<p data-v-md-line=\"45\">Wir bieten ausschlie\u00dflich 100% Originalprodukte an und \u00fcbernehmen die volle Verantwortung f\u00fcr die von uns verkauften Produkte. F\u00fcr Gesch\u00e4ftskunden bedeutet dies: Crystal Marys 3-in-1-Vape-Aroma-Umschalter 65000 bietet verg\u00fcnstigte Gro\u00dfhandelspreise, schnellen Kundenservice und z\u00fcgige Lieferung. Sprechen Sie uns gerne an, wie Sie Ihren Kunden flexible und nachhaltige Kaufoptionen bieten k\u00f6nnen, die zu Stammkunden f\u00fchren.<\/p>\n<p data-v-md-line=\"45\"><img loading=\"lazy\" decoding=\"async\" class=\"aligncenter size-full wp-image-11080\" src=\"https:\/\/agoravape.com\/wp-content\/uploads\/2025\/10\/Crystal-Mary-3-in-1-65000-Puffs-Flavor-Switch-Vape-2.webp\" alt=\"\" width=\"1523\" height=\"2444\" srcset=\"https:\/\/agoravape.com\/wp-content\/uploads\/2025\/10\/Crystal-Mary-3-in-1-65000-Puffs-Flavor-Switch-Vape-2.webp 1523w, https:\/\/agoravape.com\/wp-content\/uploads\/2025\/10\/Crystal-Mary-3-in-1-65000-Puffs-Flavor-Switch-Vape-2-1200x1926.webp 1200w, https:\/\/agoravape.com\/wp-content\/uploads\/2025\/10\/Crystal-Mary-3-in-1-65000-Puffs-Flavor-Switch-Vape-2-187x300.webp 187w, https:\/\/agoravape.com\/wp-content\/uploads\/2025\/10\/Crystal-Mary-3-in-1-65000-Puffs-Flavor-Switch-Vape-2-638x1024.webp 638w, https:\/\/agoravape.com\/wp-content\/uploads\/2025\/10\/Crystal-Mary-3-in-1-65000-Puffs-Flavor-Switch-Vape-2-768x1232.webp 768w, https:\/\/agoravape.com\/wp-content\/uploads\/2025\/10\/Crystal-Mary-3-in-1-65000-Puffs-Flavor-Switch-Vape-2-957x1536.webp 957w, https:\/\/agoravape.com\/wp-content\/uploads\/2025\/10\/Crystal-Mary-3-in-1-65000-Puffs-Flavor-Switch-Vape-2-1276x2048.webp 1276w\" sizes=\"auto, (max-width: 1523px) 100vw, 1523px\" \/><\/p>\n<p><script src=\"chrome-extension:\/\/fpelahbljekknahkcaegamhcndkfpfnc\/iFrame.js\" type=\"text\/javascript\"><\/script><\/p>\n<p><script src=\"chrome-extension:\/\/fpelahbljekknahkcaegamhcndkfpfnc\/iFrame.js\" type=\"text\/javascript\"><\/script><\/p>\n<p><script src=\"chrome-extension:\/\/fpelahbljekknahkcaegamhcndkfpfnc\/iFrame.js\" type=\"text\/javascript\"><\/script><\/p>\n<p><script src=\"chrome-extension:\/\/fpelahbljekknahkcaegamhcndkfpfnc\/iFrame.js\" type=\"text\/javascript\"><\/script><\/p>\n<p><script src=\"chrome-extension:\/\/fpelahbljekknahkcaegamhcndkfpfnc\/iFrame.js\" type=\"text\/javascript\"><\/script><\/p>\n<p><script src=\"chrome-extension:\/\/fpelahbljekknahkcaegamhcndkfpfnc\/iFrame.js\" type=\"text\/javascript\"><\/script><\/p>\n<p><script src=\"chrome-extension:\/\/fpelahbljekknahkcaegamhcndkfpfnc\/iFrame.js\" type=\"text\/javascript\"><\/script><\/p>\n<p><script src=\"chrome-extension:\/\/fpelahbljekknahkcaegamhcndkfpfnc\/iFrame.js\" type=\"text\/javascript\"><\/script><\/p>\n<p><script src=\"chrome-extension:\/\/fpelahbljekknahkcaegamhcndkfpfnc\/iFrame.js\" type=\"text\/javascript\"><\/script><\/p>\n<p><script src=\"chrome-extension:\/\/fpelahbljekknahkcaegamhcndkfpfnc\/iFrame.js\" type=\"text\/javascript\"><\/script><\/p>\n<p><script src=\"chrome-extension:\/\/fpelahbljekknahkcaegamhcndkfpfnc\/iFrame.js\" type=\"text\/javascript\"><\/script><\/p>","protected":false},"excerpt":{"rendered":"<p>Genug von einer Geschmacksrichtung? Die Crystal Mary 3-in-1 Vape k\u00f6nnen Sie zwischen drei kuratierten Geschmacksrichtungen in einem Ger\u00e4t wechseln. Genie\u00dfen Sie bis zu 65.000 Z\u00fcge mit gleichbleibendem Geschmack von einer Mesh-Spule. Einfach, knopflos und wiederaufladbar \u00fcber Typ-C f\u00fcr lang anhaltenden Komfort. Dein ultimatives Geschmacksabenteuer.<\/p>\n<p><script src=\"chrome-extension:\/\/fpelahbljekknahkcaegamhcndkfpfnc\/iFrame.js\" type=\"text\/javascript\"><\/script><\/p>\n<p><script src=\"chrome-extension:\/\/fpelahbljekknahkcaegamhcndkfpfnc\/iFrame.js\" type=\"text\/javascript\"><\/script><\/p>","protected":false},"featured_media":11079,"comment_status":"open","ping_status":"closed","template":"","meta":[],"product_brand":[199],"product_cat":[124,185,189,176,126,177,195,174,175,193,191,173,186,180,190],"product_tag":[],"class_list":{"0":"post-11078","1":"product","2":"type-product","3":"status-publish","4":"has-post-thumbnail","6":"product_brand-crystal-mary","7":"product_cat-vape-by-brand","8":"product_cat-10000-puffs-high-capacity","9":"product_cat-20mg-standard-nicotine-vapes","10":"product_cat-beverage","11":"product_cat-crystal-mary","12":"product_cat-dessert-sweets","13":"product_cat-dual-flavor-switch","14":"product_cat-fruit-flavors","15":"product_cat-icy-mint","16":"product_cat-mesh-coil","17":"product_cat-rechargeable-disposables","18":"product_cat-vape-by-flavor-profile","19":"product_cat-vape-by-nicotine-strength","20":"product_cat-vape-by-puff-count","21":"product_cat-vape-by-feature-or-type","23":"first","24":"onbackorder","25":"shipping-taxable","26":"purchasable","27":"product-type-variable","28":"has-default-attributes"},"tiered_pricing_type":"percentage","tiered_pricing_fixed_rules":[],"tiered_pricing_product_settings":{"layout":"default","base_unit_name":{"singular":null,"plural":null},"default_variation":null},"tiered_pricing_minimum_quantity":10,"tiered_pricing_roles_data":[],"tiered_pricing_percentage_rules":{"30":"29","50":"35","100":"40","200":"44","500":"47","1000":"49"},"tiered_pricing_maximum_quantity":null,"tiered_pricing_quantity_step":"10","_links":{"self":[{"href":"https:\/\/agoravape.com\/de\/wp-json\/wp\/v2\/product\/11078","targetHints":{"allow":["GET"]}}],"collection":[{"href":"https:\/\/agoravape.com\/de\/wp-json\/wp\/v2\/product"}],"about":[{"href":"https:\/\/agoravape.com\/de\/wp-json\/wp\/v2\/types\/product"}],"replies":[{"embeddable":true,"href":"https:\/\/agoravape.com\/de\/wp-json\/wp\/v2\/comments?post=11078"}],"version-history":[{"count":0,"href":"https:\/\/agoravape.com\/de\/wp-json\/wp\/v2\/product\/11078\/revisions"}],"wp:featuredmedia":[{"embeddable":true,"href":"https:\/\/agoravape.com\/de\/wp-json\/wp\/v2\/media\/11079"}],"wp:attachment":[{"href":"https:\/\/agoravape.com\/de\/wp-json\/wp\/v2\/media?parent=11078"}],"wp:term":[{"taxonomy":"product_brand","embeddable":true,"href":"https:\/\/agoravape.com\/de\/wp-json\/wp\/v2\/product_brand?post=11078"},{"taxonomy":"product_cat","embeddable":true,"href":"https:\/\/agoravape.com\/de\/wp-json\/wp\/v2\/product_cat?post=11078"},{"taxonomy":"product_tag","embeddable":true,"href":"https:\/\/agoravape.com\/de\/wp-json\/wp\/v2\/product_tag?post=11078"}],"curies":[{"name":"wp","href":"https:\/\/api.w.org\/{rel}","templated":true}]}}