{"id":11109,"date":"2025-10-04T21:27:48","date_gmt":"2025-10-04T13:27:48","guid":{"rendered":"https:\/\/green-grasshopper-921422.hostingersite.com\/?post_type=product&#038;p=11109"},"modified":"2026-01-19T22:09:19","modified_gmt":"2026-01-19T14:09:19","slug":"kristall-mary-groove-50k-touchscreen-vape","status":"publish","type":"product","link":"https:\/\/agoravape.com\/de\/product\/crystal-mary-groove-50k-touch-screen-vape\/","title":{"rendered":"Crystal Mary Groove 50K Smart-Touchscreen-Vape | Einfach und lang anhaltender Geschmack"},"content":{"rendered":"<h2 data-v-md-heading=\"what-are-the-advantages-of-crystal-mary-groove-50k-suction-smart-touchscreen-electronic-cigarette\" data-v-md-line=\"3\">Was sind die Vorteile des Crystal Mary Groove 50K Saug-Smart-Touchscreen-Vaporizers?<\/h2>\n<p data-v-md-line=\"4\">Sind Sie es leid, alle paar Tage Einweg-E-Zigaretten zu wechseln? Dann wird Ihnen dieses Produkt das Leben erleichtern. Die Crystal Mary Groove hat eine Saugleistung von bis zu 50.000 Einheiten und ist mit einem intelligenten Touchscreen ausgestattet, mit dem Sie Ihr Dampferlebnis ganz nach Ihren W\u00fcnschen anpassen k\u00f6nnen.<\/p>\n<p data-v-md-line=\"6\">Es eignet sich f\u00fcr alle, die Wert auf Langlebigkeit ohne gro\u00dfen Aufwand legen. Es bietet klaren Geschmack, gleichm\u00e4\u00dfigen Dampf und eine einfache Bedienung. Man k\u00f6nnte meinen, dass Verdampfer mit so hoher Saugleistung unhandlich w\u00e4ren, aber sie sind einfach und unkompliziert in der Anwendung und sorgen f\u00fcr ein erfrischendes Dampferlebnis.<\/p>\n<h2 data-v-md-heading=\"excellent-performance-easy-and-convenient\" data-v-md-line=\"8\">Excellent performance, easy and convenient<\/h2>\n<p data-v-md-line=\"9\">Die Doppelspule \u00fcbernimmt die Hauptaufgabe. Sie wird gleichm\u00e4\u00dfig erhitzt, sodass jeder Bissen so k\u00f6stlich ist wie der erste. Bei niedrigem Akkustand k\u00f6nnen Sie das Ger\u00e4t \u00fcber USB-C aufladen. Es kann sein, dass Sie dasselbe Kabel wie f\u00fcr Ihr Smartphone verwenden, sodass Sie kein spezielles ben\u00f6tigen.<\/p>\n<h2 data-v-md-heading=\"specification-overview\" data-v-md-line=\"11\">Specification Overview<\/h2>\n<ul data-v-md-line=\"12\">\n<li>Suction frequency: up to 50000 times<\/li>\n<li>Nikotingehalt: 50 Milligramm pro Milliliter<\/li>\n<li>Funktionsprinzip: Nikotin- und Eisgehalt werden \u00fcber einen Touchscreen reguliert. Zum Aktivieren des Verdampfers einfach inhalieren.<\/li>\n<li>Charging: Standard Type-C USB interface<\/li>\n<li>Status: Sofort einsatzbereit nach dem Auspacken<\/li>\n<\/ul>\n<h2 data-v-md-heading=\"full-range-of-flavors\" data-v-md-line=\"18\">Full range of flavors<\/h2>\n<ul data-v-md-line=\"19\">\n<li>Blaubeer-Smoothie<\/li>\n<li>Miami Mint<\/li>\n<li>Wassermelonen-Smoothie<\/li>\n<li>Erdbeer-Popcorn<\/li>\n<li>Saurer Apfel-Smoothie<\/li>\n<li>Saure Mango-Ananas<\/li>\n<li>Zitronenzucker<\/li>\n<li>Bananen-Toffee-Smoothie<\/li>\n<li>Saurer, explosiver Zucker<\/li>\n<li>Erfrischend mit Erdbeere und Kiwi<\/li>\n<\/ul>\n<h2 data-v-md-heading=\"for-you-and-your-business\" data-v-md-line=\"30\">For you and your business<\/h2>\n<p data-v-md-line=\"31\">Der Kauf f\u00fcr den Eigenbedarf ist ganz einfach. W\u00e4hlen Sie einfach Ihren Geschmack. Wenn Sie Ihren Laden beliefern m\u00f6chten, k\u00f6nnen wir auch Ihre Bed\u00fcrfnisse erf\u00fcllen. Crystal Mary Groove 50K Kartuschen sind als 5er-Packung mit einer Geschmacksrichtung oder als 10er-Mixpackung erh\u00e4ltlich.<\/p>\n<p data-v-md-line=\"33\">Wir bieten zuverl\u00e4ssige DDP-Lieferungen \u00fcber UPS, DPD und DHL an, die europaweit versendet werden k\u00f6nnen. Z\u00f6lle k\u00f6nnen im Voraus abgewickelt werden, um Probleme beim Zoll zu vermeiden. Verf\u00fcgbarkeit und Nikotinkonzentration k\u00f6nnen je nach Land\/Region variieren. Bitte informieren Sie sich \u00fcber die lokalen Bestimmungen oder kontaktieren Sie unser Team.<\/p>\n<h2 data-v-md-heading=\"why-do-you-like-it\" data-v-md-line=\"35\">Why do you like it<\/h2>\n<ul data-v-md-line=\"36\">\n<li>Enorme Saugkraft: Bis zu 50.000 kW Kapazit\u00e4t bedeuten weniger Nachbestellungen und weniger Aufwand.<\/li>\n<li>Nikotinauswahl: Das Ger\u00e4t verf\u00fcgt \u00fcber eine integrierte Einstellfunktion, mit der Sie die Konzentration nach Bedarf feinjustieren k\u00f6nnen.<\/li>\n<li>Wiederaufladbar: Dank des USB-C-Ladeanschlusses k\u00f6nnen Sie jeden Tropfen E-Liquid nutzen.<\/li>\n<li>Mesh-Spule: Die doppellagige Mesh-Spule sorgt f\u00fcr gleichbleibenden Geschmack und sanften Rauch.<\/li>\n<\/ul>\n<h2 data-v-md-heading=\"why-collaborate-with-agoravape\" data-v-md-line=\"41\">Warum mit AgoraVape zusammenarbeiten?<\/h2>\n<p data-v-md-line=\"42\">Wir verkaufen ausschlie\u00dflich 100% Originalprodukte und \u00fcbernehmen die volle Verantwortung f\u00fcr unsere Produkte. Firmenkunden, die Crystal Mary Groove 50K Smart-Touchscreen-Vaporizer erwerben, profitieren von verg\u00fcnstigten Gro\u00dfhandelspreisen, einem kompetenten Kundenservice und schnellen, zuverl\u00e4ssigen Lieferdiensten. Suchen Sie ein Ger\u00e4t mit hoher Kundenzufriedenheit? Kontaktieren Sie uns \u2013 wir beraten Sie gerne.<\/p>\n<p data-v-md-line=\"42\"><img loading=\"lazy\" decoding=\"async\" class=\"aligncenter size-full wp-image-11122\" src=\"https:\/\/agoravape.com\/wp-content\/uploads\/2025\/10\/CRYSTAL-MARY-CM-Groove-50000.webp\" alt=\"\" width=\"1400\" height=\"935\" srcset=\"https:\/\/agoravape.com\/wp-content\/uploads\/2025\/10\/CRYSTAL-MARY-CM-Groove-50000.webp 1400w, https:\/\/agoravape.com\/wp-content\/uploads\/2025\/10\/CRYSTAL-MARY-CM-Groove-50000-1200x801.webp 1200w, https:\/\/agoravape.com\/wp-content\/uploads\/2025\/10\/CRYSTAL-MARY-CM-Groove-50000-300x200.webp 300w, https:\/\/agoravape.com\/wp-content\/uploads\/2025\/10\/CRYSTAL-MARY-CM-Groove-50000-1024x684.webp 1024w, https:\/\/agoravape.com\/wp-content\/uploads\/2025\/10\/CRYSTAL-MARY-CM-Groove-50000-768x513.webp 768w\" sizes=\"auto, (max-width: 1400px) 100vw, 1400px\" \/><\/p>","protected":false},"excerpt":{"rendered":"<p>Das ist der Crystal Mary Groove 50K. Erhalte bis zu 50.000 Z\u00fcge mit diesem intelligenten Verdampfer. Verwenden Sie den intuitiven Touchscreen, um die Nikotin- und Eiswerte f\u00fcr Ihren perfekten Zug einzustellen. Dual-Mesh-Coils liefern reichhaltigen, gleichm\u00e4\u00dfigen Geschmack. Wiederaufladbar \u00fcber Typ-C f\u00fcr eine lang anhaltende, vereinfachte Erfahrung.<\/p>","protected":false},"featured_media":11121,"comment_status":"open","ping_status":"closed","template":"","meta":[],"product_brand":[199],"product_cat":[124,185,1641,126,177,174,175,193,191,173,180,190,192],"product_tag":[],"class_list":{"0":"post-11109","1":"product","2":"type-product","3":"status-publish","4":"has-post-thumbnail","6":"product_brand-crystal-mary","7":"product_cat-vape-by-brand","8":"product_cat-10000-puffs-high-capacity","9":"product_cat-50000-puffs","10":"product_cat-crystal-mary","11":"product_cat-dessert-sweets","12":"product_cat-fruit-flavors","13":"product_cat-icy-mint","14":"product_cat-mesh-coil","15":"product_cat-rechargeable-disposables","16":"product_cat-vape-by-flavor-profile","17":"product_cat-vape-by-puff-count","18":"product_cat-vape-by-feature-or-type","19":"product_cat-vapes-with-screens","21":"first","22":"onbackorder","23":"shipping-taxable","24":"purchasable","25":"product-type-variable","26":"has-default-attributes"},"tiered_pricing_type":"percentage","tiered_pricing_fixed_rules":[],"tiered_pricing_product_settings":{"layout":"default","base_unit_name":{"singular":null,"plural":null},"default_variation":null},"tiered_pricing_minimum_quantity":10,"tiered_pricing_roles_data":[],"tiered_pricing_percentage_rules":{"30":"29","50":"35","100":"40","200":"44","500":"47","1000":"49"},"tiered_pricing_maximum_quantity":null,"tiered_pricing_quantity_step":"10","_links":{"self":[{"href":"https:\/\/agoravape.com\/de\/wp-json\/wp\/v2\/product\/11109","targetHints":{"allow":["GET"]}}],"collection":[{"href":"https:\/\/agoravape.com\/de\/wp-json\/wp\/v2\/product"}],"about":[{"href":"https:\/\/agoravape.com\/de\/wp-json\/wp\/v2\/types\/product"}],"replies":[{"embeddable":true,"href":"https:\/\/agoravape.com\/de\/wp-json\/wp\/v2\/comments?post=11109"}],"version-history":[{"count":0,"href":"https:\/\/agoravape.com\/de\/wp-json\/wp\/v2\/product\/11109\/revisions"}],"wp:featuredmedia":[{"embeddable":true,"href":"https:\/\/agoravape.com\/de\/wp-json\/wp\/v2\/media\/11121"}],"wp:attachment":[{"href":"https:\/\/agoravape.com\/de\/wp-json\/wp\/v2\/media?parent=11109"}],"wp:term":[{"taxonomy":"product_brand","embeddable":true,"href":"https:\/\/agoravape.com\/de\/wp-json\/wp\/v2\/product_brand?post=11109"},{"taxonomy":"product_cat","embeddable":true,"href":"https:\/\/agoravape.com\/de\/wp-json\/wp\/v2\/product_cat?post=11109"},{"taxonomy":"product_tag","embeddable":true,"href":"https:\/\/agoravape.com\/de\/wp-json\/wp\/v2\/product_tag?post=11109"}],"curies":[{"name":"wp","href":"https:\/\/api.w.org\/{rel}","templated":true}]}}