{"id":11146,"date":"2025-10-05T10:23:12","date_gmt":"2025-10-05T02:23:12","guid":{"rendered":"https:\/\/green-grasshopper-921422.hostingersite.com\/?post_type=product&#038;p=11146"},"modified":"2026-01-19T22:09:13","modified_gmt":"2026-01-19T14:09:13","slug":"kristall-mary-pulsex-20mg-20000-zuge-vape","status":"publish","type":"product","link":"https:\/\/agoravape.com\/de\/product\/crystal-mary-pulsex-20mg-20000-puffs-vape\/","title":{"rendered":"Crystal Mary PulsEX E-Zigarette mit 20.000 Z\u00fcgen und 20 mg Nikotin | Gro\u00dfes Fassungsverm\u00f6gen, gleichbleibender Geschmack"},"content":{"rendered":"<h2 data-v-md-heading=\"what-is-the-charm-of-crystal-mary-pulsex-20000-pack-20mg-nicotine-e-cigarette\" data-v-md-line=\"3\">Was macht den Reiz der Crystal Mary Pulsex 20000 Packung mit 20 mg Nikotin aus?<\/h2>\n<p data-v-md-line=\"4\">Sind Sie es leid, dass Einweg-E-Zigaretten schnell leer sind? Dann wird dieses Produkt alles ver\u00e4ndern. Die Crystal Mary PulsEX bietet bis zu 20.000 Z\u00fcge und einen Nikotingehalt von 20 Milligramm f\u00fcr ein sanftes Dampferlebnis. Sie ist kinderleicht zu bedienen.<\/p>\n<p data-v-md-line=\"6\">Wenn Sie ein langanhaltendes und sanftes Dampferlebnis w\u00fcnschen, m\u00fcssen Sie sich keine Gedanken um Verdampferk\u00f6pfe oder Einstellungen machen \u2013 dieses Produkt ist die ideale Wahl. Bei so vielen Z\u00fcgen l\u00e4sst der Geschmack zwar etwas nach, aber der Doppel-Mesh-Verdampferkopf sorgt f\u00fcr gleichbleibende Qualit\u00e4t vom ersten bis zum letzten Zug.<\/p>\n<h2 data-v-md-heading=\"excellent-performance-easy-and-convenient\" data-v-md-line=\"8\">Excellent performance, easy and convenient<\/h2>\n<p data-v-md-line=\"9\">Im Inneren sorgen Doppelspulen f\u00fcr schnelles und gleichm\u00e4\u00dfiges Erhitzen und garantieren so, dass jeder Bissen so rein schmeckt wie der erste. Bei niedrigem Akkustand muss das Ger\u00e4t nicht entsorgt werden. Schlie\u00dfen Sie einfach das Netzteil an. Der USB-C-Anschluss verwendet dasselbe Kabel wie die meisten Mobiltelefone und ist daher besonders praktisch.<\/p>\n<h2 data-v-md-heading=\"specification-introduction\" data-v-md-line=\"11\">Specification Introduction<\/h2>\n<ul data-v-md-line=\"12\">\n<li>Saugfrequenz: bis zu 20000 Mal<\/li>\n<li>Nikotin: 20 mg (Nikotinsalz)<\/li>\n<li>E-Liquid-Kapazit\u00e4t: 18 Milliliter<\/li>\n<li>Zerst\u00e4ubungskern: Doppelgewebe<\/li>\n<li>Akku: Wiederaufladbarer 820-mAh-Akku<\/li>\n<li>Funktionsprinzip: Aktivierung mit nur einem Zug<\/li>\n<li>Charging: Standard Type-C USB interface<\/li>\n<li>Status: Sofort einsatzbereit nach dem Auspacken<\/li>\n<\/ul>\n<h2 data-v-md-heading=\"full-range-of-flavors\" data-v-md-line=\"21\">Full range of flavors<\/h2>\n<ul data-v-md-line=\"22\">\n<li>Blaubeer-Himbeer-Geschmack<\/li>\n<li>Strawberry Strange Fruit Flavor<\/li>\n<li>Ananas-Smoothie-Geschmack<\/li>\n<li>Blaubeeren, Himbeeren, Zitronengeschmack<\/li>\n<li>Wassermelonen-Smoothie-Geschmack<\/li>\n<li>Kiwi-, Passionsfrucht- und Guavengeschmack<\/li>\n<li>Pfirsich-Smoothie-Geschmack<\/li>\n<li>Blaubeer-Smoothie-Geschmack<\/li>\n<li>Regenbogenzuckergeschmack<\/li>\n<li>Bananen-Smoothie<\/li>\n<\/ul>\n<h2 data-v-md-heading=\"to-create-for-you-and-your-business\" data-v-md-line=\"33\">Um etwas f\u00fcr Sie und Ihr Unternehmen zu schaffen<\/h2>\n<p data-v-md-line=\"34\">Sie k\u00f6nnen ein Produkt f\u00fcr den t\u00e4glichen Gebrauch kaufen oder Ihre Regale mit Bestsellern f\u00fcllen. Wir bieten Gro\u00dfhandelskartons mit 5 St\u00fcck pro Geschmacksrichtung an, sodass Sie sich ganz einfach ein ausgewogenes Sortiment zusammenstellen k\u00f6nnen, ohne zu viel zu investieren.<\/p>\n<p data-v-md-line=\"36\">Wir arbeiten mit zuverl\u00e4ssigen Partnern wie UPS, DPD und DHL zusammen, um Ihnen DDP-Lieferungen anzubieten. So sparen Sie sich den Aufwand mit Zollformalit\u00e4ten und vermeiden Transportsch\u00e4den. Aufgrund lokaler Bestimmungen kann die Liefersituation in verschiedenen L\u00e4ndern\/Regionen variieren. Bitte informieren Sie sich daher vor Ihrer Bestellung \u00fcber die geltenden Bestimmungen in Ihrem Land.<\/p>\n<h2 data-v-md-heading=\"why-do-you-like-it\" data-v-md-line=\"38\">Why do you like it<\/h2>\n<ul data-v-md-line=\"39\">\n<li>Hohe Saugkraft: langlebig und robust, kein h\u00e4ufiger Austausch erforderlich.<\/li>\n<li>20 mg Nikotin: Die Nikotinkonzentration ist bei allen E-Liquids einheitlich.<\/li>\n<li>Wiederaufladbar: Sie m\u00fcssen nur einmal bezahlen, um alle E-Liquids nutzen zu k\u00f6nnen.<\/li>\n<li>Mesh-Spulenspule: Sie sorgt jedes Mal f\u00fcr einen gleichbleibenden und vollmundigen Geschmack.<\/li>\n<li>Laden \u00fcber USB-C: Verwenden Sie ein normales Kabel zum schnellen Aufladen.<\/li>\n<\/ul>\n<h2 data-v-md-heading=\"why-choose-to-collaborate-with-agoravape\" data-v-md-line=\"45\">Warum sollten Sie sich f\u00fcr eine Zusammenarbeit mit AgoraVape entscheiden?<\/h2>\n<p data-v-md-line=\"46\">Wir verkaufen ausschlie\u00dflich 100% Originalprodukte \u2013 daran haben wir keinen Zweifel. Als einer der vertrauensw\u00fcrdigen Vape-Distributoren in Europa bieten wir Ihnen g\u00fcnstige Gro\u00dfhandelspreise, schnellen Kundenservice und z\u00fcgige DDP-Lieferungen f\u00fcr die Crystal Mary PulsEX E-Zigarette mit 20 mg Nikotin (20.000 Z\u00fcge). Kontaktieren Sie uns, um zu erfahren, wie Sie Ihren Kunden ein Produkt anbieten k\u00f6nnen, das sie immer wieder kaufen m\u00f6chten.<\/p>\n<p><img loading=\"lazy\" decoding=\"async\" class=\"aligncenter size-full wp-image-11170\" src=\"https:\/\/agoravape.com\/wp-content\/uploads\/2025\/10\/crystal-mary-vape.webp\" alt=\"\" width=\"1400\" height=\"650\" srcset=\"https:\/\/agoravape.com\/wp-content\/uploads\/2025\/10\/crystal-mary-vape.webp 1400w, https:\/\/agoravape.com\/wp-content\/uploads\/2025\/10\/crystal-mary-vape-1200x557.webp 1200w, https:\/\/agoravape.com\/wp-content\/uploads\/2025\/10\/crystal-mary-vape-300x139.webp 300w, https:\/\/agoravape.com\/wp-content\/uploads\/2025\/10\/crystal-mary-vape-1024x475.webp 1024w, https:\/\/agoravape.com\/wp-content\/uploads\/2025\/10\/crystal-mary-vape-768x357.webp 768w\" sizes=\"auto, (max-width: 1400px) 100vw, 1400px\" \/><\/p>","protected":false},"excerpt":{"rendered":"<p>Enjoy up to 20,000 puffs with the Crystal Mary PulseX. This high-capacity vape delivers a consistent 20mg nicotine hit and rich flavour from start to finish, thanks to a dual mesh coil. It\u2019s simple, rechargeable via Type-C, and built to last. No fuss, just long-lasting flavour.<\/p>","protected":false},"featured_media":11171,"comment_status":"open","ping_status":"closed","template":"","meta":[],"product_brand":[199],"product_cat":[124,185,1636,189,126,174,175,193,191,173,180,190],"product_tag":[],"class_list":{"0":"post-11146","1":"product","2":"type-product","3":"status-publish","4":"has-post-thumbnail","6":"product_brand-crystal-mary","7":"product_cat-vape-by-brand","8":"product_cat-10000-puffs-high-capacity","9":"product_cat-20000-puffs","10":"product_cat-20mg-standard-nicotine-vapes","11":"product_cat-crystal-mary","12":"product_cat-fruit-flavors","13":"product_cat-icy-mint","14":"product_cat-mesh-coil","15":"product_cat-rechargeable-disposables","16":"product_cat-vape-by-flavor-profile","17":"product_cat-vape-by-puff-count","18":"product_cat-vape-by-feature-or-type","20":"first","21":"onbackorder","22":"shipping-taxable","23":"purchasable","24":"product-type-variable","25":"has-default-attributes"},"tiered_pricing_type":"percentage","tiered_pricing_fixed_rules":[],"tiered_pricing_product_settings":{"layout":"default","base_unit_name":{"singular":null,"plural":null},"default_variation":null},"tiered_pricing_minimum_quantity":10,"tiered_pricing_roles_data":[],"tiered_pricing_percentage_rules":{"30":"29","50":"35","100":"40","200":"44","500":"47","1000":"49"},"tiered_pricing_maximum_quantity":null,"tiered_pricing_quantity_step":"10","_links":{"self":[{"href":"https:\/\/agoravape.com\/de\/wp-json\/wp\/v2\/product\/11146","targetHints":{"allow":["GET"]}}],"collection":[{"href":"https:\/\/agoravape.com\/de\/wp-json\/wp\/v2\/product"}],"about":[{"href":"https:\/\/agoravape.com\/de\/wp-json\/wp\/v2\/types\/product"}],"replies":[{"embeddable":true,"href":"https:\/\/agoravape.com\/de\/wp-json\/wp\/v2\/comments?post=11146"}],"version-history":[{"count":0,"href":"https:\/\/agoravape.com\/de\/wp-json\/wp\/v2\/product\/11146\/revisions"}],"wp:featuredmedia":[{"embeddable":true,"href":"https:\/\/agoravape.com\/de\/wp-json\/wp\/v2\/media\/11171"}],"wp:attachment":[{"href":"https:\/\/agoravape.com\/de\/wp-json\/wp\/v2\/media?parent=11146"}],"wp:term":[{"taxonomy":"product_brand","embeddable":true,"href":"https:\/\/agoravape.com\/de\/wp-json\/wp\/v2\/product_brand?post=11146"},{"taxonomy":"product_cat","embeddable":true,"href":"https:\/\/agoravape.com\/de\/wp-json\/wp\/v2\/product_cat?post=11146"},{"taxonomy":"product_tag","embeddable":true,"href":"https:\/\/agoravape.com\/de\/wp-json\/wp\/v2\/product_tag?post=11146"}],"curies":[{"name":"wp","href":"https:\/\/api.w.org\/{rel}","templated":true}]}}