{"id":11274,"date":"2025-10-05T16:49:05","date_gmt":"2025-10-05T08:49:05","guid":{"rendered":"https:\/\/green-grasshopper-921422.hostingersite.com\/?post_type=product&#038;p=11274"},"modified":"2026-01-19T22:08:55","modified_gmt":"2026-01-19T14:08:55","slug":"bood-pulse-pro-50000-puffs-vape","status":"publish","type":"product","link":"https:\/\/agoravape.com\/de\/product\/bood-pulse-pro-50000-puffs-vape\/","title":{"rendered":"Bood Pulse Pro 50000 Port | Gro\u00dfe Kapazit\u00e4t und praktisch, ausgestattet mit Mesh-Coil und Typ-C-Ladeanschluss"},"content":{"rendered":"<h2 data-v-md-heading=\"what-are-the-advantages-of-the-bood-pulse-pro-50000-puff-high-capacity-vape\" data-v-md-line=\"3\">Was sind die Vorteile des Bood Pulse Pro 50000 puff high-capacity vape?<\/h2>\n<p data-v-md-line=\"4\">Wenn Sie es leid sind, alle paar Tage das Einweg-E-Liquid zu wechseln, sollten Sie sich dieses Produkt ansehen. Bood Pulse Pro ist mit einem \u00d6ltank mit gro\u00dfem Fassungsverm\u00f6gen und einer wiederaufladbaren Batterie ausgestattet, so dass Sie es f\u00fcr eine lange Zeit verwenden k\u00f6nnen, ohne die Notwendigkeit f\u00fcr h\u00e4ufige Batteriewechsel.<\/p>\n<p data-v-md-line=\"6\">Wenn Sie einen einfachen und leicht zu bedienenden Verdampfer suchen, der einen gleichbleibenden Geschmack bietet, dann ist dieses Produkt die ideale Wahl. Eine Kapazit\u00e4t von 50000 mag k\u00fchn klingen, aber die 38 Milliliter e-Fl\u00fcssigkeit Kapazit\u00e4t und Mesh-Spulen sind genau das, warum es so lange dauern kann. Die tats\u00e4chliche Lebensdauer der Batterie h\u00e4ngt davon ab, wie Sie es verwenden, so dass die Lebensdauer der Batterie ist nicht unbegrenzt.<\/p>\n<h2 data-v-md-heading=\"excellent-performance-no-need-for-complex-operations\" data-v-md-line=\"8\">Hervorragende Leistung, keine komplexen Abl\u00e4ufe erforderlich<\/h2>\n<p data-v-md-line=\"9\">Der Kern des Pulse Pro besteht aus einem Mesh-Zerst\u00e4uberkern, der einen sanften Rauch und einen klaren Geschmack gew\u00e4hrleistet. Keine Notwendigkeit f\u00fcr Tasten, keine Notwendigkeit f\u00fcr Men\u00fcs, nur ein sanftes Saugen. Wenn der Akku leer ist, k\u00f6nnen Sie ein Typ-C-Datenkabel (das das gleiche wie das Telefon-Ladekabel sein kann) zum Aufladen verwenden. Es ist ganz einfach.<\/p>\n<h2 data-v-md-heading=\"specification-introduction\" data-v-md-line=\"11\">Specification Introduction<\/h2>\n<ul data-v-md-line=\"12\">\n<li>Suction frequency: up to 50000 times<\/li>\n<li>E-Fl\u00fcssigkeit Kapazit\u00e4t: 38 Milliliter<\/li>\n<li>Nikotingehalt: 0%, 2% oder 5% (das spezifische Angebot kann je nach Markt variieren)<\/li>\n<li>Spule: Drahtspule<\/li>\n<li>Akku: 850 mAh<\/li>\n<li>Working principle: Activated by inhalation<\/li>\n<li>Charging: Standard Type-C USB interface<\/li>\n<li>Status: Sofort einsatzbereit nach dem Auspacken<\/li>\n<\/ul>\n<h2 data-v-md-heading=\"full-range-of-flavors\" data-v-md-line=\"21\">Full range of flavors<\/h2>\n<ul data-v-md-line=\"22\">\n<li>Melone, Ananas, Orangengeschmack<\/li>\n<li>Blaubeer-Himbeer-Geschmack<\/li>\n<li>Wassermelone Seltsamer Fruchtgeschmack<\/li>\n<li>Blueberry and watermelon flavor<\/li>\n<li>Brombeer-Eis-Geschmack<\/li>\n<li>Dreifacher Melonengeschmack<\/li>\n<li>Erdbeereisgeschmack<\/li>\n<li>Erdbeere-Wassermelone-Eis-Geschmack<\/li>\n<li>Doppelter Zitronenwasser-Geschmack<\/li>\n<li>Trauben-, Preiselbeer-, Heidelbeer- und Himbeergeschmack<\/li>\n<\/ul>\n<h2 data-v-md-heading=\"to-create-for-you-and-your-business\" data-v-md-line=\"33\">Um etwas f\u00fcr Sie und Ihr Unternehmen zu schaffen<\/h2>\n<p data-v-md-line=\"34\">Sie k\u00f6nnen eine einzelne Einheit f\u00fcr den pers\u00f6nlichen Gebrauch kaufen oder sich f\u00fcr den Einzelhandel eindecken. Der Gro\u00dfhandelskarton enth\u00e4lt 180 St\u00fcck, hat die Ma\u00dfe 54 \u00d7 38,5 \u00d7 27 Zentimeter und ein Bruttogewicht von 22,5 Kilogramm. Das hilft bei der Planung der Regalfl\u00e4che und der Versandkosten.<\/p>\n<p data-v-md-line=\"36\">Verstehen Sie schnell die Vorschriften. Aufgrund der gro\u00dfen E-Liquid-Kapazit\u00e4t und des optionalen 5%-Nikotingehalts \u00fcberschreitet dieses Ger\u00e4t den EU-TPD-Grenzwert f\u00fcr Einwegverdampfer. Bitte \u00fcberpr\u00fcfen Sie die \u00f6rtlichen Gesetze, bevor Sie es anbieten oder kaufen. Wir liefern an M\u00e4rkte, die diese Spezifikationen zulassen. F\u00fcr erlaubte Bestimmungsorte bieten wir DDP-Versand mit Partnern wie UPS, DPD und DHL an, damit es keine unangenehmen \u00dcberraschungen beim Zoll gibt.<\/p>\n<h2 data-v-md-heading=\"why-do-you-like-it\" data-v-md-line=\"38\">Why do you like it<\/h2>\n<ul data-v-md-line=\"39\">\n<li>Enorme Saugkraft: L\u00e4ngere Nutzungsdauer, sodass Sie nicht so h\u00e4ufig neue kaufen m\u00fcssen.<\/li>\n<li>Auswahl des Nikotingehalts: W\u00e4hlen Sie 0%, 2% oder 5% je nach Ihren Rauchgewohnheiten.<\/li>\n<li>Wiederaufladbar: Sie k\u00f6nnen die vollen 38 Milliliter E-Liquid verwenden, anstatt teilweise benutzte Ger\u00e4te zu entsorgen.<\/li>\n<li>Mesh-Zerst\u00e4uberkern: Gleichm\u00e4\u00dfiger Rauch und Geschmack.<\/li>\n<li>Einfach zu bedienen: Einfach inhalieren und verwenden, ohne Tasten oder Einstellungen zu ver\u00e4ndern.<\/li>\n<\/ul>\n<h2 data-v-md-heading=\"why-collaborate-with-agoravape\" data-v-md-line=\"45\">Warum mit AgoraVape zusammenarbeiten?<\/h2>\n<p data-v-md-line=\"46\">Wir sind einer der vertrauensw\u00fcrdigsten Vape-Vertreiber in Europa und verkaufen daher ausschlie\u00dflich Originalprodukte von 100%. Unternehmenskunden, die bei uns einkaufen <a class=\"wpil_keyword_link\" title=\"NACHRICHT\" href=\"https:\/\/agoravape.com\/de\/marke\/bood\/\" data-wpil-keyword-link=\"linked\" data-wpil-monitor-id=\"103\">Bood<\/a> Pulse Pro 50000 Vapes mit gro\u00dfer Kapazit\u00e4t bieten Ihnen g\u00fcnstige Gro\u00dfhandelspreise, zuverl\u00e4ssigen Support und einen schnellen und zuverl\u00e4ssigen Lieferservice. Wenn Sie einen langlebigen Vape mit gro\u00dfer Kapazit\u00e4t kaufen m\u00f6chten, der Ihren Kunden garantiert gefallen wird, kontaktieren Sie uns bitte.<\/p>\n<p data-v-md-line=\"46\"><img loading=\"lazy\" decoding=\"async\" class=\"aligncenter size-full wp-image-11289\" src=\"https:\/\/agoravape.com\/wp-content\/uploads\/2025\/10\/Boodpro_final.webp\" alt=\"\" width=\"1280\" height=\"892\" srcset=\"https:\/\/agoravape.com\/wp-content\/uploads\/2025\/10\/Boodpro_final.webp 1280w, https:\/\/agoravape.com\/wp-content\/uploads\/2025\/10\/Boodpro_final-1200x836.webp 1200w, https:\/\/agoravape.com\/wp-content\/uploads\/2025\/10\/Boodpro_final-300x209.webp 300w, https:\/\/agoravape.com\/wp-content\/uploads\/2025\/10\/Boodpro_final-1024x714.webp 1024w, https:\/\/agoravape.com\/wp-content\/uploads\/2025\/10\/Boodpro_final-768x535.webp 768w\" sizes=\"auto, (max-width: 1280px) 100vw, 1280px\" \/><\/p>","protected":false},"excerpt":{"rendered":"<p>Erlebe dauerhaften Komfort mit dem Bood Pulse Pro. Holen Sie sich bis zu 50.000 Z\u00fcge aus einem riesigen 38ml Fassungsverm\u00f6gen und einem Typ-C-Akku. Seine Mesh-Spule sorgt f\u00fcr glatte, konsistente Geschmack in einem einfachen, ziehen-aktivierte Design. Langanhaltendes, leistungsstarkes Dampfen leicht gemacht.<\/p>","protected":false},"featured_media":11286,"comment_status":"open","ping_status":"closed","template":"","meta":[],"product_brand":[200],"product_cat":[124,187,185,189,1641,127,174,175,193,191,173,186,180,190],"product_tag":[],"class_list":{"0":"post-11274","1":"product","2":"type-product","3":"status-publish","4":"has-post-thumbnail","6":"product_brand-bood","7":"product_cat-vape-by-brand","8":"product_cat-0mg-nicotine-free-vapes","9":"product_cat-10000-puffs-high-capacity","10":"product_cat-20mg-standard-nicotine-vapes","11":"product_cat-50000-puffs","12":"product_cat-bood","13":"product_cat-fruit-flavors","14":"product_cat-icy-mint","15":"product_cat-mesh-coil","16":"product_cat-rechargeable-disposables","17":"product_cat-vape-by-flavor-profile","18":"product_cat-vape-by-nicotine-strength","19":"product_cat-vape-by-puff-count","20":"product_cat-vape-by-feature-or-type","22":"first","23":"onbackorder","24":"shipping-taxable","25":"purchasable","26":"product-type-variable","27":"has-default-attributes"},"tiered_pricing_type":"percentage","tiered_pricing_fixed_rules":[],"tiered_pricing_product_settings":{"layout":"default","base_unit_name":{"singular":null,"plural":null},"default_variation":null},"tiered_pricing_minimum_quantity":10,"tiered_pricing_roles_data":[],"tiered_pricing_percentage_rules":{"100":"40","200":"44","500":"47","1000":"49"},"tiered_pricing_maximum_quantity":null,"tiered_pricing_quantity_step":"10","_links":{"self":[{"href":"https:\/\/agoravape.com\/de\/wp-json\/wp\/v2\/product\/11274","targetHints":{"allow":["GET"]}}],"collection":[{"href":"https:\/\/agoravape.com\/de\/wp-json\/wp\/v2\/product"}],"about":[{"href":"https:\/\/agoravape.com\/de\/wp-json\/wp\/v2\/types\/product"}],"replies":[{"embeddable":true,"href":"https:\/\/agoravape.com\/de\/wp-json\/wp\/v2\/comments?post=11274"}],"version-history":[{"count":0,"href":"https:\/\/agoravape.com\/de\/wp-json\/wp\/v2\/product\/11274\/revisions"}],"wp:featuredmedia":[{"embeddable":true,"href":"https:\/\/agoravape.com\/de\/wp-json\/wp\/v2\/media\/11286"}],"wp:attachment":[{"href":"https:\/\/agoravape.com\/de\/wp-json\/wp\/v2\/media?parent=11274"}],"wp:term":[{"taxonomy":"product_brand","embeddable":true,"href":"https:\/\/agoravape.com\/de\/wp-json\/wp\/v2\/product_brand?post=11274"},{"taxonomy":"product_cat","embeddable":true,"href":"https:\/\/agoravape.com\/de\/wp-json\/wp\/v2\/product_cat?post=11274"},{"taxonomy":"product_tag","embeddable":true,"href":"https:\/\/agoravape.com\/de\/wp-json\/wp\/v2\/product_tag?post=11274"}],"curies":[{"name":"wp","href":"https:\/\/api.w.org\/{rel}","templated":true}]}}