{"id":11401,"date":"2025-10-07T09:39:46","date_gmt":"2025-10-07T01:39:46","guid":{"rendered":"https:\/\/green-grasshopper-921422.hostingersite.com\/?post_type=product&#038;p=11401"},"modified":"2026-02-14T17:27:40","modified_gmt":"2026-02-14T16:27:40","slug":"randm-fumot-digital-box-12000-puffs","status":"publish","type":"product","link":"https:\/\/agoravape.com\/de\/product\/randm-fumot-digital-box-12000-puffs\/","title":{"rendered":"RandM Fumot Digital Box E-Zigarette f\u00fcr 12.000 Z\u00fcge | Gro\u00dfe Zugz\u00e4hleranzeige mit praktischem Digitaldisplay"},"content":{"rendered":"<h2 data-v-md-heading=\"what-is-the-randm-fumot-digital-box-12000-puff-vape\" data-v-md-line=\"3\">Was ist die RandM Fumot Digital Box 12000 Puff E-Zigarette?<\/h2>\n<p data-v-md-line=\"4\">Sind Sie es leid, Einwegprodukte zu schnell zu verbrauchen? Dann ist die RandM Fumot Digitalbox genau das Richtige f\u00fcr Sie! Sie bietet bis zu 12.000 Z\u00fcge und zeigt Akku- und Fl\u00fcssigkeitsstand \u00fcbersichtlich auf einem digitalen Display an. Keine \u00dcberraschungen, kein R\u00e4tselraten.<\/p>\n<p data-v-md-line=\"6\">Wenn Sie eine einfache, langanhaltende, leckere und effektive E-Zigarette suchen, ist dieses Ger\u00e4t ideal. Sie inhalieren den Dampf. Bei niedrigem Akkustand k\u00f6nnen Sie es einfach aufladen. Das ist alles.<\/p>\n<h2 data-v-md-heading=\"excellent-performance-without-any-complications\" data-v-md-line=\"8\">Hervorragende Leistung ohne jegliche Komplikationen<\/h2>\n<p data-v-md-line=\"9\">Eine 0,8-\u03a9-Mesh-Spule sorgt f\u00fcr gleichbleibenden Geschmack vom ersten bis zum letzten Zug. Die Oberfl\u00e4che f\u00fchlt sich angenehm glatt an, und der Dampf wird nicht rau. Zum Aufladen des Akkus verwenden Sie einfach USB-C. Dieses Kabel ist mit den meisten Mobiltelefonen kompatibel, sodass Sie keine spezielle Anleitung ben\u00f6tigen. Das digitale Display zeigt den Akkustand und den F\u00fcllstand des Liquids an und erm\u00f6glicht so eine einfache t\u00e4gliche Nutzung.<\/p>\n<h2 data-v-md-heading=\"quick-specifications\" data-v-md-line=\"11\">Kurzspezifikationen<\/h2>\n<p data-v-md-line=\"12\"><strong>Puffmenge:<\/strong>\u00a0Maximal 12000 Z\u00fcge<br \/>\n<strong>Nikotin:<\/strong>\u00a0Erh\u00e4ltlich in 0 %, 2 %, 3 % und 5 %<br \/>\n<strong>Funktionsprinzip:<\/strong>\u00a0Einfach einatmen, um zu aktivieren<br \/>\n<strong>Aufladen:<\/strong>\u00a0Standard-USB-Typ-C-Anschluss<br \/>\n<strong>Status:<\/strong>\u00a0Ready to use out of the box<\/p>\n<h2 data-v-md-heading=\"full-flavor-lineup\" data-v-md-line=\"18\">Vollst\u00e4ndiges Geschmackssortiment<\/h2>\n<ul data-v-md-line=\"19\">\n<li>K\u00fchle Minze<\/li>\n<li>Watermelon Ice<\/li>\n<li>Grape Ice<\/li>\n<li>Blaubeeren und Himbeeren<\/li>\n<li>Strawberry watermelon<\/li>\n<li>Erdbeere und Banane<\/li>\n<li>Mango-Eis<\/li>\n<li>Gemischte Beeren<\/li>\n<li>Kirsch-Cola<\/li>\n<li>Kiwi und Guave<\/li>\n<li>Dar\u00fcber hinaus sind 49 weitere Produktvarianten erh\u00e4ltlich.<\/li>\n<\/ul>\n<h2 data-v-md-heading=\"for-you-and-your-business\" data-v-md-line=\"31\">For you and your business<\/h2>\n<p data-v-md-line=\"32\">Sie k\u00f6nnen w\u00e4hlen <a class=\"wpil_keyword_link\" title=\"RandM\" href=\"https:\/\/agoravape.com\/de\/verdampfen-nach-marke\/randm\/\" data-wpil-keyword-link=\"linked\" data-wpil-monitor-id=\"101\">RandM<\/a> Fumot Digital Box 12000 Bubble Smoke f\u00fcr den pers\u00f6nlichen Gebrauch oder zum Verkauf in Ihrem Gesch\u00e4ft. Es gibt 200 Kartons im Gro\u00dfhandel, was die Nachbestellung vereinfacht. Wir versenden innerhalb der EU per DDP mit vertrauensw\u00fcrdigen Partnern wie UPS, DPD und DHL, sodass die Z\u00f6lle vorab bearbeitet werden und es keine unangenehmen \u00dcberraschungen beim Zoll gibt.<\/p>\n<p data-v-md-line=\"34\">Wenn Sie in verschiedenen L\u00e4ndern verkaufen, sollten Sie die jeweiligen Bestimmungen bez\u00fcglich Nikotinkonzentration und Einwegprodukten pr\u00fcfen. Unser Team ber\u00e4t Sie gerne zu Bestsellern und den passenden L\u00f6sungen zur Einhaltung der Vorschriften.<\/p>\n<h2 data-v-md-heading=\"why-do-you-like-it\" data-v-md-line=\"36\">Why do you like it<\/h2>\n<p data-v-md-line=\"37\"><strong>Viele Z\u00fcge:<\/strong>\u00a0Es h\u00e4lt l\u00e4nger, sodass Sie nicht oft neue kaufen m\u00fcssen.<br \/>\n<strong>Nicotine selection:<\/strong>\u00a0W\u00e4hlen Sie die f\u00fcr Ihren Gebrauch geeignete St\u00e4rke des E-Zigaretten-Liquids.<br \/>\n<strong>Rechargeable:<\/strong>\u00a0Sie k\u00f6nnen die gesamte Menge der gekauften E-Liquids verwenden, anstatt nur eine halbe Dose zu f\u00fcllen.<br \/>\n<strong>Mesh coil:<\/strong>\u00a0Der Geschmack jeder einzelnen Zigarette ist rein und gleichbleibend, nicht nur bei den ersten paar.<br \/>\n<strong>Digital display:<\/strong>\u00a0Sie k\u00f6nnen den Batterie- und Elektronikfl\u00fcssigkeitsstand auf einen Blick ablesen, was Ihnen bei der Planung Ihrer t\u00e4glichen Arbeit hilft.<br \/>\n<strong>Laden per Typ C:<\/strong>\u00a0Ein Kabel, das Leben einfacher macht.<br \/>\n<strong>Keine Knopflotterie:<\/strong>\u00a0Zum Starten einatmen.<\/p>\n<h2 data-v-md-heading=\"why-choose-to-collaborate-with-agoravape\" data-v-md-line=\"45\">Warum sollten Sie sich f\u00fcr eine Zusammenarbeit mit AgoraVape entscheiden?<\/h2>\n<p data-v-md-line=\"46\">Wir verkaufen ausschlie\u00dflich 100% Originalware und bieten Ihnen entsprechenden Support. Gesch\u00e4ftskunden profitieren von verg\u00fcnstigten Gro\u00dfhandelspreisen, schnellem Kundenservice und z\u00fcgigem EU-DDP-Versand f\u00fcr die RandM Fumot Digital Box 12000 Puffs E-Zigarette. Kontaktieren Sie uns, um Ihren Kunden ein zuverl\u00e4ssiges Einwegprodukt mit hoher Dampfentwicklung anzubieten.<\/p>","protected":false},"excerpt":{"rendered":"<p>Genie\u00dfen Sie bis zu 12.000 Z\u00fcge mit der RandM Fumot Digital Box. Ihr \u00fcbersichtliches Digitaldisplay zeigt den F\u00fcllstand des E-Liquids und den Akkustand an \u2013 kein R\u00e4tselraten mehr. Eine Mesh-Spule sorgt f\u00fcr gleichbleibenden Geschmack von Anfang bis Ende, und das Ger\u00e4t l\u00e4sst sich ganz einfach mit einem handels\u00fcblichen Typ-C-Kabel aufladen. Einfach, langlebig und zuverl\u00e4ssig.<\/p>","protected":false},"featured_media":11541,"comment_status":"open","ping_status":"closed","template":"","meta":[],"product_brand":[201],"product_cat":[124,187,185,1634,189,176,177,1674,174,175,193,128,191,178,179,173,186,180,190,192],"product_tag":[],"class_list":{"0":"post-11401","1":"product","2":"type-product","3":"status-publish","4":"has-post-thumbnail","6":"product_brand-randm","7":"product_cat-vape-by-brand","8":"product_cat-0mg-nicotine-free-vapes","9":"product_cat-10000-puffs-high-capacity","10":"product_cat-12000-puffs","11":"product_cat-20mg-standard-nicotine-vapes","12":"product_cat-beverage","13":"product_cat-dessert-sweets","14":"product_cat-eu-warehouse","15":"product_cat-fruit-flavors","16":"product_cat-icy-mint","17":"product_cat-mesh-coil","18":"product_cat-randm","19":"product_cat-rechargeable-disposables","20":"product_cat-tobacco","21":"product_cat-unique-blends","22":"product_cat-vape-by-flavor-profile","23":"product_cat-vape-by-nicotine-strength","24":"product_cat-vape-by-puff-count","25":"product_cat-vape-by-feature-or-type","26":"product_cat-vapes-with-screens","28":"first","29":"instock","30":"shipping-taxable","31":"purchasable","32":"product-type-variable","33":"has-default-attributes"},"tiered_pricing_type":"percentage","tiered_pricing_fixed_rules":[],"tiered_pricing_product_settings":{"layout":"default","base_unit_name":{"singular":null,"plural":null},"default_variation":null},"tiered_pricing_minimum_quantity":10,"tiered_pricing_roles_data":[],"tiered_pricing_percentage_rules":{"30":"29","50":"35","100":"40","200":"44","500":"47","1000":"49"},"tiered_pricing_maximum_quantity":null,"tiered_pricing_quantity_step":"10","_links":{"self":[{"href":"https:\/\/agoravape.com\/de\/wp-json\/wp\/v2\/product\/11401","targetHints":{"allow":["GET"]}}],"collection":[{"href":"https:\/\/agoravape.com\/de\/wp-json\/wp\/v2\/product"}],"about":[{"href":"https:\/\/agoravape.com\/de\/wp-json\/wp\/v2\/types\/product"}],"replies":[{"embeddable":true,"href":"https:\/\/agoravape.com\/de\/wp-json\/wp\/v2\/comments?post=11401"}],"version-history":[{"count":0,"href":"https:\/\/agoravape.com\/de\/wp-json\/wp\/v2\/product\/11401\/revisions"}],"wp:featuredmedia":[{"embeddable":true,"href":"https:\/\/agoravape.com\/de\/wp-json\/wp\/v2\/media\/11541"}],"wp:attachment":[{"href":"https:\/\/agoravape.com\/de\/wp-json\/wp\/v2\/media?parent=11401"}],"wp:term":[{"taxonomy":"product_brand","embeddable":true,"href":"https:\/\/agoravape.com\/de\/wp-json\/wp\/v2\/product_brand?post=11401"},{"taxonomy":"product_cat","embeddable":true,"href":"https:\/\/agoravape.com\/de\/wp-json\/wp\/v2\/product_cat?post=11401"},{"taxonomy":"product_tag","embeddable":true,"href":"https:\/\/agoravape.com\/de\/wp-json\/wp\/v2\/product_tag?post=11401"}],"curies":[{"name":"wp","href":"https:\/\/api.w.org\/{rel}","templated":true}]}}