{"id":11876,"date":"2025-10-08T16:13:37","date_gmt":"2025-10-08T08:13:37","guid":{"rendered":"https:\/\/green-grasshopper-921422.hostingersite.com\/?post_type=product&#038;p=11876"},"modified":"2026-03-26T13:22:26","modified_gmt":"2026-03-26T12:22:26","slug":"mrvi-zwillinge-32000-puffs-doppelgeschmack-vape","status":"publish","type":"product","link":"https:\/\/agoravape.com\/de\/product\/mrvi-twins-32000-puffs-dual-flavor-vape\/","title":{"rendered":"MRVI Twins 32000 Dual Flavor Einweg-E-Zigarette | Zwei Geschmacksrichtungen, gro\u00dfe Z\u00fcge, einfache Handhabung."},"content":{"rendered":"<h2 data-v-md-heading=\"what-are-the-special-features-of-mrvi-twins-32000-dual-flavored-disposable-vape\" data-v-md-line=\"3\"><img loading=\"lazy\" decoding=\"async\" class=\"aligncenter size-full wp-image-11894\" src=\"https:\/\/agoravape.com\/wp-content\/uploads\/2025\/10\/mrvi-32k-puffs_Agora_vape-scaled.webp\" alt=\"\" width=\"2560\" height=\"1707\" srcset=\"https:\/\/agoravape.com\/wp-content\/uploads\/2025\/10\/mrvi-32k-puffs_Agora_vape-scaled.webp 2560w, https:\/\/agoravape.com\/wp-content\/uploads\/2025\/10\/mrvi-32k-puffs_Agora_vape-scaled-1200x800.webp 1200w, https:\/\/agoravape.com\/wp-content\/uploads\/2025\/10\/mrvi-32k-puffs_Agora_vape-300x200.webp 300w, https:\/\/agoravape.com\/wp-content\/uploads\/2025\/10\/mrvi-32k-puffs_Agora_vape-1024x683.webp 1024w, https:\/\/agoravape.com\/wp-content\/uploads\/2025\/10\/mrvi-32k-puffs_Agora_vape-768x512.webp 768w, https:\/\/agoravape.com\/wp-content\/uploads\/2025\/10\/mrvi-32k-puffs_Agora_vape-1536x1024.webp 1536w, https:\/\/agoravape.com\/wp-content\/uploads\/2025\/10\/mrvi-32k-puffs_Agora_vape-2048x1366.webp 2048w\" sizes=\"auto, (max-width: 2560px) 100vw, 2560px\" \/><\/h2>\n<h2 data-v-md-heading=\"what-are-the-special-features-of-mrvi-twins-32000-dual-flavored-disposable-vape\" data-v-md-line=\"3\">Was sind die besonderen Merkmale der MRVI Twins 32000 Einweg-E-Zigarette mit zwei Geschmacksrichtungen?<\/h2>\n<p data-v-md-line=\"4\">Sind Sie es leid, dass Einweg-E-Zigaretten nach wenigen Tagen kaputtgehen? Dann sollten Sie sich dieses Produkt genauer ansehen. Die MRVI Twins bietet eine Kapazit\u00e4t von bis zu 32.000 Z\u00fcgen und vereint zwei Geschmacksrichtungen in einem Ger\u00e4t. So k\u00f6nnen Sie ganz einfach zwischen den Aromen wechseln, ohne eine zweite E-Zigarette mit sich f\u00fchren zu m\u00fcssen. Sie ist ideal f\u00fcr alle, die Wert auf langanhaltenden Geschmack und einfache Bedienung legen (keine Einstellungen erforderlich, einfach und bequem).<\/p>\n<p data-v-md-line=\"6\">Trotz seiner gro\u00dfen \u00d6ffnung liegt er angenehm in der Hand und passt problemlos in die Hosentasche. Er liefert gleichm\u00e4\u00dfigen Rauch und l\u00e4sst sich bequem aufladen \u2013 so k\u00f6nnen Sie ihn sofort in die Hand nehmen und voll auskosten.<\/p>\n<h2 data-v-md-heading=\"excellent-performance-easy-and-convenient\" data-v-md-line=\"8\">Excellent performance, easy and convenient<\/h2>\n<p data-v-md-line=\"9\">Die doppelte Mesh-Spule ist das Herzst\u00fcck des Twins, sodass jeder Zug so k\u00f6stlich ist wie der erste. Die Mesh-Spule wird gleichm\u00e4\u00dfig erhitzt und erm\u00f6glicht so ein reines und volles Geschmackserlebnis von Anfang bis Ende. Bei niedrigem Akkustand kann das Ger\u00e4t \u00fcber den USB-C-Anschluss aufgeladen werden. Das Ladekabel ist genauso einfach wie das eines Handys.<\/p>\n<h2 data-v-md-heading=\"specification-introduction\" data-v-md-line=\"11\">Specification Introduction<\/h2>\n<p data-v-md-line=\"12\"><strong>Suction frequency<\/strong>bis zu 32000 Mal<br \/>\n<strong>Nicotine content<\/strong>: 2 % und 5 % optional<br \/>\n<strong>Working principle<\/strong>Aktivierung mit nur einem Zug<br \/>\n<strong>Charging<\/strong>Standardm\u00e4\u00dfige USB-Typ-C-Schnittstelle<br \/>\n<strong>Status<\/strong>: Ready to use out of the box<\/p>\n<h2 data-v-md-heading=\"multiple-flavor-options\" data-v-md-line=\"18\">Multiple flavor options<\/h2>\n<ul data-v-md-line=\"19\">\n<li>Ananas-Eis\/Trauben-Eis<\/li>\n<li>Bananeneis\/Erdbeer-Kiwi<\/li>\n<li>Mango-Smoothie\/Orangen-Sahne-Limonade<\/li>\n<li>Peach Ice\/Red Bull<\/li>\n<li>Blaubeereis\/Rotes Apfeleis<\/li>\n<li>Minze-Wassermelone\/gemischte Beeren<\/li>\n<li>Erdbeereis\/Regenbogenbonbons<\/li>\n<li>Kirschlimonade\/Blaubeereis<\/li>\n<li>Erdbeer-Wassermelone\/Cranberry-Traube<\/li>\n<li>Dreifachmelone\/Eislimonade<\/li>\n<\/ul>\n<h2 data-v-md-heading=\"for-you-and-your-business\" data-v-md-line=\"30\">For you and your business<\/h2>\n<p data-v-md-line=\"31\">Sie k\u00f6nnen MRVI Twins 32000 einzeln f\u00fcr den Eigenbedarf erwerben oder gr\u00f6\u00dfere Mengen f\u00fcr den Gro\u00dfhandel in Ihrem Gesch\u00e4ft bestellen. Die Gro\u00dfhandelsverpackung enth\u00e4lt 10 St\u00fcck pro Karton, insgesamt 160 St\u00fcck, was die Lagerplanung erheblich vereinfacht. Sollten Sie detaillierte Informationen zur Verpackung ben\u00f6tigen, teilen wir Ihnen diese gerne mit.<\/p>\n<p data-v-md-line=\"33\">Wir versenden mit vertrauensw\u00fcrdigen Partnern wie UPS, DPD und DHL im DDP-Verfahren (nach Steuern), um planbare Lieferzeiten zu gew\u00e4hrleisten und Zollprobleme in ganz Europa zu vermeiden. Nikotingehalt und -konzentration k\u00f6nnen je nach Land\/Region variieren. Bitte informieren Sie sich daher vor Ihrer Bestellung \u00fcber die geltenden Bestimmungen in Ihrem Land.<\/p>\n<h2 data-v-md-heading=\"why-do-you-like-it\" data-v-md-line=\"35\">Why do you like it<\/h2>\n<p data-v-md-line=\"36\"><strong>Starkes Rauchen<\/strong>Langlebig und ergiebig, sodass kein h\u00e4ufiger Kauf neuer Zigaretten n\u00f6tig ist.<br \/>\n<strong>Nikotinauswahl<\/strong>Sie k\u00f6nnen die f\u00fcr Sie passende Konzentration w\u00e4hlen.<br \/>\n<strong>Wiederaufladbar<\/strong>Das bedeutet, dass Sie alle gekauften E-Liquids verwenden k\u00f6nnen.<br \/>\n<strong>Drahtspule<\/strong>Es sorgt jedes Mal f\u00fcr einen gleichbleibend vollen Geschmack.<\/p>\n<h2 data-v-md-heading=\"why-choose-to-collaborate-with-agoravape\" data-v-md-line=\"41\">Warum sollten Sie sich f\u00fcr eine Zusammenarbeit mit AgoraVape entscheiden?<\/h2>\n<p data-v-md-line=\"42\">Wir verkaufen ausschlie\u00dflich 100% Originalware und garantieren die Qualit\u00e4t der versendeten Produkte. F\u00fcr Gesch\u00e4ftskunden bedeutet dies, dass der MRVI Twins 32000 Dual-Aromatisierungs-Vape zu \u00e4u\u00dferst wettbewerbsf\u00e4higen Gro\u00dfhandelspreisen, mit zuverl\u00e4ssigem Support und schneller, zuverl\u00e4ssiger Logistik erh\u00e4ltlich ist. Kontaktieren Sie uns, um zu erfahren, wie Sie ein Ger\u00e4t erwerben k\u00f6nnen, das Ihre Bed\u00fcrfnisse erf\u00fcllt, intensiven Geschmack bietet, lange Akkulaufzeit hat und sich ideal f\u00fcr den t\u00e4glichen Gebrauch eignet.<\/p>","protected":false},"excerpt":{"rendered":"<p>&nbsp;<\/p>","protected":false},"featured_media":11886,"comment_status":"open","ping_status":"closed","template":"","meta":[],"product_brand":[202],"product_cat":[124,185,189,176,195,174,175,193,129,191,173,186,180,190],"product_tag":[],"class_list":{"0":"post-11876","1":"product","2":"type-product","3":"status-publish","4":"has-post-thumbnail","6":"product_brand-mrvi","7":"product_cat-vape-by-brand","8":"product_cat-10000-puffs-high-capacity","9":"product_cat-20mg-standard-nicotine-vapes","10":"product_cat-beverage","11":"product_cat-dual-flavor-switch","12":"product_cat-fruit-flavors","13":"product_cat-icy-mint","14":"product_cat-mesh-coil","15":"product_cat-mrvi","16":"product_cat-rechargeable-disposables","17":"product_cat-vape-by-flavor-profile","18":"product_cat-vape-by-nicotine-strength","19":"product_cat-vape-by-puff-count","20":"product_cat-vape-by-feature-or-type","22":"first","23":"instock","24":"shipping-taxable","25":"purchasable","26":"product-type-variable","27":"has-default-attributes"},"tiered_pricing_type":"percentage","tiered_pricing_fixed_rules":[],"tiered_pricing_product_settings":{"layout":"default","base_unit_name":{"singular":null,"plural":null},"default_variation":null},"tiered_pricing_minimum_quantity":10,"tiered_pricing_roles_data":[],"tiered_pricing_percentage_rules":{"30":"29","50":"35","100":"40","200":"44","500":"47","1000":"49"},"tiered_pricing_maximum_quantity":null,"tiered_pricing_quantity_step":"10","_links":{"self":[{"href":"https:\/\/agoravape.com\/de\/wp-json\/wp\/v2\/product\/11876","targetHints":{"allow":["GET"]}}],"collection":[{"href":"https:\/\/agoravape.com\/de\/wp-json\/wp\/v2\/product"}],"about":[{"href":"https:\/\/agoravape.com\/de\/wp-json\/wp\/v2\/types\/product"}],"replies":[{"embeddable":true,"href":"https:\/\/agoravape.com\/de\/wp-json\/wp\/v2\/comments?post=11876"}],"version-history":[{"count":0,"href":"https:\/\/agoravape.com\/de\/wp-json\/wp\/v2\/product\/11876\/revisions"}],"wp:featuredmedia":[{"embeddable":true,"href":"https:\/\/agoravape.com\/de\/wp-json\/wp\/v2\/media\/11886"}],"wp:attachment":[{"href":"https:\/\/agoravape.com\/de\/wp-json\/wp\/v2\/media?parent=11876"}],"wp:term":[{"taxonomy":"product_brand","embeddable":true,"href":"https:\/\/agoravape.com\/de\/wp-json\/wp\/v2\/product_brand?post=11876"},{"taxonomy":"product_cat","embeddable":true,"href":"https:\/\/agoravape.com\/de\/wp-json\/wp\/v2\/product_cat?post=11876"},{"taxonomy":"product_tag","embeddable":true,"href":"https:\/\/agoravape.com\/de\/wp-json\/wp\/v2\/product_tag?post=11876"}],"curies":[{"name":"wp","href":"https:\/\/api.w.org\/{rel}","templated":true}]}}