{"id":11954,"date":"2025-10-08T20:53:04","date_gmt":"2025-10-08T12:53:04","guid":{"rendered":"https:\/\/green-grasshopper-921422.hostingersite.com\/?post_type=product&#038;p=11954"},"modified":"2026-03-21T12:43:57","modified_gmt":"2026-03-21T11:43:57","slug":"mrvi-puffing-15k-puffs-vape-mit-bildschirm","status":"publish","type":"product","link":"https:\/\/agoravape.com\/de\/product\/mrvi-puffing-15k-puffs-vape-with-screen\/","title":{"rendered":"MRVI Puffing 15K Dual Mesh Vape mit Display | Langanhaltender Geschmack, praktisches Display"},"content":{"rendered":"<h2 data-v-md-heading=\"what-is-the-mrvi-puffing-15k-dual-eye-vape-with-screen\" data-v-md-line=\"3\">Was ist das MRVI Puffing 15K Dual Eye Vape mit Bildschirm?<\/h2>\n<p data-v-md-line=\"4\">Wenn Sie eine vape, die Tag f\u00fcr Tag verwendet werden kann und hat einen lang anhaltenden Geschmack wollen, ist diese vape definitiv die beste Wahl. Die MRVI Puffing 15K ist mit einem 25ml gro\u00dfe Kapazit\u00e4t Zerst\u00e4uber und Dual-Augen-Zerst\u00e4uber Kern ausgestattet, so dass Sie eine saubere und scharfe Saug bis zum Ende zu halten.<\/p>\n<p data-v-md-line=\"6\">Es ist auch mit einem einfachen eingebauten Bildschirm ausgestattet, der die Menge des E-Liquids und die Batterieleistung auf einen Blick anzeigt. Man k\u00f6nnte meinen, dass die Bedienung eines Verdampfers mit einem Bildschirm umst\u00e4ndlich w\u00e4re, aber dieser Verdampfer ist sehr einfach. Es kommt sogar mit einem Schl\u00fcsselband f\u00fcr einfaches Tragen.<\/p>\n<h2 data-v-md-heading=\"excellent-performance-easy-and-convenient\" data-v-md-line=\"8\">Excellent performance, easy and convenient<\/h2>\n<p data-v-md-line=\"9\">Das doppelte Mesh-Design sorgt f\u00fcr eine schnelle und gleichm\u00e4\u00dfige Erw\u00e4rmung und bietet genau die richtige Textur vom ersten bis zum letzten Bissen. Der 750-mAh-Akku ist wiederaufladbar, so dass Sie problemlos 25 ml E-Liquid genie\u00dfen k\u00f6nnen, ohne es zu verschwenden. Wenn der Akku leer ist, k\u00f6nnen Sie ein Standard-Typ-C-Datenkabel zum Anschlie\u00dfen verwenden. Der Bildschirm zeigt die verbleibende e-Fl\u00fcssigkeit und den Batteriestand an, so dass Sie sich keine Gedanken mehr \u00fcber das Raten machen m\u00fcssen.<\/p>\n<h2 data-v-md-heading=\"specification-overview\" data-v-md-line=\"11\">Specification Overview<\/h2>\n<ul data-v-md-line=\"12\">\n<li>Saugfrequenz: bis zu 15000 Mal<\/li>\n<li>Nikotingehalt: 2% und 5% (das spezifische Angebot h\u00e4ngt von den \u00f6rtlichen Vorschriften ab)<\/li>\n<li>Working principle: Activated by inhalation<\/li>\n<li>Charging: Standard Type-C USB interface<\/li>\n<li>Status: Sofort einsatzbereit<\/li>\n<\/ul>\n<h2 data-v-md-heading=\"multiple-flavor-options\" data-v-md-line=\"18\">Multiple flavor options<\/h2>\n<ul data-v-md-line=\"19\">\n<li>Blaubeer-Smoothie<\/li>\n<li>Bananenmilchshake<\/li>\n<li>Strawberry watermelon<\/li>\n<li>Honigtau-Eiscreme<\/li>\n<li>Roter Apfel-Smoothie<\/li>\n<li>Pfirsich und Mango<\/li>\n<li>Blaubeer-Kaugummi<\/li>\n<li>Wassermelonen-Smoothie<\/li>\n<li>Ananas-Smoothie<\/li>\n<li>Rosa Explosionsschl\u00e4mme<\/li>\n<\/ul>\n<h2 data-v-md-heading=\"for-you-and-for-your-business-as-well\" data-v-md-line=\"30\">For you, and for your business as well<\/h2>\n<p data-v-md-line=\"31\">F\u00fcr sich selbst einkaufen? Einfach und bequem. W\u00e4hlen Sie die Geschmacksrichtung und die Konzentration, die Sie verwenden m\u00f6chten. Legen Sie noch einen Vorrat f\u00fcr den Laden an? Wir haben erweiterbare Optionen vorbereitet. MRVI Puffing 15K bietet dem Gro\u00dfhandel Innenkartons in 10er-Packungen und Au\u00dfenkartons in 160er-Packungen. Wir arbeiten mit Partnern wie UPS, DPD und DHL zusammen, um innerhalb Europas per DDP zu versenden, so dass Tarife im Voraus bearbeitet werden k\u00f6nnen, um unerwartete Zollsituationen zu vermeiden.<\/p>\n<h2 data-v-md-heading=\"why-do-you-like-it\" data-v-md-line=\"33\">Why do you like it<\/h2>\n<ul data-v-md-line=\"34\">\n<li>Gro\u00dfe Saugkapazit\u00e4t: bis zu 15000 Anschl\u00fcsse, was weniger Nachladungen und Nachbestellungen bedeutet.<\/li>\n<li>Der Nikotingehalt kann zwischen 2% und 5% gew\u00e4hlt werden, um unterschiedlichen Pr\u00e4ferenzen und Marktanforderungen gerecht zu werden.<\/li>\n<li>Rechargeable: Use all the e-liquid you pay for.<\/li>\n<li>Mesh-Spule: Die doppellagige Mesh-Spule sorgt f\u00fcr gleichbleibenden Geschmack und ein zufriedenstellendes Saugerlebnis.<\/li>\n<li>Bildschirm-Informationen: \u00dcberpr\u00fcfen Sie den Batterie- und Fl\u00fcssigkeitsstand auf einen Blick.<\/li>\n<\/ul>\n<h2 data-v-md-heading=\"why-choose-to-collaborate-with-agoravape\" data-v-md-line=\"40\">Warum sollten Sie sich f\u00fcr eine Zusammenarbeit mit AgoraVape entscheiden?<\/h2>\n<p data-v-md-line=\"41\">Wir bieten nur 100%-Originalprodukte aus zuverl\u00e4ssigen Quellen an. Unsere Aktivit\u00e4ten in der EU konzentrieren sich auf die Einhaltung von Vorschriften, einschlie\u00dflich TPD2 (falls erforderlich) und die \u00dcberpr\u00fcfung des Alters an der Kasse. Sie profitieren von sicheren Zahlungen, klaren Rechnungen und r\u00fcckverfolgbarer Lieferung in ganz Europa. Ben\u00f6tigen Sie Unterst\u00fctzung bei der Geschmacksabstimmung oder bei der Planung der Lagerhaltung? Unser Team ist immer bereit, Ihnen schnelle Unterst\u00fctzung und vern\u00fcnftige Ratschl\u00e4ge zu geben. Kontaktieren Sie uns sofort, um MRVI Puffing 15K Puffs Dual Mesh Vape (mit Bildschirm) zu bestellen und Ihre Kunden mit zuverl\u00e4ssigen und beliebten Produkten zu versorgen.<\/p>","protected":false},"excerpt":{"rendered":"<p>Was ist das MRVI Puffing 15K Dual Eye Vape mit Bildschirm? Wenn Sie eine vape, die verwendet werden k\u00f6nnen, wollen<\/p>","protected":false},"featured_media":11977,"comment_status":"open","ping_status":"closed","template":"","meta":[],"product_brand":[202],"product_cat":[124,185,1635,189,177,174,175,193,129,191,173,186,180,190,192],"product_tag":[],"class_list":{"0":"post-11954","1":"product","2":"type-product","3":"status-publish","4":"has-post-thumbnail","6":"product_brand-mrvi","7":"product_cat-vape-by-brand","8":"product_cat-10000-puffs-high-capacity","9":"product_cat-15000-puffs","10":"product_cat-20mg-standard-nicotine-vapes","11":"product_cat-dessert-sweets","12":"product_cat-fruit-flavors","13":"product_cat-icy-mint","14":"product_cat-mesh-coil","15":"product_cat-mrvi","16":"product_cat-rechargeable-disposables","17":"product_cat-vape-by-flavor-profile","18":"product_cat-vape-by-nicotine-strength","19":"product_cat-vape-by-puff-count","20":"product_cat-vape-by-feature-or-type","21":"product_cat-vapes-with-screens","23":"first","24":"instock","25":"shipping-taxable","26":"purchasable","27":"product-type-variable","28":"has-default-attributes"},"tiered_pricing_type":"percentage","tiered_pricing_fixed_rules":[],"tiered_pricing_product_settings":{"layout":"default","base_unit_name":{"singular":null,"plural":null},"default_variation":null},"tiered_pricing_minimum_quantity":10,"tiered_pricing_roles_data":[],"tiered_pricing_percentage_rules":{"30":"29","50":"35","100":"40","200":"44","500":"47","1000":"49"},"tiered_pricing_maximum_quantity":null,"tiered_pricing_quantity_step":"10","_links":{"self":[{"href":"https:\/\/agoravape.com\/de\/wp-json\/wp\/v2\/product\/11954","targetHints":{"allow":["GET"]}}],"collection":[{"href":"https:\/\/agoravape.com\/de\/wp-json\/wp\/v2\/product"}],"about":[{"href":"https:\/\/agoravape.com\/de\/wp-json\/wp\/v2\/types\/product"}],"replies":[{"embeddable":true,"href":"https:\/\/agoravape.com\/de\/wp-json\/wp\/v2\/comments?post=11954"}],"version-history":[{"count":0,"href":"https:\/\/agoravape.com\/de\/wp-json\/wp\/v2\/product\/11954\/revisions"}],"wp:featuredmedia":[{"embeddable":true,"href":"https:\/\/agoravape.com\/de\/wp-json\/wp\/v2\/media\/11977"}],"wp:attachment":[{"href":"https:\/\/agoravape.com\/de\/wp-json\/wp\/v2\/media?parent=11954"}],"wp:term":[{"taxonomy":"product_brand","embeddable":true,"href":"https:\/\/agoravape.com\/de\/wp-json\/wp\/v2\/product_brand?post=11954"},{"taxonomy":"product_cat","embeddable":true,"href":"https:\/\/agoravape.com\/de\/wp-json\/wp\/v2\/product_cat?post=11954"},{"taxonomy":"product_tag","embeddable":true,"href":"https:\/\/agoravape.com\/de\/wp-json\/wp\/v2\/product_tag?post=11954"}],"curies":[{"name":"wp","href":"https:\/\/api.w.org\/{rel}","templated":true}]}}