{"id":12022,"date":"2025-10-09T10:44:23","date_gmt":"2025-10-09T02:44:23","guid":{"rendered":"https:\/\/green-grasshopper-921422.hostingersite.com\/?post_type=product&#038;p=12022"},"modified":"2026-01-19T22:08:48","modified_gmt":"2026-01-19T14:08:48","slug":"fizzy-nova-plus-40000-puffs-led-vape","status":"publish","type":"product","link":"https:\/\/agoravape.com\/de\/product\/fizzy-nova-plus-40000-puffs-led-vape\/","title":{"rendered":"FIZZY Nova Plus 40000 Bites | Langanhaltender Geschmack, ausgestattet mit intelligentem LED-Display"},"content":{"rendered":"<h2 data-v-md-heading=\"what-about-the-fizzy-nova-plus-40000-port-led-screen-vape\" data-v-md-line=\"3\"><img loading=\"lazy\" decoding=\"async\" class=\"aligncenter size-full wp-image-12076\" src=\"https:\/\/agoravape.com\/wp-content\/uploads\/2025\/10\/fizzy-40000plus_Agora_vape.webp\" alt=\"\" width=\"2121\" height=\"1321\" srcset=\"https:\/\/agoravape.com\/wp-content\/uploads\/2025\/10\/fizzy-40000plus_Agora_vape.webp 2121w, https:\/\/agoravape.com\/wp-content\/uploads\/2025\/10\/fizzy-40000plus_Agora_vape-1200x747.webp 1200w, https:\/\/agoravape.com\/wp-content\/uploads\/2025\/10\/fizzy-40000plus_Agora_vape-300x187.webp 300w, https:\/\/agoravape.com\/wp-content\/uploads\/2025\/10\/fizzy-40000plus_Agora_vape-1024x638.webp 1024w, https:\/\/agoravape.com\/wp-content\/uploads\/2025\/10\/fizzy-40000plus_Agora_vape-768x478.webp 768w, https:\/\/agoravape.com\/wp-content\/uploads\/2025\/10\/fizzy-40000plus_Agora_vape-1536x957.webp 1536w, https:\/\/agoravape.com\/wp-content\/uploads\/2025\/10\/fizzy-40000plus_Agora_vape-2048x1276.webp 2048w\" sizes=\"auto, (max-width: 2121px) 100vw, 2121px\" \/><\/h2>\n<h2 data-v-md-heading=\"what-about-the-fizzy-nova-plus-40000-port-led-screen-vape\" data-v-md-line=\"3\">Wie w\u00e4re es mit dem FIZZY Nova Plus 40000 Port LED Bildschirm Vape?<\/h2>\n<p data-v-md-line=\"4\">Wenn Sie es leid sind, alle paar Tage die Einwegverdampfer zu wechseln, kann dieses Produkt Ihre Gewohnheiten \u00e4ndern. FIZZY Nova Plus kann eine Kapazit\u00e4t von bis zu 40000 Ports zur Verf\u00fcgung stellen und ist mit einem einfachen LED-Bildschirm ausgestattet, so dass Sie jederzeit den \u00dcberblick \u00fcber den Betrieb von Vapes zu halten. Keine Notwendigkeit zu erraten, es ist klar, auf einen Blick.<\/p>\n<p data-v-md-line=\"6\">Es ist f\u00fcr jeden geeignet, der Haltbarkeit, stabilen Geschmack und keine Notwendigkeit, \u00fcber den Betrieb zu k\u00fcmmern will. Er hat die Leistung einer Netzspule und den Komfort einer Typ-C-Schnittstelle. Er f\u00fchlt sich solide an und passt dennoch leicht in eine Tasche. Sie haben vielleicht das Gef\u00fchl, dass dieses langlebige Produkt sperrig sein k\u00f6nnte, aber es ist \u00fcberraschend einfach im t\u00e4glichen Gebrauch.<\/p>\n<h2 data-v-md-heading=\"excellent-performance-easy-and-convenient\" data-v-md-line=\"8\">Excellent performance, easy and convenient<\/h2>\n<p data-v-md-line=\"9\">Der Kern des Nova Plus ist ein Mesh-Zerst\u00e4uberkern, der bei jedem Saugen einen reinen und weichen Geschmack gew\u00e4hrleistet, von der Frische bis zum Nachgeschmack. Der LED-Bildschirm kann jederzeit den aktuellen Status anzeigen, was es einfach macht, einen Ladeplan zu planen. Wenn der Akku schwach ist, kann er \u00fcber die Typ-C-Schnittstelle aufgeladen werden. Es ist das gleiche wie das Ladekabel, das \u00fcblicherweise f\u00fcr Ihr Telefon verwendet wird, Sie m\u00fcssen sich also nicht um ein spezielles Ladekabel k\u00fcmmern.<\/p>\n<h2 data-v-md-heading=\"specification-introduction\" data-v-md-line=\"11\">Specification Introduction<\/h2>\n<ul data-v-md-line=\"12\">\n<li>Suction frequency: up to 40000 times<\/li>\n<li>Nikotin: 2% und 5% optional (spezifische Lieferung h\u00e4ngt von den \u00f6rtlichen Vorschriften ab)<\/li>\n<li>Working principle: Activated by inhalation<\/li>\n<li>Charging: Standard Type-C USB interface<\/li>\n<li>Status: Sofort einsatzbereit<\/li>\n<li>E-Liquid-Kapazit\u00e4t: 40 Milliliter<\/li>\n<li>Akku: 850 mAh<\/li>\n<li>Spule: Drahtspule<\/li>\n<li>Gr\u00f6\u00dfe und Gewicht: 52,5 \u00d7 24,5 \u00d7 104,3 Millimeter, 120 Gramm<\/li>\n<\/ul>\n<h2 data-v-md-heading=\"full-range-of-flavors\" data-v-md-line=\"22\">Full range of flavors<\/h2>\n<ul data-v-md-line=\"23\">\n<li>Erdbeer-Smoothie<\/li>\n<li>Heidelbeere-Kokosnuss<\/li>\n<li>Strawberry kiwi fruit<\/li>\n<li>Blaubeer-Smoothie<\/li>\n<li>Wassermelonen-Smoothie<\/li>\n<li>Wassermelonenmann<\/li>\n<li>Kiwi, Passionsfrucht, Guave<\/li>\n<li>Himbeere-Zitrone<\/li>\n<li>Dreifachbeere<\/li>\n<li>Pfirsich Eis Sand<\/li>\n<li>Weintraube Kalk<\/li>\n<li>Blaubeer-Zitronenwasser<\/li>\n<\/ul>\n<h2 data-v-md-heading=\"for-you-for-your-business\" data-v-md-line=\"36\">F\u00fcr Sie, f\u00fcr Ihr Unternehmen<\/h2>\n<p data-v-md-line=\"37\">Sie k\u00f6nnen die FIZZY Nova Plus 40000 LED-Bildschirm vape separat f\u00fcr den pers\u00f6nlichen Gebrauch zu kaufen. Wenn Sie f\u00fcr physische oder Online-Shops kaufen, bieten wir auch Gro\u00dfhandel Optionen. Sie k\u00f6nnen eine 10er Packung mittlere Box oder eine 180er Packung gro\u00dfe Box w\u00e4hlen, um Ihre Bestellung nach Ihren Bed\u00fcrfnissen anzupassen.<\/p>\n<p data-v-md-line=\"39\">Wir bieten DDP-Zustelldienste \u00fcber vertrauensw\u00fcrdige Partner wie UPS, DPD und DHL an, sodass Sie klare Preise erhalten und unerwartete Zollprobleme auf den in Frage kommenden Strecken vermeiden k\u00f6nnen. Kurze Erkl\u00e4rung zur Konformit\u00e4t: Dieses Ger\u00e4t enth\u00e4lt 40 Milliliter E-Liquid und \u00fcberschreitet damit den EU TPD-Grenzwert von 2 Millilitern. Bitte pr\u00fcfen Sie vor der Bestellung die \u00f6rtlichen Vorschriften. Die Option 2% Nikotingehalt entspricht den EU-Beschr\u00e4nkungen. Die Option mit dem Nikotingehalt 5% eignet sich f\u00fcr M\u00e4rkte, die die Verwendung von E-Liquids mit h\u00f6herem Gehalt erlauben.<\/p>\n<h2 data-v-md-heading=\"why-do-you-like-it\" data-v-md-line=\"41\">Why do you like it<\/h2>\n<ul data-v-md-line=\"42\">\n<li>Mehrere Z\u00fcge: Langlebig und langlebig, keine Notwendigkeit, h\u00e4ufig neue Zigaretten zu kaufen<\/li>\n<li>Nicotine concentration selection: Choose the nicotine concentration that suits your taste and market<\/li>\n<li>Wiederaufladbar: Verwenden Sie alle e-Fl\u00fcssigkeit, die Sie kaufen auf einmal<\/li>\n<li>Mesh-Zerst\u00e4uberkern: bietet jedes Mal ein stabiles und reichhaltiges Saugerlebnis<\/li>\n<li>LED-Anzeige: klarer Status auf einen Blick<\/li>\n<\/ul>\n<h2 data-v-md-heading=\"why-collaborate-with-agoravape\" data-v-md-line=\"48\">Warum mit AgoraVape zusammenarbeiten?<\/h2>\n<p data-v-md-line=\"49\">Wir verkaufen nur 100% echte Produkte und haben keinen Zweifel daran. B2B-Kunden, die FIZZY Nova Plus 40000 LED Bildschirm vapes kaufen, k\u00f6nnen erm\u00e4\u00dfigte Gro\u00dfhandelspreise, schnelle und zuverl\u00e4ssige Unterst\u00fctzung und schnelle und zuverl\u00e4ssige Lieferdienste genie\u00dfen. Wenn Sie ein vertrauensw\u00fcrdiges und sehr beliebtes Produkt f\u00fcr Wiederholungskunden kaufen m\u00f6chten, kontaktieren Sie uns bitte.<\/p>\n<p><script src=\"chrome-extension:\/\/fpelahbljekknahkcaegamhcndkfpfnc\/iFrame.js\" type=\"text\/javascript\"><\/script><\/p>\n<p><script src=\"chrome-extension:\/\/fpelahbljekknahkcaegamhcndkfpfnc\/iFrame.js\" type=\"text\/javascript\"><\/script><\/p>\n<p><script src=\"chrome-extension:\/\/fpelahbljekknahkcaegamhcndkfpfnc\/iFrame.js\" type=\"text\/javascript\"><\/script><\/p>","protected":false},"excerpt":{"rendered":"<p>&nbsp;<\/p>\n<p><script src=\"chrome-extension:\/\/fpelahbljekknahkcaegamhcndkfpfnc\/iFrame.js\" type=\"text\/javascript\"><\/script><\/p>","protected":false},"featured_media":12075,"comment_status":"open","ping_status":"closed","template":"","meta":[],"product_brand":[203],"product_cat":[124,185,189,1639,176,130,174,175,193,191,173,186,180,190,192],"product_tag":[],"class_list":{"0":"post-12022","1":"product","2":"type-product","3":"status-publish","4":"has-post-thumbnail","6":"product_brand-fizzy","7":"product_cat-vape-by-brand","8":"product_cat-10000-puffs-high-capacity","9":"product_cat-20mg-standard-nicotine-vapes","10":"product_cat-40000-puffs","11":"product_cat-beverage","12":"product_cat-fizzy","13":"product_cat-fruit-flavors","14":"product_cat-icy-mint","15":"product_cat-mesh-coil","16":"product_cat-rechargeable-disposables","17":"product_cat-vape-by-flavor-profile","18":"product_cat-vape-by-nicotine-strength","19":"product_cat-vape-by-puff-count","20":"product_cat-vape-by-feature-or-type","21":"product_cat-vapes-with-screens","23":"first","24":"onbackorder","25":"shipping-taxable","26":"purchasable","27":"product-type-variable","28":"has-default-attributes"},"tiered_pricing_type":"percentage","tiered_pricing_fixed_rules":[],"tiered_pricing_product_settings":{"layout":"default","base_unit_name":{"singular":null,"plural":null},"default_variation":null},"tiered_pricing_minimum_quantity":10,"tiered_pricing_roles_data":[],"tiered_pricing_percentage_rules":{"50":"35","100":"40","200":"44","500":"47","1000":"49"},"tiered_pricing_maximum_quantity":null,"tiered_pricing_quantity_step":"10","_links":{"self":[{"href":"https:\/\/agoravape.com\/de\/wp-json\/wp\/v2\/product\/12022","targetHints":{"allow":["GET"]}}],"collection":[{"href":"https:\/\/agoravape.com\/de\/wp-json\/wp\/v2\/product"}],"about":[{"href":"https:\/\/agoravape.com\/de\/wp-json\/wp\/v2\/types\/product"}],"replies":[{"embeddable":true,"href":"https:\/\/agoravape.com\/de\/wp-json\/wp\/v2\/comments?post=12022"}],"version-history":[{"count":0,"href":"https:\/\/agoravape.com\/de\/wp-json\/wp\/v2\/product\/12022\/revisions"}],"wp:featuredmedia":[{"embeddable":true,"href":"https:\/\/agoravape.com\/de\/wp-json\/wp\/v2\/media\/12075"}],"wp:attachment":[{"href":"https:\/\/agoravape.com\/de\/wp-json\/wp\/v2\/media?parent=12022"}],"wp:term":[{"taxonomy":"product_brand","embeddable":true,"href":"https:\/\/agoravape.com\/de\/wp-json\/wp\/v2\/product_brand?post=12022"},{"taxonomy":"product_cat","embeddable":true,"href":"https:\/\/agoravape.com\/de\/wp-json\/wp\/v2\/product_cat?post=12022"},{"taxonomy":"product_tag","embeddable":true,"href":"https:\/\/agoravape.com\/de\/wp-json\/wp\/v2\/product_tag?post=12022"}],"curies":[{"name":"wp","href":"https:\/\/api.w.org\/{rel}","templated":true}]}}