{"id":12415,"date":"2025-10-09T21:14:25","date_gmt":"2025-10-09T13:14:25","guid":{"rendered":"https:\/\/green-grasshopper-921422.hostingersite.com\/?post_type=product&#038;p=12415"},"modified":"2026-02-14T17:23:59","modified_gmt":"2026-02-14T16:23:59","slug":"vapme-kristall-30000-zuge-dreifachen-geschmack-vape","status":"publish","type":"product","link":"https:\/\/agoravape.com\/de\/product\/vapme-crystal-30000-puffs-triple-flavor-vape\/","title":{"rendered":"Vape Crystal 30000 Dreifach-Geschmacks-E-Zigarette | Drei Geschmacksrichtungen, langanhaltend und einfach zu bedienen"},"content":{"rendered":"<h2 data-v-md-heading=\"what-are-the-advantages-of-vaping-the-vapme-crystal-30000-triple-flavored-vape\" data-v-md-line=\"3\">What are the advantages of vaping the Vapme Crystal 30000 triple flavored vape?<\/h2>\n<p data-v-md-line=\"4\">If you\u2019re tired of changing devices halfway through the week, then this product is your ideal choice. Vapme Crystal 30000 integrates three different flavors into one device, allowing you to easily switch without carrying a second vape.<\/p>\n<p data-v-md-line=\"6\">It is suitable for anyone who wants to experience a simple, easy-to-use, delicious, and durable vape experience. No need to worry, no need to replenish frequently. Just need a smooth taste and easy charging when needed.<\/p>\n<h2 data-v-md-heading=\"excellent-performance-easy-and-convenient\" data-v-md-line=\"8\">Excellent performance, easy and convenient<\/h2>\n<p data-v-md-line=\"9\">The 0.6 \u03a9 mesh coil ensures smooth smoke flow and consistent taste, making every bite as delicious as the first. The triple oil storage system can accommodate three different flavors, keeping each flavor clear and unique, avoiding confusion. When the battery is low, you can use the existing Type-C data cable for charging. The 650mAh battery is rechargeable, so you can use the purchased e-liquid.<\/p>\n<h2 data-v-md-heading=\"specification-introduction\" data-v-md-line=\"11\">Specification Introduction<\/h2>\n<ul data-v-md-line=\"12\">\n<li>Saugfrequenz: bis zu 30000 Mal<\/li>\n<li>Nicotine content: 0%, 2%, 3%, and 5%<\/li>\n<li>Funktionsprinzip: Aktivierung mit nur einem Zug<\/li>\n<li>Charging: Standard Type-C USB interface<\/li>\n<li>Status: Sofort einsatzbereit<\/li>\n<\/ul>\n<h2 data-v-md-heading=\"full-flavor-series\" data-v-md-line=\"18\">Full Flavor-Serie<\/h2>\n<ul data-v-md-line=\"19\">\n<li>Blueberry and raspberry flavor+watermelon ice+strawberry lemonade<\/li>\n<li>Strawberry watermelon flavor+passion fruit melon ice+blueberry raspberry flavor<\/li>\n<li>Cherry Ice+Blueberry Juice Lemon Water+Passion Fruit Melon Ice<\/li>\n<li>Grape ice+strawberry kiwi+peach and pineapple flavor<\/li>\n<li>Strawberry banana flavor+double apple flavor+watermelon ice<\/li>\n<li>Mixed Berry Ice+Peach Pineapple+Raspberry Watermelon Flavor<\/li>\n<li>Strawberry ice+watermelon kiwi ice+cherry ice<\/li>\n<li>Red Bull+Cherry Cola+Peach Flavor<\/li>\n<li>Strawberry raspberry sugar+peach smoothie+kiwi passion fruit guava<\/li>\n<li>Strawberry mango+kiwi passion fruit guava+watermelon smoothie<\/li>\n<li>Tropische Fr\u00fcchte Bingzhi + Erdbeere Traube + Blaubeere Zitronenwasser<\/li>\n<li>Erdbeer-Wassermelonen-Kaugummi + Kirschbeere + Red Bull Smoothie<\/li>\n<li>Mr. Blue + Killer Lady + Liebe 66<\/li>\n<li>Wassermelonen-Rindfleisch + Ananas-Kiwi-Smoothie + Erdbeer-Smoothie<\/li>\n<li>Erdbeer-Drachenfrucht-Smoothie + Wassermelonen-Zitronen-Smoothie + tropischer Frucht-Smoothie<\/li>\n<li>Dreifacher Melonen-Smoothie + Blaubeer-Himbeer-Pfirsich + Erdbeer-Smoothie<\/li>\n<li>Erdbeer-Cranberry-Smoothie + Bananen-Smoothie + gemischter Beeren-Smoothie<\/li>\n<li>Wassermelonen-Regenbogenbonbons + Erdbeerbonbons + Blaubeer-Himbeer-Bonbons<\/li>\n<li>Kirschlimonade + Zitronen-Limetten- + Blaubeer-Smoothie<\/li>\n<li>Erdbeer-Red-Bull + Black-Dragon-Eiscreme + Kirschbeere<\/li>\n<\/ul>\n<h2 data-v-md-heading=\"dedicated-to-you-and-your-company\" data-v-md-line=\"40\">F\u00fcr Sie und Ihr Unternehmen.<\/h2>\n<p data-v-md-line=\"41\">Sie k\u00f6nnen Vapme Crystal 30000 f\u00fcr den Einzelgebrauch oder zur Bevorratung Ihres Gesch\u00e4fts erwerben. Die Gro\u00dfhandelsverpackung enth\u00e4lt 160 Einheiten und erleichtert Ihnen so die Bestandsplanung. Wir bieten Ihnen DDP-Versandservice inklusive Steuern mit zuverl\u00e4ssigen Partnern wie UPS, DPD und DHL, um Sie vor unerwarteten Z\u00f6llen zu sch\u00fctzen.<\/p>\n<p data-v-md-line=\"43\">Wenn Sie die Produkte zum Weiterverkauf erwerben, informieren Sie sich bitte vor der Ver\u00f6ffentlichung \u00fcber die geltenden Bestimmungen. Einwegprodukte mit gro\u00dfem Fassungsverm\u00f6gen unterliegen m\u00f6glicherweise spezifischen nationalen\/regionalen Vorschriften.<\/p>\n<h2 data-v-md-heading=\"why-do-you-like-it\" data-v-md-line=\"45\">Why do you like it<\/h2>\n<ul data-v-md-line=\"46\">\n<li>Enorme Saugkraft: langlebig und robust, kein st\u00e4ndiger Kauf neuer Kartuschen erforderlich.<\/li>\n<li>Nikotinauswahl: W\u00e4hlen Sie die Konzentration, die zu Ihrer Rauchmethode passt.<\/li>\n<li>Wiederaufladbar: Sie k\u00f6nnen alle gekauften E-Liquids verwenden.<\/li>\n<li>Mesh-Spulenspule: sorgt jedes Mal f\u00fcr einen gleichbleibenden und vollen Geschmack.<\/li>\n<li>Dreifache Geschmacksrichtungen: Sie k\u00f6nnen die Geschmacksrichtungen jederzeit wechseln, ohne ein zweites Ger\u00e4t mitf\u00fchren zu m\u00fcssen.<\/li>\n<\/ul>\n<h2 data-v-md-heading=\"why-collaborate-with-agoravape\" data-v-md-line=\"52\">Warum mit AgoraVape zusammenarbeiten?<\/h2>\n<p data-v-md-line=\"53\">Wir verkaufen ausschlie\u00dflich 100% Originalprodukte und garantieren die Qualit\u00e4t unserer Lieferungen. Gewerbliche Kunden profitieren von verg\u00fcnstigten Gro\u00dfhandelspreisen, zuverl\u00e4ssigem Kundenservice und einer schnellen und zuverl\u00e4ssigen Lieferung der Vapeme Crystal 30000 3-in-1-E-Zigarette mit drei Geschmacksrichtungen. Kontaktieren Sie uns, und wir stellen sicher, dass Ihre Kunden ausreichend Ware erhalten und zufrieden sind.<\/p>","protected":false},"excerpt":{"rendered":"<p>What are the advantages of vaping the Vapme Crystal 30000 triple flavored vape? If you\u2019re tired of changing devices halfway<\/p>","protected":false},"featured_media":12487,"comment_status":"open","ping_status":"closed","template":"","meta":[],"product_brand":[204],"product_cat":[124,187,185,189,1637,176,177,195,1674,174,175,193,191,173,186,180,190,131],"product_tag":[],"class_list":{"0":"post-12415","1":"product","2":"type-product","3":"status-publish","4":"has-post-thumbnail","6":"product_brand-vapme","7":"product_cat-vape-by-brand","8":"product_cat-0mg-nicotine-free-vapes","9":"product_cat-10000-puffs-high-capacity","10":"product_cat-20mg-standard-nicotine-vapes","11":"product_cat-30000-puffs","12":"product_cat-beverage","13":"product_cat-dessert-sweets","14":"product_cat-dual-flavor-switch","15":"product_cat-eu-warehouse","16":"product_cat-fruit-flavors","17":"product_cat-icy-mint","18":"product_cat-mesh-coil","19":"product_cat-rechargeable-disposables","20":"product_cat-vape-by-flavor-profile","21":"product_cat-vape-by-nicotine-strength","22":"product_cat-vape-by-puff-count","23":"product_cat-vape-by-feature-or-type","24":"product_cat-vapme","26":"first","27":"instock","28":"shipping-taxable","29":"purchasable","30":"product-type-variable","31":"has-default-attributes"},"tiered_pricing_type":"percentage","tiered_pricing_fixed_rules":[],"tiered_pricing_product_settings":{"layout":"default","base_unit_name":{"singular":null,"plural":null},"default_variation":null},"tiered_pricing_minimum_quantity":10,"tiered_pricing_roles_data":[],"tiered_pricing_percentage_rules":{"50":"35","100":"40","200":"44","500":"47","1000":"49"},"tiered_pricing_maximum_quantity":null,"tiered_pricing_quantity_step":"10","_links":{"self":[{"href":"https:\/\/agoravape.com\/de\/wp-json\/wp\/v2\/product\/12415","targetHints":{"allow":["GET"]}}],"collection":[{"href":"https:\/\/agoravape.com\/de\/wp-json\/wp\/v2\/product"}],"about":[{"href":"https:\/\/agoravape.com\/de\/wp-json\/wp\/v2\/types\/product"}],"replies":[{"embeddable":true,"href":"https:\/\/agoravape.com\/de\/wp-json\/wp\/v2\/comments?post=12415"}],"version-history":[{"count":0,"href":"https:\/\/agoravape.com\/de\/wp-json\/wp\/v2\/product\/12415\/revisions"}],"wp:featuredmedia":[{"embeddable":true,"href":"https:\/\/agoravape.com\/de\/wp-json\/wp\/v2\/media\/12487"}],"wp:attachment":[{"href":"https:\/\/agoravape.com\/de\/wp-json\/wp\/v2\/media?parent=12415"}],"wp:term":[{"taxonomy":"product_brand","embeddable":true,"href":"https:\/\/agoravape.com\/de\/wp-json\/wp\/v2\/product_brand?post=12415"},{"taxonomy":"product_cat","embeddable":true,"href":"https:\/\/agoravape.com\/de\/wp-json\/wp\/v2\/product_cat?post=12415"},{"taxonomy":"product_tag","embeddable":true,"href":"https:\/\/agoravape.com\/de\/wp-json\/wp\/v2\/product_tag?post=12415"}],"curies":[{"name":"wp","href":"https:\/\/api.w.org\/{rel}","templated":true}]}}