{"id":12538,"date":"2025-10-10T09:29:18","date_gmt":"2025-10-10T01:29:18","guid":{"rendered":"https:\/\/green-grasshopper-921422.hostingersite.com\/?post_type=product&#038;p=12538"},"modified":"2026-03-26T13:22:25","modified_gmt":"2026-03-26T12:22:25","slug":"vapme-kristall-20000-zuge-doppelten-geschmack-vape","status":"publish","type":"product","link":"https:\/\/agoravape.com\/de\/product\/vapme-crystal-20000-puffs-dual-flavor-vape\/","title":{"rendered":"Vape Crystal 20000 Z\u00fcge 2-in-1 Dual-Aromatisierungs-Vape | Zwei Geschmacksrichtungen, ein langlebiges Ger\u00e4t"},"content":{"rendered":"<h2 data-v-md-heading=\"what-are-the-advantages-of-vapme-crystal-20000-in-one-dual-flavor-vape\" data-v-md-line=\"3\">Was sind die Vorteile des Vapeme Crystal 20000 bei einer E-Zigarette mit zwei Geschmacksrichtungen?<\/h2>\n<p data-v-md-line=\"4\">Sind Sie es leid, st\u00e4ndig Ihr Ger\u00e4t wegen fadem Geschmack oder schwachem Akku zu wechseln? Dann ist dieses Produkt genau das Richtige f\u00fcr Sie. Die Vape Crystal 20000 bietet bis zu 20.000 Z\u00fcge und zwei Geschmacksrichtungen in einem Ger\u00e4t \u2013 f\u00fcr unbeschwerten Genuss, ohne ein zweites Ger\u00e4t mitnehmen zu m\u00fcssen.<\/p>\n<p data-v-md-line=\"6\">Wenn Sie eine zuverl\u00e4ssige, leckere, wiederaufladbare und benutzerfreundliche Einweg-E-Zigarette suchen, ist dieses Produkt die ideale Wahl. Keine komplizierten Bedienungsschritte oder Men\u00fcs. Einfach in die Hand nehmen und den gleichbleibenden Geschmack vom ersten bis zum letzten Zug genie\u00dfen.<\/p>\n<h2 data-v-md-heading=\"excellent-performance-easy-and-convenient\" data-v-md-line=\"8\">Excellent performance, easy and convenient<\/h2>\n<p data-v-md-line=\"9\">Die 1,0-\u03a9-Mesh-Spule sorgt f\u00fcr starke Leistung. Sie erhitzt gleichm\u00e4\u00dfig, und jeder Bissen ist so k\u00f6stlich wie der erste. Bei niedrigem Akkustand schlie\u00dfen Sie einfach das USB-C-Datenkabel an, das wahrscheinlich mit dem Kabel f\u00fcr Mobiltelefone identisch ist. Simpel und praktisch. Sie denken vielleicht, dass Ger\u00e4te mit gro\u00dfem Durchmesser umst\u00e4ndlich w\u00e4ren, aber dieses Ger\u00e4t ist kinderleicht zu handhaben.<\/p>\n<h2 data-v-md-heading=\"specification-introduction\" data-v-md-line=\"11\">Specification Introduction<\/h2>\n<ul data-v-md-line=\"12\">\n<li>Saugfrequenz: bis zu 20000 Mal<\/li>\n<li>Nicotine content: 2% (20mg\/mL)<\/li>\n<li>Working principle: Activated by inhalation<\/li>\n<li>Laden: USB-Typ-C-Schnittstelle<\/li>\n<li>E-Liquid-Kapazit\u00e4t: 20 Milliliter<\/li>\n<li>Zerst\u00e4uberkern: 1,0 \u03a9 Maschenweite<\/li>\n<li>Akku: Wiederaufladbarer 700-mAh-Akku<\/li>\n<li>Status: Sofort einsatzbereit nach dem Auspacken<\/li>\n<\/ul>\n<h2 data-v-md-heading=\"full-range-of-flavors\" data-v-md-line=\"21\">Full range of flavors<\/h2>\n<p data-v-md-line=\"22\">Folgende Geschmackskombinationen sind best\u00e4tigt:<\/p>\n<ul data-v-md-line=\"23\">\n<li>Blaubeeren, Himbeeren und Wassermeloneneis<\/li>\n<li>Erdbeer-Wassermelonen-Passionsfrucht-Melonen-Eis<\/li>\n<li>Kirsch-Eis + Blaubeer-Zitronenwasser<\/li>\n<li>Traubeneis + Erdbeer-Kiwi<\/li>\n<li>Erdbeer-Banane + Doppelte \u00c4pfel<\/li>\n<li>Gemischtes Beereneis + Pfirsich-Ananas<\/li>\n<li>Erdbeereis + Wassermelonen-Kiwi-Eis<\/li>\n<li>Energydrink + Kirschcola<\/li>\n<li>Erdbeer-Himbeer-Zucker + Pfirsicheis<\/li>\n<li>Erdbeere, Mango, Kiwi, Passionsfrucht, Guave<\/li>\n<\/ul>\n<p data-v-md-line=\"34\">Hier gibt es farbenfrohe Fruchtmixgetr\u00e4nke, gek\u00fchlte Eisw\u00fcrfel und eine Auswahl an nostalgischen Dessertl\u00e4den. Blaubeer-Zitronenwasser bietet einen s\u00fc\u00df-sauren Geschmack, w\u00e4hrend Kirschcola ein prickelndes Geschmackserlebnis durch die Mischung von Cola und Kirschen bietet.<\/p>\n<h2 data-v-md-heading=\"for-you-and-for-your-business-as-well\" data-v-md-line=\"36\">For you, and for your business as well<\/h2>\n<p data-v-md-line=\"37\">Sie k\u00f6nnen sich eine Tasse f\u00fcr den Eigenbedarf aussuchen oder Artikel f\u00fcr Ihr Regal erwerben. Wir bieten die Vapeme Crystal 20000 Zwei-in-Eins-E-Zigarette mit zwei Geschmacksrichtungen sowohl f\u00fcr den pers\u00f6nlichen Gebrauch als auch f\u00fcr den Gro\u00dfhandel an. H\u00e4ndler k\u00f6nnen Gro\u00dfbestellungen mit 160 Einheiten pro Karton aufgeben.<\/p>\n<p data-v-md-line=\"39\">Wir bieten Ihnen DDP-Versanddienstleistungen innerhalb Europas \u00fcber vertrauensw\u00fcrdige Partner wie UPS, DPD und DHL an, wodurch Sie Probleme bei Zollkontrollen einfach und bequem vermeiden k\u00f6nnen.<\/p>\n<h2 data-v-md-heading=\"why-do-you-like-it\" data-v-md-line=\"41\">Why do you like it<\/h2>\n<ul data-v-md-line=\"42\">\n<li>Enorme Saugkraft: bis zu 20.000 Z\u00fcge, das bedeutet weniger Nachbestellungen und mehr Zeit zum Genie\u00dfen.<\/li>\n<li>Nikotinauswahl: 2 % Nikotin ist f\u00fcr diejenigen geeignet, die ein st\u00e4rkeres und befriedigenderes Erlebnis bevorzugen.<\/li>\n<li>Wiederaufladbar: Nutzen Sie die gesamte gekaufte E-Fl\u00fcssigkeit, ohne einen Tropfen zu verschwenden.<\/li>\n<li>Mesh-Spule: Vom ersten bis zum letzten Bissen bleibt der Geschmack gleichbleibend und seidig weich.<\/li>\n<\/ul>\n<h2 data-v-md-heading=\"why-choose-to-collaborate-with-agoravape\" data-v-md-line=\"47\">Warum sollten Sie sich f\u00fcr eine Zusammenarbeit mit AgoraVape entscheiden?<\/h2>\n<p data-v-md-line=\"48\">Wir verkaufen ausschlie\u00dflich 100% Originalprodukte mit klaren Spezifikationen und l\u00fcckenloser R\u00fcckverfolgbarkeit. Unsere Gesch\u00e4ftskunden profitieren von verg\u00fcnstigten Gro\u00dfhandelspreisen, schnellem Kundenservice und einem schnellen Lieferservice innerhalb der Europ\u00e4ischen Union beim Kauf des Vapeme Crystal 20000 Zwei-in-Eins-Vapes mit zwei Geschmacksrichtungen. Suchen Sie ein zuverl\u00e4ssiges Ger\u00e4t, das Ihre Kunden immer wieder begeistert? Dann kontaktieren Sie uns!<\/p>","protected":false},"excerpt":{"rendered":"<p>&nbsp;<\/p>\n<p><script src=\"chrome-extension:\/\/fpelahbljekknahkcaegamhcndkfpfnc\/iFrame.js\" type=\"text\/javascript\"><\/script><\/p>","protected":false},"featured_media":12571,"comment_status":"open","ping_status":"closed","template":"","meta":[],"product_brand":[204],"product_cat":[124,185,1636,189,176,177,195,1674,174,175,193,191,173,186,180,190,131],"product_tag":[],"class_list":{"0":"post-12538","1":"product","2":"type-product","3":"status-publish","4":"has-post-thumbnail","6":"product_brand-vapme","7":"product_cat-vape-by-brand","8":"product_cat-10000-puffs-high-capacity","9":"product_cat-20000-puffs","10":"product_cat-20mg-standard-nicotine-vapes","11":"product_cat-beverage","12":"product_cat-dessert-sweets","13":"product_cat-dual-flavor-switch","14":"product_cat-eu-warehouse","15":"product_cat-fruit-flavors","16":"product_cat-icy-mint","17":"product_cat-mesh-coil","18":"product_cat-rechargeable-disposables","19":"product_cat-vape-by-flavor-profile","20":"product_cat-vape-by-nicotine-strength","21":"product_cat-vape-by-puff-count","22":"product_cat-vape-by-feature-or-type","23":"product_cat-vapme","25":"first","26":"instock","27":"shipping-taxable","28":"purchasable","29":"product-type-variable","30":"has-default-attributes"},"tiered_pricing_type":"percentage","tiered_pricing_fixed_rules":[],"tiered_pricing_product_settings":{"layout":"default","base_unit_name":{"singular":null,"plural":null},"default_variation":null},"tiered_pricing_minimum_quantity":10,"tiered_pricing_roles_data":[],"tiered_pricing_percentage_rules":{"50":"35","100":"40","200":"44","500":"47","1000":"49"},"tiered_pricing_maximum_quantity":null,"tiered_pricing_quantity_step":"10","_links":{"self":[{"href":"https:\/\/agoravape.com\/de\/wp-json\/wp\/v2\/product\/12538","targetHints":{"allow":["GET"]}}],"collection":[{"href":"https:\/\/agoravape.com\/de\/wp-json\/wp\/v2\/product"}],"about":[{"href":"https:\/\/agoravape.com\/de\/wp-json\/wp\/v2\/types\/product"}],"replies":[{"embeddable":true,"href":"https:\/\/agoravape.com\/de\/wp-json\/wp\/v2\/comments?post=12538"}],"version-history":[{"count":0,"href":"https:\/\/agoravape.com\/de\/wp-json\/wp\/v2\/product\/12538\/revisions"}],"wp:featuredmedia":[{"embeddable":true,"href":"https:\/\/agoravape.com\/de\/wp-json\/wp\/v2\/media\/12571"}],"wp:attachment":[{"href":"https:\/\/agoravape.com\/de\/wp-json\/wp\/v2\/media?parent=12538"}],"wp:term":[{"taxonomy":"product_brand","embeddable":true,"href":"https:\/\/agoravape.com\/de\/wp-json\/wp\/v2\/product_brand?post=12538"},{"taxonomy":"product_cat","embeddable":true,"href":"https:\/\/agoravape.com\/de\/wp-json\/wp\/v2\/product_cat?post=12538"},{"taxonomy":"product_tag","embeddable":true,"href":"https:\/\/agoravape.com\/de\/wp-json\/wp\/v2\/product_tag?post=12538"}],"curies":[{"name":"wp","href":"https:\/\/api.w.org\/{rel}","templated":true}]}}