{"id":12712,"date":"2025-10-10T11:23:40","date_gmt":"2025-10-10T03:23:40","guid":{"rendered":"https:\/\/green-grasshopper-921422.hostingersite.com\/?post_type=product&#038;p=12712"},"modified":"2026-03-26T13:22:25","modified_gmt":"2026-03-26T12:22:25","slug":"vapme-monster-16000-puffs-vape","status":"publish","type":"product","link":"https:\/\/agoravape.com\/de\/product\/vapme-monster-16000-puffs-vape\/","title":{"rendered":"Vapeme Monster Einweg-E-Zigarette mit Mesh-Coil f\u00fcr 16.000 Z\u00fcge | Gro\u00dfe Z\u00fcge, reiner Geschmack, kinderleichte Anwendung"},"content":{"rendered":"<h2 data-v-md-heading=\"what-about-the-vapme-monster-16000-mesh-coil-disposable-vape\" data-v-md-line=\"3\"><img loading=\"lazy\" decoding=\"async\" class=\"aligncenter size-full wp-image-12734\" src=\"https:\/\/agoravape.com\/wp-content\/uploads\/2025\/10\/Vapme-Monster-16000-Puffs-Mesh-Coil-Disposable-Vape_Agora_vape-1-scaled.webp\" alt=\"\" width=\"2560\" height=\"1937\" srcset=\"https:\/\/agoravape.com\/wp-content\/uploads\/2025\/10\/Vapme-Monster-16000-Puffs-Mesh-Coil-Disposable-Vape_Agora_vape-1-scaled.webp 2560w, https:\/\/agoravape.com\/wp-content\/uploads\/2025\/10\/Vapme-Monster-16000-Puffs-Mesh-Coil-Disposable-Vape_Agora_vape-1-scaled-1200x908.webp 1200w, https:\/\/agoravape.com\/wp-content\/uploads\/2025\/10\/Vapme-Monster-16000-Puffs-Mesh-Coil-Disposable-Vape_Agora_vape-1-300x227.webp 300w, https:\/\/agoravape.com\/wp-content\/uploads\/2025\/10\/Vapme-Monster-16000-Puffs-Mesh-Coil-Disposable-Vape_Agora_vape-1-1024x775.webp 1024w, https:\/\/agoravape.com\/wp-content\/uploads\/2025\/10\/Vapme-Monster-16000-Puffs-Mesh-Coil-Disposable-Vape_Agora_vape-1-768x581.webp 768w, https:\/\/agoravape.com\/wp-content\/uploads\/2025\/10\/Vapme-Monster-16000-Puffs-Mesh-Coil-Disposable-Vape_Agora_vape-1-1536x1162.webp 1536w, https:\/\/agoravape.com\/wp-content\/uploads\/2025\/10\/Vapme-Monster-16000-Puffs-Mesh-Coil-Disposable-Vape_Agora_vape-1-2048x1550.webp 2048w\" sizes=\"auto, (max-width: 2560px) 100vw, 2560px\" \/><\/h2>\n<h2 data-v-md-heading=\"what-about-the-vapme-monster-16000-mesh-coil-disposable-vape\" data-v-md-line=\"3\">Und wie sieht es mit der Vapeme Monster 16000 Mesh-Coil Einweg-E-Zigarette aus?<\/h2>\n<p data-v-md-line=\"4\">Wenn Sie es satt haben, Ihre E-Zigarette alle paar Tage zu wechseln, wird Ihnen diese E-Zigarette garantiert ein erfrischendes Dampferlebnis bieten. Die Vapem Monster \u00fcberzeugt mit langer Akkulaufzeit und einem angenehmen Dampferlebnis, das lange anh\u00e4lt.<\/p>\n<p data-v-md-line=\"6\">Sie eignet sich f\u00fcr alle, die eine zuverl\u00e4ssige und leckere Einweg-E-Zigarette suchen, ohne sich Gedanken \u00fcber die Einstellungen machen zu m\u00fcssen. Einfach Geschmack und Nikotinst\u00e4rke ausw\u00e4hlen und schon kann der Tag beginnen. Man k\u00f6nnte meinen, so viele E-Zigaretten w\u00e4ren sperrig, aber sie passen problemlos in jede Tasche.<\/p>\n<h2 data-v-md-heading=\"excellent-performance-easy-and-convenient\" data-v-md-line=\"8\">Excellent performance, easy and convenient<\/h2>\n<p data-v-md-line=\"9\">Die 0,8-\u03a9-Mesh-Spule spielt dabei eine entscheidende Rolle. Sie erhitzt das E-Liquid gleichm\u00e4\u00dfig und sorgt so f\u00fcr ein unvergleichliches Dampferlebnis. Ist der Akku fast leer, m\u00fcssen Sie ihn nicht entsorgen. Sie k\u00f6nnen ihn einfach \u00fcber den USB-C-Anschluss aufladen und dasselbe Datenkabel verwenden, das Sie vielleicht auch f\u00fcr Ihr Smartphone nutzen. Ganz einfach und unkompliziert.<\/p>\n<h2 data-v-md-heading=\"specification-introduction\" data-v-md-line=\"11\">Specification Introduction<\/h2>\n<ul data-v-md-line=\"12\">\n<li>Saugfrequenz: bis zu 16000 Mal<\/li>\n<li>Nikotingehalt: 0%\/2%\/3%\/5%<\/li>\n<li>Working principle: Activated by inhalation<\/li>\n<li>Charging: Standard Type-C USB interface<\/li>\n<li>E-Liquid-Kapazit\u00e4t: 26 Milliliter<\/li>\n<li>Zerst\u00e4uberkern: 0,8 \u03a9-Maschenweite<\/li>\n<li>Battery: 850 mAh rechargeable battery<\/li>\n<li>Status: Sofort einsatzbereit nach dem Auspacken<\/li>\n<\/ul>\n<h2 data-v-md-heading=\"full-range-of-flavors\" data-v-md-line=\"21\">Full range of flavors<\/h2>\n<ul data-v-md-line=\"22\">\n<li>Blaubeer-Eis-Zitronenwasser<\/li>\n<li>Pfirsicheis<\/li>\n<li>Watermelon Ice<\/li>\n<li>Blaubeeren und Himbeeren<\/li>\n<li>Cherry Ice<\/li>\n<li>Strawberry Ice<\/li>\n<li>Strawberry watermelon<\/li>\n<li>Gemischte Beeren<\/li>\n<li>Strawberry kiwi fruit<\/li>\n<li>Kiwi, Passionsfrucht, Guave<\/li>\n<li>Blaubeer-Red Bull<\/li>\n<li>Pfirsich, Mango, Ananas<\/li>\n<\/ul>\n<h2 data-v-md-heading=\"for-you-and-your-business\" data-v-md-line=\"35\">For you and your business<\/h2>\n<p data-v-md-line=\"36\">Kaufen Sie es sich selbst \u2013 einfach und bequem. W\u00e4hlen Sie Ihre bevorzugte Geschmacksrichtung und Konzentration f\u00fcr ein langanhaltendes Dampferlebnis ohne Aufwand. Dank wiederaufladbarer Akkus k\u00f6nnen Sie 26 Milliliter E-Liquid vollst\u00e4ndig genie\u00dfen, ohne etwas zu verschwenden.<\/p>\n<p data-v-md-line=\"38\">Betreiben Sie ein Ladengesch\u00e4ft oder einen Online-Shop? Wir bieten Gro\u00dfhandelskartons mit 200 St\u00fcck f\u00fcr eine effiziente Lagerhaltung an. Wir arbeiten mit zuverl\u00e4ssigen Partnern wie UPS, DPD und DHL zusammen und nutzen den DDP-Versand, sodass Z\u00f6lle und Steuern im Voraus abgewickelt werden k\u00f6nnen. Sie brauchen sich keine Sorgen um Probleme mit dem Zoll zu machen, der Transport innerhalb Europas ist vollst\u00e4ndig nachverfolgbar. Bitte informieren Sie sich vor dem Weiterverkauf \u00fcber die lokalen Bestimmungen.<\/p>\n<h2 data-v-md-heading=\"why-do-you-like-it\" data-v-md-line=\"40\">Why do you like it<\/h2>\n<ul data-v-md-line=\"41\">\n<li>Mehrere Saugzyklen: Langlebig und robust, kein h\u00e4ufiger Austausch erforderlich.<\/li>\n<li>Auswahl des Nikotingehalts: W\u00e4hlen Sie eine Nikotinkonzentration von 0 %, 2 %, 3 % oder 5 % entsprechend Ihren Dampfgewohnheiten.<\/li>\n<li>Wiederaufladbar: Sie k\u00f6nnen alle gekauften E-Liquids auf einmal verwenden, ohne halbvolle Ger\u00e4te wegwerfen zu m\u00fcssen.<\/li>\n<li>Mesh-Spule: Vom ersten bis zum letzten Bissen bleibt der Geschmack gleichbleibend und sanft.<\/li>\n<li>Die Typ-C-Schnittstelle ist praktisch: Sie k\u00f6nnen Ihr Ger\u00e4t schnell mit Ihrem vorhandenen Datenkabel aufladen.<\/li>\n<\/ul>\n<h2 data-v-md-heading=\"why-collaborate-with-agoravape\" data-v-md-line=\"47\">Warum mit AgoraVape zusammenarbeiten?<\/h2>\n<p data-v-md-line=\"48\">Wir verkaufen ausschlie\u00dflich 100% Originalprodukte und garantieren sicheren Versand. Gesch\u00e4ftskunden, die Vapeme Monster 16000 Mesh-Coil Einweg-E-Zigaretten erwerben, profitieren von verg\u00fcnstigten Gro\u00dfhandelspreisen, zuverl\u00e4ssigem Kundenservice und schnellem, EU-konformem Versand. M\u00f6chten Sie Einweg-E-Zigaretten f\u00fcr Ihre Stammkunden reservieren? Kontaktieren Sie uns einfach, wir k\u00fcmmern uns darum.<\/p>\n<p data-v-md-line=\"50\">Hinweis: Die Anzahl der Z\u00fcge pro Sitzung kann je nach Rauchmethode und Umgebungsbedingungen variieren. Bitte beachten Sie die geltenden Gesetze und Altersbeschr\u00e4nkungen.<\/p>","protected":false},"excerpt":{"rendered":"<p>What about the Vapme Monster 16000 mesh coil disposable vape? If you are tired of changing your vape every few<\/p>","protected":false},"featured_media":12745,"comment_status":"open","ping_status":"closed","template":"","meta":[],"product_brand":[204],"product_cat":[124,187,185,189,176,174,175,193,191,173,186,180,190,131],"product_tag":[],"class_list":{"0":"post-12712","1":"product","2":"type-product","3":"status-publish","4":"has-post-thumbnail","6":"product_brand-vapme","7":"product_cat-vape-by-brand","8":"product_cat-0mg-nicotine-free-vapes","9":"product_cat-10000-puffs-high-capacity","10":"product_cat-20mg-standard-nicotine-vapes","11":"product_cat-beverage","12":"product_cat-fruit-flavors","13":"product_cat-icy-mint","14":"product_cat-mesh-coil","15":"product_cat-rechargeable-disposables","16":"product_cat-vape-by-flavor-profile","17":"product_cat-vape-by-nicotine-strength","18":"product_cat-vape-by-puff-count","19":"product_cat-vape-by-feature-or-type","20":"product_cat-vapme","22":"first","23":"instock","24":"shipping-taxable","25":"purchasable","26":"product-type-variable","27":"has-default-attributes"},"tiered_pricing_type":"percentage","tiered_pricing_fixed_rules":[],"tiered_pricing_product_settings":{"layout":"default","base_unit_name":{"singular":null,"plural":null},"default_variation":null},"tiered_pricing_minimum_quantity":10,"tiered_pricing_roles_data":[],"tiered_pricing_percentage_rules":{"50":"35","100":"40","200":"44","500":"47","1000":"49"},"tiered_pricing_maximum_quantity":null,"tiered_pricing_quantity_step":"10","_links":{"self":[{"href":"https:\/\/agoravape.com\/de\/wp-json\/wp\/v2\/product\/12712","targetHints":{"allow":["GET"]}}],"collection":[{"href":"https:\/\/agoravape.com\/de\/wp-json\/wp\/v2\/product"}],"about":[{"href":"https:\/\/agoravape.com\/de\/wp-json\/wp\/v2\/types\/product"}],"replies":[{"embeddable":true,"href":"https:\/\/agoravape.com\/de\/wp-json\/wp\/v2\/comments?post=12712"}],"version-history":[{"count":0,"href":"https:\/\/agoravape.com\/de\/wp-json\/wp\/v2\/product\/12712\/revisions"}],"wp:featuredmedia":[{"embeddable":true,"href":"https:\/\/agoravape.com\/de\/wp-json\/wp\/v2\/media\/12745"}],"wp:attachment":[{"href":"https:\/\/agoravape.com\/de\/wp-json\/wp\/v2\/media?parent=12712"}],"wp:term":[{"taxonomy":"product_brand","embeddable":true,"href":"https:\/\/agoravape.com\/de\/wp-json\/wp\/v2\/product_brand?post=12712"},{"taxonomy":"product_cat","embeddable":true,"href":"https:\/\/agoravape.com\/de\/wp-json\/wp\/v2\/product_cat?post=12712"},{"taxonomy":"product_tag","embeddable":true,"href":"https:\/\/agoravape.com\/de\/wp-json\/wp\/v2\/product_tag?post=12712"}],"curies":[{"name":"wp","href":"https:\/\/api.w.org\/{rel}","templated":true}]}}