{"id":12858,"date":"2025-10-10T15:33:58","date_gmt":"2025-10-10T07:33:58","guid":{"rendered":"https:\/\/green-grasshopper-921422.hostingersite.com\/?post_type=product&#038;p=12858"},"modified":"2026-01-13T00:44:51","modified_gmt":"2026-01-12T16:44:51","slug":"atvs-15000-puffs-wegwerfbares-vape","status":"publish","type":"product","link":"https:\/\/agoravape.com\/de\/product\/atvs-15000-puffs-disposable-vape\/","title":{"rendered":"ATVS Einweg-E-Zigarette mit Mesh-Coil f\u00fcr 15.000 Z\u00fcge | Hohe Zugzahl, sanfter Geschmack"},"content":{"rendered":"<h2 data-v-md-heading=\"what-are-the-special-features-of-atvs-15000-mesh-coil-disposable-vapes\" data-v-md-line=\"3\"><img loading=\"lazy\" decoding=\"async\" class=\"aligncenter size-full wp-image-12855\" src=\"https:\/\/agoravape.com\/wp-content\/uploads\/2025\/10\/ATVS-15000-Puffs-Mesh-Coil-Disposable-Vape_Agora_vape-1.webp\" alt=\"\" width=\"1000\" height=\"477\" srcset=\"https:\/\/agoravape.com\/wp-content\/uploads\/2025\/10\/ATVS-15000-Puffs-Mesh-Coil-Disposable-Vape_Agora_vape-1.webp 1000w, https:\/\/agoravape.com\/wp-content\/uploads\/2025\/10\/ATVS-15000-Puffs-Mesh-Coil-Disposable-Vape_Agora_vape-1-300x143.webp 300w, https:\/\/agoravape.com\/wp-content\/uploads\/2025\/10\/ATVS-15000-Puffs-Mesh-Coil-Disposable-Vape_Agora_vape-1-768x366.webp 768w\" sizes=\"auto, (max-width: 1000px) 100vw, 1000px\" \/><\/h2>\n<h2 data-v-md-heading=\"what-are-the-special-features-of-atvs-15000-mesh-coil-disposable-vapes\" data-v-md-line=\"3\">Was sind die besonderen Merkmale der ATVS 15000 Mesh-Coil-Einweg-E-Zigaretten?<\/h2>\n<p data-v-md-line=\"4\">Sind Sie es leid, Einweg-E-Zigaretten beim ersten Ausprobieren neuer Aromen zu verbrauchen? Dann wird dieses Produkt alles ver\u00e4ndern. ATVS ist mit geschmeidigen Mesh-Coils ausgestattet, die bis zu 15.000 Z\u00fcge aushalten und Ihnen so vom ersten bis zum letzten Zug einen reinen und gleichbleibenden Geschmack garantieren.<\/p>\n<p data-v-md-line=\"6\">Es eignet sich f\u00fcr alle, die Wert auf Langlebigkeit legen und sich keine Gedanken um die Bedienung machen m\u00f6chten. Kein Men\u00fc, keine Kn\u00f6pfe n\u00f6tig. Diese robuste und langlebige E-Zigarette bietet exzellenten Geschmack und ist leicht zu transportieren. Man k\u00f6nnte meinen, eine E-Zigarette mit so vielen Z\u00fcgen sei sperrig, aber diese kompakte E-Zigarette passt problemlos in jede Tasche.<\/p>\n<h2 data-v-md-heading=\"excellent-performance-worry-free\" data-v-md-line=\"8\">Hervorragende Leistung, sorgenfrei<\/h2>\n<p data-v-md-line=\"9\">Die Mesh-Spule ist das Highlight dieses Produkts. Sie sorgt f\u00fcr gleichm\u00e4\u00dfige Erhitzung und damit f\u00fcr einen unverwechselbaren und gleichbleibenden Geschmack. Genie\u00dfen Sie jeden Schluck, ohne dass Ihnen mittendrin die Luft wegbleibt. Der integrierte Akku ist langlebig und l\u00e4sst sich auch bei niedrigem Ladestand einfach aufladen. Ein Ger\u00e4t, ein Verbindungskabel \u2013 kinderleichte Handhabung.<\/p>\n<h2 data-v-md-heading=\"specification-introduction\" data-v-md-line=\"11\">Specification Introduction<\/h2>\n<ul data-v-md-line=\"12\">\n<li>Saugfrequenz: bis zu 15000 Mal<\/li>\n<li>Nikotingehalt: Vom Hersteller nicht angegeben. Bitte kontaktieren Sie uns, um sich \u00fcber die aktuell in Ihrem Markt erh\u00e4ltlichen Nikotinkonzentrationen zu informieren.<\/li>\n<li>Funktionsprinzip: Benutzerfreundliches Einwegdesign, knopfloses Design<\/li>\n<li>Aufladen: Das Ger\u00e4t kann \u00fcber den integrierten USB-Anschluss aufgeladen werden. Der Schnittstellentyp kann je nach Produktionscharge variieren.<\/li>\n<li>E-Liquid-Kapazit\u00e4t: 15 Milliliter<\/li>\n<li>Spule: Drahtgeflecht, 0,9 \u03a9<\/li>\n<li>Akku: 650 mAh (Akkumodell 13450)<\/li>\n<li>Material: PC-Geh\u00e4use<\/li>\n<li>Gr\u00f6\u00dfe: 48 \u00d7 24,5 \u00d7 90 Millimeter<\/li>\n<li>Nettogewicht: 95,5 Gramm<\/li>\n<li>Status: Sofort einsatzbereit nach dem Auspacken<\/li>\n<\/ul>\n<h2 data-v-md-heading=\"full-range-of-flavors\" data-v-md-line=\"24\">Full range of flavors<\/h2>\n<ul data-v-md-line=\"25\">\n<li>Mango-Eis<\/li>\n<li>Blue Rink Ice<\/li>\n<li>Strawberry watermelon ice<\/li>\n<li>Menthol ice<\/li>\n<li>Watermelon Ice<\/li>\n<li>Eis mit gemischten Fr\u00fcchten<\/li>\n<li>Strawberry Ice<\/li>\n<li>Grape Ice<\/li>\n<li>Granatapfeleis<\/li>\n<li>Pfirsicheis<\/li>\n<li>Coca Cola Ice<\/li>\n<\/ul>\n<h2 data-v-md-heading=\"for-you-and-for-your-business-as-well\" data-v-md-line=\"37\">For you, and for your business as well<\/h2>\n<p data-v-md-line=\"38\">Der Kauf f\u00fcr den Eigenbedarf ist ganz einfach. W\u00e4hlen Sie Ihre Lieblingssorte und genie\u00dfen Sie sie. Wenn Sie ein Ladengesch\u00e4ft oder einen Online-Shop betreiben, k\u00f6nnen Sie 10er-Packungen im Gro\u00dfhandel erwerben, um Ihren Lagerbestand \u00fcbersichtlich und planbar zu halten.<\/p>\n<p data-v-md-line=\"40\">Wir bieten zuverl\u00e4ssige, versteuerte DDP-Transporte \u00fcber Partner wie UPS, DPD und DHL f\u00fcr den Warentransport in verschiedene Teile Europas an. So k\u00f6nnen Sie Ihre Waren verfolgen und Probleme mit dem Zoll vermeiden. Die Verpackung ist sicher, und unser Team unterst\u00fctzt Sie bei Bedarf bei allen notwendigen Formalit\u00e4ten.<\/p>\n<h2 data-v-md-heading=\"why-do-you-like-it\" data-v-md-line=\"42\">Why do you like it<\/h2>\n<ul data-v-md-line=\"43\">\n<li>Hohe Saugleistung: bis zu 15000 Anschl\u00fcsse, was weniger Austausch und eine h\u00f6here Kosteneffizienz bedeutet.<\/li>\n<li>Mesh-Verdampferkern: Kontinuierlicher und reichhaltiger Geschmack, ohne unzureichende E-Liquid-Menge<\/li>\n<li>Wiederaufladbar: Nach vollst\u00e4ndiger Aufladung kann jeder Tropfen E-Liquid verwendet werden.<\/li>\n<li>Tragbar: kompakt und robust, mit gro\u00dfem Fassungsverm\u00f6gen<\/li>\n<li>Einfache Bedienung: Keine Kn\u00f6pfe, keine Einstellungen erforderlich, leicht zu handhaben.<\/li>\n<\/ul>\n<h2 data-v-md-heading=\"why-choose-to-collaborate-with-agoravape\" data-v-md-line=\"49\">Warum sollten Sie sich f\u00fcr eine Zusammenarbeit mit AgoraVape entscheiden?<\/h2>\n<p data-v-md-line=\"50\">Wir beziehen ausschlie\u00dflich 100% Originalware von ATVS, um Ihren guten Ruf und Ihre Kunden zu sch\u00fctzen. Als einer der vertrauensw\u00fcrdigen Vape-Distributoren in Europa bieten wir Ihnen g\u00fcnstige Gro\u00dfhandelspreise, kompetenten Kundenservice und einen schnellen und zuverl\u00e4ssigen DDP-Versand. Wir halten uns an alle lokalen Vorschriften und Altersverifizierungsstandards (falls erforderlich). Sind Sie bereit, die ATVS 15000 Mesh Coil Einweg-E-Zigarette zu kaufen? Kontaktieren Sie uns einfach, und wir kl\u00e4ren Preis, Geschmacksrichtung und den n\u00e4chsten Liefertermin mit Ihnen.<\/p>","protected":false},"excerpt":{"rendered":"<p>&nbsp;<\/p>\n<p><script src=\"chrome-extension:\/\/fpelahbljekknahkcaegamhcndkfpfnc\/iFrame.js\" type=\"text\/javascript\"><\/script><\/p>","protected":false},"featured_media":12856,"comment_status":"open","ping_status":"closed","template":"","meta":[],"product_brand":[205],"product_cat":[124,185,1635,132,176,177,174,175,193,191,173,186,180,190],"product_tag":[],"class_list":{"0":"post-12858","1":"product","2":"type-product","3":"status-publish","4":"has-post-thumbnail","6":"product_brand-atvs","7":"product_cat-vape-by-brand","8":"product_cat-10000-puffs-high-capacity","9":"product_cat-15000-puffs","10":"product_cat-atvs","11":"product_cat-beverage","12":"product_cat-dessert-sweets","13":"product_cat-fruit-flavors","14":"product_cat-icy-mint","15":"product_cat-mesh-coil","16":"product_cat-rechargeable-disposables","17":"product_cat-vape-by-flavor-profile","18":"product_cat-vape-by-nicotine-strength","19":"product_cat-vape-by-puff-count","20":"product_cat-vape-by-feature-or-type","22":"first","23":"instock","24":"shipping-taxable","25":"purchasable","26":"product-type-variable","27":"has-default-attributes"},"tiered_pricing_type":"percentage","tiered_pricing_fixed_rules":[],"tiered_pricing_product_settings":{"layout":"default","base_unit_name":{"singular":null,"plural":null},"default_variation":null},"tiered_pricing_minimum_quantity":10,"tiered_pricing_roles_data":[],"tiered_pricing_percentage_rules":{"30":"29","50":"35","100":"40","200":"44","500":"47","1000":"49"},"tiered_pricing_maximum_quantity":null,"tiered_pricing_quantity_step":"10","_links":{"self":[{"href":"https:\/\/agoravape.com\/de\/wp-json\/wp\/v2\/product\/12858","targetHints":{"allow":["GET"]}}],"collection":[{"href":"https:\/\/agoravape.com\/de\/wp-json\/wp\/v2\/product"}],"about":[{"href":"https:\/\/agoravape.com\/de\/wp-json\/wp\/v2\/types\/product"}],"replies":[{"embeddable":true,"href":"https:\/\/agoravape.com\/de\/wp-json\/wp\/v2\/comments?post=12858"}],"version-history":[{"count":0,"href":"https:\/\/agoravape.com\/de\/wp-json\/wp\/v2\/product\/12858\/revisions"}],"wp:featuredmedia":[{"embeddable":true,"href":"https:\/\/agoravape.com\/de\/wp-json\/wp\/v2\/media\/12856"}],"wp:attachment":[{"href":"https:\/\/agoravape.com\/de\/wp-json\/wp\/v2\/media?parent=12858"}],"wp:term":[{"taxonomy":"product_brand","embeddable":true,"href":"https:\/\/agoravape.com\/de\/wp-json\/wp\/v2\/product_brand?post=12858"},{"taxonomy":"product_cat","embeddable":true,"href":"https:\/\/agoravape.com\/de\/wp-json\/wp\/v2\/product_cat?post=12858"},{"taxonomy":"product_tag","embeddable":true,"href":"https:\/\/agoravape.com\/de\/wp-json\/wp\/v2\/product_tag?post=12858"}],"curies":[{"name":"wp","href":"https:\/\/api.w.org\/{rel}","templated":true}]}}