{"id":12906,"date":"2025-10-10T15:53:16","date_gmt":"2025-10-10T07:53:16","guid":{"rendered":"https:\/\/green-grasshopper-921422.hostingersite.com\/?post_type=product&#038;p=12906"},"modified":"2025-12-15T21:31:14","modified_gmt":"2025-12-15T13:31:14","slug":"atvs-25000-puffs-hohe-leistung-vape","status":"publish","type":"product","link":"https:\/\/agoravape.com\/de\/product\/atvs-25000-puffs-high-power-vape\/","title":{"rendered":"ATVS Dual Mesh Hochleistungs-E-Zigarette f\u00fcr 25.000 Z\u00fcge | Gro\u00dfes Fassungsverm\u00f6gen, gleichbleibender Geschmack"},"content":{"rendered":"<h2 data-v-md-heading=\"what-about-atvs-25000-dual-network-high-power-vapes\" data-v-md-line=\"3\">Wie sieht es mit ATVS 25000 Dual Network High-Power Vapes aus?<\/h2>\n<p data-v-md-line=\"4\">Wenn Sie genug von Einweg-Vapes haben, die nach ein paar Tagen kaputt gehen, sollten Sie sich dieses Produkt einmal ansehen. Der ATVS 25000 ist f\u00fcr langfristige Aufladung und gleichbleibenden Geschmack konzipiert. Er ist f\u00fcr jeden geeignet, der einen zuverl\u00e4ssigen, hochkapazitiven und problemlosen Verdampfer sucht.<\/p>\n<p data-v-md-line=\"6\">Du denkst vielleicht, dass Vapes mit einem so gro\u00dfen Fassungsverm\u00f6gen sperrig sind, aber ihre Tragbarkeit \u00fcberrascht dich sehr. Er hat eine glatte Oberfl\u00e4che und ein komfortables Design, wodurch er sehr angenehm zu halten und leicht zu tragen ist.<\/p>\n<h2 data-v-md-heading=\"excellent-performance-worry-free\" data-v-md-line=\"8\">Hervorragende Leistung, sorgenfrei<\/h2>\n<p data-v-md-line=\"9\">Eingebaute Dual-Mesh-Coils k\u00f6nnen die Sauberkeit bei jedem Ansaugvorgang aufrechterhalten, trotzdem ist der Geschmack bei jedem Biss so gut wie beim ersten Biss. Der Akku ist wiederaufladbar, so dass Sie nicht einen Tropfen E-Fl\u00fcssigkeit verschwenden. Wenn der Akku leer ist, k\u00f6nnen Sie ihn mit dem Typ-C-Datenkabel Ihres Telefons wieder aufladen. Keine Notwendigkeit f\u00fcr spezielle Ladeger\u00e4te, einfach und bequem.<\/p>\n<h2 data-v-md-heading=\"specification-introduction\" data-v-md-line=\"11\">Specification Introduction<\/h2>\n<ul data-v-md-line=\"12\">\n<li>Ansaugfrequenz: bis zu 23000 Mal<\/li>\n<li>E-Liquid-Kapazit\u00e4t: 20 Milliliter<\/li>\n<li>Battery: 1000mAh rechargeable battery<\/li>\n<li>Spule: Doppelte Maschenstruktur, Widerstand 0,4\/0,8 Ohm<\/li>\n<li>Gr\u00f6\u00dfe: 52 \u00d7 26 \u00d7 99 Millimeter<\/li>\n<li>Funktionsprinzip: Saugaktivierung, einfach einatmen<\/li>\n<li>Laden: USB-Typ-C-Anschluss<\/li>\n<li>Nikotingehalt: Das Angebot variiert je nach Region. In der Europ\u00e4ischen Union enthalten solche Einwegdampfer mit hoher Kapazit\u00e4t gem\u00e4\u00df den TPD\/TRRP-Vorschriften in der Regel kein Nikotin (0 Milligramm). Setzen Sie sich mit uns in Verbindung, um mehr \u00fcber die aktuellen Optionen und Richtlinien zur Einhaltung der Vorschriften zu erfahren.<\/li>\n<li>Status: Sofort einsatzbereit<\/li>\n<\/ul>\n<h2 data-v-md-heading=\"full-flavor-series\" data-v-md-line=\"22\">Full Flavor-Serie<\/h2>\n<ul data-v-md-line=\"23\">\n<li>Mango-Eis<\/li>\n<li>Blue Rink Ice<\/li>\n<li>Ananas-Eis<\/li>\n<li>Menthol ice<\/li>\n<li>Watermelon Ice<\/li>\n<li>Eis mit gemischten Fr\u00fcchten<\/li>\n<li>Strawberry Ice<\/li>\n<li>Grape Ice<\/li>\n<li>Granatapfeleis<\/li>\n<li>Pfirsicheis<\/li>\n<li>Coca Cola Ice<\/li>\n<li>Doppelapfeleis<\/li>\n<li>Litschi-Eis<\/li>\n<li>Bananen-Orangen-Eis<\/li>\n<li>Orangeneis<\/li>\n<\/ul>\n<h2 data-v-md-heading=\"for-you-for-your-business\" data-v-md-line=\"39\">F\u00fcr Sie, f\u00fcr Ihr Unternehmen<\/h2>\n<p data-v-md-line=\"40\">Sie k\u00f6nnen die ATVS 25000 Dual Network High-Power Vapes einzeln kaufen oder sich einen Vorrat f\u00fcr Ihr Gesch\u00e4ft anlegen. Die Gro\u00dfhandelsverpackung besteht aus 10 St\u00fcck pro Karton und 200 St\u00fcck pro Umkarton, mit einem Bruttogewicht von etwa 22 Kilogramm pro Karton. Wir versenden innerhalb Europas \u00fcber DDP mit vertrauensw\u00fcrdigen Partnern wie UPS, DPD und DHL, so dass die Zollgeb\u00fchren abgewickelt sind und es keine unerwarteten Zwischenf\u00e4lle beim Zoll gibt.<\/p>\n<p data-v-md-line=\"42\">Wenn Sie eine kontinuierliche Versorgung ben\u00f6tigen, helfen wir Ihnen bei der Planung der Kapazit\u00e4t und des Geschmacks, der zu Ihrem Kundenstamm passt. Klare Preise und schneller Versand sorgen daf\u00fcr, dass sich Ihre Regale gut verkaufen.<\/p>\n<h2 data-v-md-heading=\"why-do-you-like-it\" data-v-md-line=\"44\">Why do you like it<\/h2>\n<ul data-v-md-line=\"45\">\n<li>Large capacity: Durable and long-lasting, no need for frequent purchases<\/li>\n<li>Auswahl des Nikotins: Die Optionen h\u00e4ngen von den Markttrends ab, und Sie k\u00f6nnen das Nikotin w\u00e4hlen, das zu Ihrer Region und Ihren Vorlieben passt<\/li>\n<li>Wiederaufladbar: Sie k\u00f6nnen alle gekauften E-Liquids verwenden.<\/li>\n<li>Mesh-Zerst\u00e4uberkern: kann jedes Mal einen gleichm\u00e4\u00dfigen und reichen Geschmack bringen<\/li>\n<\/ul>\n<h2 data-v-md-heading=\"why-collaborate-with-agoravape\" data-v-md-line=\"50\">Warum mit AgoraVape zusammenarbeiten?<\/h2>\n<p data-v-md-line=\"51\">Wir verkaufen nur 100% Originalprodukte aus zuverl\u00e4ssigen Kan\u00e4len. F\u00fcr gewerbliche Kunden bedeutet dies, dass ATVS 25000 Dual Mesh High-Power Vapes erm\u00e4\u00dfigte Gro\u00dfhandelspreise, zuverl\u00e4ssigen Support und einen schnellen und zuverl\u00e4ssigen Transport innerhalb Europas bieten werden. Wenn Sie einen Einwegverdampfer mit gro\u00dfer Kapazit\u00e4t kaufen m\u00f6chten, werden Ihre Kunden bestimmt wiederkommen. Bitte kontaktieren Sie uns.<\/p>\n<p data-v-md-line=\"53\">Erl\u00e4uterung zur EU-Konformit\u00e4t: Die EU TPD\/TRRP begrenzt nikotinhaltige Einweg-E-Liquids auf 2 Milliliter, daher entspricht die nikotinhaltige Version von E-Liquids mit hohem Fassungsverm\u00f6gen in den meisten EU-M\u00e4rkten nicht den Vorschriften. Viele Einzelh\u00e4ndler bieten nikotinfreie Versionen an. Wenn Sie sich nicht sicher sind, wenden Sie sich bitte an unser Team und wir werden Ihnen Optionen empfehlen, die f\u00fcr Ihr Land\/Ihre Region geeignet sind.<\/p>","protected":false},"excerpt":{"rendered":"<p>&nbsp;<\/p>\n<p><script src=\"chrome-extension:\/\/fpelahbljekknahkcaegamhcndkfpfnc\/iFrame.js\" type=\"text\/javascript\"><\/script><\/p>","protected":false},"featured_media":12926,"comment_status":"open","ping_status":"closed","template":"","meta":[],"product_brand":[205],"product_cat":[124,185,132,176,174,175,193,191,173,186,180,190],"product_tag":[],"class_list":{"0":"post-12906","1":"product","2":"type-product","3":"status-publish","4":"has-post-thumbnail","6":"product_brand-atvs","7":"product_cat-vape-by-brand","8":"product_cat-10000-puffs-high-capacity","9":"product_cat-atvs","10":"product_cat-beverage","11":"product_cat-fruit-flavors","12":"product_cat-icy-mint","13":"product_cat-mesh-coil","14":"product_cat-rechargeable-disposables","15":"product_cat-vape-by-flavor-profile","16":"product_cat-vape-by-nicotine-strength","17":"product_cat-vape-by-puff-count","18":"product_cat-vape-by-feature-or-type","20":"first","21":"instock","22":"shipping-taxable","23":"purchasable","24":"product-type-variable","25":"has-default-attributes"},"tiered_pricing_type":"percentage","tiered_pricing_fixed_rules":[],"tiered_pricing_product_settings":{"layout":"default","base_unit_name":{"singular":null,"plural":null},"default_variation":null},"tiered_pricing_minimum_quantity":10,"tiered_pricing_roles_data":[],"tiered_pricing_percentage_rules":{"30":"29","50":"35","100":"40","200":"44","500":"47","1000":"49"},"tiered_pricing_maximum_quantity":null,"tiered_pricing_quantity_step":"10","_links":{"self":[{"href":"https:\/\/agoravape.com\/de\/wp-json\/wp\/v2\/product\/12906","targetHints":{"allow":["GET"]}}],"collection":[{"href":"https:\/\/agoravape.com\/de\/wp-json\/wp\/v2\/product"}],"about":[{"href":"https:\/\/agoravape.com\/de\/wp-json\/wp\/v2\/types\/product"}],"replies":[{"embeddable":true,"href":"https:\/\/agoravape.com\/de\/wp-json\/wp\/v2\/comments?post=12906"}],"version-history":[{"count":0,"href":"https:\/\/agoravape.com\/de\/wp-json\/wp\/v2\/product\/12906\/revisions"}],"wp:featuredmedia":[{"embeddable":true,"href":"https:\/\/agoravape.com\/de\/wp-json\/wp\/v2\/media\/12926"}],"wp:attachment":[{"href":"https:\/\/agoravape.com\/de\/wp-json\/wp\/v2\/media?parent=12906"}],"wp:term":[{"taxonomy":"product_brand","embeddable":true,"href":"https:\/\/agoravape.com\/de\/wp-json\/wp\/v2\/product_brand?post=12906"},{"taxonomy":"product_cat","embeddable":true,"href":"https:\/\/agoravape.com\/de\/wp-json\/wp\/v2\/product_cat?post=12906"},{"taxonomy":"product_tag","embeddable":true,"href":"https:\/\/agoravape.com\/de\/wp-json\/wp\/v2\/product_tag?post=12906"}],"curies":[{"name":"wp","href":"https:\/\/api.w.org\/{rel}","templated":true}]}}