{"id":12945,"date":"2025-10-10T16:21:10","date_gmt":"2025-10-10T08:21:10","guid":{"rendered":"https:\/\/green-grasshopper-921422.hostingersite.com\/?post_type=product&#038;p=12945"},"modified":"2026-03-26T13:22:23","modified_gmt":"2026-03-26T12:22:23","slug":"waspe-4-in-1-100k-puffs-quad-flavor-vape","status":"publish","type":"product","link":"https:\/\/agoravape.com\/de\/product\/waspe-4-in-1-100k-puffs-quad-flavor-vape\/","title":{"rendered":"Waspe 4-in-1 E-Zigarette mit vier Geschmacksrichtungen f\u00fcr 100.000 Z\u00fcge | Vier Geschmacksrichtungen in einem Ger\u00e4t mit starker Langzeitwirkung"},"content":{"rendered":"<h2 data-v-md-heading=\"what-about-the-wasp-four-in-one-100000-mouth-four-flavor-switching-vape\" data-v-md-line=\"3\"><img loading=\"lazy\" decoding=\"async\" class=\"aligncenter size-full wp-image-12962\" src=\"https:\/\/agoravape.com\/wp-content\/uploads\/2025\/10\/Waspe-4-in-1-100K-Puffs-Quad-Flavor-Switch-Vape_Agora_vape-1.webp\" alt=\"\" width=\"2000\" height=\"1000\" srcset=\"https:\/\/agoravape.com\/wp-content\/uploads\/2025\/10\/Waspe-4-in-1-100K-Puffs-Quad-Flavor-Switch-Vape_Agora_vape-1.webp 2000w, https:\/\/agoravape.com\/wp-content\/uploads\/2025\/10\/Waspe-4-in-1-100K-Puffs-Quad-Flavor-Switch-Vape_Agora_vape-1-1200x600.webp 1200w, https:\/\/agoravape.com\/wp-content\/uploads\/2025\/10\/Waspe-4-in-1-100K-Puffs-Quad-Flavor-Switch-Vape_Agora_vape-1-300x150.webp 300w, https:\/\/agoravape.com\/wp-content\/uploads\/2025\/10\/Waspe-4-in-1-100K-Puffs-Quad-Flavor-Switch-Vape_Agora_vape-1-1024x512.webp 1024w, https:\/\/agoravape.com\/wp-content\/uploads\/2025\/10\/Waspe-4-in-1-100K-Puffs-Quad-Flavor-Switch-Vape_Agora_vape-1-768x384.webp 768w, https:\/\/agoravape.com\/wp-content\/uploads\/2025\/10\/Waspe-4-in-1-100K-Puffs-Quad-Flavor-Switch-Vape_Agora_vape-1-1536x768.webp 1536w\" sizes=\"auto, (max-width: 2000px) 100vw, 2000px\" \/><\/h2>\n<h2 data-v-md-heading=\"what-about-the-wasp-four-in-one-100000-mouth-four-flavor-switching-vape\" data-v-md-line=\"3\">Und was ist mit der Wasp 4-in-1-E-Zigarette mit 100.000 Mundst\u00fccken und vier Geschmacksrichtungen?<\/h2>\n<p data-v-md-line=\"4\">Sind Sie es leid, unter der Woche zu rauchen? Dieses Produkt wird Ihnen das Leben erleichtern. Die Wasp 4-in-1-E-Zigarette bietet ein Fassungsverm\u00f6gen von bis zu 100.000 Z\u00fcgen und erm\u00f6glicht Ihnen den Wechsel zwischen vier verschiedenen Geschmacksrichtungen mit nur einem Ger\u00e4t. Einfach und bequem, nie wieder m\u00fcde.<\/p>\n<p data-v-md-line=\"6\">Wenn Sie ein langanhaltendes und genussvolles Dampferlebnis suchen, ist dies die ideale Wahl. Sie k\u00f6nnen die Nikotinkonzentration Ihrem Geschmack entsprechend w\u00e4hlen und nach Belieben anpassen.<\/p>\n<h2 data-v-md-heading=\"excellent-performance-easy-and-convenient\" data-v-md-line=\"8\">Excellent performance, easy and convenient<\/h2>\n<p data-v-md-line=\"9\">Dank der vier Geschmacksrichtungen k\u00f6nnen Sie in Sekundenschnelle zwischen verschiedenen Aromen wechseln. Jedes Tabakmagazin ist sorgf\u00e4ltig abgestimmt, um ein sanftes Raucherlebnis zu gew\u00e4hrleisten und einen gleichbleibenden Geschmack vom ersten bis zum letzten Zug zu erm\u00f6glichen. Die gro\u00dfe Kapazit\u00e4t bedeutet weniger h\u00e4ufiges Nachf\u00fcllen und somit mehr Zeit zum Dampfen.<\/p>\n<h2 data-v-md-heading=\"specification-introduction\" data-v-md-line=\"11\">Specification Introduction<\/h2>\n<ul data-v-md-line=\"12\">\n<li>Suction frequency: up to 100000 times<\/li>\n<li>Nicotine content: 0%, 2%, and 5%<\/li>\n<li>Funktionsprinzip: Vier Geschmacksrichtungen umschaltbar<\/li>\n<li>Ladeverfahren: nicht angegeben<\/li>\n<li>Status: Sofort einsatzbereit nach dem Auspacken<\/li>\n<li>Gr\u00f6\u00dfe: 47 \u00d7 47 \u00d7 118 Millimeter<\/li>\n<li>Gewicht: 142 Gramm pro Einheit<\/li>\n<\/ul>\n<h2 data-v-md-heading=\"full-flavor-series\" data-v-md-line=\"20\">Full Flavor-Serie<\/h2>\n<p data-v-md-line=\"21\">Jedes Ger\u00e4t enth\u00e4lt vier Geschmacksrichtungen. Hier sind zw\u00f6lf Geschmackskombinationen:<\/p>\n<ul data-v-md-line=\"22\">\n<li>Wassermeloneneis, Erdbeer-Kiwi, Himbeer-Wassermelone, Zitronen-Limette<\/li>\n<li>Erdbeer-Wassermelone, Mr. Blue, Traubeneis, Regenbogenbonbons<\/li>\n<li>Red Bull Eis, Bananeneis, Ananas-Kokosnuss-Eis, Dreifach-Mango-Eis<\/li>\n<li>Erdbeere, Himbeere, Kirsche, Crazy Cherry Ice, Blaue Kirsche, Cola-Eis<\/li>\n<li>Erdbeer-Banane, Erdbeer-Red Bull, Erdbeer-Mango, Rosa Zitronenwasser<\/li>\n<li>Blaubeereis, Schwarzer Ritter, Erdbeereis, Erdbeer-Wassermelone<\/li>\n<li>Cherry Coke Ice, Strawberry Cherry Ice, Strawberry Coke Ice, Strawberry Watermelon Bubble Gum<\/li>\n<li>Saftiges Pfirsicheis, tropische Fr\u00fcchte, Fruchtexplosion, Pfirsichbeere<\/li>\n<li>Traubeneis, Erdbeer-Kiwi, Erdbeer-Himbeer-Kirsche, Schwarzer Ritter<\/li>\n<li>Gemischte Beeren, Doppelapfeleis, Blaubeer-Himbeere, Blaubeerhonig<\/li>\n<li>Red Bull Erdbeere, Red Bull Wassermelone Kaugummi mit Erdbeergeschmack, Red Bull Eis, Kirsch-Cola-Eis<\/li>\n<li>Blaubeeren, Himbeeren, Blaubeerlimonade, gemischte Beeren, Traubenhonig-Eis<\/li>\n<\/ul>\n<h2 data-v-md-heading=\"for-you-for-your-business\" data-v-md-line=\"35\">F\u00fcr Sie, f\u00fcr Ihr Unternehmen<\/h2>\n<p data-v-md-line=\"36\">Sie k\u00f6nnen eine Einheit f\u00fcr den pers\u00f6nlichen Gebrauch erwerben oder sie f\u00fcr die Containerregallagerung im Gro\u00dfhandel verwenden. Jede Gro\u00dfhandelsbox enth\u00e4lt 10 bzw. 160 Einheiten. Wir bieten europaweit DDP-Services (Delivered Duty Paid) \u00fcber zuverl\u00e4ssige Partner wie UPS, DPD und DHL an. So stellen wir sicher, dass Sie Ihre Ware reibungslos erhalten, ohne Zollgeb\u00fchren zahlen zu m\u00fcssen oder unerwartete Probleme beim Zoll zu bef\u00fcrchten.<\/p>\n<h2 data-v-md-heading=\"why-do-you-like-it\" data-v-md-line=\"38\">Why do you like it<\/h2>\n<ul data-v-md-line=\"39\">\n<li>Gro\u00dfe Rauchkapazit\u00e4t: langlebig und ergiebig, sodass Sie nicht st\u00e4ndig neue Zigaretten kaufen m\u00fcssen.<\/li>\n<li>Auswahl des Nikotingehalts: W\u00e4hlen Sie je nach Vorliebe 0 %, 2 % oder 5 %.<\/li>\n<li>Vier Geschmacksrichtungen zur Auswahl: Wechseln Sie die Geschmacksrichtung jederzeit und es wird nie langweilig.<\/li>\n<li>Langlebig und robust: Mit Abmessungen von 47 \u00d7 47 \u00d7 118 Millimetern ist es leicht zu transportieren und praktisch.<\/li>\n<\/ul>\n<h2 data-v-md-heading=\"why-choose-to-collaborate-with-agoravape\" data-v-md-line=\"44\">Warum sollten Sie sich f\u00fcr eine Zusammenarbeit mit AgoraVape entscheiden?<\/h2>\n<p data-v-md-line=\"45\">Wir bieten ausschlie\u00dflich 100% Originalprodukte an und sind davon absolut \u00fcberzeugt. Als Gesch\u00e4ftskunde profitieren Sie beim Kauf eines Waspe 4-in-1-Vapes mit 100.000 Z\u00fcgen in vier Geschmacksrichtungen von verg\u00fcnstigten Gro\u00dfhandelspreisen, einem aufmerksamen Kundenservice und schnellem DDP-Versand. Kontaktieren Sie uns, um ein Produkt zu entwickeln, das bei Ihren Kunden gro\u00dfen Anklang findet und Stammkunden gewinnt.<\/p>","protected":false},"excerpt":{"rendered":"<p>&nbsp;<\/p>\n<p><script src=\"chrome-extension:\/\/fpelahbljekknahkcaegamhcndkfpfnc\/iFrame.js\" type=\"text\/javascript\"><\/script><\/p>","protected":false},"featured_media":12974,"comment_status":"open","ping_status":"closed","template":"","meta":[],"product_brand":[206],"product_cat":[124,187,185,189,176,177,195,174,175,191,173,186,180,190,133],"product_tag":[],"class_list":{"0":"post-12945","1":"product","2":"type-product","3":"status-publish","4":"has-post-thumbnail","6":"product_brand-waspe","7":"product_cat-vape-by-brand","8":"product_cat-0mg-nicotine-free-vapes","9":"product_cat-10000-puffs-high-capacity","10":"product_cat-20mg-standard-nicotine-vapes","11":"product_cat-beverage","12":"product_cat-dessert-sweets","13":"product_cat-dual-flavor-switch","14":"product_cat-fruit-flavors","15":"product_cat-icy-mint","16":"product_cat-rechargeable-disposables","17":"product_cat-vape-by-flavor-profile","18":"product_cat-vape-by-nicotine-strength","19":"product_cat-vape-by-puff-count","20":"product_cat-vape-by-feature-or-type","21":"product_cat-waspe","23":"first","24":"instock","25":"shipping-taxable","26":"purchasable","27":"product-type-variable","28":"has-default-attributes"},"tiered_pricing_type":"percentage","tiered_pricing_fixed_rules":[],"tiered_pricing_product_settings":{"layout":"default","base_unit_name":{"singular":null,"plural":null},"default_variation":null},"tiered_pricing_minimum_quantity":10,"tiered_pricing_roles_data":[],"tiered_pricing_percentage_rules":{"50":"35","100":"40","200":"44","500":"47","1000":"49"},"tiered_pricing_maximum_quantity":null,"tiered_pricing_quantity_step":"10","_links":{"self":[{"href":"https:\/\/agoravape.com\/de\/wp-json\/wp\/v2\/product\/12945","targetHints":{"allow":["GET"]}}],"collection":[{"href":"https:\/\/agoravape.com\/de\/wp-json\/wp\/v2\/product"}],"about":[{"href":"https:\/\/agoravape.com\/de\/wp-json\/wp\/v2\/types\/product"}],"replies":[{"embeddable":true,"href":"https:\/\/agoravape.com\/de\/wp-json\/wp\/v2\/comments?post=12945"}],"version-history":[{"count":0,"href":"https:\/\/agoravape.com\/de\/wp-json\/wp\/v2\/product\/12945\/revisions"}],"wp:featuredmedia":[{"embeddable":true,"href":"https:\/\/agoravape.com\/de\/wp-json\/wp\/v2\/media\/12974"}],"wp:attachment":[{"href":"https:\/\/agoravape.com\/de\/wp-json\/wp\/v2\/media?parent=12945"}],"wp:term":[{"taxonomy":"product_brand","embeddable":true,"href":"https:\/\/agoravape.com\/de\/wp-json\/wp\/v2\/product_brand?post=12945"},{"taxonomy":"product_cat","embeddable":true,"href":"https:\/\/agoravape.com\/de\/wp-json\/wp\/v2\/product_cat?post=12945"},{"taxonomy":"product_tag","embeddable":true,"href":"https:\/\/agoravape.com\/de\/wp-json\/wp\/v2\/product_tag?post=12945"}],"curies":[{"name":"wp","href":"https:\/\/api.w.org\/{rel}","templated":true}]}}