{"id":13100,"date":"2025-10-10T20:32:14","date_gmt":"2025-10-10T12:32:14","guid":{"rendered":"https:\/\/green-grasshopper-921422.hostingersite.com\/?post_type=product&#038;p=13100"},"modified":"2026-03-26T13:22:23","modified_gmt":"2026-03-26T12:22:23","slug":"waspe-digital-box-12000-puffs-lcd-vape","status":"publish","type":"product","link":"https:\/\/agoravape.com\/de\/product\/waspe-digital-box-12000-puffs-lcd-vape\/","title":{"rendered":"Waspe Digital Box E-Zigarette mit LCD-Display f\u00fcr 12.000 Z\u00fcge | Langanhaltender Geschmack, einfache Bedienung"},"content":{"rendered":"<h2 data-v-md-heading=\"what-are-the-advantages-of-waspe-digital-box-12000-lcd-screen-vapes\" data-v-md-line=\"3\">Was sind die Vorteile der Waspe Digital Box 12000 E-Zigarette mit LCD-Bildschirm?<\/h2>\n<p data-v-md-line=\"4\">Sind Sie es leid, dass Einweg-E-Zigaretten schon nach kurzer Zeit leer sind? Dann wird Ihnen dieses Produkt die Woche deutlich erleichtern. Die Waspe Digital Box ist mit einem Akku ausgestattet, der f\u00fcr bis zu 12.000 Z\u00fcge reicht, sodass Sie tats\u00e4chlich 20 Milliliter E-Liquid verbrauchen k\u00f6nnen.<\/p>\n<p data-v-md-line=\"6\">Es wurde f\u00fcr alle entwickelt, die zuverl\u00e4ssiges, genussvolles und unkompliziertes Dampfen genie\u00dfen m\u00f6chten. Ein Zug gen\u00fcgt zur Aktivierung. Dank des LCD-Displays haben Sie den Status jederzeit im Blick, ohne sich Gedanken \u00fcber das Aufladen machen zu m\u00fcssen.<\/p>\n<h2 data-v-md-heading=\"excellent-performance-easy-and-convenient\" data-v-md-line=\"8\">Excellent performance, easy and convenient<\/h2>\n<p data-v-md-line=\"9\">Die Mesh-Spule ist das Herzst\u00fcck dieses Ger\u00e4ts. Deshalb ist jeder Zug so k\u00f6stlich wie der erste. Bei niedrigem Akkustand k\u00f6nnen Sie das Ger\u00e4t mit dem m\u00f6glicherweise bereits an Ihrem Smartphone vorhandenen USB-C-Datenkabel verbinden. Statusaktualisierungen werden schnell auf dem Display angezeigt, sodass Sie alles steuern k\u00f6nnen, ohne sich um Einstellungen k\u00fcmmern zu m\u00fcssen.<\/p>\n<h2 data-v-md-heading=\"specification-introduction\" data-v-md-line=\"11\">Specification Introduction<\/h2>\n<ul data-v-md-line=\"12\">\n<li>Saugfrequenz: bis zu 12000 Mal<\/li>\n<li>Nikotingehalt: 0 %, 2 %, 3 %, 5 %<\/li>\n<li>Funktionsprinzip: Aktivierung mit nur einem Zug<\/li>\n<li>Ladeverfahren: Standard-USB-Typ-C-Schnittstelle<\/li>\n<li>Status: Sofort einsatzbereit<\/li>\n<li>E-Liquid-Kapazit\u00e4t: 20 Milliliter<\/li>\n<li>Akku: Wiederaufladbarer 650-mAh-Akku<\/li>\n<li>Zerst\u00e4uberkern: Sieb, 0,8 \u03a9<\/li>\n<li>Anzeige: LCD-Bildschirm<\/li>\n<\/ul>\n<h2 data-v-md-heading=\"full-range-of-flavors\" data-v-md-line=\"22\">Full range of flavors<\/h2>\n<ul data-v-md-line=\"23\">\n<li>Watermelon Ice<\/li>\n<li>Blue Rink Ice<\/li>\n<li>Grape Ice<\/li>\n<li>Strawberry watermelon<\/li>\n<li>Gemischte Beeren<\/li>\n<li>Erdbeer-Donuts<\/li>\n<li>Blaubeeren und Himbeeren<\/li>\n<li>Erdbeere, Himbeere, Kirsche<\/li>\n<li>Wassermelone, Mango, Pfirsich<\/li>\n<li>Rotwein-Birnensaft<\/li>\n<\/ul>\n<h2 data-v-md-heading=\"to-create-for-you-and-your-business\" data-v-md-line=\"34\">Um etwas f\u00fcr Sie und Ihr Unternehmen zu schaffen<\/h2>\n<p data-v-md-line=\"35\">Ich suche Ihnen heute gerne eine passende Verpackung aus! Wenn Sie ein Gesch\u00e4ft betreiben, k\u00f6nnen Sie Gro\u00dfhandelskartons mit 10 Einheiten und Umkartons mit 200 Einheiten vorr\u00e4tig halten. Jeder Karton hat ein Bruttogewicht von 18,5 Kilogramm und die Abmessungen 690 \u00d7 313 \u00d7 220 Millimeter.<\/p>\n<p data-v-md-line=\"37\">Wir arbeiten mit vertrauensw\u00fcrdigen Partnern wie UPS, DPD und DHL zusammen, um Ihnen umfassende DDP-Versanddienstleistungen f\u00fcr ganz Europa anzubieten und Probleme beim Zoll zu vermeiden. Die Dokumente sind eindeutig. Schnelle Lieferung. Vom Bestellvorgang bis zur Hauszustellung \u2013 alle Abl\u00e4ufe sind \u00fcbersichtlich dargestellt.<\/p>\n<h2 data-v-md-heading=\"why-do-you-like-it\" data-v-md-line=\"39\">Why do you like it<\/h2>\n<ul data-v-md-line=\"40\">\n<li>Mehrere Z\u00fcge: Langlebig und ergiebig, sodass Sie nicht st\u00e4ndig neue Zigaretten kaufen m\u00fcssen.<\/li>\n<li>Auswahl der Nikotinkonzentration: W\u00e4hlen Sie die f\u00fcr Ihren Tag passende Konzentration.<\/li>\n<li>Rechargeable: You will run out of e-liquid every time you purchase it.<\/li>\n<li>Mesh-Verdampferkern: Vom ersten bis zum letzten Bissen bleibt der Geschmack gleichbleibend.<\/li>\n<li>LCD-Display: Der Status ist auf einen Blick ersichtlich, alles ist unter Kontrolle.<\/li>\n<\/ul>\n<h2 data-v-md-heading=\"why-choose-to-collaborate-with-agoravape\" data-v-md-line=\"46\">Warum sollten Sie sich f\u00fcr eine Zusammenarbeit mit AgoraVape entscheiden?<\/h2>\n<p data-v-md-line=\"47\">Wir verkaufen ausschlie\u00dflich 100% Originalprodukte \u2013 daran bestehen keine Zweifel. Gesch\u00e4ftskunden, die die Waspe Digital Box 12000 mit LCD-Bildschirm erwerben, profitieren von verg\u00fcnstigten Gro\u00dfhandelspreisen, freundlichem Kundenservice sowie schnellen und zuverl\u00e4ssigen Lieferdiensten. M\u00f6chten Sie die Echtheit pr\u00fcfen oder gr\u00f6\u00dfere Mengen bestellen? Kontaktieren Sie uns einfach, und wir stellen Ihnen gerne einen Lagerbestand zur Verf\u00fcgung, um eine hohe Kundenzufriedenheit zu gew\u00e4hrleisten.<\/p>","protected":false},"excerpt":{"rendered":"<p>Was sind die Vorteile der Waspe Digital Box 12000 LCD-Bildschirm vapes? Wenn Sie m\u00fcde von Einweg vapes sind, die<\/p>","protected":false},"featured_media":13116,"comment_status":"open","ping_status":"closed","template":"","meta":[],"product_brand":[206],"product_cat":[124,187,185,1634,189,174,175,193,191,179,173,186,180,190,192,133],"product_tag":[],"class_list":{"0":"post-13100","1":"product","2":"type-product","3":"status-publish","4":"has-post-thumbnail","6":"product_brand-waspe","7":"product_cat-vape-by-brand","8":"product_cat-0mg-nicotine-free-vapes","9":"product_cat-10000-puffs-high-capacity","10":"product_cat-12000-puffs","11":"product_cat-20mg-standard-nicotine-vapes","12":"product_cat-fruit-flavors","13":"product_cat-icy-mint","14":"product_cat-mesh-coil","15":"product_cat-rechargeable-disposables","16":"product_cat-unique-blends","17":"product_cat-vape-by-flavor-profile","18":"product_cat-vape-by-nicotine-strength","19":"product_cat-vape-by-puff-count","20":"product_cat-vape-by-feature-or-type","21":"product_cat-vapes-with-screens","22":"product_cat-waspe","24":"first","25":"onbackorder","26":"shipping-taxable","27":"purchasable","28":"product-type-variable","29":"has-default-attributes"},"tiered_pricing_type":"percentage","tiered_pricing_fixed_rules":[],"tiered_pricing_product_settings":{"layout":"default","base_unit_name":{"singular":null,"plural":null},"default_variation":null},"tiered_pricing_minimum_quantity":10,"tiered_pricing_roles_data":[],"tiered_pricing_percentage_rules":{"50":"35","100":"40","200":"44","500":"47","1000":"49"},"tiered_pricing_maximum_quantity":null,"tiered_pricing_quantity_step":"10","_links":{"self":[{"href":"https:\/\/agoravape.com\/de\/wp-json\/wp\/v2\/product\/13100","targetHints":{"allow":["GET"]}}],"collection":[{"href":"https:\/\/agoravape.com\/de\/wp-json\/wp\/v2\/product"}],"about":[{"href":"https:\/\/agoravape.com\/de\/wp-json\/wp\/v2\/types\/product"}],"replies":[{"embeddable":true,"href":"https:\/\/agoravape.com\/de\/wp-json\/wp\/v2\/comments?post=13100"}],"version-history":[{"count":0,"href":"https:\/\/agoravape.com\/de\/wp-json\/wp\/v2\/product\/13100\/revisions"}],"wp:featuredmedia":[{"embeddable":true,"href":"https:\/\/agoravape.com\/de\/wp-json\/wp\/v2\/media\/13116"}],"wp:attachment":[{"href":"https:\/\/agoravape.com\/de\/wp-json\/wp\/v2\/media?parent=13100"}],"wp:term":[{"taxonomy":"product_brand","embeddable":true,"href":"https:\/\/agoravape.com\/de\/wp-json\/wp\/v2\/product_brand?post=13100"},{"taxonomy":"product_cat","embeddable":true,"href":"https:\/\/agoravape.com\/de\/wp-json\/wp\/v2\/product_cat?post=13100"},{"taxonomy":"product_tag","embeddable":true,"href":"https:\/\/agoravape.com\/de\/wp-json\/wp\/v2\/product_tag?post=13100"}],"curies":[{"name":"wp","href":"https:\/\/api.w.org\/{rel}","templated":true}]}}