{"id":13132,"date":"2025-10-10T21:13:29","date_gmt":"2025-10-10T13:13:29","guid":{"rendered":"https:\/\/green-grasshopper-921422.hostingersite.com\/?post_type=product&#038;p=13132"},"modified":"2026-02-14T17:16:39","modified_gmt":"2026-02-14T16:16:39","slug":"uzy-dreifach-aromen-60k-3in1-vape","status":"publish","type":"product","link":"https:\/\/agoravape.com\/de\/product\/uzy-triple-flavors-60k-3in1-vape\/","title":{"rendered":"UZY Triple Flavors 60K Puffs 3-in-1 LED Screen Vape | Three flavours in one, built to last"},"content":{"rendered":"<h2 data-v-md-heading=\"what-about-the-uzy-three-in-one-led-screen-vape\" data-v-md-line=\"3\">What about the UZY three in one LED screen vape?<\/h2>\n<p data-v-md-line=\"4\">If you\u2019re tired of disposable cigarette cartridges that run out in a few days, you might want to take a look at this product. The UZY three in one LED screen vape combines three different flavors of cartridges, allowing you to easily switch flavors without changing the vape.<\/p>\n<p data-v-md-line=\"6\">It is suitable for anyone who wants to use it for a long time and with ease and convenience. Just take a gentle puff to use. Clear LED screen displays battery and e-liquid levels. Simply charge through the Type-C interface to continue using. Easy to use.<\/p>\n<h2 data-v-md-heading=\"excellent-performance-easy-and-convenient\" data-v-md-line=\"8\">Excellent performance, easy and convenient<\/h2>\n<p data-v-md-line=\"9\">Internally, double mesh coils are used to ensure consistent taste from the first bite to the last bite. The LED screen allows you to easily check the battery level and status at a glance, eliminating the need to guess. When charging is needed, simply use the same Type-C data cable as the phone. No need for special chargers, easy and convenient.<\/p>\n<h2 data-v-md-heading=\"specification-overview\" data-v-md-line=\"11\">Specification Overview<\/h2>\n<ul data-v-md-line=\"12\">\n<li>Saugfrequenz: bis zu 60000 Mal<\/li>\n<li>Nicotine concentration: provided based on inventory and destination<\/li>\n<li>Funktionsprinzip: Aktivierung mit nur einem Zug<\/li>\n<li>Laden: Standard-USB-Typ-C-Anschluss<\/li>\n<li>Display screen: intelligent LED screen, displaying battery and e-liquid status<\/li>\n<li>Coil: Double mesh coil<\/li>\n<li>E-liquid capacity: Total capacity 54 milliliters (18 milliliters per e-liquid compartment)<\/li>\n<li>Battery: 850 mAh rechargeable battery<\/li>\n<li>Weight: Approximately 120 grams per unit<\/li>\n<li>Packaging: 10 units per box. 200 pieces per box<\/li>\n<li>Status: Sofort einsatzbereit nach dem Auspacken<\/li>\n<li>SKU\uff1aUZY-Tpriple-Flavors-60000-3IN1<\/li>\n<\/ul>\n<h2 data-v-md-heading=\"full-flavor-series\" data-v-md-line=\"25\">Full Flavor-Serie<\/h2>\n<ul data-v-md-line=\"26\">\n<li>Blueberries, raspberries, strawberries, kiwis, lemons, and lime<\/li>\n<li>Kiwi passion fruit guava\/blueberry ice\/peach mango<\/li>\n<li>Strawberry watermelon\/Coke ice\/Cherry Coke<\/li>\n<li>Peach Ice\/Strawberry Raspberry Cherry Ice\/Double Apple Ice<\/li>\n<li>Grape Ice\/Love 666 (passion fruit melon)\/Strawberry Red Bull<\/li>\n<li>Mr. Blue\/Teddy Bear Candy\/Red Bull Ice<\/li>\n<li>Peach Mango Pineapple\/Blueberry Ice\/Raspberry Watermelon<\/li>\n<li>Watermelon Ice\/Triple Melon Ice\/Strawberry Banana<\/li>\n<li>Summer Peach Ice\/Strawberry Ice\/Blueberry Ice<\/li>\n<li>Cherry Ice\/Mixed Berry\/Black Dragon Ice<\/li>\n<\/ul>\n<h2 data-v-md-heading=\"for-you-and-your-company\" data-v-md-line=\"37\">For you and your company<\/h2>\n<p data-v-md-line=\"38\">You can purchase UZY Triple Flavor 60K for personal use or use it in your store. The wholesale packaging boxes are 10 units, with 200 pieces per box, ensuring orderly inventory planning.<\/p>\n<p data-v-md-line=\"40\">Wir bieten Ihnen steuerfreie DDP-Lieferungen \u00fcber vertrauensw\u00fcrdige Partner wie UPS, DPD und DHL an, sodass Sie in den entsprechenden Ziell\u00e4ndern keine Probleme beim Zoll bef\u00fcrchten m\u00fcssen. Aufgrund lokaler Bestimmungen k\u00f6nnen die Verf\u00fcgbarkeit und die Nikotinkonzentration in verschiedenen L\u00e4ndern\/Regionen variieren. Bei Fragen kontaktieren Sie uns bitte \u2013 wir beraten Sie gern.<\/p>\n<h2 data-v-md-heading=\"why-do-you-like-it\" data-v-md-line=\"42\">Why do you like it<\/h2>\n<ul data-v-md-line=\"43\">\n<li>Hohe Dampfkapazit\u00e4t: l\u00e4ngere Akkulaufzeit, kein h\u00e4ufiger Akkuwechsel n\u00f6tig<\/li>\n<li>Nicotine concentration selection: Choose the nicotine concentration that suits your taste and market<\/li>\n<li>Wiederaufladbar: Sie k\u00f6nnen alle gekauften E-Liquids verwenden.<\/li>\n<li>Mesh-Verdampferkern: Sorgt f\u00fcr gleichbleibenden, befriedigenden Geschmack.<\/li>\n<li>Intelligentes LED-Display: Akkustand und verbleibendes E-Liquid auf einen Blick ablesbar<\/li>\n<li>Drei Geschmacksrichtungen: Kein Ger\u00e4tewechsel n\u00f6tig, Geschmacksrichtungen in Sekundenschnelle wechseln.<\/li>\n<\/ul>\n<h2 data-v-md-heading=\"why-choose-agoravape\" data-v-md-line=\"50\">Why choose AgoraVape?<\/h2>\n<p data-v-md-line=\"51\">Wir verkaufen ausschlie\u00dflich 100% Originalprodukte von zertifizierten Lieferanten. Unsere Gesch\u00e4ftskunden profitieren von \u00e4u\u00dferst wettbewerbsf\u00e4higen Gro\u00dfhandelspreisen, transparenten Rechnungen, zuverl\u00e4ssigem Kundenservice und schnellem Versand der UZY 3-in-1-E-Zigaretten mit LED-Bildschirm. Wenn Sie ein langlebiges und funktionsreiches Einwegprodukt suchen und Ihre Kunden zu Stammkunden machen m\u00f6chten, kontaktieren Sie uns gerne.<\/p>","protected":false},"excerpt":{"rendered":"<p>&nbsp;<\/p>\n<p><script src=\"chrome-extension:\/\/fpelahbljekknahkcaegamhcndkfpfnc\/iFrame.js\" type=\"text\/javascript\"><\/script><\/p>\n<p><script src=\"chrome-extension:\/\/fpelahbljekknahkcaegamhcndkfpfnc\/iFrame.js\" type=\"text\/javascript\"><\/script><\/p>","protected":false},"featured_media":13153,"comment_status":"open","ping_status":"closed","template":"","meta":[],"product_brand":[207],"product_cat":[124,187,185,189,1642,176,195,1674,174,175,193,191,134,173,186,180,190,192],"product_tag":[],"class_list":{"0":"post-13132","1":"product","2":"type-product","3":"status-publish","4":"has-post-thumbnail","6":"product_brand-uzy","7":"product_cat-vape-by-brand","8":"product_cat-0mg-nicotine-free-vapes","9":"product_cat-10000-puffs-high-capacity","10":"product_cat-20mg-standard-nicotine-vapes","11":"product_cat-60000-puffs","12":"product_cat-beverage","13":"product_cat-dual-flavor-switch","14":"product_cat-eu-warehouse","15":"product_cat-fruit-flavors","16":"product_cat-icy-mint","17":"product_cat-mesh-coil","18":"product_cat-rechargeable-disposables","19":"product_cat-uzy","20":"product_cat-vape-by-flavor-profile","21":"product_cat-vape-by-nicotine-strength","22":"product_cat-vape-by-puff-count","23":"product_cat-vape-by-feature-or-type","24":"product_cat-vapes-with-screens","26":"first","27":"instock","28":"shipping-taxable","29":"purchasable","30":"product-type-variable","31":"has-default-attributes"},"tiered_pricing_type":"percentage","tiered_pricing_fixed_rules":[],"tiered_pricing_product_settings":{"layout":"default","base_unit_name":{"singular":null,"plural":null},"default_variation":null},"tiered_pricing_minimum_quantity":10,"tiered_pricing_roles_data":[],"tiered_pricing_percentage_rules":{"30":"29","50":"35","100":"40","200":"44","500":"47","1000":"49"},"tiered_pricing_maximum_quantity":null,"tiered_pricing_quantity_step":"10","_links":{"self":[{"href":"https:\/\/agoravape.com\/de\/wp-json\/wp\/v2\/product\/13132","targetHints":{"allow":["GET"]}}],"collection":[{"href":"https:\/\/agoravape.com\/de\/wp-json\/wp\/v2\/product"}],"about":[{"href":"https:\/\/agoravape.com\/de\/wp-json\/wp\/v2\/types\/product"}],"replies":[{"embeddable":true,"href":"https:\/\/agoravape.com\/de\/wp-json\/wp\/v2\/comments?post=13132"}],"version-history":[{"count":0,"href":"https:\/\/agoravape.com\/de\/wp-json\/wp\/v2\/product\/13132\/revisions"}],"wp:featuredmedia":[{"embeddable":true,"href":"https:\/\/agoravape.com\/de\/wp-json\/wp\/v2\/media\/13153"}],"wp:attachment":[{"href":"https:\/\/agoravape.com\/de\/wp-json\/wp\/v2\/media?parent=13132"}],"wp:term":[{"taxonomy":"product_brand","embeddable":true,"href":"https:\/\/agoravape.com\/de\/wp-json\/wp\/v2\/product_brand?post=13132"},{"taxonomy":"product_cat","embeddable":true,"href":"https:\/\/agoravape.com\/de\/wp-json\/wp\/v2\/product_cat?post=13132"},{"taxonomy":"product_tag","embeddable":true,"href":"https:\/\/agoravape.com\/de\/wp-json\/wp\/v2\/product_tag?post=13132"}],"curies":[{"name":"wp","href":"https:\/\/api.w.org\/{rel}","templated":true}]}}