{"id":13178,"date":"2025-10-11T09:15:04","date_gmt":"2025-10-11T01:15:04","guid":{"rendered":"https:\/\/green-grasshopper-921422.hostingersite.com\/?post_type=product&#038;p=13178"},"modified":"2026-01-19T22:08:13","modified_gmt":"2026-01-19T14:08:13","slug":"uzy-tornado-30000-puffs-dual-geschmack-vape","status":"publish","type":"product","link":"https:\/\/agoravape.com\/de\/product\/uzy-tornado-30000-puffs-dual-flavor-vape\/","title":{"rendered":"UZY Tornado 30000 Puffs Dual Flavor Smart Screen Vape | Two Flavours on Tap, Built to Last"},"content":{"rendered":"<h2 data-v-md-heading=\"what-exactly-is-the-uzy-crystal-twin-50k-dual-flavor-led-vape\" data-v-md-line=\"3\">What exactly is the UZY Crystal Twin 50K dual flavor LED vape?<\/h2>\n<p data-v-md-line=\"4\">If you\u2019re tired of disposable vapes used up in the middle of the week, you might want to take a look at this product. The UZY Crystal Twin has a capacity of up to 50000 puffs, and one device can provide two flavors, allowing you to easily switch flavors without changing vapes. It has a solid feel, weighs about 105 grams, and measures about 61 \u00d7 31 \u00d7 115 millimeters, which is moderate in size and easy to carry.<\/p>\n<p data-v-md-line=\"6\">If you want a long-lasting taste, there\u2019s no need to worry, this product is the ideal choice. It is equipped with an intelligent LED screen, allowing you to keep up with the latest developments at any time. The transparent crystal shell makes it look neat and clean whether placed on the desktop or in your hands. You may think that an vape with such a large suction capacity would be bulky, but you will be surprised to find that it can easily fit into a jacket pocket.<\/p>\n<h2 data-v-md-heading=\"excellent-performance-easy-and-convenient\" data-v-md-line=\"8\">Excellent performance, easy and convenient<\/h2>\n<p data-v-md-line=\"9\">The double mesh coils bear the heavy responsibility, so each bite is as pure as the first bite. Two 0.9 \u03a9 mesh coils are powered by a split e-liquid with a capacity of up to 40 milliliters (20 milliliters for each flavor). The power supply is powered by an 850mAh rechargeable battery, so you can let the oil storage tank run idle without worrying about the battery running out. When the battery is low, you can use a Type-C data cable (which may be the same as the one commonly used on your phone) for charging. It\u2019s simple.<\/p>\n<h2 data-v-md-heading=\"specification-introduction\" data-v-md-line=\"11\">Specification Introduction<\/h2>\n<p data-v-md-line=\"12\"><strong>Suction frequency<\/strong>bis zu 50000 Mal<br \/>\n<strong>Nicotine content<\/strong>: 0%\/2%\/3%\/5%<br \/>\n<strong>Verwendung<\/strong>Nehmen Sie einen Zug, um das Ger\u00e4t zu aktivieren.<br \/>\n<strong>Charging<\/strong>Standardm\u00e4\u00dfige USB-Typ-C-Schnittstelle<br \/>\n<strong>Status<\/strong>Sofort einsatzbereit nach dem Auspacken<\/p>\n<h2 data-v-md-heading=\"full-range-of-flavors\" data-v-md-line=\"18\">Full range of flavors<\/h2>\n<ul data-v-md-line=\"19\">\n<li>Blueberry smoothie&amp;Summer Peach smoothie<\/li>\n<li>Kiwi passion fruit pomegranate&amp;blueberry raspberry<\/li>\n<li>Strawberry kiwi grape smoothie<\/li>\n<li>Kiwi passion fruit guava&amp;double apple<\/li>\n<li>Strawberry Watermelon&amp;Lemon Lime<\/li>\n<li>Blueberries, raspberries, cherries, smoothies<\/li>\n<li>Strawberry Raspberry Cherry&amp;Mr. Blue<\/li>\n<li>Peach, Mango, Pineapple&amp;Red Bull<\/li>\n<li>Watermelon smoothie&amp;mixed berries<\/li>\n<li>Strawberry Banana&amp;Love 66 (passion fruit melon smoothie)<\/li>\n<\/ul>\n<h2 data-v-md-heading=\"to-create-for-you-and-your-business\" data-v-md-line=\"30\">Um etwas f\u00fcr Sie und Ihr Unternehmen zu schaffen<\/h2>\n<p data-v-md-line=\"31\">Sie k\u00f6nnen ein Ger\u00e4t f\u00fcr den Eigenbedarf oder zur Bevorratung Ihres Gesch\u00e4fts ausw\u00e4hlen. Bei gr\u00f6\u00dferen Bestellmengen bieten wir Verpackungseinheiten von 10 oder 200 Einheiten pro Karton an. Wir liefern per DDP (Direct Delivery Program) \u00fcber zuverl\u00e4ssige Partner wie UPS, DPD und DHL, sodass Z\u00f6lle im Voraus abgewickelt werden k\u00f6nnen und Probleme beim Zoll vermieden werden.<\/p>\n<p data-v-md-line=\"33\">Ben\u00f6tigen Sie verschiedene Nikotinkonzentrationen? Wir bieten Ihnen Nikotinprodukte in den St\u00e4rken 0 %, 2 %, 3 % und 5 % zur Auswahl. Klare Geschmackskombinationen und ein einheitliches Design sorgen f\u00fcr Ordnung in Ihren Regalen und zufriedene Kunden.<\/p>\n<h2 data-v-md-heading=\"why-do-you-like-it\" data-v-md-line=\"35\">Why do you like it<\/h2>\n<p data-v-md-line=\"36\"><strong>Starkes Rauchen<\/strong>Langlebig und ergiebig, sodass kein h\u00e4ufiger Kauf neuer Zigaretten n\u00f6tig ist.<br \/>\n<strong>Nikotinauswahl<\/strong>Sie k\u00f6nnen die f\u00fcr Sie am besten geeignete Konzentration ausw\u00e4hlen.<br \/>\n<strong>Wiederaufladbar<\/strong>Das bedeutet, dass Sie alle gekauften E-Liquids verwenden k\u00f6nnen.<br \/>\n<strong>Drahtspulen<\/strong>: Jedes Mal ein gleichbleibend leckeres Erlebnis zu bieten.<\/p>\n<h2 data-v-md-heading=\"why-collaborate-with-agoravape\" data-v-md-line=\"41\">Warum mit AgoraVape zusammenarbeiten?<\/h2>\n<p data-v-md-line=\"42\">Wir bieten ausschlie\u00dflich 100% Originalprodukte von zuverl\u00e4ssigen Herstellern an und \u00fcbernehmen die volle Verantwortung f\u00fcr die von uns verkauften Produkte. F\u00fcr Gesch\u00e4ftskunden bedeutet dies verg\u00fcnstigte Gro\u00dfhandelspreise, zuverl\u00e4ssigen Kundenservice und schnelle, zuverl\u00e4ssige DDP-Lieferung innerhalb Europas. Sprechen Sie uns gerne auf den UZY Crystal Twin 50K Puffs Dual-Flavor-LED-Vaporizer an und nehmen Sie dieses bew\u00e4hrte und beliebte Produkt in Ihr Sortiment auf.<\/p>","protected":false},"excerpt":{"rendered":"<p>&nbsp;<\/p>","protected":false},"featured_media":13194,"comment_status":"open","ping_status":"closed","template":"","meta":[],"product_brand":[207],"product_cat":[124,187,185,189,1637,194,195,174,175,193,191,134,173,186,180,190,192],"product_tag":[],"class_list":{"0":"post-13178","1":"product","2":"type-product","3":"status-publish","4":"has-post-thumbnail","6":"product_brand-uzy","7":"product_cat-vape-by-brand","8":"product_cat-0mg-nicotine-free-vapes","9":"product_cat-10000-puffs-high-capacity","10":"product_cat-20mg-standard-nicotine-vapes","11":"product_cat-30000-puffs","12":"product_cat-adjustable-airflow","13":"product_cat-dual-flavor-switch","14":"product_cat-fruit-flavors","15":"product_cat-icy-mint","16":"product_cat-mesh-coil","17":"product_cat-rechargeable-disposables","18":"product_cat-uzy","19":"product_cat-vape-by-flavor-profile","20":"product_cat-vape-by-nicotine-strength","21":"product_cat-vape-by-puff-count","22":"product_cat-vape-by-feature-or-type","23":"product_cat-vapes-with-screens","25":"first","26":"onbackorder","27":"shipping-taxable","28":"purchasable","29":"product-type-variable","30":"has-default-attributes"},"tiered_pricing_type":"percentage","tiered_pricing_fixed_rules":[],"tiered_pricing_product_settings":{"layout":"default","base_unit_name":{"singular":null,"plural":null},"default_variation":null},"tiered_pricing_minimum_quantity":10,"tiered_pricing_roles_data":[],"tiered_pricing_percentage_rules":{"30":"29","50":"35","100":"40","200":"44","500":"47","1000":"49"},"tiered_pricing_maximum_quantity":null,"tiered_pricing_quantity_step":"10","_links":{"self":[{"href":"https:\/\/agoravape.com\/de\/wp-json\/wp\/v2\/product\/13178","targetHints":{"allow":["GET"]}}],"collection":[{"href":"https:\/\/agoravape.com\/de\/wp-json\/wp\/v2\/product"}],"about":[{"href":"https:\/\/agoravape.com\/de\/wp-json\/wp\/v2\/types\/product"}],"replies":[{"embeddable":true,"href":"https:\/\/agoravape.com\/de\/wp-json\/wp\/v2\/comments?post=13178"}],"version-history":[{"count":0,"href":"https:\/\/agoravape.com\/de\/wp-json\/wp\/v2\/product\/13178\/revisions"}],"wp:featuredmedia":[{"embeddable":true,"href":"https:\/\/agoravape.com\/de\/wp-json\/wp\/v2\/media\/13194"}],"wp:attachment":[{"href":"https:\/\/agoravape.com\/de\/wp-json\/wp\/v2\/media?parent=13178"}],"wp:term":[{"taxonomy":"product_brand","embeddable":true,"href":"https:\/\/agoravape.com\/de\/wp-json\/wp\/v2\/product_brand?post=13178"},{"taxonomy":"product_cat","embeddable":true,"href":"https:\/\/agoravape.com\/de\/wp-json\/wp\/v2\/product_cat?post=13178"},{"taxonomy":"product_tag","embeddable":true,"href":"https:\/\/agoravape.com\/de\/wp-json\/wp\/v2\/product_tag?post=13178"}],"curies":[{"name":"wp","href":"https:\/\/api.w.org\/{rel}","templated":true}]}}