{"id":13255,"date":"2025-10-11T10:37:01","date_gmt":"2025-10-11T02:37:01","guid":{"rendered":"https:\/\/green-grasshopper-921422.hostingersite.com\/?post_type=product&#038;p=13255"},"modified":"2026-02-14T17:17:14","modified_gmt":"2026-02-14T16:17:14","slug":"uzy-bang-digital-15000-puffs-smart-bildschirm-vape-lang-anhaltenden-geschmack-leicht-gemacht","status":"publish","type":"product","link":"https:\/\/agoravape.com\/de\/product\/uzy-bang-digital-15000-puffs-smart-screen-vape-long-lasting-flavour-made-easy\/","title":{"rendered":"UZY Bang Digital E-Zigarette mit Smart-Display f\u00fcr 15.000 Z\u00fcge | Langanhaltender Geschmack leicht gemacht"},"content":{"rendered":"<h2 data-v-md-heading=\"what-about-the-uzy-bang-digital-15000-port-smart-screen-vape\" data-v-md-line=\"3\"><img loading=\"lazy\" decoding=\"async\" class=\"aligncenter size-full wp-image-13269\" src=\"https:\/\/agoravape.com\/wp-content\/uploads\/2025\/10\/UZY-Bang-Digital-15000-Puffs-Smart-Screen-Vape_Agora_vape-1.webp\" alt=\"\" width=\"1600\" height=\"1600\" srcset=\"https:\/\/agoravape.com\/wp-content\/uploads\/2025\/10\/UZY-Bang-Digital-15000-Puffs-Smart-Screen-Vape_Agora_vape-1.webp 1600w, https:\/\/agoravape.com\/wp-content\/uploads\/2025\/10\/UZY-Bang-Digital-15000-Puffs-Smart-Screen-Vape_Agora_vape-1-600x600.webp 600w, https:\/\/agoravape.com\/wp-content\/uploads\/2025\/10\/UZY-Bang-Digital-15000-Puffs-Smart-Screen-Vape_Agora_vape-1-1200x1200.webp 1200w, https:\/\/agoravape.com\/wp-content\/uploads\/2025\/10\/UZY-Bang-Digital-15000-Puffs-Smart-Screen-Vape_Agora_vape-1-300x300.webp 300w, https:\/\/agoravape.com\/wp-content\/uploads\/2025\/10\/UZY-Bang-Digital-15000-Puffs-Smart-Screen-Vape_Agora_vape-1-1024x1024.webp 1024w, https:\/\/agoravape.com\/wp-content\/uploads\/2025\/10\/UZY-Bang-Digital-15000-Puffs-Smart-Screen-Vape_Agora_vape-1-150x150.webp 150w, https:\/\/agoravape.com\/wp-content\/uploads\/2025\/10\/UZY-Bang-Digital-15000-Puffs-Smart-Screen-Vape_Agora_vape-1-768x768.webp 768w, https:\/\/agoravape.com\/wp-content\/uploads\/2025\/10\/UZY-Bang-Digital-15000-Puffs-Smart-Screen-Vape_Agora_vape-1-1536x1536.webp 1536w\" sizes=\"auto, (max-width: 1600px) 100vw, 1600px\" \/><\/h2>\n<h2 data-v-md-heading=\"what-about-the-uzy-bang-digital-15000-port-smart-screen-vape\" data-v-md-line=\"3\">Und was ist mit dem UZY Bang Digital 15000 Port Smart Screen Vape?<\/h2>\n<p data-v-md-line=\"4\">Sind Sie es leid, dass Einweg-E-Zigaretten mitten in der Woche pl\u00f6tzlich den Geist aufgeben? Dann sollten Sie sich dieses Produkt genauer ansehen. Die UZY Bang Digital bietet eine Kapazit\u00e4t von bis zu 15.000 F\u00fcllungen und ist mit einem intelligenten Display ausgestattet, das die Bedienung kinderleicht macht. Dieses wiederaufladbare Ger\u00e4t ist energieeffizient und ben\u00f6tigt keinen zus\u00e4tzlichen Strom, sodass Sie Ihr gekauftes E-Liquid vollst\u00e4ndig aufbrauchen k\u00f6nnen.<\/p>\n<p data-v-md-line=\"6\">Wenn Sie ein zuverl\u00e4ssiges und leckeres Vape-Erlebnis ohne komplizierte Men\u00fcs oder Einstellungen suchen, ist dieses Produkt die ideale Wahl. Sie w\u00e4hlen einfach Geschmack und Nikotinst\u00e4rke und k\u00f6nnen dann inhalieren. Auch wenn Sie denken, dass so viele Z\u00fcge sperrig wirken, ist das t\u00e4gliche Dampfen dennoch einfach, bequem und erschwinglich.<\/p>\n<h2 data-v-md-heading=\"excellent-performance-easy-and-convenient\" data-v-md-line=\"8\">Excellent performance, easy and convenient<\/h2>\n<p data-v-md-line=\"9\">Das Herzst\u00fcck des UZY Bang Digital ist ein Mesh-Verdampferkopf, der f\u00fcr ein ebenso reines Dampferlebnis wie beim ersten Zug sorgt. Dank des intelligenten Displays behalten Sie den Dampfvorgang stets im Blick. Bei niedrigem Akkustand k\u00f6nnen Sie das Ger\u00e4t einfach mit dem USB-C-Kabel aufladen, das Sie vielleicht schon von Ihrem Smartphone kennen. Praktisch und komfortabel.<\/p>\n<h2 data-v-md-heading=\"specification-overview\" data-v-md-line=\"11\">Specification Overview<\/h2>\n<p data-v-md-line=\"12\"><strong>Anzahl der Saugvorg\u00e4nge<\/strong>: bis zu 15000 Saugvorg\u00e4nge<br \/>\n<strong>Nikotin<\/strong>: 0 %, 2 %, 3 %, 5 % optional<br \/>\n<strong>Working principle<\/strong>Aktivierung mit nur einem Zug<br \/>\n<strong>Charging<\/strong>Standardm\u00e4\u00dfige USB-Typ-C-Schnittstelle<br \/>\n<strong>Status<\/strong>: Ready to use out of the box<br \/>\n<strong>Zerst\u00e4uberkern<\/strong>: 1,1 \u03a9 Maschenzerst\u00e4ubungskern<br \/>\n<strong>E-Liquid-Kapazit\u00e4t<\/strong>20 ml<br \/>\n*Achtung: Die Nikotinkonzentration kann aufgrund nationaler\/regionaler Vorschriften variieren.<\/p>\n<h2 data-v-md-heading=\"full-range-of-flavors\" data-v-md-line=\"21\">Full range of flavors<\/h2>\n<ul data-v-md-line=\"22\">\n<li>Strawberry watermelon<\/li>\n<li>Blaubeer-Smoothie<\/li>\n<li>Peach Mang Pineapple<\/li>\n<li>Trauben-Smoothie<\/li>\n<li>Wassermelonen-Smoothie<\/li>\n<li>Pfirsich-Smoothie<\/li>\n<li>Strawberry kiwi fruit<\/li>\n<li>Blaubeeren und Himbeeren<\/li>\n<li>Kiwi und Passionsfrucht<\/li>\n<li>Herr Blau<\/li>\n<li>Dreifacher Mango-Smoothie<\/li>\n<li>Red Bull Eiscreme<\/li>\n<\/ul>\n<h2 data-v-md-heading=\"for-you-and-your-business\" data-v-md-line=\"35\">For you and your business<\/h2>\n<p data-v-md-line=\"36\">Sie k\u00f6nnen w\u00e4hlen <a class=\"wpil_keyword_link\" title=\"UZY\" href=\"https:\/\/agoravape.com\/de\/verdampfen-nach-marke\/uzy\/\" data-wpil-keyword-link=\"linked\" data-wpil-monitor-id=\"87\">UZY Bang Digital 15000<\/a> Port Smart Screen Vapes f\u00fcr den pers\u00f6nlichen Gebrauch oder zum Kauf f\u00fcr Ihr Gesch\u00e4ft. Die Gro\u00dfhandelsverpackung besteht aus Kartons mit 10 Packungen und Kartons mit 200 Packungen. Wir bieten Duty Paid Delivery (DDP)-Dienstleistungen in ganz Europa \u00fcber vertrauensw\u00fcrdige Partner wie UPS, DPD und DHL an, um sicherzustellen, dass Ihre Bestellung nach Versteuerung geliefert wird und Zollunf\u00e4lle vermieden werden.<\/p>\n<p data-v-md-line=\"38\">Wenn Sie verschiedene Geschmacksrichtungen oder Unterst\u00fctzung bei der Einhaltung lokaler Vorschriften ben\u00f6tigen, hilft Ihnen unser Team dabei, eine Bestseller-Kollektion zu kreieren.<\/p>\n<h2 data-v-md-heading=\"why-do-you-like-it\" data-v-md-line=\"40\">Why do you like it<\/h2>\n<p data-v-md-line=\"41\"><strong>Mehrere Z\u00fcge:<\/strong>\u00a0Langlebig und robust, Vapes m\u00fcssen nicht h\u00e4ufig ersetzt werden<br \/>\n<strong>Auswahl der Nikotinkonzentration<\/strong>W\u00e4hlen Sie die Konzentration, die am besten zu Ihren t\u00e4glichen Gewohnheiten passt.<br \/>\n<strong>Wiederaufladbar<\/strong>Verbrauchen Sie das gesamte E-Liquid auf einmal, ohne es wegzusch\u00fctten.<br \/>\n<strong>Mesh-Verdampferkern:<\/strong>\u00a0sorgt f\u00fcr gleichbleibenden Geschmack vom ersten bis zum letzten Bissen.<br \/>\n<strong>Smart Screen:<\/strong>\u00a0Einfaches Display, \u00fcbersichtlich auf einen Blick<br \/>\n<strong>Laden \u00fcber USB-C:<\/strong>\u00a0Mit nur einem Datenkabel k\u00f6nnen Sie eine E-Zigarette und ein Mobiltelefon verbinden.<\/p>\n<h2 data-v-md-heading=\"why-collaborate-with-agoravape\" data-v-md-line=\"48\">Warum mit AgoraVape zusammenarbeiten?<\/h2>\n<p data-v-md-line=\"49\">Wir verkaufen ausschlie\u00dflich 100% Originalprodukte und bieten einen umfassenden Kundendienst. F\u00fcr Gesch\u00e4ftskunden bedeutet dies: Die Smart-Screen-Vapes von UZY Bang Digital mit 15.000 Z\u00fcgen sind zu verg\u00fcnstigten Gro\u00dfhandelspreisen erh\u00e4ltlich, wir verf\u00fcgen \u00fcber eine stabile Lieferf\u00e4higkeit und bieten einen schnellen und zuverl\u00e4ssigen DDP-Lieferservice. Kontaktieren Sie uns, um Ihre Kunden mit Produkten zu versorgen und sie zu Stammkunden zu machen.<\/p>","protected":false},"excerpt":{"rendered":"<p>What about the UZY Bang Digital 15000 port smart screen vape? If you are tired of disposable vapes that suddenly<\/p>","protected":false},"featured_media":13278,"comment_status":"open","ping_status":"closed","template":"","meta":[],"product_brand":[207],"product_cat":[124,187,185,1635,189,176,1674,174,175,191,134,173,186,180,190,192],"product_tag":[],"class_list":{"0":"post-13255","1":"product","2":"type-product","3":"status-publish","4":"has-post-thumbnail","6":"product_brand-uzy","7":"product_cat-vape-by-brand","8":"product_cat-0mg-nicotine-free-vapes","9":"product_cat-10000-puffs-high-capacity","10":"product_cat-15000-puffs","11":"product_cat-20mg-standard-nicotine-vapes","12":"product_cat-beverage","13":"product_cat-eu-warehouse","14":"product_cat-fruit-flavors","15":"product_cat-icy-mint","16":"product_cat-rechargeable-disposables","17":"product_cat-uzy","18":"product_cat-vape-by-flavor-profile","19":"product_cat-vape-by-nicotine-strength","20":"product_cat-vape-by-puff-count","21":"product_cat-vape-by-feature-or-type","22":"product_cat-vapes-with-screens","24":"first","25":"instock","26":"shipping-taxable","27":"purchasable","28":"product-type-variable","29":"has-default-attributes"},"tiered_pricing_type":"percentage","tiered_pricing_fixed_rules":[],"tiered_pricing_product_settings":{"layout":"default","base_unit_name":{"singular":null,"plural":null},"default_variation":null},"tiered_pricing_minimum_quantity":10,"tiered_pricing_roles_data":[],"tiered_pricing_percentage_rules":{"30":"29","50":"35","100":"40","200":"44","500":"47","1000":"49"},"tiered_pricing_maximum_quantity":null,"tiered_pricing_quantity_step":"10","_links":{"self":[{"href":"https:\/\/agoravape.com\/de\/wp-json\/wp\/v2\/product\/13255","targetHints":{"allow":["GET"]}}],"collection":[{"href":"https:\/\/agoravape.com\/de\/wp-json\/wp\/v2\/product"}],"about":[{"href":"https:\/\/agoravape.com\/de\/wp-json\/wp\/v2\/types\/product"}],"replies":[{"embeddable":true,"href":"https:\/\/agoravape.com\/de\/wp-json\/wp\/v2\/comments?post=13255"}],"version-history":[{"count":0,"href":"https:\/\/agoravape.com\/de\/wp-json\/wp\/v2\/product\/13255\/revisions"}],"wp:featuredmedia":[{"embeddable":true,"href":"https:\/\/agoravape.com\/de\/wp-json\/wp\/v2\/media\/13278"}],"wp:attachment":[{"href":"https:\/\/agoravape.com\/de\/wp-json\/wp\/v2\/media?parent=13255"}],"wp:term":[{"taxonomy":"product_brand","embeddable":true,"href":"https:\/\/agoravape.com\/de\/wp-json\/wp\/v2\/product_brand?post=13255"},{"taxonomy":"product_cat","embeddable":true,"href":"https:\/\/agoravape.com\/de\/wp-json\/wp\/v2\/product_cat?post=13255"},{"taxonomy":"product_tag","embeddable":true,"href":"https:\/\/agoravape.com\/de\/wp-json\/wp\/v2\/product_tag?post=13255"}],"curies":[{"name":"wp","href":"https:\/\/api.w.org\/{rel}","templated":true}]}}