{"id":13317,"date":"2025-10-11T14:46:10","date_gmt":"2025-10-11T06:46:10","guid":{"rendered":"https:\/\/green-grasshopper-921422.hostingersite.com\/?post_type=product&#038;p=13317"},"modified":"2025-12-15T21:31:08","modified_gmt":"2025-12-15T13:31:08","slug":"sfog-gazzbar-dreifach-60k-puffs-vape","status":"publish","type":"product","link":"https:\/\/agoravape.com\/de\/product\/sfog-gazzbar-triple-60k-puffs-vape\/","title":{"rendered":"SFOG Gazzbar Triple 60K Puffs 3-in-1 Einweg-E-Zigarette | Drei Geschmacksrichtungen, einfaches Aufladen"},"content":{"rendered":"<h2 data-v-md-heading=\"what-is-the-charm-of-sfog-gazzbar-triple-60k-disposable-vape\" data-v-md-line=\"3\">Was macht den Reiz der SFOG Gazzbar Triple 60K Einweg-E-Zigarette aus?<\/h2>\n<p data-v-md-line=\"4\">Wenn Sie eine langlebige und erfrischende Einweg-E-Zigarette suchen, ist dieses Produkt die ideale Wahl. Gazzbar Triple vereint drei Geschmacksrichtungen in einem Ger\u00e4t und erm\u00f6glicht Ihnen so, jederzeit zwischen den Aromen zu wechseln, ohne mehrere E-Zigaretten mit sich f\u00fchren zu m\u00fcssen. Diese E-Zigarette ist einfach und unkompliziert zu bedienen und wurde entwickelt, um Ihnen den Genuss von E-Zigaretten von morgens bis abends zu erm\u00f6glichen.<\/p>\n<p data-v-md-line=\"6\">Man k\u00f6nnte meinen, so viele E-Zigaretten zu besitzen, sei kompliziert, aber das stimmt nicht. Das Display zeigt Akku- und Liquidstand an und l\u00e4sst sich \u00fcber den USB-C-Anschluss aufladen. Zum Wechseln der Geschmacksrichtung einfach anheben und drehen. Kein Men\u00fc n\u00f6tig, kinderleichter Einstieg.<\/p>\n<h2 data-v-md-heading=\"excellent-performance-and-easy-operation\" data-v-md-line=\"8\">Hervorragende Leistung und einfache Bedienung<\/h2>\n<p data-v-md-line=\"9\">Die Mesh-Spule im Inneren sorgt f\u00fcr gleichbleibenden Geschmack. Sie werden nicht den Punkt erreichen, an dem Sie nach wenigen Bissen begeistert sind und dann das Interesse verlieren. Bei niedrigem Akkustand k\u00f6nnen Sie einfach das USB-C-Datenkabel anschlie\u00dfen, das Sie auch f\u00fcr Ihr Smartphone verwenden. Ganz einfach.<\/p>\n<h2 data-v-md-heading=\"specification-overview\" data-v-md-line=\"11\">Specification Overview<\/h2>\n<p data-v-md-line=\"12\"><strong>Anzahl der Saugvorg\u00e4nge<\/strong>: bis zu 60000 Saugvorg\u00e4nge<br \/>\n<strong>Nicotine content<\/strong>: 2 % (20 mg\/ml), die genaue Liefermenge kann je nach Markt variieren.<br \/>\n<strong>Working principle<\/strong>Zum Verwenden einfach einatmen.<br \/>\n<strong>Charging<\/strong>Standardm\u00e4\u00dfige USB-Typ-C-Schnittstelle<br \/>\n<strong>Status<\/strong>Sofort einsatzbereit nach dem Auspacken<br \/>\n<strong>E-Liquid-Kapazit\u00e4t<\/strong>Insgesamt 60 Milliliter<br \/>\n<strong>Batterie<\/strong>: 650-mAh-Akku<br \/>\n<strong>Zerst\u00e4uberkern<\/strong>: 1,0 \u03a9 \u00d7 3 Maschenl\u00f6cher<br \/>\n<strong>Bildschirm<\/strong>: LED-Akku- und E-Liquid-Anzeigeleuchte<br \/>\n<strong>3-in-1-Funktion<\/strong>Anheben und drehen, um zwischen den drei Geschmacksrichtungen zu wechseln<\/p>\n<h2 data-v-md-heading=\"complete-flavor-lineup\" data-v-md-line=\"23\">Vollst\u00e4ndiges Geschmackssortiment<\/h2>\n<ul data-v-md-line=\"24\">\n<li>Wassermeloneneis, Red Bull, Erdbeer-Kiwi<\/li>\n<li>Zitrone, Limette, Erdbeere, Wassermelone, blaues Eis<\/li>\n<li>Erdbeer-Banane, Himbeere, Wassermelone, Zitronen-Limette<\/li>\n<li>Erdbeer-Kiwi mit saurer Mango-Ananas und Red Bull<\/li>\n<li>Tropische Fr\u00fcchte kombiniert mit Erdbeeren, Wassermelonen und Zitronenpfirsichen<\/li>\n<li>Ananas-Kokosnuss mit Erdbeeren, Banane mit Blaubeersaft<\/li>\n<li>Erdbeere und Himbeere gepaart mit dreifach s\u00fc\u00dfer Melone und saurer Mango und Ananas<\/li>\n<li>Himbeer-Wassermelone mit Mango-Pfirsich und Erdbeer-Kiwi<\/li>\n<li>Erdbeer-Vanille-Cola mit Blaubeeren, Himbeere mit Zitrone-Limette<\/li>\n<li>Wassermeloneneis mit Erdbeereis und dreifach s\u00fc\u00dfer Melone<\/li>\n<\/ul>\n<h2 data-v-md-heading=\"for-you-and-your-business\" data-v-md-line=\"35\">For you and your business<\/h2>\n<p data-v-md-line=\"36\">Sie k\u00f6nnen die Ware einzeln f\u00fcr den pers\u00f6nlichen Gebrauch abholen. Wenn Sie ein Gesch\u00e4ft betreiben, unterst\u00fctzen wir Sie gerne bei der Beschaffung gr\u00f6\u00dferer Mengen per UPS, DPD oder DHL mit DDP-Versand inklusive Steuer\u00fcbernahme, um unerwartete Zollgeb\u00fchren bei der Warenannahme zu vermeiden. Die Anzahl der Verpackungskartons kann je nach Charge und Markt variieren. Bitte informieren Sie sich \u00fcber unsere aktuellen Kartongr\u00f6\u00dfen und Gro\u00dfhandelspreise.<\/p>\n<p data-v-md-line=\"38\">Hinweis f\u00fcr europ\u00e4ische K\u00e4ufer: Das Nennvolumen betr\u00e4gt 60 Milliliter bei einem Nikotingehalt von 2 %. Dies entspricht nicht den EU-Richtlinien TPD\/TRRP f\u00fcr nikotinhaltige Einweg-E-Zigaretten. Diese Einweg-E-Zigaretten haben ein maximales Volumen von 2 Millilitern und einen maximalen Nikotingehalt von 20 Milligramm pro Milliliter. Die Verf\u00fcgbarkeit von Nikotinvarianten kann je nach Land\/Region variieren. Falls Sie E-Zigaretten ben\u00f6tigen, die den TPD-Standards entsprechen, kontaktieren Sie uns bitte. Wir empfehlen Ihnen gerne alternative Produkte, die diese Standards erf\u00fcllen.<\/p>\n<h2 data-v-md-heading=\"why-do-you-like-it\" data-v-md-line=\"40\">Why do you like it<\/h2>\n<p data-v-md-line=\"41\"><strong>Mehrere Saugzyklen:<\/strong>\u00a0L\u00e4ngere Akkulaufzeit, kein Austausch alle paar Tage n\u00f6tig.<br \/>\n<strong>Drei Geschmacksrichtungen:<\/strong>\u00a0Wechseln Sie die Geschmacksrichtung jederzeit, ohne zus\u00e4tzliche Ger\u00e4te mitf\u00fchren zu m\u00fcssen.<br \/>\n<strong>Rechargeable battery:<\/strong>\u00a0Sie k\u00f6nnen das gekaufte E-Liquid verwenden, ohne das halbvolle Ger\u00e4t wegwerfen zu m\u00fcssen.<br \/>\n<strong>Mesh coil:<\/strong>\u00a0Gleichbleibender Geschmack ist stets gew\u00e4hrleistet.<br \/>\n<strong>Bildschirmanzeige:<\/strong>\u00a0Sie k\u00f6nnen den verbleibenden Akku- und E-Liquid-Stand ganz einfach auf einen Blick ablesen.<\/p>\n<h2 data-v-md-heading=\"why-collaborate-with-agoravape\" data-v-md-line=\"47\">Warum mit AgoraVape zusammenarbeiten?<\/h2>\n<p data-v-md-line=\"48\">Wir verkaufen ausschlie\u00dflich Originalprodukte mit transparenten Spezifikationen. F\u00fcr Unternehmen bieten wir \u00e4u\u00dferst wettbewerbsf\u00e4hige Gro\u00dfhandelspreise, schnellen Kundenservice und zuverl\u00e4ssige DDP-Lieferungen in ganz Europa. Kontaktieren Sie uns, um die SFOG Gazzbar Triple 60K Puffs, eine 3-in-1-Einweg-E-Zigarette, zu bestellen oder sich zu TPD-konformen Alternativen f\u00fcr Ihren Markt beraten zu lassen.<\/p>","protected":false},"excerpt":{"rendered":"<p>&nbsp;<\/p>\n<p><script src=\"chrome-extension:\/\/fpelahbljekknahkcaegamhcndkfpfnc\/iFrame.js\" type=\"text\/javascript\"><\/script><\/p>\n<p><script src=\"chrome-extension:\/\/fpelahbljekknahkcaegamhcndkfpfnc\/iFrame.js\" type=\"text\/javascript\"><\/script><\/p>\n<p><script src=\"chrome-extension:\/\/fpelahbljekknahkcaegamhcndkfpfnc\/iFrame.js\" type=\"text\/javascript\"><\/script><\/p>\n<p><script src=\"chrome-extension:\/\/fpelahbljekknahkcaegamhcndkfpfnc\/iFrame.js\" type=\"text\/javascript\"><\/script><\/p>","protected":false},"featured_media":13338,"comment_status":"open","ping_status":"closed","template":"","meta":[],"product_brand":[208],"product_cat":[124,185,189,176,195,174,175,193,191,135,173,186,180,190],"product_tag":[],"class_list":{"0":"post-13317","1":"product","2":"type-product","3":"status-publish","4":"has-post-thumbnail","6":"product_brand-sfog","7":"product_cat-vape-by-brand","8":"product_cat-10000-puffs-high-capacity","9":"product_cat-20mg-standard-nicotine-vapes","10":"product_cat-beverage","11":"product_cat-dual-flavor-switch","12":"product_cat-fruit-flavors","13":"product_cat-icy-mint","14":"product_cat-mesh-coil","15":"product_cat-rechargeable-disposables","16":"product_cat-sfog","17":"product_cat-vape-by-flavor-profile","18":"product_cat-vape-by-nicotine-strength","19":"product_cat-vape-by-puff-count","20":"product_cat-vape-by-feature-or-type","22":"first","23":"instock","24":"shipping-taxable","25":"purchasable","26":"product-type-variable","27":"has-default-attributes"},"tiered_pricing_type":"percentage","tiered_pricing_fixed_rules":[],"tiered_pricing_product_settings":{"layout":"default","base_unit_name":{"singular":null,"plural":null},"default_variation":null},"tiered_pricing_minimum_quantity":10,"tiered_pricing_roles_data":[],"tiered_pricing_percentage_rules":{"30":"29","50":"35","100":"40","200":"44","500":"47","1000":"49"},"tiered_pricing_maximum_quantity":null,"tiered_pricing_quantity_step":"10","_links":{"self":[{"href":"https:\/\/agoravape.com\/de\/wp-json\/wp\/v2\/product\/13317","targetHints":{"allow":["GET"]}}],"collection":[{"href":"https:\/\/agoravape.com\/de\/wp-json\/wp\/v2\/product"}],"about":[{"href":"https:\/\/agoravape.com\/de\/wp-json\/wp\/v2\/types\/product"}],"replies":[{"embeddable":true,"href":"https:\/\/agoravape.com\/de\/wp-json\/wp\/v2\/comments?post=13317"}],"version-history":[{"count":0,"href":"https:\/\/agoravape.com\/de\/wp-json\/wp\/v2\/product\/13317\/revisions"}],"wp:featuredmedia":[{"embeddable":true,"href":"https:\/\/agoravape.com\/de\/wp-json\/wp\/v2\/media\/13338"}],"wp:attachment":[{"href":"https:\/\/agoravape.com\/de\/wp-json\/wp\/v2\/media?parent=13317"}],"wp:term":[{"taxonomy":"product_brand","embeddable":true,"href":"https:\/\/agoravape.com\/de\/wp-json\/wp\/v2\/product_brand?post=13317"},{"taxonomy":"product_cat","embeddable":true,"href":"https:\/\/agoravape.com\/de\/wp-json\/wp\/v2\/product_cat?post=13317"},{"taxonomy":"product_tag","embeddable":true,"href":"https:\/\/agoravape.com\/de\/wp-json\/wp\/v2\/product_tag?post=13317"}],"curies":[{"name":"wp","href":"https:\/\/api.w.org\/{rel}","templated":true}]}}