{"id":13518,"date":"2025-10-11T16:22:46","date_gmt":"2025-10-11T08:22:46","guid":{"rendered":"https:\/\/green-grasshopper-921422.hostingersite.com\/?post_type=product&#038;p=13518"},"modified":"2026-01-19T22:07:49","modified_gmt":"2026-01-19T14:07:49","slug":"sfog-gt-bar-15000-puffs-dtl-vape","status":"publish","type":"product","link":"https:\/\/agoravape.com\/de\/product\/sfog-gt-bar-15000-puffs-dtl-vape\/","title":{"rendered":"SFOG GT Bar 15000 Z\u00fcge | Lange DTL-Sessions mit Shisha-inspirierten Aromen"},"content":{"rendered":"<h2 data-v-md-heading=\"what-exactly-is-the-sfog-gt-bar-15000-mouth-hookah-flavored-dtl-vape\" data-v-md-line=\"3\">Was genau ist die SFOG GT Bar 15000 Mundwasserpfeifen-DTL-E-Zigarette mit Geschmack?<\/h2>\n<p data-v-md-line=\"4\">Sind Sie es leid, dass Einweg-E-Zigaretten schon vor dem Wochenende den Geist aufgeben? Dann ist dieses Produkt die L\u00f6sung. Die SFOG GT Bar bietet ein DTL-Erlebnis mit bis zu 15.000 Z\u00fcgen und einem transparenten Dampf, der eher an eine Shisha erinnert als an eine typische, kompakte Mundst\u00fcck-E-Zigarette.<\/p>\n<p data-v-md-line=\"6\">F\u00fcr alle, die langanhaltenden Geschmack ohne l\u00e4stiges Aufbauen genie\u00dfen m\u00f6chten, ist dieses Produkt die ideale Wahl. Es bietet eine Mischung aus Shisha-Aroma, einen wiederaufladbaren Akku und eine Mesh-Spule, die f\u00fcr gleichbleibenden Geschmack sorgt. Man k\u00f6nnte meinen, ein Ger\u00e4t mit so vielen Anschl\u00fcssen w\u00e4re klobig wie ein Ziegelstein, aber es ist \u00fcberraschend g\u00fcnstig.<\/p>\n<h2 data-v-md-heading=\"excellent-performance-and-easy-operation\" data-v-md-line=\"8\">Hervorragende Leistung und einfache Bedienung<\/h2>\n<p data-v-md-line=\"9\">Der integrierte 0,6-\u03a9-Mesh-Verdampferkern sorgt f\u00fcr gleichm\u00e4\u00dfigen Dampf und gleichbleibenden Geschmack \u2013 Zug f\u00fcr Zug. Kein Men\u00fc, keine Kn\u00f6pfe, einfach nur genie\u00dfen. Bei niedrigem Akkustand kann das Ger\u00e4t bequem \u00fcber den USB-C-Anschluss aufgeladen werden. Die Verwendung desselben Datenkabels wie beim Handy ist einfach und komfortabel.<\/p>\n<h2 data-v-md-heading=\"specification-overview\" data-v-md-line=\"11\">Specification Overview<\/h2>\n<ul data-v-md-line=\"12\">\n<li>Saugfrequenz: bis zu 15000 Mal<\/li>\n<li>Nikotin: 0,5 % Nikotinsalz (ca. 5 Milligramm pro Milliliter)<\/li>\n<li>E-Liquid: 22 Milliliter<\/li>\n<li>Zerst\u00e4ubungskern: 0,6 \u03a9 Maschenzerst\u00e4ubungskern<\/li>\n<li>Akku: Wiederaufladbarer 600-mAh-Akku<\/li>\n<li>Funktionsprinzip: Aktivierung mit nur einem Zug<\/li>\n<li>Ladeverfahren: Standard-USB-Typ-C-Schnittstelle<\/li>\n<li>Status: Sofort einsatzbereit<\/li>\n<li>Gr\u00f6\u00dfe und Gewicht: ca. 32 x 123 Millimeter, 110 Gramm<\/li>\n<\/ul>\n<h2 data-v-md-heading=\"full-flavor-series\" data-v-md-line=\"22\">Full Flavor-Serie<\/h2>\n<ul data-v-md-line=\"23\">\n<li>Beeren als<\/li>\n<li>Blueberry Gum<\/li>\n<li>Kirschfest<\/li>\n<li>Doppelte \u00c4pfel<\/li>\n<li>Zitrone als<\/li>\n<li>Mango-Eis<\/li>\n<li>Pfirsicheis<\/li>\n<li>S\u00fc\u00dfe Passionsfrucht<\/li>\n<li>Schwarze Johannisbeere Eis<\/li>\n<li>Grape Ice<\/li>\n<\/ul>\n<h2 data-v-md-heading=\"for-you-and-for-your-business-as-well\" data-v-md-line=\"34\">For you, and for your business as well<\/h2>\n<p data-v-md-line=\"35\">Sie k\u00f6nnen eine Box f\u00fcr den Eigenbedarf oder zur Bevorratung Ihres Gesch\u00e4fts erwerben. Wir liefern 10 Displayboxen, um die Regalbest\u00fcckung zu vereinfachen und die Nachbestellung zu erleichtern. Gro\u00dfbestellungen sind in Gro\u00dfverpackung und Umkartonverpackung erh\u00e4ltlich. Ben\u00f6tigen Sie Verpackungsspezifikationen f\u00fcr Ihre Lagerprozesse? Dann wenden Sie sich bitte an unser Team.<\/p>\n<p data-v-md-line=\"37\">Wir bieten europaweit DDP-Lieferungen mit zuverl\u00e4ssigen Partnern wie UPS, DPD und DHL an, sodass Sie genaue Lieferzeiten erhalten und Probleme mit dem Zoll vermeiden. Wir akzeptieren g\u00e4ngige Kreditkarten und sichere PayPal-Zahlungen f\u00fcr einen reibungslosen Bestellvorgang.<\/p>\n<p data-v-md-line=\"39\">Kurze Erl\u00e4uterung zur Einhaltung der Vorschriften: Dieses Einweg-E-Zigarettenprodukt \u00fcberschreitet den EU-TPD-Grenzwert f\u00fcr E-Liquid-Kapazit\u00e4t. Die Verf\u00fcgbarkeit im Einzelhandel kann je nach Land\/Region variieren. Bitte informieren Sie sich vor Ihrer Bestellung \u00fcber die lokalen Bestimmungen.<\/p>\n<h2 data-v-md-heading=\"why-do-you-like-it\" data-v-md-line=\"41\">Why do you like it<\/h2>\n<ul data-v-md-line=\"42\">\n<li>L\u00e4ngere Saugzeiten: l\u00e4ngere Akkulaufzeit, kein h\u00e4ufiger Batteriewechsel erforderlich.<\/li>\n<li>Nikotinauswahl: 0,5 % Nikotinsalz sorgt f\u00fcr ein sanfteres und leichteres Erlebnis.<\/li>\n<li>Wiederaufladbar: Das E-Liquid h\u00e4lt, bis es aufgebraucht ist.<\/li>\n<li>Maschenspirale: Jeder Bissen bietet vollen Geschmack und optimale Konsistenz.<\/li>\n<\/ul>\n<h2 data-v-md-heading=\"why-choose-to-collaborate-with-agoravape\" data-v-md-line=\"47\">Warum sollten Sie sich f\u00fcr eine Zusammenarbeit mit AgoraVape entscheiden?<\/h2>\n<p data-v-md-line=\"48\">Wir beziehen ausschlie\u00dflich Originalprodukte von SFOG von autorisierten H\u00e4ndlern. SFOG GT Bar 15000 ist eine Shisha-Vape mit DTL-Aroma. Profitieren Sie von unseren \u00e4u\u00dferst wettbewerbsf\u00e4higen Gro\u00dfhandelspreisen, unserem zuverl\u00e4ssigen Kundenservice und unserem schnellen DDP-Lieferservice. M\u00f6chten Sie ein Ger\u00e4t entwickeln, das Ihre Kunden begeistert? Kontaktieren Sie uns \u2013 wir beraten Sie gerne.<\/p>\n<p><script src=\"chrome-extension:\/\/fpelahbljekknahkcaegamhcndkfpfnc\/iFrame.js\" type=\"text\/javascript\"><\/script><\/p>","protected":false},"excerpt":{"rendered":"<p>What exactly is the SFOG GT Bar 15000 mouth hookah flavored DTL vape? If you are tired of disposable vapes<\/p>","protected":false},"featured_media":13562,"comment_status":"open","ping_status":"closed","template":"","meta":[],"product_brand":[208],"product_cat":[124,185,1635,174,175,193,191,135,173,186,180,190],"product_tag":[],"class_list":{"0":"post-13518","1":"product","2":"type-product","3":"status-publish","4":"has-post-thumbnail","6":"product_brand-sfog","7":"product_cat-vape-by-brand","8":"product_cat-10000-puffs-high-capacity","9":"product_cat-15000-puffs","10":"product_cat-fruit-flavors","11":"product_cat-icy-mint","12":"product_cat-mesh-coil","13":"product_cat-rechargeable-disposables","14":"product_cat-sfog","15":"product_cat-vape-by-flavor-profile","16":"product_cat-vape-by-nicotine-strength","17":"product_cat-vape-by-puff-count","18":"product_cat-vape-by-feature-or-type","20":"first","21":"onbackorder","22":"shipping-taxable","23":"purchasable","24":"product-type-variable","25":"has-default-attributes"},"tiered_pricing_type":"percentage","tiered_pricing_fixed_rules":[],"tiered_pricing_product_settings":{"layout":"default","base_unit_name":{"singular":null,"plural":null},"default_variation":null},"tiered_pricing_minimum_quantity":10,"tiered_pricing_roles_data":[],"tiered_pricing_percentage_rules":{"30":"29","50":"35","100":"40","200":"44","500":"47","1000":"49"},"tiered_pricing_maximum_quantity":null,"tiered_pricing_quantity_step":"10","_links":{"self":[{"href":"https:\/\/agoravape.com\/de\/wp-json\/wp\/v2\/product\/13518","targetHints":{"allow":["GET"]}}],"collection":[{"href":"https:\/\/agoravape.com\/de\/wp-json\/wp\/v2\/product"}],"about":[{"href":"https:\/\/agoravape.com\/de\/wp-json\/wp\/v2\/types\/product"}],"replies":[{"embeddable":true,"href":"https:\/\/agoravape.com\/de\/wp-json\/wp\/v2\/comments?post=13518"}],"version-history":[{"count":0,"href":"https:\/\/agoravape.com\/de\/wp-json\/wp\/v2\/product\/13518\/revisions"}],"wp:featuredmedia":[{"embeddable":true,"href":"https:\/\/agoravape.com\/de\/wp-json\/wp\/v2\/media\/13562"}],"wp:attachment":[{"href":"https:\/\/agoravape.com\/de\/wp-json\/wp\/v2\/media?parent=13518"}],"wp:term":[{"taxonomy":"product_brand","embeddable":true,"href":"https:\/\/agoravape.com\/de\/wp-json\/wp\/v2\/product_brand?post=13518"},{"taxonomy":"product_cat","embeddable":true,"href":"https:\/\/agoravape.com\/de\/wp-json\/wp\/v2\/product_cat?post=13518"},{"taxonomy":"product_tag","embeddable":true,"href":"https:\/\/agoravape.com\/de\/wp-json\/wp\/v2\/product_tag?post=13518"}],"curies":[{"name":"wp","href":"https:\/\/api.w.org\/{rel}","templated":true}]}}