{"id":13604,"date":"2025-10-11T18:07:45","date_gmt":"2025-10-11T10:07:45","guid":{"rendered":"https:\/\/green-grasshopper-921422.hostingersite.com\/?post_type=product&#038;p=13604"},"modified":"2026-01-19T22:07:43","modified_gmt":"2026-01-19T14:07:43","slug":"sfog-soul-bar-15000-puffs-getrank-vape","status":"publish","type":"product","link":"https:\/\/agoravape.com\/de\/product\/sfog-soul-bar-15000-puffs-beverage-vape\/","title":{"rendered":"SFOG Soul Bar E-Liquid mit Getr\u00e4nkegeschmack f\u00fcr 15.000 Z\u00fcge | Hohe Zugzahl. Von Getr\u00e4nken inspirierter Geschmack."},"content":{"rendered":"<h2 data-v-md-heading=\"what-is-the-charm-of-sfog-soul-bar-15000-mouth-beverage-flavored-vapes\" data-v-md-line=\"3\">Was macht den Reiz der SFOG Soul Bar 15000 E-Zigaretten mit Mundgetr\u00e4nkegeschmack aus?<\/h2>\n<p data-v-md-line=\"4\">Wenn Sie Wert auf eine gro\u00dfe Auswahl an Getr\u00e4nken legen und die kurze Haltbarkeit von Einweg-E-Zigaretten satt haben, ist dieses Produkt die ideale Wahl. Die SFOG Soul Bar bietet klassische Getr\u00e4nkearomen f\u00fcr ein entspanntes und unkompliziertes Erlebnis. Langlebig, geschmacksstabil und einfach zu bedienen.<\/p>\n<p data-v-md-line=\"6\">Wenn Sie ein zuverl\u00e4ssiges Alltags-E-Liquid suchen, ohne sich mit der Flasche oder dem Verdampferkopf herumschlagen zu m\u00fcssen, ist dieses Produkt die ideale Wahl. W\u00e4hlen Sie ein Aroma, das Sie gerne trinken, und entdecken Sie die Welt des Dampfens.<\/p>\n<h2 data-v-md-heading=\"excellent-performance-easy-and-convenient\" data-v-md-line=\"8\">Excellent performance, easy and convenient<\/h2>\n<p data-v-md-line=\"9\">Soul Bar setzt auf gleichbleibende Qualit\u00e4t. Vom ersten bis zum letzten Zug genie\u00dfen Sie einen sanften und gleichm\u00e4\u00dfigen Dampf, der Ihnen vom ersten Tag an ein vertrautes Geschmackserlebnis bietet. Ist der Akku schwach, laden Sie das Ger\u00e4t einfach auf und k\u00f6nnen weiterdampfen. Keine Kn\u00f6pfe, keine Men\u00fcs \u2013 ein unkomplizierter und benutzerfreundlicher Vaporizer, der perfekt zu Ihren t\u00e4glichen Gewohnheiten passt. Sie denken vielleicht, die Bedienung eines Ger\u00e4ts mit 15.000 Ports sei kompliziert, aber in Wirklichkeit ist sie kinderleicht.<\/p>\n<h2 data-v-md-heading=\"specification-introduction\" data-v-md-line=\"11\">Specification Introduction<\/h2>\n<ul data-v-md-line=\"12\">\n<li>Anzahl der Ports: bis zu 15000 Ports<\/li>\n<li>Nikotin: Verschiedene M\u00e4rkte bieten unterschiedliche Nikotinkonzentrationen an. Bitte pr\u00fcfen Sie die Optionen auf dieser Seite.<\/li>\n<li>Working principle: Activated by inhalation<\/li>\n<li>Aufladen: Wiederaufladbares Design. Aktuell verwenden die meisten Modelle einen USB-Typ-C-Anschluss. Bitte \u00fcberpr\u00fcfen Sie Ihr Ger\u00e4t.<\/li>\n<li>Status: Sofort einsatzbereit nach dem Auspacken<\/li>\n<\/ul>\n<h2 data-v-md-heading=\"full-flavor-series\" data-v-md-line=\"18\">Full Flavor-Serie<\/h2>\n<ul data-v-md-line=\"19\">\n<li>Joghurt mit Orangengeschmack<\/li>\n<li>Original Yakut Geschmack<\/li>\n<li>Energy-Drinks<\/li>\n<li>Klassische Cola<\/li>\n<li>Ananas-Kokosnuss-Rum<\/li>\n<li>Mangosaft<\/li>\n<li>Pfirsich-Mango-Joghurt<\/li>\n<li>Taro-Eiscreme<\/li>\n<li>Erdbeereis<\/li>\n<li>Litschi und Longan<\/li>\n<li>Trauben und \u00c4pfel<\/li>\n<li>Blaubeersaft<\/li>\n<li>Strawberry kiwi fruit<\/li>\n<li>Watermelon Ice<\/li>\n<li>Doppelte Minze<\/li>\n<\/ul>\n<h2 data-v-md-heading=\"for-you-for-your-business\" data-v-md-line=\"35\">F\u00fcr Sie, f\u00fcr Ihr Unternehmen<\/h2>\n<p data-v-md-line=\"36\">Sie k\u00f6nnen einen SFOG Soul Bar f\u00fcr sich selbst kaufen oder Ihren Laden damit ausstatten. Wir bieten Kartonverpackungen im Gro\u00dfhandel f\u00fcr Einzelh\u00e4ndler an. Die Anzahl der Kartons kann je nach Charge variieren. Bitte kontaktieren Sie uns, um sich \u00fcber die aktuelle Anzahl und m\u00f6gliche Preisnachl\u00e4sse zu informieren.<\/p>\n<p data-v-md-line=\"38\">DDP-Optionen sind europaweit \u00fcber UPS, DPD und DHL verf\u00fcgbar und vereinfachen den Versandprozess erheblich. Die Z\u00f6lle sind bereits abgerechnet, sodass es beim Zoll keine unangenehmen \u00dcberraschungen gibt. Ihre Bestellung wird sorgf\u00e4ltig verpackt und ist l\u00fcckenlos nachverfolgbar.<\/p>\n<h2 data-v-md-heading=\"why-do-you-like-it\" data-v-md-line=\"40\">Why do you like it<\/h2>\n<ul data-v-md-line=\"41\">\n<li>Genie\u00dfen Sie unbeschwertes Trinken: Sie k\u00f6nnen Ihre Energie jederzeit wieder auff\u00fcllen und weiter nutzen, sodass Sie nicht in letzter Minute noch etwas trinken oder zum Laden rennen m\u00fcssen.<\/li>\n<li>Getr\u00e4nkeauswahl: Die Geschmacksinspiration stammt von beliebten Getr\u00e4nken wie Cola, Energy-Drinks und Joghurtmischungen. S\u00fc\u00df, aber nicht fettig.<\/li>\n<li>Wiederaufladbar: Sie k\u00f6nnen das eingebaute E-Liquid vollst\u00e4ndig nutzen, ohne halb verbrauchte Ger\u00e4te wegwerfen zu m\u00fcssen.<\/li>\n<li>Kontinuierliches Rauchen: Schon mit einem sanften Zug k\u00f6nnen Sie den vertrauten Geschmack genie\u00dfen.<\/li>\n<li>Vielf\u00e4ltige Geschmacksrichtungen: Von cremigen Joghurtrollen bis hin zu erfrischenden Fr\u00fcchten ist immer etwas f\u00fcr Ihren t\u00e4glichen Bedarf dabei.<\/li>\n<\/ul>\n<h2 data-v-md-heading=\"why-choose-to-collaborate-with-agoravape\" data-v-md-line=\"47\">Warum sollten Sie sich f\u00fcr eine Zusammenarbeit mit AgoraVape entscheiden?<\/h2>\n<p data-v-md-line=\"48\">Wir versenden ausschlie\u00dflich 100% Originalprodukte aus zuverl\u00e4ssigen Quellen. So k\u00f6nnen Sie sich auf Qualit\u00e4t und R\u00fcckverfolgbarkeit verlassen. Gesch\u00e4ftskunden profitieren von wettbewerbsf\u00e4higen Gro\u00dfhandelspreisen, professionellem Kundenservice und schnellen DDP-Lieferungen per UPS, DPD und DHL innerhalb der Europ\u00e4ischen Union.<\/p>\n<p data-v-md-line=\"50\">Wir unterst\u00fctzen den Verkauf an Kunden mit Altersverifizierung und halten uns an die EU-Marktrichtlinien. Sie erhalten \u00fcbersichtliche Rechnungen, sichere Zahlungsmethoden und ein unkompliziertes R\u00fcckgabeverfahren f\u00fcr defekte Produkte. M\u00f6chten Sie die SFOG Soul Bar 15000 E-Zigaretten mit Getr\u00e4nkegeschmack in Ihr Sortiment aufnehmen? Kontaktieren Sie uns gerne. Wir helfen Ihnen bei der Auswahl der passenden Geschmacks- und Nikotinst\u00e4rke f\u00fcr Ihre Kunden.<\/p>","protected":false},"excerpt":{"rendered":"<p>What is the charm of SFOG Soul Bar 15000 mouth beverage flavored vapes? If you love the choice of drinking<\/p>","protected":false},"featured_media":13632,"comment_status":"open","ping_status":"closed","template":"","meta":[],"product_brand":[208],"product_cat":[124,185,1635,176,177,174,175,193,191,135,173,186,180,190],"product_tag":[],"class_list":{"0":"post-13604","1":"product","2":"type-product","3":"status-publish","4":"has-post-thumbnail","6":"product_brand-sfog","7":"product_cat-vape-by-brand","8":"product_cat-10000-puffs-high-capacity","9":"product_cat-15000-puffs","10":"product_cat-beverage","11":"product_cat-dessert-sweets","12":"product_cat-fruit-flavors","13":"product_cat-icy-mint","14":"product_cat-mesh-coil","15":"product_cat-rechargeable-disposables","16":"product_cat-sfog","17":"product_cat-vape-by-flavor-profile","18":"product_cat-vape-by-nicotine-strength","19":"product_cat-vape-by-puff-count","20":"product_cat-vape-by-feature-or-type","22":"first","23":"onbackorder","24":"shipping-taxable","25":"purchasable","26":"product-type-variable","27":"has-default-attributes"},"tiered_pricing_type":"percentage","tiered_pricing_fixed_rules":[],"tiered_pricing_product_settings":{"layout":"default","base_unit_name":{"singular":null,"plural":null},"default_variation":null},"tiered_pricing_minimum_quantity":10,"tiered_pricing_roles_data":[],"tiered_pricing_percentage_rules":{"30":"29","50":"35","100":"40","200":"44","500":"47","1000":"49"},"tiered_pricing_maximum_quantity":null,"tiered_pricing_quantity_step":"10","_links":{"self":[{"href":"https:\/\/agoravape.com\/de\/wp-json\/wp\/v2\/product\/13604","targetHints":{"allow":["GET"]}}],"collection":[{"href":"https:\/\/agoravape.com\/de\/wp-json\/wp\/v2\/product"}],"about":[{"href":"https:\/\/agoravape.com\/de\/wp-json\/wp\/v2\/types\/product"}],"replies":[{"embeddable":true,"href":"https:\/\/agoravape.com\/de\/wp-json\/wp\/v2\/comments?post=13604"}],"version-history":[{"count":0,"href":"https:\/\/agoravape.com\/de\/wp-json\/wp\/v2\/product\/13604\/revisions"}],"wp:featuredmedia":[{"embeddable":true,"href":"https:\/\/agoravape.com\/de\/wp-json\/wp\/v2\/media\/13632"}],"wp:attachment":[{"href":"https:\/\/agoravape.com\/de\/wp-json\/wp\/v2\/media?parent=13604"}],"wp:term":[{"taxonomy":"product_brand","embeddable":true,"href":"https:\/\/agoravape.com\/de\/wp-json\/wp\/v2\/product_brand?post=13604"},{"taxonomy":"product_cat","embeddable":true,"href":"https:\/\/agoravape.com\/de\/wp-json\/wp\/v2\/product_cat?post=13604"},{"taxonomy":"product_tag","embeddable":true,"href":"https:\/\/agoravape.com\/de\/wp-json\/wp\/v2\/product_tag?post=13604"}],"curies":[{"name":"wp","href":"https:\/\/api.w.org\/{rel}","templated":true}]}}