{"id":13762,"date":"2025-10-11T21:27:21","date_gmt":"2025-10-11T13:27:21","guid":{"rendered":"https:\/\/green-grasshopper-921422.hostingersite.com\/?post_type=product&#038;p=13762"},"modified":"2026-01-19T22:07:25","modified_gmt":"2026-01-19T14:07:25","slug":"fihp-15000-puffs-led-display-vape","status":"publish","type":"product","link":"https:\/\/agoravape.com\/de\/product\/fihp-15000-puffs-led-display-vape\/","title":{"rendered":"FIHP Einweg-E-Zigarette mit LED-Anzeige f\u00fcr 15.000 Z\u00fcge | Gro\u00dfe Z\u00fcge. Klares Display. Unkompliziert."},"content":{"rendered":"<h2 data-v-md-heading=\"what-about-disposable-vapes-with-fihp-15000-led-display-screens\" data-v-md-line=\"3\"><\/h2>\n<h2 data-v-md-heading=\"what-about-disposable-vapes-with-fihp-15000-led-display-screens\" data-v-md-line=\"3\">Wie sieht es mit Einweg-E-Zigaretten mit FIHP 15000 LED-Displays aus?<\/h2>\n<p data-v-md-line=\"4\">Sind Sie es leid, dass Einweg-E-Zigaretten immer dann leer sind, wenn Sie sie am dringendsten brauchen? Dann sollten Sie sich dieses Produkt unbedingt ansehen. Die FIHP Einweg-E-Zigarette mit 15.000 Ports und LED-Display ist f\u00fcr den Langzeitgebrauch konzipiert. Sie ist einfach zu bedienen, zuverl\u00e4ssig, bietet exzellenten Geschmack und ben\u00f6tigt keine weitere Wartung.<\/p>\n<p data-v-md-line=\"6\">F\u00fcr alle, die eine Einweg-E-Zigarette mit gro\u00dfem Fassungsverm\u00f6gen und einfacher Bedienung suchen, ist dieses Produkt die beste Wahl. Keine Kn\u00f6pfe, keine Men\u00fcs \u2013 einfach sanft ziehen. Man k\u00f6nnte meinen, eine E-Zigarette mit so gro\u00dfem Fassungsverm\u00f6gen sei klobig, aber \u00fcberraschenderweise ist sie sehr preisg\u00fcnstig.<\/p>\n<h2 data-v-md-heading=\"excellent-performance-no-need-for-any-operation\" data-v-md-line=\"8\">Hervorragende Leistung, keine Bedienung erforderlich<\/h2>\n<p data-v-md-line=\"9\">Die Mesh-Spule sorgt f\u00fcr einen reinen und gleichbleibenden Geschmack vom ersten bis zum letzten Bissen. Auch nach einer Woche Nutzung entsteht kein verbrannter Geruch. Dank des 650-mAh-Akkus und des USB-C-Anschlusses k\u00f6nnen Sie Ihr Smartphone bequem per Ladekabel aufladen. Das \u00fcbersichtliche LED-Display erm\u00f6glicht Ihnen jederzeit die volle Kontrolle.<\/p>\n<h2 data-v-md-heading=\"specification-overview\" data-v-md-line=\"11\">Specification Overview<\/h2>\n<ul data-v-md-line=\"12\">\n<li>Saugfrequenz: bis zu 15000 Mal<\/li>\n<li>Nikotingehalt: 2 %. Handelsmarken erhalten 5 % Rabatt, m\u00fcssen aber die lokalen Vorschriften einhalten.<\/li>\n<li>Working principle: Activated by inhalation<\/li>\n<li>Charging: Standard Type-C USB interface<\/li>\n<li>Status: Sofort einsatzbereit<\/li>\n<\/ul>\n<p data-v-md-line=\"18\">Weitere Details:<\/p>\n<ul data-v-md-line=\"19\">\n<li>Spule: Drahtspule<\/li>\n<li>E-Liquid-Kapazit\u00e4t: 22 Milliliter<\/li>\n<li>Akku: 650 mAh<\/li>\n<li>Funktion: LED-Anzeige<\/li>\n<\/ul>\n<h2 data-v-md-heading=\"full-range-of-flavors\" data-v-md-line=\"25\">Full range of flavors<\/h2>\n<ul data-v-md-line=\"26\">\n<li>Herr Blau<\/li>\n<li>Blue Rink Ice<\/li>\n<li>Watermelon Ice<\/li>\n<li>Energy-Drinks<\/li>\n<li>Grape Ice<\/li>\n<li>Pfirsicheis<\/li>\n<li>Kiwi, Passionsfrucht, Guave<\/li>\n<li>Strawberry kiwi fruit<\/li>\n<li>Pfirsich, Mango, Ananas<\/li>\n<li>Erdbeere, Himbeere, Kirsche<\/li>\n<\/ul>\n<h2 data-v-md-heading=\"for-you-for-your-business\" data-v-md-line=\"37\">F\u00fcr Sie, f\u00fcr Ihr Unternehmen<\/h2>\n<p data-v-md-line=\"38\">Sie k\u00f6nnen bedenkenlos ausw\u00e4hlen und auch bedenkenlos f\u00fcr Ihr Sortiment einkaufen. Wir bieten Gro\u00dfhandelskartons mit 200 St\u00fcck an, sodass Sie beliebte Sorten jederzeit vorr\u00e4tig haben, ohne h\u00e4ufig nachbestellen zu m\u00fcssen. Wir arbeiten mit zuverl\u00e4ssigen Partnern wie UPS, DPD und DHL zusammen und versenden per Duty Paid Delivery (DDP). Das bedeutet f\u00fcr Sie: keine Zollgeb\u00fchren und keine unerwarteten Probleme beim Zoll.<\/p>\n<h2 data-v-md-heading=\"why-do-you-like-it\" data-v-md-line=\"40\">Why do you like it<\/h2>\n<ul data-v-md-line=\"41\">\n<li>Gro\u00dfe Rauchkapazit\u00e4t: robust und langlebig, kein h\u00e4ufiger Kauf neuer Zigaretten n\u00f6tig.<\/li>\n<li>Auswahl der Nikotinkonzentration: W\u00e4hlen Sie die Konzentration, die Ihrem Markt oder Ihren Pr\u00e4ferenzen entspricht.<\/li>\n<li>Wiederaufladbar: Sie k\u00f6nnen alle gekauften E-Liquids verwenden.<\/li>\n<li>Mesh-Verdampferkern: Sorgt jedes Mal f\u00fcr einen stabilen und langanhaltenden Geschmack.<\/li>\n<li>LED-Display: Klare Statusanzeige auf einen Blick, sodass Sie den aktuellen Status jederzeit im Blick behalten k\u00f6nnen.<\/li>\n<\/ul>\n<h2 data-v-md-heading=\"why-choose-agoravape\" data-v-md-line=\"47\">Why choose AgoraVape?<\/h2>\n<p data-v-md-line=\"48\">Wir verkaufen ausschlie\u00dflich 100% Originalprodukte \u2013 daran bestehen keine Zweifel. Gewerbliche Kunden profitieren von \u00e4u\u00dferst wettbewerbsf\u00e4higen Gro\u00dfhandelspreisen, zuverl\u00e4ssigem Support und einem schnellen und zuverl\u00e4ssigen Versand des FIHP 15000 LED-Display-Einweg-Vape-Ger\u00e4ts. Wenn Sie ein Ger\u00e4t erwerben m\u00f6chten, das Ihre Kunden wirklich zu sch\u00e4tzen wissen, kontaktieren Sie uns.<\/p>","protected":false},"excerpt":{"rendered":"<p>Wie w\u00e4re es mit Einwegverdampfern mit FIHP 15000 LED-Bildschirmen? Wenn Sie genug von Einwegverdampfern haben, die verwendet werden<\/p>","protected":false},"featured_media":13784,"comment_status":"open","ping_status":"closed","template":"","meta":[],"product_brand":[209],"product_cat":[124,185,1635,189,176,136,174,175,193,191,173,186,180,190,192],"product_tag":[],"class_list":{"0":"post-13762","1":"product","2":"type-product","3":"status-publish","4":"has-post-thumbnail","6":"product_brand-fihp","7":"product_cat-vape-by-brand","8":"product_cat-10000-puffs-high-capacity","9":"product_cat-15000-puffs","10":"product_cat-20mg-standard-nicotine-vapes","11":"product_cat-beverage","12":"product_cat-fihp","13":"product_cat-fruit-flavors","14":"product_cat-icy-mint","15":"product_cat-mesh-coil","16":"product_cat-rechargeable-disposables","17":"product_cat-vape-by-flavor-profile","18":"product_cat-vape-by-nicotine-strength","19":"product_cat-vape-by-puff-count","20":"product_cat-vape-by-feature-or-type","21":"product_cat-vapes-with-screens","23":"first","24":"onbackorder","25":"shipping-taxable","26":"purchasable","27":"product-type-variable","28":"has-default-attributes"},"tiered_pricing_type":"percentage","tiered_pricing_fixed_rules":[],"tiered_pricing_product_settings":{"layout":"default","base_unit_name":{"singular":null,"plural":null},"default_variation":null},"tiered_pricing_minimum_quantity":10,"tiered_pricing_roles_data":[],"tiered_pricing_percentage_rules":{"50":"35","100":"40","200":"44","500":"47","1000":"49"},"tiered_pricing_maximum_quantity":null,"tiered_pricing_quantity_step":"10","_links":{"self":[{"href":"https:\/\/agoravape.com\/de\/wp-json\/wp\/v2\/product\/13762","targetHints":{"allow":["GET"]}}],"collection":[{"href":"https:\/\/agoravape.com\/de\/wp-json\/wp\/v2\/product"}],"about":[{"href":"https:\/\/agoravape.com\/de\/wp-json\/wp\/v2\/types\/product"}],"replies":[{"embeddable":true,"href":"https:\/\/agoravape.com\/de\/wp-json\/wp\/v2\/comments?post=13762"}],"version-history":[{"count":0,"href":"https:\/\/agoravape.com\/de\/wp-json\/wp\/v2\/product\/13762\/revisions"}],"wp:featuredmedia":[{"embeddable":true,"href":"https:\/\/agoravape.com\/de\/wp-json\/wp\/v2\/media\/13784"}],"wp:attachment":[{"href":"https:\/\/agoravape.com\/de\/wp-json\/wp\/v2\/media?parent=13762"}],"wp:term":[{"taxonomy":"product_brand","embeddable":true,"href":"https:\/\/agoravape.com\/de\/wp-json\/wp\/v2\/product_brand?post=13762"},{"taxonomy":"product_cat","embeddable":true,"href":"https:\/\/agoravape.com\/de\/wp-json\/wp\/v2\/product_cat?post=13762"},{"taxonomy":"product_tag","embeddable":true,"href":"https:\/\/agoravape.com\/de\/wp-json\/wp\/v2\/product_tag?post=13762"}],"curies":[{"name":"wp","href":"https:\/\/api.w.org\/{rel}","templated":true}]}}