{"id":13804,"date":"2025-10-11T21:39:53","date_gmt":"2025-10-11T13:39:53","guid":{"rendered":"https:\/\/green-grasshopper-921422.hostingersite.com\/?post_type=product&#038;p=13804"},"modified":"2026-02-22T15:15:12","modified_gmt":"2026-02-22T14:15:12","slug":"fihp-shisha-wasserpfeife-12000-zuge-dtl-vape","status":"publish","type":"product","link":"https:\/\/agoravape.com\/de\/product\/fihp-shisha-hookah-12000-puffs-dtl-vape\/","title":{"rendered":"FIHP Shisha Hookah 12000 Z\u00fcge DTL LED Vape | Langanhaltender DTL-Geschmack mit einfacher USB-C-Aufladung"},"content":{"rendered":"<h2 data-v-md-heading=\"what-are-the-highlights-of-the-fihp-shisha-hookah-12000-dtl-led-vape\" data-v-md-line=\"3\"><\/h2>\n<h2 data-v-md-heading=\"what-are-the-highlights-of-the-fihp-shisha-hookah-12000-dtl-led-vape\" data-v-md-line=\"3\">Was sind die Highlights der FIHP Shisha Hookah 12000 DTL LED vape?<\/h2>\n<p data-v-md-line=\"4\">Wenn Sie genug von Einweg-Vapes haben, die gleich nach dem Rauchen aufgebraucht sind, sollten Sie sich dieses Produkt ansehen. Die FIHP Shisha Hookah kann bis zu 12000 Ports aussto\u00dfen, und die DTL-Ansaugung ist sanft, so dass es einfach ist, befriedigenden Dampf ohne jegliche Bedienung zu spr\u00fchen.<\/p>\n<p data-v-md-line=\"6\">Es ist f\u00fcr jeden geeignet, der einen langanhaltenden, bequemen, konsistenten Geschmack und eine einfache Handhabung w\u00fcnscht. Keine Einstellungen erforderlich, keine Tasten ben\u00f6tigt. Einfach sauber inhalieren, mit einer klaren LED-Anzeige und zuverl\u00e4ssiges Aufladen, wenn n\u00f6tig.<\/p>\n<h2 data-v-md-heading=\"excellent-performance-without-any-complex-operations\" data-v-md-line=\"8\">Hervorragende Leistung ohne komplexe Abl\u00e4ufe<\/h2>\n<p data-v-md-line=\"9\">Die Mesh-Spule befindet sich im Kern des Ger\u00e4ts, so dass jeder Bissen so k\u00f6stlich wie der erste ist. Behalten Sie einen ausgepr\u00e4gten und ausgewogenen Geschmack bei. Wenn der Akku leer ist, ist kein spezielles Datenkabel erforderlich. Schlie\u00dfen Sie ihn einfach an ein Standard-Typ-C-Ladeger\u00e4t an, um ihn weiter zu verwenden. Einfach zu verwenden.<\/p>\n<h2 data-v-md-heading=\"specification-overview\" data-v-md-line=\"11\">Specification Overview<\/h2>\n<ul data-v-md-line=\"12\">\n<li>Saugfrequenz: bis zu 12000 Mal<\/li>\n<li>Nikotingehalt: 6 Milligramm<\/li>\n<li>Funktionsprinzip: Aktivierung mit nur einem Zug<\/li>\n<li>Lademethode: Standard Typ-C USB-Anschluss<\/li>\n<li>Status: Sofort einsatzbereit nach dem Auspacken<\/li>\n<\/ul>\n<h2 data-v-md-heading=\"full-range-of-flavors\" data-v-md-line=\"18\">Full range of flavors<\/h2>\n<ul data-v-md-line=\"19\">\n<li>Watermelon Ice<\/li>\n<li>Grape Ice<\/li>\n<li>Blaubeeren und Himbeeren<\/li>\n<li>Strawberry kiwi fruit<\/li>\n<li>Gemischte Beeren<\/li>\n<li>Strawberry watermelon<\/li>\n<li>Watermelon Bubble Gum<\/li>\n<li>Peach Mang Pineapple<\/li>\n<li>Kiwi, Passionsfrucht, Guave<\/li>\n<li>Erdbeere, Himbeere, Kirsche<\/li>\n<\/ul>\n<h2 data-v-md-heading=\"for-you-for-your-business\" data-v-md-line=\"30\">F\u00fcr Sie, f\u00fcr Ihr Unternehmen<\/h2>\n<p data-v-md-line=\"31\">Sie k\u00f6nnen eine f\u00fcr sich selbst w\u00e4hlen oder einen Vorrat f\u00fcr Ihr Gesch\u00e4ft anlegen. Gro\u00dfhandel verpackt, 200 St\u00fcck pro Karton, bequeme und effiziente Lagerung und Transport. Das Gesamtgewicht des Kartons ist etwa 20 Kilogramm, so dass Ihre Logistikplanung sehr einfach ist.<\/p>\n<p data-v-md-line=\"33\">Wir bieten steuerpflichtige DDP-Dienste \u00fcber vertrauensw\u00fcrdige Partner wie UPS, DPD und DHL an, die in ganz Europa versandt werden k\u00f6nnen, um eine reibungslose Lieferung Ihrer Bestellung zu gew\u00e4hrleisten und Zollunf\u00e4lle zu vermeiden. Wenn Sie Nikotinprodukte verkaufen, achten Sie bitte auf die Einhaltung der lokalen Vorschriften in Ihrem Markt.<\/p>\n<h2 data-v-md-heading=\"why-do-you-like-it\" data-v-md-line=\"35\">Why do you like it<\/h2>\n<ul data-v-md-line=\"36\">\n<li>Hohe Saugkraft: langlebig und robust, kein h\u00e4ufiger Austausch erforderlich.<\/li>\n<li>Auswahl der Nikotinkonzentration: Wenn Sie einen sanfteren Geschmack bevorzugen, k\u00f6nnen Sie eine stabile Konzentration von 6 mg w\u00e4hlen.<\/li>\n<li>Wiederaufladbar: Das von Ihnen gekaufte E-Liquid h\u00e4lt so lange, bis es aufgebraucht ist.<\/li>\n<li>Mesh-Spulenspule: Sie sorgt jedes Mal f\u00fcr einen gleichbleibenden und vollmundigen Geschmack.<\/li>\n<li>Feine Absaugung: Sanfte Ansaugung sorgt f\u00fcr nat\u00fcrlichen und sanften Rauch.<\/li>\n<\/ul>\n<h2 data-v-md-heading=\"why-choose-to-collaborate-with-agoravape\" data-v-md-line=\"42\">Warum sollten Sie sich f\u00fcr eine Zusammenarbeit mit AgoraVape entscheiden?<\/h2>\n<p data-v-md-line=\"43\">Als einer der vertrauensw\u00fcrdigsten Vape-H\u00e4ndler in Europa verkaufen wir nur 100% Originalprodukte. F\u00fcr gewerbliche Kunden bedeutet dies, dass FIHP Shisha Hookah 12000 Puffs DTL LED Vapes erm\u00e4\u00dfigte Gro\u00dfhandelspreise, reaktionsschnelle Kundenbetreuung und schnelle und zuverl\u00e4ssige Lieferdienste bietet. Willkommen bei uns zu kontaktieren und bereiten Sie ein vertrauensw\u00fcrdiges Ger\u00e4t f\u00fcr Ihre Kunden.<\/p>","protected":false},"excerpt":{"rendered":"<p>Was sind die Highlights der FIHP Shisha Hookah 12000 DTL LED Vape? Wenn Sie genug von Einwegdampfern haben<\/p>","protected":false},"featured_media":13811,"comment_status":"open","ping_status":"closed","template":"","meta":[],"product_brand":[209],"product_cat":[124,185,1634,189,177,136,174,193,191,173,186,180,190,192],"product_tag":[],"class_list":{"0":"post-13804","1":"product","2":"type-product","3":"status-publish","4":"has-post-thumbnail","6":"product_brand-fihp","7":"product_cat-vape-by-brand","8":"product_cat-10000-puffs-high-capacity","9":"product_cat-12000-puffs","10":"product_cat-20mg-standard-nicotine-vapes","11":"product_cat-dessert-sweets","12":"product_cat-fihp","13":"product_cat-fruit-flavors","14":"product_cat-mesh-coil","15":"product_cat-rechargeable-disposables","16":"product_cat-vape-by-flavor-profile","17":"product_cat-vape-by-nicotine-strength","18":"product_cat-vape-by-puff-count","19":"product_cat-vape-by-feature-or-type","20":"product_cat-vapes-with-screens","22":"first","23":"onbackorder","24":"shipping-taxable","25":"purchasable","26":"product-type-variable","27":"has-default-attributes"},"tiered_pricing_type":"percentage","tiered_pricing_fixed_rules":[],"tiered_pricing_product_settings":{"layout":"default","base_unit_name":{"singular":null,"plural":null},"default_variation":null},"tiered_pricing_minimum_quantity":10,"tiered_pricing_roles_data":[],"tiered_pricing_percentage_rules":{"50":"35","100":"40","200":"44","500":"47","1000":"49"},"tiered_pricing_maximum_quantity":null,"tiered_pricing_quantity_step":"10","_links":{"self":[{"href":"https:\/\/agoravape.com\/de\/wp-json\/wp\/v2\/product\/13804","targetHints":{"allow":["GET"]}}],"collection":[{"href":"https:\/\/agoravape.com\/de\/wp-json\/wp\/v2\/product"}],"about":[{"href":"https:\/\/agoravape.com\/de\/wp-json\/wp\/v2\/types\/product"}],"replies":[{"embeddable":true,"href":"https:\/\/agoravape.com\/de\/wp-json\/wp\/v2\/comments?post=13804"}],"version-history":[{"count":0,"href":"https:\/\/agoravape.com\/de\/wp-json\/wp\/v2\/product\/13804\/revisions"}],"wp:featuredmedia":[{"embeddable":true,"href":"https:\/\/agoravape.com\/de\/wp-json\/wp\/v2\/media\/13811"}],"wp:attachment":[{"href":"https:\/\/agoravape.com\/de\/wp-json\/wp\/v2\/media?parent=13804"}],"wp:term":[{"taxonomy":"product_brand","embeddable":true,"href":"https:\/\/agoravape.com\/de\/wp-json\/wp\/v2\/product_brand?post=13804"},{"taxonomy":"product_cat","embeddable":true,"href":"https:\/\/agoravape.com\/de\/wp-json\/wp\/v2\/product_cat?post=13804"},{"taxonomy":"product_tag","embeddable":true,"href":"https:\/\/agoravape.com\/de\/wp-json\/wp\/v2\/product_tag?post=13804"}],"curies":[{"name":"wp","href":"https:\/\/api.w.org\/{rel}","templated":true}]}}