{"id":13996,"date":"2025-10-12T13:27:58","date_gmt":"2025-10-12T05:27:58","guid":{"rendered":"https:\/\/green-grasshopper-921422.hostingersite.com\/?post_type=product&#038;p=13996"},"modified":"2026-01-19T22:07:00","modified_gmt":"2026-01-19T14:07:00","slug":"fumud-12k-puffs-leistungsanzeige-vape","status":"publish","type":"product","link":"https:\/\/agoravape.com\/de\/product\/fumud-12k-puffs-power-indicator-vape\/","title":{"rendered":"Fumud 12K Puffs Einweg-E-Zigarette mit Akkuanzeige | Langanhaltender Geschmack \u2013 ganz einfach"},"content":{"rendered":"<h2 data-v-md-heading=\"what-about-the-fumud-12k-disposable-vape-with-battery-indicator-light\" data-v-md-line=\"3\">Und wie sieht es mit der Fumud 12K Einweg-E-Zigarette mit Akkuanzeige aus?<\/h2>\n<p data-v-md-line=\"4\">Sind Sie es leid, dass Einweg-E-Zigaretten schnell leer sind? Dann sollten Sie sich dieses Produkt genauer ansehen. Die Fumud 12K bietet eine Kapazit\u00e4t von bis zu 12.000 Z\u00fcgen und verf\u00fcgt \u00fcber gut sichtbare Akku- und Liquid-Anzeigen an der Vorderseite, sodass Sie jederzeit \u00fcber den aktuellen Status informiert sind. Kein R\u00e4tselraten mehr und kein unerwartetes Dry-In-Gehen mehr.<\/p>\n<p data-v-md-line=\"6\">Ideal f\u00fcr alle, die ein zuverl\u00e4ssiges, genussvolles und unkompliziertes Dampferlebnis suchen. Zum Aktivieren einfach inhalieren. Geladen wird \u00fcber den USB-C-Anschluss. Vom ersten bis zum letzten Zug genie\u00dfen Sie den unverf\u00e4lschten Geschmack der Mesh-Coil. Simpel und intuitiv.<\/p>\n<h2 data-v-md-heading=\"excellent-performance-without-any-complexity\" data-v-md-line=\"8\">Excellent performance without any complexity<\/h2>\n<p data-v-md-line=\"9\">Die Mesh-Spule ist das Herzst\u00fcck des Fumud 12K. Deshalb bietet jeder Zug ein gleichm\u00e4\u00dfiges und sanftes Geschmackserlebnis. Bei niedrigem Akkustand k\u00f6nnen Sie das mitgelieferte USB-C-Kabel verwenden. Die Akku- und F\u00fcllstandsanzeige auf dem Display informiert Sie, wann Sie laden m\u00fcssen und wann das E-Liquid zur Neige geht. Sie denken vielleicht, dass Einweg-E-Zigaretten mit gro\u00dfem Mundst\u00fcck umst\u00e4ndlich sein k\u00f6nnen, aber dieses Produkt ist sehr einfach und benutzerfreundlich.<\/p>\n<h2 data-v-md-heading=\"specification-introduction\" data-v-md-line=\"11\">Specification Introduction<\/h2>\n<ul data-v-md-line=\"12\">\n<li>Saugfrequenz: bis zu 12000 Mal<\/li>\n<li>Nikotingehalt: 2 % (20 mg\/ml), entspricht den TPD-Standards<\/li>\n<li>Working principle: Activated by inhalation<\/li>\n<li>Charging: Standard Type-C USB interface<\/li>\n<li>Status: Sofort einsatzbereit<\/li>\n<li>E-Liquid-Kapazit\u00e4t: 20 Milliliter<\/li>\n<li>Atomisierungskern: Maschenatomisierungskern<\/li>\n<li>Akku: 500-mAh-Akku<\/li>\n<li>Kontrollleuchten: Anzeige des Akkustands und des E-Liquid-F\u00fcllstands<\/li>\n<li>Verpackung: 10 St\u00fcck pro Displaykarton, 200 St\u00fcck pro Karton<\/li>\n<\/ul>\n<h2 data-v-md-heading=\"full-range-of-flavors\" data-v-md-line=\"23\">Full range of flavors<\/h2>\n<ul data-v-md-line=\"24\">\n<li>Erdbeer- und Wassermelonengeschmack<\/li>\n<li>Blaubeer- und Zitronenwassergeschmack<\/li>\n<li>Kiwi-, Passionsfrucht- und Guavengeschmack<\/li>\n<li>Eisiger Blaubeergeschmack<\/li>\n<li>Traubeneisgeschmack<\/li>\n<li>Kirsch-Cola-Geschmack<\/li>\n<li>Wassermelonen-Eisgeschmack<\/li>\n<li>Mixed berry flavor<\/li>\n<li>Geschmack von rosa Zitronenwasser<\/li>\n<li>Pfirsich-Eisgeschmack<\/li>\n<li>Eiscremegeschmack<\/li>\n<li>Zitronenwasser mit Beerengeschmack<\/li>\n<li>Erdbeere und Banane<\/li>\n<li>Dr. Lan<\/li>\n<li>Kirsche<\/li>\n<li>Drachenfrucht-Eis<\/li>\n<li>Love 66<\/li>\n<li>Strawberry Ice<\/li>\n<li>Black Ice<\/li>\n<li>Vimto<\/li>\n<\/ul>\n<p data-v-md-line=\"45\">Erleben Sie den Geschmack im Handumdrehen. Blaubeer-Zitronenwasser vereint s\u00fc\u00df-saure Aromen. Wassermeloneneis sorgt f\u00fcr Erfrischung und K\u00fchlung, ohne zu intensiv zu sein. Die gemischten Beeren \u00fcberzeugen mit einem saftigen und milden Geschmack.<\/p>\n<h2 data-v-md-heading=\"for-you-and-your-business\" data-v-md-line=\"47\">For you and your business<\/h2>\n<p data-v-md-line=\"48\">Sie k\u00f6nnen die Fumud 12K Einweg-E-Zigarette mit Ladeanzeige separat f\u00fcr den pers\u00f6nlichen Gebrauch erwerben. F\u00fcr Gesch\u00e4ftskunden bieten wir Displayboxen mit 10 St\u00fcck oder Kartonverpackungen mit 200 St\u00fcck an. Innerhalb Europas versenden wir Ihre Bestellung versteuert und arbeiten mit zuverl\u00e4ssigen Versanddienstleistern wie UPS, DPD und DHL zusammen. So stellen wir sicher, dass Ihre Bestellung nach der Steuerzahlung ankommt und keine Probleme mit dem Zoll entstehen.<\/p>\n<p data-v-md-line=\"50\">Wir ben\u00f6tigen eine zuverl\u00e4ssige Warenquelle. Wir unterst\u00fctzen Sie bei der Planung Ihrer Nachbestellungen und sorgen durch regelm\u00e4\u00dfige Sortimentsaktualisierungen daf\u00fcr, dass Ihre Regale stets mit frischen Produkten gef\u00fcllt sind.<\/p>\n<h2 data-v-md-heading=\"why-do-you-like-it\" data-v-md-line=\"52\">Why do you like it<\/h2>\n<ul data-v-md-line=\"53\">\n<li>Hohe Rauchkapazit\u00e4t: l\u00e4ngere Akkulaufzeit, kein h\u00e4ufiger Kauf neuer Kartuschen n\u00f6tig.<\/li>\n<li>Klare Akkuanzeige: Zeigt an, wann der Akku geladen werden muss und verringert das Risiko, dass er leer wird.<\/li>\n<li>Rechargeable: You can use all purchased e-liquids.<\/li>\n<li>Mesh-Spulenspule: Sie sorgt jedes Mal f\u00fcr einen gleichbleibenden und vollmundigen Geschmack.<\/li>\n<li>2 % Nikotin, das den TPD-Standards entspricht: Dies ist ein bekanntes Merkmal f\u00fcr erwachsene Dampfer, die ein st\u00e4rkeres Kratzen im Hals bevorzugen.<\/li>\n<\/ul>\n<h2 data-v-md-heading=\"why-choose-to-collaborate-with-agoravape\" data-v-md-line=\"59\">Warum sollten Sie sich f\u00fcr eine Zusammenarbeit mit AgoraVape entscheiden?<\/h2>\n<p data-v-md-line=\"60\">Wir verkaufen ausschlie\u00dflich 100% Original-Fumud-Ger\u00e4te. Profitieren Sie von wettbewerbsf\u00e4higen Gro\u00dfhandelspreisen, einfachen Zahlungsbedingungen und schnellem Kundenservice. Bestellungen werden schnell per DDP mit UPS, DPD und DHL versendet. Wir erf\u00fcllen alle EU-Vorschriften, einschlie\u00dflich Altersverifizierung und Nikotingrenzwerten. Die Zahlung ist sicher und zuverl\u00e4ssig, und Ihre Sendung kann jederzeit nachverfolgt werden. Kontaktieren Sie uns \u2013 Ihre Kunden werden Ihr Produkt zu sch\u00e4tzen wissen.<\/p>","protected":false},"excerpt":{"rendered":"<p>&nbsp;<\/p>\n<p><script src=\"chrome-extension:\/\/fpelahbljekknahkcaegamhcndkfpfnc\/iFrame.js\" type=\"text\/javascript\"><\/script><\/p>\n<p><script src=\"chrome-extension:\/\/fpelahbljekknahkcaegamhcndkfpfnc\/iFrame.js\" type=\"text\/javascript\"><\/script><\/p>\n<p><script src=\"chrome-extension:\/\/fpelahbljekknahkcaegamhcndkfpfnc\/iFrame.js\" type=\"text\/javascript\"><\/script><\/p>","protected":false},"featured_media":14026,"comment_status":"open","ping_status":"closed","template":"","meta":[],"product_brand":[210],"product_cat":[124,185,189,137,176,177,174,175,193,191,179,173,186,180,190,192],"product_tag":[],"class_list":{"0":"post-13996","1":"product","2":"type-product","3":"status-publish","4":"has-post-thumbnail","6":"product_brand-airmez","7":"product_cat-vape-by-brand","8":"product_cat-10000-puffs-high-capacity","9":"product_cat-20mg-standard-nicotine-vapes","10":"product_cat-airmez","11":"product_cat-beverage","12":"product_cat-dessert-sweets","13":"product_cat-fruit-flavors","14":"product_cat-icy-mint","15":"product_cat-mesh-coil","16":"product_cat-rechargeable-disposables","17":"product_cat-unique-blends","18":"product_cat-vape-by-flavor-profile","19":"product_cat-vape-by-nicotine-strength","20":"product_cat-vape-by-puff-count","21":"product_cat-vape-by-feature-or-type","22":"product_cat-vapes-with-screens","24":"first","25":"onbackorder","26":"shipping-taxable","27":"purchasable","28":"product-type-variable","29":"has-default-attributes"},"tiered_pricing_type":"percentage","tiered_pricing_fixed_rules":[],"tiered_pricing_product_settings":{"layout":"default","base_unit_name":{"singular":null,"plural":null},"default_variation":null},"tiered_pricing_minimum_quantity":10,"tiered_pricing_roles_data":[],"tiered_pricing_percentage_rules":{"30":"29","50":"35","100":"40","200":"44","500":"47","1000":"49"},"tiered_pricing_maximum_quantity":null,"tiered_pricing_quantity_step":"10","_links":{"self":[{"href":"https:\/\/agoravape.com\/de\/wp-json\/wp\/v2\/product\/13996","targetHints":{"allow":["GET"]}}],"collection":[{"href":"https:\/\/agoravape.com\/de\/wp-json\/wp\/v2\/product"}],"about":[{"href":"https:\/\/agoravape.com\/de\/wp-json\/wp\/v2\/types\/product"}],"replies":[{"embeddable":true,"href":"https:\/\/agoravape.com\/de\/wp-json\/wp\/v2\/comments?post=13996"}],"version-history":[{"count":0,"href":"https:\/\/agoravape.com\/de\/wp-json\/wp\/v2\/product\/13996\/revisions"}],"wp:featuredmedia":[{"embeddable":true,"href":"https:\/\/agoravape.com\/de\/wp-json\/wp\/v2\/media\/14026"}],"wp:attachment":[{"href":"https:\/\/agoravape.com\/de\/wp-json\/wp\/v2\/media?parent=13996"}],"wp:term":[{"taxonomy":"product_brand","embeddable":true,"href":"https:\/\/agoravape.com\/de\/wp-json\/wp\/v2\/product_brand?post=13996"},{"taxonomy":"product_cat","embeddable":true,"href":"https:\/\/agoravape.com\/de\/wp-json\/wp\/v2\/product_cat?post=13996"},{"taxonomy":"product_tag","embeddable":true,"href":"https:\/\/agoravape.com\/de\/wp-json\/wp\/v2\/product_tag?post=13996"}],"curies":[{"name":"wp","href":"https:\/\/api.w.org\/{rel}","templated":true}]}}