{"id":14104,"date":"2025-10-12T21:33:32","date_gmt":"2025-10-12T13:33:32","guid":{"rendered":"https:\/\/green-grasshopper-921422.hostingersite.com\/?post_type=product&#038;p=14104"},"modified":"2026-01-30T17:28:53","modified_gmt":"2026-01-30T09:28:53","slug":"aivono-ziel-fatbear-80k-puffs-3-in-1-vape","status":"publish","type":"product","link":"https:\/\/agoravape.com\/de\/product\/aivono-aim-fatbear-80k-puffs-3-in-1-vape\/","title":{"rendered":"Aivono Aim Fatbear 80K Puffs 3-in-1 Flavor Vape | Triple Flavour. Huge Lifespan"},"content":{"rendered":"<h2 data-v-md-heading=\"what-is-the-charm-of-aivono-aim-fatbear-80k-vaping-three-in-one\" data-v-md-line=\"3\">Was ist der Reiz des Aivono Aim Fatbear 80K vaping drei in einem?<\/h2>\n<p data-v-md-line=\"4\">Wenn Sie genug von Wegwerfdampfern haben, die in ein paar Tagen aufgebraucht sind, sollten Sie sich dieses Produkt ansehen. Aivono Aim Fatbear ist ein Verdampfer mit einer Akkulaufzeit von bis zu 80000 Z\u00fcgen, der drei Geschmacksrichtungen in sich vereint. Sie m\u00fcssen sich nicht anstrengen, nehmen Sie ihn einfach in die Hand und genie\u00dfen Sie ihn.<\/p>\n<p data-v-md-line=\"6\">Er ist f\u00fcr jeden geeignet, der einfach mehrere Geschmacksrichtungen erleben m\u00f6chte und eine hervorragende Ausdauer hat. Von Anfang bis Ende k\u00f6nnen Sie ein sanftes Saugerlebnis und einen reichen Geschmack genie\u00dfen. Man k\u00f6nnte meinen, dass Verdampfer mit so viel Rauchkapazit\u00e4t sperrig sein w\u00fcrden, aber sie sind \u00fcberraschend klein, messen nur 40 x 40 x 115 Millimeter und passen leicht in eine Tasche.<\/p>\n<h2 data-v-md-heading=\"excellent-performance-easy-and-convenient\" data-v-md-line=\"8\">Excellent performance, easy and convenient<\/h2>\n<p data-v-md-line=\"9\">Die 0,8 \u03a9 Doppelmaschenspirale ist daf\u00fcr verantwortlich, dass jeder Bissen einen reinen und gleichm\u00e4\u00dfigen Geschmack hat. Es absorbiert \u00d6l schnell und hat eine lang anhaltende Duft. Wenn die Batterie niedrig ist, k\u00f6nnen Sie es durch die Typ-C-Schnittstelle aufladen, und das Ladekabel kann das gleiche wie das Telefon-Ladekabel sein. Der 650mAh-Akku ist wiederaufladbar, so dass Sie alle 58 Milliliter E-Liquid verwenden k\u00f6nnen. Die LED-Anzeige erm\u00f6glicht es Ihnen, leicht den Status auf einen Blick zu sehen.<\/p>\n<h2 data-v-md-heading=\"specification-introduction\" data-v-md-line=\"11\">Specification Introduction<\/h2>\n<ul data-v-md-line=\"12\">\n<li>Saugfrequenz: bis zu 80000 Mal<\/li>\n<li>Nikotingehalt: 0 %, 2 %, 3 %, 5 %<\/li>\n<li>Funktionsprinzip: Aktivierung mit nur einem Zug<\/li>\n<li>Charging: Standard Type-C USB interface<\/li>\n<li>Status: Sofort einsatzbereit<\/li>\n<\/ul>\n<h2 data-v-md-heading=\"full-flavor-series\" data-v-md-line=\"18\">Full Flavor-Serie<\/h2>\n<ul data-v-md-line=\"19\">\n<li>Blaubeeren, Himbeeren, Zitroneneis und Ananaseis<\/li>\n<li>Erdbeereis+Wassermeloneneis+Popmusik<\/li>\n<li>Mango-Eis+Ananas-Kokosnuss+Pfirsich-Eis<\/li>\n<li>Kirschsoda-Eis+Coke-Eis+Melonen-Eis<\/li>\n<li>Traubeneis+Minze+Erdbeereis<\/li>\n<li>Gr\u00fcner Apfel (sauer)+Erdbeere-Banane+s\u00e4uerliche Mango-Ananas<\/li>\n<li>Beerenmischung+Erdbeere Kiwi+Erdbeere Wassermelone<\/li>\n<li>Kiwi Passionsfrucht+Liebe 66+Mango Eis<\/li>\n<li>Wassermeloneneis+Pfirsichbeerenfrucht+Kirschcola<\/li>\n<li>Red Bull Energy+Strawberry Watermelon+Raspberry Sugar<\/li>\n<\/ul>\n<h2 data-v-md-heading=\"for-you-and-for-your-business-as-well\" data-v-md-line=\"30\">For you, and for your business as well<\/h2>\n<p data-v-md-line=\"31\">Sie k\u00f6nnen Aivono Aim Fatbear 80K drei in einem aromatisiert vape f\u00fcr den pers\u00f6nlichen Gebrauch oder Kauf f\u00fcr Ihr Gesch\u00e4ft zu kaufen. Der Gro\u00dfhandel wird in Form von 150 Kartons geliefert, mit klaren Verpackungsma\u00dfen f\u00fcr eine einfache Handhabung. Wir bieten DDP-Lieferservices durch vertrauensw\u00fcrdige Partner wie UPS, DPD und DHL, um sicherzustellen, dass Sie Ihre Waren schnell erhalten und die Zollgeb\u00fchren vor der Ankunft erledigen. Verhindern Sie Zollunf\u00e4lle.<\/p>\n<p data-v-md-line=\"33\">Die Vorschriften sind von Land zu Land unterschiedlich. Wenn Sie gro\u00dfe Mengen an Ger\u00e4ten importieren m\u00f6chten, beachten Sie bitte die \u00f6rtlichen Vorschriften. Wir verkaufen nur Originalprodukte von Aivono, damit Sie unbesorgt kaufen k\u00f6nnen.<\/p>\n<h2 data-v-md-heading=\"the-reason-why-you-will-like-it\" data-v-md-line=\"35\">Warum es Ihnen gefallen wird<\/h2>\n<ul data-v-md-line=\"36\">\n<li>Gro\u00dfe Anzahl von M\u00fcndern: Langlebig und langlebig, keine Notwendigkeit, h\u00e4ufig neue Zigaretten zu kaufen.<\/li>\n<li>Auswahl des Nikotingehalts: W\u00e4hlen Sie je nach Ihren Gewohnheiten 0%, 2%, 3% oder 5%.<\/li>\n<li>Wiederaufladbar: Jeder Tropfen E-Liquid, den Sie kaufen, wird vollst\u00e4ndig genutzt.<\/li>\n<li>Mesh-Spulenspule: Sorgt stets f\u00fcr einen gleichbleibend vollen Geschmack.<\/li>\n<li>Dreifach in einer Geschmacksrichtung: Genie\u00dfen Sie mehr Auswahl, ohne mehrere Ger\u00e4te mit sich f\u00fchren zu m\u00fcssen.<\/li>\n<\/ul>\n<h2 data-v-md-heading=\"why-collaborate-with-agoravape\" data-v-md-line=\"42\">Warum mit AgoraVape zusammenarbeiten?<\/h2>\n<p data-v-md-line=\"43\">Wir sind einer der vertrauensw\u00fcrdigsten Vape-Distributoren in Europa, und wir verkaufen nur 100% echte Produkte. F\u00fcr gewerbliche K\u00e4ufer bedeutet dies, dass Aivono Aim Fatbear 80K drei in einem Geschmack vape erm\u00e4\u00dfigte Gro\u00dfhandelspreise, schnelle Kundenbetreuung und schnelle DDP-Lieferdienste bietet. Kontaktieren Sie uns sofort, um diese drei in einem Geschmack vape kaufen, und Ihre Kunden werden definitiv wieder kommen.<\/p>","protected":false},"excerpt":{"rendered":"<p>&nbsp;<\/p>\n<p><script src=\"chrome-extension:\/\/fpelahbljekknahkcaegamhcndkfpfnc\/iFrame.js\" type=\"text\/javascript\"><\/script><\/p>\n<p><script src=\"chrome-extension:\/\/fpelahbljekknahkcaegamhcndkfpfnc\/iFrame.js\" type=\"text\/javascript\"><\/script><\/p>\n<p><script src=\"chrome-extension:\/\/fpelahbljekknahkcaegamhcndkfpfnc\/iFrame.js\" type=\"text\/javascript\"><\/script><\/p>\n<p><script src=\"chrome-extension:\/\/fpelahbljekknahkcaegamhcndkfpfnc\/iFrame.js\" type=\"text\/javascript\"><\/script><\/p>","protected":false},"featured_media":14131,"comment_status":"open","ping_status":"closed","template":"","meta":[],"product_brand":[211],"product_cat":[124,187,185,189,138,176,177,195,174,175,193,191,173,186,180,190,192],"product_tag":[],"class_list":{"0":"post-14104","1":"product","2":"type-product","3":"status-publish","4":"has-post-thumbnail","6":"product_brand-aivono","7":"product_cat-vape-by-brand","8":"product_cat-0mg-nicotine-free-vapes","9":"product_cat-10000-puffs-high-capacity","10":"product_cat-20mg-standard-nicotine-vapes","11":"product_cat-aivono","12":"product_cat-beverage","13":"product_cat-dessert-sweets","14":"product_cat-dual-flavor-switch","15":"product_cat-fruit-flavors","16":"product_cat-icy-mint","17":"product_cat-mesh-coil","18":"product_cat-rechargeable-disposables","19":"product_cat-vape-by-flavor-profile","20":"product_cat-vape-by-nicotine-strength","21":"product_cat-vape-by-puff-count","22":"product_cat-vape-by-feature-or-type","23":"product_cat-vapes-with-screens","25":"first","26":"instock","27":"shipping-taxable","28":"purchasable","29":"product-type-variable","30":"has-default-attributes"},"tiered_pricing_type":"percentage","tiered_pricing_fixed_rules":[],"tiered_pricing_product_settings":{"layout":"default","base_unit_name":{"singular":null,"plural":null},"default_variation":null},"tiered_pricing_minimum_quantity":10,"tiered_pricing_roles_data":[],"tiered_pricing_percentage_rules":{"30":"29","50":"35","100":"40","200":"44","500":"47","1000":"49"},"tiered_pricing_maximum_quantity":null,"tiered_pricing_quantity_step":"10","_links":{"self":[{"href":"https:\/\/agoravape.com\/de\/wp-json\/wp\/v2\/product\/14104","targetHints":{"allow":["GET"]}}],"collection":[{"href":"https:\/\/agoravape.com\/de\/wp-json\/wp\/v2\/product"}],"about":[{"href":"https:\/\/agoravape.com\/de\/wp-json\/wp\/v2\/types\/product"}],"replies":[{"embeddable":true,"href":"https:\/\/agoravape.com\/de\/wp-json\/wp\/v2\/comments?post=14104"}],"version-history":[{"count":0,"href":"https:\/\/agoravape.com\/de\/wp-json\/wp\/v2\/product\/14104\/revisions"}],"wp:featuredmedia":[{"embeddable":true,"href":"https:\/\/agoravape.com\/de\/wp-json\/wp\/v2\/media\/14131"}],"wp:attachment":[{"href":"https:\/\/agoravape.com\/de\/wp-json\/wp\/v2\/media?parent=14104"}],"wp:term":[{"taxonomy":"product_brand","embeddable":true,"href":"https:\/\/agoravape.com\/de\/wp-json\/wp\/v2\/product_brand?post=14104"},{"taxonomy":"product_cat","embeddable":true,"href":"https:\/\/agoravape.com\/de\/wp-json\/wp\/v2\/product_cat?post=14104"},{"taxonomy":"product_tag","embeddable":true,"href":"https:\/\/agoravape.com\/de\/wp-json\/wp\/v2\/product_tag?post=14104"}],"curies":[{"name":"wp","href":"https:\/\/api.w.org\/{rel}","templated":true}]}}