{"id":14170,"date":"2025-10-12T22:04:18","date_gmt":"2025-10-12T14:04:18","guid":{"rendered":"https:\/\/green-grasshopper-921422.hostingersite.com\/?post_type=product&#038;p=14170"},"modified":"2026-01-19T22:06:46","modified_gmt":"2026-01-19T14:06:46","slug":"aivono-ziel-flamme-30k-puffs-dual-airflow-vape","status":"publish","type":"product","link":"https:\/\/agoravape.com\/de\/product\/aivono-aim-flame-30k-puffs-dual-airflow-vape\/","title":{"rendered":"Aivono Aim Flame 30K Puffs Dual Airflow Vape | Big Puffs with Easy Adjustable Draw"},"content":{"rendered":"<h2 data-v-md-heading=\"what-are-the-highlights-of-the-aivono-aim-flame-30k-dual-intake-vape\" data-v-md-line=\"3\">Was sind die Highlights des Aivono Aim Flame 30K Dual Intake Vape?<\/h2>\n<p data-v-md-line=\"4\">Wenn Sie es leid sind, vor dem Wochenende Einwegdampfer zu benutzen, ist dieses Produkt definitiv einen Blick wert. Aivono Aim Flame hat eine Kapazit\u00e4t von bis zu 30000 Ports, mit einfacher Bedienung und glatter Absaugung. Sie k\u00f6nnen es nach Ihren Vorlieben einstellen.<\/p>\n<p data-v-md-line=\"6\">Wenn Sie einen zuverl\u00e4ssigen, stabilen Geschmack wollen, und keine Notwendigkeit f\u00fcr h\u00e4ufige Ersatz vape, dann ist dieses Produkt die ideale Wahl. Es hat zwei Einlass-Einstellfunktion, so dass Sie leicht saugen eine engere Textur oder ein breiteres Feld der Ansicht. Dar\u00fcber hinaus ist es mit praktischen Batterie und e-Fl\u00fcssigkeit Anzeigelampen ausgestattet, um Sie daran zu erinnern, wenn Sie aufladen oder das Ger\u00e4t ersetzen m\u00fcssen.<\/p>\n<h2 data-v-md-heading=\"excellent-performance-easy-and-convenient\" data-v-md-line=\"8\">Excellent performance, easy and convenient<\/h2>\n<p data-v-md-line=\"9\">Das Herzst\u00fcck von Aim Flame ist eine doppelwandige Spirale. Das ist, warum jeder Bissen bleibt sauber und erfrischend, mit einem einheitlichen Geschmack. Wenn der Akku leer ist, k\u00f6nnen Sie ihn \u00fcber Typ-C mit den f\u00fcr Ihr Telefon \u00fcblichen Kabeln aufladen. Eine Kindersicherung sorgt f\u00fcr Sicherheit, und die Schnellladefunktion erm\u00f6glicht es Ihnen, den Spa\u00df am Dampfen zu genie\u00dfen.<\/p>\n<h2 data-v-md-heading=\"specification-introduction\" data-v-md-line=\"11\">Specification Introduction<\/h2>\n<ul data-v-md-line=\"12\">\n<li>Saugfrequenz: bis zu 30000 Mal<\/li>\n<li>Nikotingehalt: 2%, 3%, oder 5%<\/li>\n<li>Funktionsprinzip: Aktivierung mit nur einem Zug<\/li>\n<li>Laden: USB-Typ-C-Schnittstelle<\/li>\n<li>Status: Sofort einsatzbereit<\/li>\n<li>E-Liquid-Kapazit\u00e4t: 25 Milliliter<\/li>\n<li>Zerst\u00e4ubungskern: 1,2 \u03a9 Doppelnetz<\/li>\n<li>Akku: 650 mAh wiederaufladbarer 13450 Reinkobalt-Akku<\/li>\n<li>Lufteinlass: Zweifach verstellbarer Lufteinlass<\/li>\n<li>Display: Batteriestand und Fl\u00fcssigkeitsstandanzeige<\/li>\n<li>Sicherheit: Kindersicherung<\/li>\n<li>Gr\u00f6\u00dfe und Gewicht: 48 \u00d7 82 mm, 87 g<\/li>\n<\/ul>\n<h2 data-v-md-heading=\"for-you-for-your-business\" data-v-md-line=\"25\">F\u00fcr Sie, f\u00fcr Ihr Unternehmen<\/h2>\n<p data-v-md-line=\"26\">Sie k\u00f6nnen Aivono Aim Flame 30K f\u00fcr den pers\u00f6nlichen Gebrauch verwenden oder in Ihrem Gesch\u00e4ft einsetzen. Die Gro\u00dfhandelskartons enthalten 200 St\u00fcck, so dass es leicht ist, die Regale voll zu halten und die Kunden zufrieden zu stellen.<\/p>\n<p data-v-md-line=\"28\">Wir versenden durch vertrauensw\u00fcrdige Partner wie UPS, DPD und DHL auf einer DDP-Basis nach Steuerzahlung. Ihre Bestellung wird p\u00fcnktlich geliefert und kann nachverfolgt werden, um Unf\u00e4lle beim Zoll zu vermeiden.<\/p>\n<h2 data-v-md-heading=\"why-do-you-like-it\" data-v-md-line=\"30\">Why do you like it<\/h2>\n<ul data-v-md-line=\"31\">\n<li>Gro\u00dfes Saugverm\u00f6gen: l\u00e4ngere Saugzeit, keine Notwendigkeit, h\u00e4ufig neue Patronen zu kaufen.<\/li>\n<li>Auswahl des Nikotins: W\u00e4hlen Sie die Konzentration, die Ihrer Tagesdosis entspricht.<\/li>\n<li>Rechargeable: You will run out of e-liquid every time you purchase it.<\/li>\n<li>Netzspule: sorgt f\u00fcr eine gleichbleibende Textur bei jedem Saugen.<\/li>\n<li>Einstellbare Ansaugung: kann zwischen starker und leichter Ansaugung wechseln.<\/li>\n<\/ul>\n<h2 data-v-md-heading=\"why-choose-to-collaborate-with-agoravape\" data-v-md-line=\"37\">Warum sollten Sie sich f\u00fcr eine Zusammenarbeit mit AgoraVape entscheiden?<\/h2>\n<p data-v-md-line=\"38\">Wir verkaufen nur 100% echte Produkte und haben keinen Zweifel daran. Wenn Sie Aivono Aim Flame 30K Dual Einlass Vapes Gro\u00dfhandel kaufen, erhalten Sie erm\u00e4\u00dfigte Preise, zuverl\u00e4ssige Unterst\u00fctzung und schnelle und zuverl\u00e4ssige Transport. Bitte kontaktieren Sie uns und wir werden Ihre Kunden mit Ger\u00e4ten versorgen, die sie wirklich lieben.<\/p>","protected":false},"excerpt":{"rendered":"<p>Was sind die Highlights des Aivono Aim Flame 30K Dual Intake Vape? Wenn Sie es leid sind, Einwegdampfer zu benutzen<\/p>","protected":false},"featured_media":14185,"comment_status":"open","ping_status":"closed","template":"","meta":[],"product_brand":[211],"product_cat":[124,185,189,1637,194,138,196,174,175,193,191,173,186,180,190,192],"product_tag":[],"class_list":{"0":"post-14170","1":"product","2":"type-product","3":"status-publish","4":"has-post-thumbnail","6":"product_brand-aivono","7":"product_cat-vape-by-brand","8":"product_cat-10000-puffs-high-capacity","9":"product_cat-20mg-standard-nicotine-vapes","10":"product_cat-30000-puffs","11":"product_cat-adjustable-airflow","12":"product_cat-aivono","13":"product_cat-child-safety-features","14":"product_cat-fruit-flavors","15":"product_cat-icy-mint","16":"product_cat-mesh-coil","17":"product_cat-rechargeable-disposables","18":"product_cat-vape-by-flavor-profile","19":"product_cat-vape-by-nicotine-strength","20":"product_cat-vape-by-puff-count","21":"product_cat-vape-by-feature-or-type","22":"product_cat-vapes-with-screens","24":"first","25":"onbackorder","26":"shipping-taxable","27":"purchasable","28":"product-type-variable","29":"has-default-attributes"},"tiered_pricing_type":"percentage","tiered_pricing_fixed_rules":[],"tiered_pricing_product_settings":{"layout":"default","base_unit_name":{"singular":null,"plural":null},"default_variation":null},"tiered_pricing_minimum_quantity":10,"tiered_pricing_roles_data":[],"tiered_pricing_percentage_rules":{"30":"29","50":"35","100":"40","200":"44","500":"47","1000":"49"},"tiered_pricing_maximum_quantity":null,"tiered_pricing_quantity_step":"10","_links":{"self":[{"href":"https:\/\/agoravape.com\/de\/wp-json\/wp\/v2\/product\/14170","targetHints":{"allow":["GET"]}}],"collection":[{"href":"https:\/\/agoravape.com\/de\/wp-json\/wp\/v2\/product"}],"about":[{"href":"https:\/\/agoravape.com\/de\/wp-json\/wp\/v2\/types\/product"}],"replies":[{"embeddable":true,"href":"https:\/\/agoravape.com\/de\/wp-json\/wp\/v2\/comments?post=14170"}],"version-history":[{"count":0,"href":"https:\/\/agoravape.com\/de\/wp-json\/wp\/v2\/product\/14170\/revisions"}],"wp:featuredmedia":[{"embeddable":true,"href":"https:\/\/agoravape.com\/de\/wp-json\/wp\/v2\/media\/14185"}],"wp:attachment":[{"href":"https:\/\/agoravape.com\/de\/wp-json\/wp\/v2\/media?parent=14170"}],"wp:term":[{"taxonomy":"product_brand","embeddable":true,"href":"https:\/\/agoravape.com\/de\/wp-json\/wp\/v2\/product_brand?post=14170"},{"taxonomy":"product_cat","embeddable":true,"href":"https:\/\/agoravape.com\/de\/wp-json\/wp\/v2\/product_cat?post=14170"},{"taxonomy":"product_tag","embeddable":true,"href":"https:\/\/agoravape.com\/de\/wp-json\/wp\/v2\/product_tag?post=14170"}],"curies":[{"name":"wp","href":"https:\/\/api.w.org\/{rel}","templated":true}]}}