{"id":14233,"date":"2025-10-12T22:25:23","date_gmt":"2025-10-12T14:25:23","guid":{"rendered":"https:\/\/green-grasshopper-921422.hostingersite.com\/?post_type=product&#038;p=14233"},"modified":"2026-03-27T06:21:43","modified_gmt":"2026-03-27T05:21:43","slug":"aivono-aim-magic-20k-puffs-top-fill-vape","status":"publish","type":"product","link":"https:\/\/agoravape.com\/de\/product\/aivono-aim-magic-20k-puffs-top-fill-vape\/","title":{"rendered":"Aivono Aim Magic 20K Puffs Top Fill Einweg-E-Zigarette | Langanhaltender Komfort mit intensivem Geschmack"},"content":{"rendered":"<h2 data-v-md-heading=\"what-are-the-advantages-of-aivono-aim-magic-20k-suction-top-injection-disposable-vape\" data-v-md-line=\"3\"><\/h2>\n<h2 data-v-md-heading=\"what-are-the-advantages-of-aivono-aim-magic-20k-suction-top-injection-disposable-vape\" data-v-md-line=\"3\">Was sind die Vorteile der Aivono Aim Magic 20K Saug-Top-Injektions-Einweg-E-Zigarette?<\/h2>\n<p data-v-md-line=\"4\">Wenn Sie es leid sind, Ihre E-Zigarette alle paar Tage zu wechseln, wird dieses Produkt Sie garantiert begeistern. Die Aivono Aim Magic bietet eine Saugleistung von bis zu 20.000 Watt, ist kompakt und tragbar und erm\u00f6glicht Ihnen so eine lange Akkulaufzeit.<\/p>\n<p data-v-md-line=\"6\">F\u00fcr Nutzer, die Wert auf gleichbleibenden Geschmack und komfortablen t\u00e4glichen Gebrauch legen, ist es die ideale Wahl. Dank der \u00fcbersichtlichen Akku- und Liquid-Anzeige haben Sie den Status jederzeit im Blick. Keine Unf\u00e4lle unterwegs, reibungsloses Dampfen.<\/p>\n<h2 data-v-md-heading=\"excellent-performance-worry-free\" data-v-md-line=\"8\">Hervorragende Leistung, sorgenfrei<\/h2>\n<p data-v-md-line=\"9\">Die integrierten 1,0-\u03a9-Dual-Mesh-Coils garantieren, dass jeder Zug so k\u00f6stlich ist wie der erste. Gleichbleibender Geschmack und klarer Dampf. Bei niedrigem Akkustand k\u00f6nnen Sie das gewohnte USB-C-Kabel Ihres Smartphones zum Aufladen verwenden. Einfach und bequem. Das praktische Ladefach an der Oberseite erleichtert Wartung und Aufladen im B2B-Bereich.<\/p>\n<h2 data-v-md-heading=\"specification-introduction\" data-v-md-line=\"11\">Specification Introduction<\/h2>\n<ul data-v-md-line=\"12\">\n<li>Saugfrequenz: bis zu 20000 Mal<\/li>\n<li>Nikotingehalt: 0 %, 2 %, 3 % oder 5 %<\/li>\n<li>Funktionsprinzip: Aktivierung mit nur einem Zug<\/li>\n<li>Ladeverfahren: USB-Typ-C-Schnittstelle<\/li>\n<li>E-Liquid-Kapazit\u00e4t: 26 Milliliter<\/li>\n<li>Zerst\u00e4uberkern: 1,0 \u03a9 Doppelgewebe<\/li>\n<li>Batterie: Wiederaufladbarer 600-mAh-Akku<\/li>\n<li>Display: Anzeige des Akkuladestands und des E-Liquid-F\u00fcllstands<\/li>\n<li>Status: Sofort einsatzbereit nach dem Auspacken<\/li>\n<\/ul>\n<h2 data-v-md-heading=\"full-range-of-flavors\" data-v-md-line=\"22\">Full range of flavors<\/h2>\n<ul data-v-md-line=\"23\">\n<li>Blaubeer-Smoothie<\/li>\n<li>Erdbeer-Smoothie<\/li>\n<li>Wassermelonen-Smoothie<\/li>\n<li>Ananas-Kokos-Smoothie<\/li>\n<li>Ananas-Mango-Smoothie<\/li>\n<li>Smoothie mit gemischten Beeren<\/li>\n<li>Erdbeer-Wassermelonen-Smoothie<\/li>\n<li>Blaubeer-Smoothie<\/li>\n<li>Pfirsich-Smoothie<\/li>\n<li>Erdbeereis<\/li>\n<\/ul>\n<h2 data-v-md-heading=\"for-you-and-your-business\" data-v-md-line=\"34\">For you and your business<\/h2>\n<p data-v-md-line=\"35\">Sie k\u00f6nnen ein Ger\u00e4t f\u00fcr den pers\u00f6nlichen Gebrauch erwerben oder Ihren Lagerbestand aufstocken. Gro\u00dfhandelskartons fassen 200 St\u00fcck, sodass Sie Ihre Lagerhaltung optimal planen k\u00f6nnen. Wir bieten Ihnen DDP-Versand mit ausgewiesener Mehrwertsteuer und arbeiten mit zuverl\u00e4ssigen Partnern wie UPS, DPD und DHL zusammen, sodass es beim Zoll keine Probleme gibt.<\/p>\n<p data-v-md-line=\"37\">F\u00fcr B2B-Teams bietet Aim Magic den Transport leerer Beh\u00e4lter an, die Kunden selbst bef\u00fcllen k\u00f6nnen. Zus\u00e4tzlich k\u00f6nnen Sie individuell gestaltete Leuchtlogos w\u00e4hlen, um Ihre Marke im Regal hervorzuheben.<\/p>\n<h2 data-v-md-heading=\"why-do-you-like-it\" data-v-md-line=\"39\">Why do you like it<\/h2>\n<ul data-v-md-line=\"40\">\n<li>Massives Rauchen: Langlebig und ergiebig, kein h\u00e4ufiger Kauf neuer Zigaretten n\u00f6tig.<\/li>\n<li>Nikotinauswahl: W\u00e4hlen Sie die Konzentration, die f\u00fcr Ihren t\u00e4glichen Gebrauch geeignet ist.<\/li>\n<li>Wiederaufladbar: Sie k\u00f6nnen alle gekauften E-Liquids verwenden.<\/li>\n<li>Mesh-Spule: Sorgt jedes Mal f\u00fcr ein gleichbleibend leckeres Geschmackserlebnis.<\/li>\n<li>Intelligentes Display: Es bietet eine klare Anzeige des Akku- und E-Liquid-F\u00fcllstands, damit Sie im Voraus planen k\u00f6nnen.<\/li>\n<li>\u00d6leinspritzung von oben: Sowohl das Betriebsteam als auch Gro\u00dfabnehmer k\u00f6nnen problemlos \u00d6l einspritzen.<\/li>\n<\/ul>\n<h2 data-v-md-heading=\"why-collaborate-with-agoravape\" data-v-md-line=\"47\">Warum mit AgoraVape zusammenarbeiten?<\/h2>\n<p data-v-md-line=\"48\">Wir verkaufen nur 100%-Originalprodukte und garantieren f\u00fcr die Qualit\u00e4t der von uns gelieferten Produkte. F\u00fcr gewerbliche Kunden bedeutet dies, dass <a class=\"wpil_keyword_link\" href=\"https:\/\/agoravape.com\/de\/marke\/aivono\/\" target=\"_blank\" rel=\"noopener\" title=\"AIVONO\" data-wpil-keyword-link=\"linked\" data-wpil-monitor-id=\"7176\">Aivono<\/a> Aim Magic 20K Saugspitze ge\u00f6lt Einweg Vapes haben erm\u00e4\u00dfigte Gro\u00dfhandelspreise, zuverl\u00e4ssige Kundenbetreuung, und schnelle und zuverl\u00e4ssige Logistik. Kontaktieren Sie uns und kaufen Sie ein Ger\u00e4t, das Ihre Kunden wirklich sch\u00e4tzen werden.<\/p>","protected":false},"excerpt":{"rendered":"<p>Was sind die Vorteile von Aivono Aim Magic 20K Saugspitze Injektion Einweg-Vape? Wenn Sie es leid sind, zu wechseln<\/p>","protected":false},"featured_media":14264,"comment_status":"open","ping_status":"closed","template":"","meta":[],"product_brand":[211],"product_cat":[124,187,185,1636,189,138,174,175,193,191,173,186,180,190,192],"product_tag":[],"class_list":{"0":"post-14233","1":"product","2":"type-product","3":"status-publish","4":"has-post-thumbnail","6":"product_brand-aivono","7":"product_cat-vape-by-brand","8":"product_cat-0mg-nicotine-free-vapes","9":"product_cat-10000-puffs-high-capacity","10":"product_cat-20000-puffs","11":"product_cat-20mg-standard-nicotine-vapes","12":"product_cat-aivono","13":"product_cat-fruit-flavors","14":"product_cat-icy-mint","15":"product_cat-mesh-coil","16":"product_cat-rechargeable-disposables","17":"product_cat-vape-by-flavor-profile","18":"product_cat-vape-by-nicotine-strength","19":"product_cat-vape-by-puff-count","20":"product_cat-vape-by-feature-or-type","21":"product_cat-vapes-with-screens","23":"first","24":"instock","25":"shipping-taxable","26":"purchasable","27":"product-type-variable","28":"has-default-attributes"},"tiered_pricing_type":"percentage","tiered_pricing_fixed_rules":[],"tiered_pricing_product_settings":{"layout":"default","base_unit_name":{"singular":null,"plural":null},"default_variation":null},"tiered_pricing_minimum_quantity":10,"tiered_pricing_roles_data":[],"tiered_pricing_percentage_rules":{"30":"29","50":"35","100":"40","200":"44","500":"47","1000":"49"},"tiered_pricing_maximum_quantity":null,"tiered_pricing_quantity_step":"10","_links":{"self":[{"href":"https:\/\/agoravape.com\/de\/wp-json\/wp\/v2\/product\/14233","targetHints":{"allow":["GET"]}}],"collection":[{"href":"https:\/\/agoravape.com\/de\/wp-json\/wp\/v2\/product"}],"about":[{"href":"https:\/\/agoravape.com\/de\/wp-json\/wp\/v2\/types\/product"}],"replies":[{"embeddable":true,"href":"https:\/\/agoravape.com\/de\/wp-json\/wp\/v2\/comments?post=14233"}],"version-history":[{"count":1,"href":"https:\/\/agoravape.com\/de\/wp-json\/wp\/v2\/product\/14233\/revisions"}],"predecessor-version":[{"id":29828,"href":"https:\/\/agoravape.com\/de\/wp-json\/wp\/v2\/product\/14233\/revisions\/29828"}],"wp:featuredmedia":[{"embeddable":true,"href":"https:\/\/agoravape.com\/de\/wp-json\/wp\/v2\/media\/14264"}],"wp:attachment":[{"href":"https:\/\/agoravape.com\/de\/wp-json\/wp\/v2\/media?parent=14233"}],"wp:term":[{"taxonomy":"product_brand","embeddable":true,"href":"https:\/\/agoravape.com\/de\/wp-json\/wp\/v2\/product_brand?post=14233"},{"taxonomy":"product_cat","embeddable":true,"href":"https:\/\/agoravape.com\/de\/wp-json\/wp\/v2\/product_cat?post=14233"},{"taxonomy":"product_tag","embeddable":true,"href":"https:\/\/agoravape.com\/de\/wp-json\/wp\/v2\/product_tag?post=14233"}],"curies":[{"name":"wp","href":"https:\/\/api.w.org\/{rel}","templated":true}]}}