{"id":14291,"date":"2025-10-12T22:46:44","date_gmt":"2025-10-12T14:46:44","guid":{"rendered":"https:\/\/green-grasshopper-921422.hostingersite.com\/?post_type=product&#038;p=14291"},"modified":"2026-03-27T06:21:42","modified_gmt":"2026-03-27T05:21:42","slug":"aivono-aim-puffstar-6500-puffs-vape","status":"publish","type":"product","link":"https:\/\/agoravape.com\/de\/product\/aivono-aim-puffstar-6500-puffs-vape\/","title":{"rendered":"Aivono Aim Puffstar 6500 Puffs Compact Vape | Long\u2011Lasting Flavour. Pocket Friendly."},"content":{"rendered":"<h2 data-v-md-heading=\"what-are-the-advantages-of-aivono-aim-puffstar-6500-compact-vapes\" data-v-md-line=\"3\"><img loading=\"lazy\" decoding=\"async\" class=\"aligncenter size-full wp-image-14290\" src=\"https:\/\/agoravape.com\/wp-content\/uploads\/2025\/10\/Aivono-Aim-Puffstar-6500-Puffs-Compact-Vape_Agora_vape-1.webp\" alt=\"\" width=\"1876\" height=\"1500\" srcset=\"https:\/\/agoravape.com\/wp-content\/uploads\/2025\/10\/Aivono-Aim-Puffstar-6500-Puffs-Compact-Vape_Agora_vape-1.webp 1876w, https:\/\/agoravape.com\/wp-content\/uploads\/2025\/10\/Aivono-Aim-Puffstar-6500-Puffs-Compact-Vape_Agora_vape-1-1200x959.webp 1200w, https:\/\/agoravape.com\/wp-content\/uploads\/2025\/10\/Aivono-Aim-Puffstar-6500-Puffs-Compact-Vape_Agora_vape-1-300x240.webp 300w, https:\/\/agoravape.com\/wp-content\/uploads\/2025\/10\/Aivono-Aim-Puffstar-6500-Puffs-Compact-Vape_Agora_vape-1-1024x819.webp 1024w, https:\/\/agoravape.com\/wp-content\/uploads\/2025\/10\/Aivono-Aim-Puffstar-6500-Puffs-Compact-Vape_Agora_vape-1-768x614.webp 768w, https:\/\/agoravape.com\/wp-content\/uploads\/2025\/10\/Aivono-Aim-Puffstar-6500-Puffs-Compact-Vape_Agora_vape-1-1536x1228.webp 1536w\" sizes=\"auto, (max-width: 1876px) 100vw, 1876px\" \/><\/h2>\n<h2 data-v-md-heading=\"what-are-the-advantages-of-aivono-aim-puffstar-6500-compact-vapes\" data-v-md-line=\"3\">What are the advantages of Aivono Aim Puffstar 6500 compact vapes?<\/h2>\n<p data-v-md-line=\"4\">If you\u2019re tired of replacing disposable vapes every few days, then this product will make your life easier. Aivono Aim Puffstar can accommodate up to 6500 seats, providing a smooth and consistent experience from start to finish. It is compact in size, about 50 x 80 millimeters, and can easily fit into a pocket or bag.<\/p>\n<p data-v-md-line=\"6\">If you want a reliable, flavorful vape that can be used daily without learning, then it is your ideal choice. Open the box and you can inhale it. No need for buttons, no need for menus, easy and convenient.<\/p>\n<h2 data-v-md-heading=\"excellent-performance-easy-and-convenient\" data-v-md-line=\"8\">Excellent performance, easy and convenient<\/h2>\n<p data-v-md-line=\"9\">The core of Puffstar is a 1.2 \u03a9 mesh coil, which can maintain a bright and uniform taste. Every bite feels as smooth as the initial experience. It also supports charging, equipped with a 400 mAh battery and Type-C interface, so you can use the same data cable as your phone for charging. Such a large number of vapes are usually bulky, but this vape is lightweight and portable.<\/p>\n<h2 data-v-md-heading=\"specification-introduction\" data-v-md-line=\"11\">Specification Introduction<\/h2>\n<ul data-v-md-line=\"12\">\n<li>Number of mouths: up to 6500 mouths<\/li>\n<li>Nicotine content: 0%, 2%, or 5%<\/li>\n<li>Working principle: Activated by inhalation<\/li>\n<li>Ladeverfahren: Standard-USB-Typ-C-Schnittstelle<\/li>\n<li>Status: Sofort einsatzbereit<\/li>\n<li>E-liquid capacity: 13 milliliters<\/li>\n<li>Atomizing core: 1.2 \u03a9 mesh<\/li>\n<li>Battery: 400mAh rechargeable battery<\/li>\n<li>Size and weight: approximately 50 x 80 millimeters, 75 grams<\/li>\n<\/ul>\n<h2 data-v-md-heading=\"full-range-of-flavors\" data-v-md-line=\"22\">Full range of flavors<\/h2>\n<ul data-v-md-line=\"23\">\n<li>Mixed berry flavor<\/li>\n<li>Mint flavor<\/li>\n<li>Strawberry Strange Fruit Flavor<\/li>\n<li>Mixed mango flavor<\/li>\n<li>Watermelon flavor<\/li>\n<li>Strawberry smoothie flavor<\/li>\n<li>Energy drink flavor<\/li>\n<li>Blueberry flavor<\/li>\n<li>Coconut and Honeydew Flavor<\/li>\n<li>Peach juice flavor<\/li>\n<\/ul>\n<h2 data-v-md-heading=\"for-you-and-for-your-business-as-well\" data-v-md-line=\"34\">For you, and for your business as well<\/h2>\n<p data-v-md-line=\"35\">Purchase for yourself, simple and convenient. Choose your preferred flavor and nicotine concentration, and you can easily handle it. Rechargeable design allows you to easily use every drop of the 13ml cartridge, saving money and peace of mind.<\/p>\n<p data-v-md-line=\"37\">Are you running a store or a chain store? We provide wholesale cardboard boxes in packs of 200, with uniform packaging and clear labels. We work with trusted partners such as UPS, DPD, and DHL to provide DDP delivery services, ensuring fast delivery of goods and proper handling of customs duties to avoid customs accidents. Regulations vary in different countries, so please choose the nicotine concentration and product information that comply with your local regulations.<\/p>\n<h2 data-v-md-heading=\"why-do-you-like-it\" data-v-md-line=\"39\">Why do you like it<\/h2>\n<ul data-v-md-line=\"40\">\n<li>Super large capacity: up to 6500 ports, meaning fewer replacement times.<\/li>\n<li>Nicotine content options: 0%, 2%, or 5%, you can choose the most suitable nicotine content.<\/li>\n<li>Rechargeable: You can use all purchased e-liquids.<\/li>\n<li>Mesh coil: Consistent taste and smooth suction experience.<\/li>\n<li>Typ-C-Schnittstelle, komfortabel in der Anwendung: Kann fast \u00fcberall aufgeladen werden, ohne dass spezielle Kabel ben\u00f6tigt werden.<\/li>\n<li>Tragbar: Kompakt und tragbar.<\/li>\n<\/ul>\n<h2 data-v-md-heading=\"why-choose-to-collaborate-with-agoravape\" data-v-md-line=\"47\">Warum sollten Sie sich f\u00fcr eine Zusammenarbeit mit AgoraVape entscheiden?<\/h2>\n<p data-v-md-line=\"48\">Wir verkaufen nur 100% Originalprodukte mit transparenten Spezifikationen und zuverl\u00e4ssigen Quellen. Unsere B2B-Kunden genie\u00dfen erm\u00e4\u00dfigte Gro\u00dfhandelspreise, reaktionsschnellen technischen Support und schnelle DDP-Lieferdienste f\u00fcr <a class=\"wpil_keyword_link\" href=\"https:\/\/agoravape.com\/de\/marke\/aivono\/\" target=\"_blank\" rel=\"noopener\" title=\"AIVONO\" data-wpil-keyword-link=\"linked\" data-wpil-monitor-id=\"7174\">Aivono<\/a> Aim Puffstar 6500 kompakt verdampft. Wenn Sie ein stabiles und zuverl\u00e4ssiges Produkt wollen, das Wiederholungskunden gewinnen kann, kontaktieren Sie uns bitte.<\/p>","protected":false},"excerpt":{"rendered":"<p>Was sind die Vorteile der kompakten Aivono Aim Puffstar 6500 Vapes? Wenn Sie es leid sind, alle paar Jahre Einwegverdampfer zu ersetzen<\/p>","protected":false},"featured_media":14306,"comment_status":"open","ping_status":"closed","template":"","meta":[],"product_brand":[211],"product_cat":[124,187,189,184,138,176,174,175,193,191,173,186,180,190],"product_tag":[],"class_list":{"0":"post-14291","1":"product","2":"type-product","3":"status-publish","4":"has-post-thumbnail","6":"product_brand-aivono","7":"product_cat-vape-by-brand","8":"product_cat-0mg-nicotine-free-vapes","9":"product_cat-20mg-standard-nicotine-vapes","10":"product_cat-5000-8000-puffs","11":"product_cat-aivono","12":"product_cat-beverage","13":"product_cat-fruit-flavors","14":"product_cat-icy-mint","15":"product_cat-mesh-coil","16":"product_cat-rechargeable-disposables","17":"product_cat-vape-by-flavor-profile","18":"product_cat-vape-by-nicotine-strength","19":"product_cat-vape-by-puff-count","20":"product_cat-vape-by-feature-or-type","22":"first","23":"onbackorder","24":"shipping-taxable","25":"purchasable","26":"product-type-variable","27":"has-default-attributes"},"tiered_pricing_type":"percentage","tiered_pricing_fixed_rules":[],"tiered_pricing_product_settings":{"layout":"default","base_unit_name":{"singular":null,"plural":null},"default_variation":null},"tiered_pricing_minimum_quantity":10,"tiered_pricing_roles_data":[],"tiered_pricing_percentage_rules":{"30":"29","50":"35","100":"40","200":"44","500":"47","1000":"49"},"tiered_pricing_maximum_quantity":null,"tiered_pricing_quantity_step":"10","_links":{"self":[{"href":"https:\/\/agoravape.com\/de\/wp-json\/wp\/v2\/product\/14291","targetHints":{"allow":["GET"]}}],"collection":[{"href":"https:\/\/agoravape.com\/de\/wp-json\/wp\/v2\/product"}],"about":[{"href":"https:\/\/agoravape.com\/de\/wp-json\/wp\/v2\/types\/product"}],"replies":[{"embeddable":true,"href":"https:\/\/agoravape.com\/de\/wp-json\/wp\/v2\/comments?post=14291"}],"version-history":[{"count":1,"href":"https:\/\/agoravape.com\/de\/wp-json\/wp\/v2\/product\/14291\/revisions"}],"predecessor-version":[{"id":29826,"href":"https:\/\/agoravape.com\/de\/wp-json\/wp\/v2\/product\/14291\/revisions\/29826"}],"wp:featuredmedia":[{"embeddable":true,"href":"https:\/\/agoravape.com\/de\/wp-json\/wp\/v2\/media\/14306"}],"wp:attachment":[{"href":"https:\/\/agoravape.com\/de\/wp-json\/wp\/v2\/media?parent=14291"}],"wp:term":[{"taxonomy":"product_brand","embeddable":true,"href":"https:\/\/agoravape.com\/de\/wp-json\/wp\/v2\/product_brand?post=14291"},{"taxonomy":"product_cat","embeddable":true,"href":"https:\/\/agoravape.com\/de\/wp-json\/wp\/v2\/product_cat?post=14291"},{"taxonomy":"product_tag","embeddable":true,"href":"https:\/\/agoravape.com\/de\/wp-json\/wp\/v2\/product_tag?post=14291"}],"curies":[{"name":"wp","href":"https:\/\/api.w.org\/{rel}","templated":true}]}}