{"id":14308,"date":"2025-10-13T12:34:56","date_gmt":"2025-10-13T04:34:56","guid":{"rendered":"https:\/\/green-grasshopper-921422.hostingersite.com\/?post_type=product&#038;p=14308"},"modified":"2025-12-15T21:30:55","modified_gmt":"2025-12-15T13:30:55","slug":"elf-box-kristall-bar-600-puffs-tpd-vape","status":"publish","type":"product","link":"https:\/\/agoravape.com\/de\/product\/elf-box-crystal-bar-600-puffs-tpd-vape\/","title":{"rendered":"Elf Box Crystal Bar 600 Puffs | TPD\u2011Compliant Flavour You Can Trust"},"content":{"rendered":"<h2 data-v-md-heading=\"what-are-the-advantages-of-elf-box-crystal-bar-600-tpd-compliant-vapes\" data-v-md-line=\"3\"><img loading=\"lazy\" decoding=\"async\" class=\"aligncenter size-full wp-image-14330\" src=\"https:\/\/agoravape.com\/wp-content\/uploads\/2025\/10\/Elf-Box-Crystal-Bar-600-Puffs-TPD-Compliant-Vape_BLUE-RAZZ_Agora_vape-11.webp\" alt=\"\" width=\"1920\" height=\"1080\" srcset=\"https:\/\/agoravape.com\/wp-content\/uploads\/2025\/10\/Elf-Box-Crystal-Bar-600-Puffs-TPD-Compliant-Vape_BLUE-RAZZ_Agora_vape-11.webp 1920w, https:\/\/agoravape.com\/wp-content\/uploads\/2025\/10\/Elf-Box-Crystal-Bar-600-Puffs-TPD-Compliant-Vape_BLUE-RAZZ_Agora_vape-11-1200x675.webp 1200w, https:\/\/agoravape.com\/wp-content\/uploads\/2025\/10\/Elf-Box-Crystal-Bar-600-Puffs-TPD-Compliant-Vape_BLUE-RAZZ_Agora_vape-11-300x169.webp 300w, https:\/\/agoravape.com\/wp-content\/uploads\/2025\/10\/Elf-Box-Crystal-Bar-600-Puffs-TPD-Compliant-Vape_BLUE-RAZZ_Agora_vape-11-1024x576.webp 1024w, https:\/\/agoravape.com\/wp-content\/uploads\/2025\/10\/Elf-Box-Crystal-Bar-600-Puffs-TPD-Compliant-Vape_BLUE-RAZZ_Agora_vape-11-768x432.webp 768w, https:\/\/agoravape.com\/wp-content\/uploads\/2025\/10\/Elf-Box-Crystal-Bar-600-Puffs-TPD-Compliant-Vape_BLUE-RAZZ_Agora_vape-11-1536x864.webp 1536w\" sizes=\"auto, (max-width: 1920px) 100vw, 1920px\" \/><\/h2>\n<h2 data-v-md-heading=\"what-are-the-advantages-of-elf-box-crystal-bar-600-tpd-compliant-vapes\" data-v-md-line=\"3\">Welche Vorteile bieten die TPD-konformen Elf Box Crystal Bar 600 E-Zigaretten?<\/h2>\n<p data-v-md-line=\"4\">Wenn Sie eine einfache und benutzerfreundliche Einweg-E-Zigarette suchen, ist dies die ideale Wahl. Die Elf Box Crystal Bar besticht durch ihr kompaktes und transparentes Design und bietet bis zu 600 Z\u00fcge puren Genuss. Sie liegt angenehm in der Hand und passt problemlos in jede Tasche.<\/p>\n<p data-v-md-line=\"6\">Wenn Sie eine zuverl\u00e4ssige, leckere und benutzerfreundliche E-Zigarette suchen, ist dieses Modell die ideale Wahl. Ganz ohne Kn\u00f6pfe oder Men\u00fcs genie\u00dfen Sie vom ersten bis zum letzten Zug ein sanftes Geschmackserlebnis. Auch wenn Ihnen eine E-Zigarette mit 600 Z\u00fcgen schwer vorkommen mag, ist dieses Modell leicht und einfach zu bedienen.<\/p>\n<h2 data-v-md-heading=\"excellent-performance-without-any-complexity\" data-v-md-line=\"8\">Excellent performance without any complexity<\/h2>\n<p data-v-md-line=\"9\">Das Herzst\u00fcck des Crystal Bar ist ein Mesh-Verdampferkopf. Dadurch wird bei jedem Zug gleichm\u00e4\u00dfig erhitzt und ein gleichbleibender Geschmack gew\u00e4hrleistet. Die Aktivierung erfolgt durch sanftes Ziehen \u2013 zum Genie\u00dfen gen\u00fcgt ein kurzer Zug. Dank des integrierten 500-mAh-Akkus, der f\u00fcr 2 Milliliter E-Liquid ausreicht, brauchen Sie sich keine Gedanken ums Aufladen zu machen. Auspacken und losdampfen!<\/p>\n<h2 data-v-md-heading=\"specification-introduction\" data-v-md-line=\"11\">Specification Introduction<\/h2>\n<ul data-v-md-line=\"12\">\n<li>Saugfrequenz: bis zu 600 Mal<\/li>\n<li>Nikotin: 0 % (0 mg) und 2 % (20 mg) sind zwei TPD-konforme Optionen.<\/li>\n<li>Hinweis: 5 % der Versionen sind f\u00fcr M\u00e4rkte au\u00dferhalb der EU bestimmt und werden in TPD-Regionen nicht verkauft.<\/li>\n<li>Working principle: Activated by inhalation<\/li>\n<li>Ladeverfahren: Kein Aufladen erforderlich (Einwegger\u00e4t)<\/li>\n<li>E-Liquid-Kapazit\u00e4t: 2 Milliliter<\/li>\n<li>Spirale: Netzartig<\/li>\n<li>Status: Sofort einsatzbereit nach dem Auspacken<\/li>\n<\/ul>\n<h2 data-v-md-heading=\"full-range-of-flavors\" data-v-md-line=\"21\">Full range of flavors<\/h2>\n<ul data-v-md-line=\"22\">\n<li>Cherry Ice<\/li>\n<li>Strawberry Ice<\/li>\n<li>Grape Ice<\/li>\n<li>Gemischte Beeren<\/li>\n<li>Blue Rink Ice<\/li>\n<li>Watermelon Ice<\/li>\n<li>Strawberry watermelon<\/li>\n<li>Blue Rink Ice<\/li>\n<li>Pfirsicheis<\/li>\n<li>Kiwi und Passionsfrucht<\/li>\n<\/ul>\n<h2 data-v-md-heading=\"for-you-for-your-business\" data-v-md-line=\"33\">F\u00fcr Sie, f\u00fcr Ihr Unternehmen<\/h2>\n<p data-v-md-line=\"34\">Kaufen Sie f\u00fcr sich selbst \u2013 einfach und bequem. W\u00e4hlen Sie Ihren Geschmack, Ihre Nikotinst\u00e4rke und genie\u00dfen Sie 600 praktische Genussmomente, ideal f\u00fcr unterwegs.<\/p>\n<p data-v-md-line=\"36\">Betreiben Sie ein Ladengesch\u00e4ft oder einen Online-Shop? Wir haben die passende L\u00f6sung f\u00fcr Sie. Gro\u00dfhandelslager, 10 St\u00fcck pro Innenkarton und 400 St\u00fcck pro Umkarton. Wir versenden innerhalb Europas mit zuverl\u00e4ssigen Partnern wie UPS, DPD und DHL verzollt (DDP). So profitieren Sie von der DDP-Lieferung und vermeiden Probleme mit dem Zoll.<\/p>\n<h2 data-v-md-heading=\"why-do-you-like-it\" data-v-md-line=\"38\">Why do you like it<\/h2>\n<ul data-v-md-line=\"39\">\n<li>Gro\u00dfes Rauchvolumen: bis zu 600 Zigaretten, sodass Sie nicht extra zum Patronenwechsel weggehen m\u00fcssen.<\/li>\n<li>Auswahl des Nikotingehalts: 0 Milligramm oder 20 Milligramm, ganz nach Ihren W\u00fcnschen.<\/li>\n<li>Keine Sorgen: keine Kn\u00f6pfe, kein Aufladen n\u00f6tig, bequem zu transportieren<\/li>\n<li>Mesh-Zerst\u00e4uberkern: Sorgt f\u00fcr einen sanften, langanhaltenden und reinen Geschmack<\/li>\n<li>Tragbar und einfach zu transportieren: Dank des leichten und transparenten Geh\u00e4uses l\u00e4sst es sich bequem mitnehmen.<\/li>\n<li>Entspricht den TPD-Standards: 2 Milliliter Fassungsverm\u00f6gen, Nikotinkonzentration gem\u00e4\u00df EU-Vorschriften, f\u00fcr Ihr beruhigendes Gef\u00fchl<\/li>\n<\/ul>\n<h2 data-v-md-heading=\"why-choose-to-collaborate-with-agoravape\" data-v-md-line=\"46\">Warum sollten Sie sich f\u00fcr eine Zusammenarbeit mit AgoraVape entscheiden?<\/h2>\n<p data-v-md-line=\"47\">Wir verkaufen ausschlie\u00dflich 100 % Originalprodukte von gepr\u00fcften Lieferanten. Ihre Kunden k\u00f6nnen sich also auf die Echtheit der Elf Box Kristallbarren verlassen. Profitieren Sie von g\u00fcnstigen Gro\u00dfhandelspreisen, schnellem Kundenservice und z\u00fcgiger DDP-Lieferung innerhalb Europas. Sichere Zahlungen und unkomplizierte R\u00fcckgabebedingungen machen alles einfach. Kontaktieren Sie uns, um ein bew\u00e4hrtes Einwegprodukt mit 600 St\u00fcck zu erwerben \u2013 Ihre Kunden werden garantiert wiederkommen.<\/p>","protected":false},"excerpt":{"rendered":"<p>&nbsp;<\/p>\n<p><script src=\"chrome-extension:\/\/fpelahbljekknahkcaegamhcndkfpfnc\/iFrame.js\" type=\"text\/javascript\"><\/script><\/p>\n<p><script src=\"chrome-extension:\/\/fpelahbljekknahkcaegamhcndkfpfnc\/iFrame.js\" type=\"text\/javascript\"><\/script><\/p>\n<p><script src=\"chrome-extension:\/\/fpelahbljekknahkcaegamhcndkfpfnc\/iFrame.js\" type=\"text\/javascript\"><\/script><\/p>\n<p><script src=\"chrome-extension:\/\/fpelahbljekknahkcaegamhcndkfpfnc\/iFrame.js\" type=\"text\/javascript\"><\/script><\/p>\n<p><script src=\"chrome-extension:\/\/fpelahbljekknahkcaegamhcndkfpfnc\/iFrame.js\" type=\"text\/javascript\"><\/script><\/p>","protected":false},"featured_media":14329,"comment_status":"open","ping_status":"closed","template":"","meta":[],"product_brand":[212],"product_cat":[124,187,189,139,174,175,181,173,186,180,190],"product_tag":[],"class_list":{"0":"post-14308","1":"product","2":"type-product","3":"status-publish","4":"has-post-thumbnail","6":"product_brand-elf-box","7":"product_cat-vape-by-brand","8":"product_cat-0mg-nicotine-free-vapes","9":"product_cat-20mg-standard-nicotine-vapes","10":"product_cat-elf-box","11":"product_cat-fruit-flavors","12":"product_cat-icy-mint","13":"product_cat-up-to-600-puffs-tpd-compliant","14":"product_cat-vape-by-flavor-profile","15":"product_cat-vape-by-nicotine-strength","16":"product_cat-vape-by-puff-count","17":"product_cat-vape-by-feature-or-type","19":"first","20":"instock","21":"shipping-taxable","22":"purchasable","23":"product-type-variable","24":"has-default-attributes"},"tiered_pricing_type":"percentage","tiered_pricing_fixed_rules":[],"tiered_pricing_product_settings":{"layout":"default","base_unit_name":{"singular":null,"plural":null},"default_variation":null},"tiered_pricing_minimum_quantity":10,"tiered_pricing_roles_data":[],"tiered_pricing_percentage_rules":{"100":"40","200":"44","500":"47","1000":"49"},"tiered_pricing_maximum_quantity":null,"tiered_pricing_quantity_step":"10","_links":{"self":[{"href":"https:\/\/agoravape.com\/de\/wp-json\/wp\/v2\/product\/14308","targetHints":{"allow":["GET"]}}],"collection":[{"href":"https:\/\/agoravape.com\/de\/wp-json\/wp\/v2\/product"}],"about":[{"href":"https:\/\/agoravape.com\/de\/wp-json\/wp\/v2\/types\/product"}],"replies":[{"embeddable":true,"href":"https:\/\/agoravape.com\/de\/wp-json\/wp\/v2\/comments?post=14308"}],"version-history":[{"count":0,"href":"https:\/\/agoravape.com\/de\/wp-json\/wp\/v2\/product\/14308\/revisions"}],"wp:featuredmedia":[{"embeddable":true,"href":"https:\/\/agoravape.com\/de\/wp-json\/wp\/v2\/media\/14329"}],"wp:attachment":[{"href":"https:\/\/agoravape.com\/de\/wp-json\/wp\/v2\/media?parent=14308"}],"wp:term":[{"taxonomy":"product_brand","embeddable":true,"href":"https:\/\/agoravape.com\/de\/wp-json\/wp\/v2\/product_brand?post=14308"},{"taxonomy":"product_cat","embeddable":true,"href":"https:\/\/agoravape.com\/de\/wp-json\/wp\/v2\/product_cat?post=14308"},{"taxonomy":"product_tag","embeddable":true,"href":"https:\/\/agoravape.com\/de\/wp-json\/wp\/v2\/product_tag?post=14308"}],"curies":[{"name":"wp","href":"https:\/\/api.w.org\/{rel}","templated":true}]}}