{"id":14357,"date":"2025-10-13T13:03:00","date_gmt":"2025-10-13T05:03:00","guid":{"rendered":"https:\/\/green-grasshopper-921422.hostingersite.com\/?post_type=product&#038;p=14357"},"modified":"2025-12-15T21:30:55","modified_gmt":"2025-12-15T13:30:55","slug":"elf-box-rgb14000-pro-14k-puffs-led-vape","status":"publish","type":"product","link":"https:\/\/agoravape.com\/de\/product\/elf-box-rgb14000-pro-14k-puffs-led-vape\/","title":{"rendered":"Elf Box RGB14000 Pro E-Zigarette mit 14.000 Z\u00fcgen und LED-Anzeige | Langanhaltender Geschmack und einfaches Aufladen"},"content":{"rendered":"<h2 data-v-md-heading=\"what-about-the-elf-box-rgb14000-pro-14k-suction-led-display-vape\" data-v-md-line=\"3\"><img loading=\"lazy\" decoding=\"async\" class=\"aligncenter size-full wp-image-14369\" src=\"https:\/\/agoravape.com\/wp-content\/uploads\/2025\/10\/Elf-Box-RGB14000-Pro-14K-Puffs-LED-Display-Vape_Agora_vape-1-scaled.webp\" alt=\"\" width=\"2560\" height=\"1553\" srcset=\"https:\/\/agoravape.com\/wp-content\/uploads\/2025\/10\/Elf-Box-RGB14000-Pro-14K-Puffs-LED-Display-Vape_Agora_vape-1-scaled.webp 2560w, https:\/\/agoravape.com\/wp-content\/uploads\/2025\/10\/Elf-Box-RGB14000-Pro-14K-Puffs-LED-Display-Vape_Agora_vape-1-scaled-1200x728.webp 1200w, https:\/\/agoravape.com\/wp-content\/uploads\/2025\/10\/Elf-Box-RGB14000-Pro-14K-Puffs-LED-Display-Vape_Agora_vape-1-300x182.webp 300w, https:\/\/agoravape.com\/wp-content\/uploads\/2025\/10\/Elf-Box-RGB14000-Pro-14K-Puffs-LED-Display-Vape_Agora_vape-1-1024x621.webp 1024w, https:\/\/agoravape.com\/wp-content\/uploads\/2025\/10\/Elf-Box-RGB14000-Pro-14K-Puffs-LED-Display-Vape_Agora_vape-1-768x466.webp 768w, https:\/\/agoravape.com\/wp-content\/uploads\/2025\/10\/Elf-Box-RGB14000-Pro-14K-Puffs-LED-Display-Vape_Agora_vape-1-1536x932.webp 1536w, https:\/\/agoravape.com\/wp-content\/uploads\/2025\/10\/Elf-Box-RGB14000-Pro-14K-Puffs-LED-Display-Vape_Agora_vape-1-2048x1243.webp 2048w\" sizes=\"auto, (max-width: 2560px) 100vw, 2560px\" \/><\/h2>\n<h2 data-v-md-heading=\"what-about-the-elf-box-rgb14000-pro-14k-suction-led-display-vape\" data-v-md-line=\"3\">Und wie sieht es mit der Elf Box RGB14000 Pro 14K Saug-LED-Anzeige-E-Zigarette aus?<\/h2>\n<p data-v-md-line=\"4\">Sind Sie es leid, alle paar Tage Einweg-Zigarettenkartuschen zu wechseln? Dann wird Ihnen dieses Produkt das Leben erleichtern. Die Elf Box RGB14000 Pro bietet eine Saugleistung von bis zu 14.000 Watt, ein \u00fcbersichtliches LED-Display und einen praktischen USB-C-Ladeanschluss. So k\u00f6nnen Sie m\u00fchelos jeden Tropfen \u00d6l aus dem 25-ml-Tank entnehmen.<\/p>\n<p data-v-md-line=\"6\">Man k\u00f6nnte meinen, so viele Z\u00fcge auf einer E-Zigarette w\u00e4ren sperrig, aber ihre Portabilit\u00e4t wird Sie positiv \u00fcberraschen. Das matte Geh\u00e4use liegt sehr angenehm in der Hand, und die RGB-Beleuchtung verleiht ihr eine individuelle Note. Dank des mitgelieferten Lanyards l\u00e4sst sie sich bequem transportieren.<\/p>\n<h2 data-v-md-heading=\"excellent-performance-and-easy-operation\" data-v-md-line=\"8\">Hervorragende Leistung und einfache Bedienung<\/h2>\n<p data-v-md-line=\"9\">Die im Inneren des Ger\u00e4ts befindliche Mesh-Spule sorgt daf\u00fcr, dass jeder Zug so k\u00f6stlich ist wie der erste Schluck. Es gibt keine Stromausf\u00e4lle oder Verbrennungen. Bei niedrigem Akkustand laden Sie das Ger\u00e4t einfach mit dem Standard-USB-C-Kabel auf. Das LED-Display zeigt den Ladezustand auf einen Blick an, sodass Sie nicht raten m\u00fcssen, wann das Ger\u00e4t geladen werden muss.<\/p>\n<h2 data-v-md-heading=\"specification-introduction\" data-v-md-line=\"11\">Specification Introduction<\/h2>\n<ul data-v-md-line=\"12\">\n<li>Saugfrequenz: bis zu 14000 Mal<\/li>\n<li>Nikotingehalt: 0 %, 2 %, 3 %, 5 %<\/li>\n<li>Funktionsprinzip: Aktivierung mit nur einem Zug<\/li>\n<li>Charging: Standard Type-C USB interface<\/li>\n<li>Status: Sofort einsatzbereit<\/li>\n<\/ul>\n<h2 data-v-md-heading=\"full-range-of-flavors\" data-v-md-line=\"18\">Full range of flavors<\/h2>\n<ul data-v-md-line=\"19\">\n<li>Erdbeer- und Wassermelonengeschmack<\/li>\n<li>Blaubeer-Smoothie-Geschmack<\/li>\n<li>Strawberry smoothie flavor<\/li>\n<li>Trauben-Smoothie-Geschmack<\/li>\n<li>Minz-Smoothie-Geschmack<\/li>\n<li>Red Bull Geschmack<\/li>\n<li>Doppelter Apfelgeschmack<\/li>\n<li>Geruch von betrunkenen Smoothies<\/li>\n<li>Pfirsich- und Mangogeschmack<\/li>\n<li>Kirschlimonadengeschmack<\/li>\n<\/ul>\n<h2 data-v-md-heading=\"for-you-for-your-business\" data-v-md-line=\"30\">F\u00fcr Sie, f\u00fcr Ihr Unternehmen<\/h2>\n<p data-v-md-line=\"31\">Sie k\u00f6nnen ein Exemplar f\u00fcr sich selbst kaufen oder Ihren Lagerbestand f\u00fcr Ihr Gesch\u00e4ft aufstocken. F\u00fcr Gro\u00dfbestellungen bieten wir Gro\u00dfhandelskartons f\u00fcr 10 St\u00fcck und Umkartons f\u00fcr 200 St\u00fcck an. Wir versenden per DDP (Delivered Delivery Program) und arbeiten mit zuverl\u00e4ssigen Partnern wie UPS, DPD und DHL zusammen. Dadurch werden Steuern und Geb\u00fchren im Voraus abgerechnet, und es gibt keine unerwarteten Probleme beim Zoll.<\/p>\n<p data-v-md-line=\"33\">Wenn Sie eine Serie kreieren, die es wert ist, wiederverwendet zu werden, dann erf\u00fcllt dieses Produkt definitiv Ihre Anforderungen in Bezug auf Langlebigkeit, gleichbleibenden Geschmack und bequeme t\u00e4gliche Anwendung.<\/p>\n<h2 data-v-md-heading=\"why-do-you-like-it\" data-v-md-line=\"35\">Why do you like it<\/h2>\n<ul data-v-md-line=\"36\">\n<li>Gro\u00dfes Fassungsverm\u00f6gen: Langlebig und robust, kein h\u00e4ufiger Kauf von neuem E-Liquid n\u00f6tig.<\/li>\n<li>Auswahl des Nikotingehalts: W\u00e4hlen Sie je nach Geschmack 0 %, 2 %, 3 % oder 5 %.<\/li>\n<li>Wiederaufladbar: Verwenden Sie alle gekauften E-Liquids.<\/li>\n<li>Mesh-Spulenspule: Sorgt stets f\u00fcr einen gleichbleibend vollen Geschmack.<\/li>\n<li>LED-Display und RGB-Beleuchtung: ein schlichtes und modernes Erscheinungsbild, das den Status auf einen Blick anzeigt.<\/li>\n<li>Mit Trageband: Praktisch zum Mitnehmen unterwegs.<\/li>\n<\/ul>\n<h2 data-v-md-heading=\"why-choose-to-collaborate-with-agoravape\" data-v-md-line=\"43\">Warum sollten Sie sich f\u00fcr eine Zusammenarbeit mit AgoraVape entscheiden?<\/h2>\n<p data-v-md-line=\"44\">Wir verkaufen ausschlie\u00dflich 100% Originalprodukte \u2013 daran besteht kein Zweifel. Gesch\u00e4ftskunden, die den Elf Box RGB14000 Pro 14K LED-Display-Vaporizer erwerben, profitieren von verg\u00fcnstigten Gro\u00dfhandelspreisen, schnellem Kundenservice sowie z\u00fcgiger Zahlungsabwicklung und Lieferung. F\u00fcr Lagerumschlag und Stammkunden kontaktieren Sie uns bitte.<\/p>","protected":false},"excerpt":{"rendered":"<p>&nbsp;<\/p>\n<p><script src=\"chrome-extension:\/\/fpelahbljekknahkcaegamhcndkfpfnc\/iFrame.js\" type=\"text\/javascript\"><\/script><\/p>\n<p><script src=\"chrome-extension:\/\/fpelahbljekknahkcaegamhcndkfpfnc\/iFrame.js\" type=\"text\/javascript\"><\/script><\/p>\n<p><script src=\"chrome-extension:\/\/fpelahbljekknahkcaegamhcndkfpfnc\/iFrame.js\" type=\"text\/javascript\"><\/script><\/p>\n<p><script src=\"chrome-extension:\/\/fpelahbljekknahkcaegamhcndkfpfnc\/iFrame.js\" type=\"text\/javascript\"><\/script><\/p>\n<p><script src=\"chrome-extension:\/\/fpelahbljekknahkcaegamhcndkfpfnc\/iFrame.js\" type=\"text\/javascript\"><\/script><\/p>","protected":false},"featured_media":14379,"comment_status":"open","ping_status":"closed","template":"","meta":[],"product_brand":[212],"product_cat":[124,187,185,189,176,139,174,175,193,191,173,186,180,190,192],"product_tag":[],"class_list":{"0":"post-14357","1":"product","2":"type-product","3":"status-publish","4":"has-post-thumbnail","6":"product_brand-elf-box","7":"product_cat-vape-by-brand","8":"product_cat-0mg-nicotine-free-vapes","9":"product_cat-10000-puffs-high-capacity","10":"product_cat-20mg-standard-nicotine-vapes","11":"product_cat-beverage","12":"product_cat-elf-box","13":"product_cat-fruit-flavors","14":"product_cat-icy-mint","15":"product_cat-mesh-coil","16":"product_cat-rechargeable-disposables","17":"product_cat-vape-by-flavor-profile","18":"product_cat-vape-by-nicotine-strength","19":"product_cat-vape-by-puff-count","20":"product_cat-vape-by-feature-or-type","21":"product_cat-vapes-with-screens","23":"first","24":"instock","25":"shipping-taxable","26":"purchasable","27":"product-type-variable","28":"has-default-attributes"},"tiered_pricing_type":"percentage","tiered_pricing_fixed_rules":[],"tiered_pricing_product_settings":{"layout":"default","base_unit_name":{"singular":null,"plural":null},"default_variation":null},"tiered_pricing_minimum_quantity":10,"tiered_pricing_roles_data":[],"tiered_pricing_percentage_rules":{"30":"29","50":"35","100":"40","200":"44","500":"47","1000":"49"},"tiered_pricing_maximum_quantity":null,"tiered_pricing_quantity_step":"10","_links":{"self":[{"href":"https:\/\/agoravape.com\/de\/wp-json\/wp\/v2\/product\/14357","targetHints":{"allow":["GET"]}}],"collection":[{"href":"https:\/\/agoravape.com\/de\/wp-json\/wp\/v2\/product"}],"about":[{"href":"https:\/\/agoravape.com\/de\/wp-json\/wp\/v2\/types\/product"}],"replies":[{"embeddable":true,"href":"https:\/\/agoravape.com\/de\/wp-json\/wp\/v2\/comments?post=14357"}],"version-history":[{"count":0,"href":"https:\/\/agoravape.com\/de\/wp-json\/wp\/v2\/product\/14357\/revisions"}],"wp:featuredmedia":[{"embeddable":true,"href":"https:\/\/agoravape.com\/de\/wp-json\/wp\/v2\/media\/14379"}],"wp:attachment":[{"href":"https:\/\/agoravape.com\/de\/wp-json\/wp\/v2\/media?parent=14357"}],"wp:term":[{"taxonomy":"product_brand","embeddable":true,"href":"https:\/\/agoravape.com\/de\/wp-json\/wp\/v2\/product_brand?post=14357"},{"taxonomy":"product_cat","embeddable":true,"href":"https:\/\/agoravape.com\/de\/wp-json\/wp\/v2\/product_cat?post=14357"},{"taxonomy":"product_tag","embeddable":true,"href":"https:\/\/agoravape.com\/de\/wp-json\/wp\/v2\/product_tag?post=14357"}],"curies":[{"name":"wp","href":"https:\/\/api.w.org\/{rel}","templated":true}]}}