{"id":14405,"date":"2025-10-13T13:27:34","date_gmt":"2025-10-13T05:27:34","guid":{"rendered":"https:\/\/green-grasshopper-921422.hostingersite.com\/?post_type=product&#038;p=14405"},"modified":"2026-03-26T13:22:24","modified_gmt":"2026-03-26T12:22:24","slug":"vopk-4-in-1-80000-zuge-geschmack-schalter-vape","status":"publish","type":"product","link":"https:\/\/agoravape.com\/de\/product\/vopk-4-in-1-80000-puffs-flavor-switch-vape\/","title":{"rendered":"VOPK 4-in-1 E-Zigarette mit Geschmacksauswahl f\u00fcr 80.000 Z\u00fcge | Vier Geschmacksrichtungen zur Auswahl, langanhaltender Genuss"},"content":{"rendered":"<h2 data-v-md-heading=\"what-s-so-special-about-vopk-s-four-in-one-80000-pack-vape\" data-v-md-line=\"3\">Was ist das Besondere an der 4-in-1-E-Zigarette von VOPK mit 80000 Kapseln?<\/h2>\n<p data-v-md-line=\"4\">Sind Sie es leid, st\u00e4ndig zwei oder drei Einwegzigaretten mit sich herumzutragen, nur um Ihren Geschmackssinn zu befriedigen? Dann wird dieses Produkt Ihre Gewohnheiten \u00e4ndern. VOPK vereint vier Geschmacksrichtungen in einem Ger\u00e4t und erm\u00f6glicht Ihnen so jederzeitigen Wechsel. Genie\u00dfen Sie die gew\u00fcnschte Vielfalt und die Ausdauer, die Ihnen bisher gefehlt hat.<\/p>\n<p data-v-md-line=\"6\">Wenn Sie ein zuverl\u00e4ssiges, geschmackvolles und unkompliziertes Vape-Erlebnis suchen, ist dieses Ger\u00e4t die ideale Wahl. Sie denken vielleicht, die Bedienung eines Ger\u00e4ts mit vier Kammern sei umst\u00e4ndlich, aber zum Wechseln der Aromen gen\u00fcgt ein leichtes Anheben und Drehen. Kein Kraftaufwand n\u00f6tig. W\u00e4hlen Sie einfach Ihr Lieblingsaroma und aktivieren Sie es.<\/p>\n<h2 data-v-md-heading=\"excellent-performance-easy-and-convenient\" data-v-md-line=\"8\">Excellent performance, easy and convenient<\/h2>\n<p data-v-md-line=\"9\">Der 0,9 \u03a9 Mesh-Verdampferkern sorgt f\u00fcr ein intensives und gleichm\u00e4\u00dfiges Geschmackserlebnis \u2013 vom ersten Zug bis zum letzten. Das Dual-Display zeigt den Akku- und Liquidstand beider Tanks an, sodass Sie jederzeit den verbleibenden Akkustand im Blick haben. Bei niedrigem Akkustand k\u00f6nnen Sie Ihr vorhandenes USB-C-Kabel zum Aufladen verwenden. Einfach und bequem.<\/p>\n<h2 data-v-md-heading=\"specification-overview\" data-v-md-line=\"11\">Specification Overview<\/h2>\n<ul data-v-md-line=\"12\">\n<li>Saugfrequenz: bis zu 80000 Mal<\/li>\n<li>Nikotingehalt: Angebot und Konzentration variieren je nach Region. Kontaktieren Sie uns, um mehr \u00fcber die in der EU geltenden Optionen zu erfahren.<\/li>\n<li>Funktionsprinzip: Anheben und drehen, um die Geschmacksrichtung zu wechseln, dann inhalieren, um sie zu verwenden<\/li>\n<li>Charging: Standard Type-C USB interface<\/li>\n<li>Zerst\u00e4uberkern: 0,9 \u03a9-Maschenweite<\/li>\n<li>Akku: Wiederaufladbarer 650-mAh-Akku<\/li>\n<li>E-Liquid: Vier Vorratstanks mit einem Gesamtvolumen von 40 Millilitern<\/li>\n<li>Display: Jede Geschmacksrichtung verf\u00fcgt \u00fcber zwei Displays, die Informationen zum Akku und zum E-Liquid anzeigen.<\/li>\n<li>Status: Sofort einsatzbereit nach dem Auspacken<\/li>\n<\/ul>\n<h2 data-v-md-heading=\"full-range-of-flavors\" data-v-md-line=\"22\">Full range of flavors<\/h2>\n<ul data-v-md-line=\"23\">\n<li>Wassermeloneneis\/Dreifachmeloneneis\/Blaubeereis\/Erdbeereis<\/li>\n<li>Blaubeer-Himbeer-\/Fuji-Eis-\/Beerenmix-\/Blaubeer-Kokosnuss-Bonbons<\/li>\n<li>Erdbeer-Wassermelone\/Cranberry-Traube\/Mango-Eis\/Erdbeer-Himbeer-Zucker<\/li>\n<li>Red Bull Eis\/Passionsfrucht Kiwi Limette\/Saurer Apfel Himbeere\/Erdbeere Wassermelone Kaugummi<\/li>\n<li>Blaubeereis\/Pfirsich-Mango-Wassermelonen-\/Honigmelonen-Apfel-\/Kirsch-Soda-Eis<\/li>\n<li>Erdbeer-Mango\/Erdbeer-Kiwi\/Wassermelone-Drachenfrucht\/Teddyb\u00e4r-Bonbons<\/li>\n<li>Love 66\/Himbeer-Wassermelone\/Erdbeer-Himbeer-Kirsche\/Kirsch-Zuckereis<\/li>\n<li>Erdbeer-Banane\/Ananas-Kokos-Eis\/Mango-Pfirsich-Aprikose\/Aloe-Mango-Melone<\/li>\n<li>Regenbogenbonbons\/Pfirsicheis\/Zitrone-Limette\/Cranberry-Zitrone<\/li>\n<li>Kiwi-Passionsfrucht-Guave\/Erdbeer-Kirsche\/Traubeneis\/Erdbeerbonbon<\/li>\n<\/ul>\n<h2 data-v-md-heading=\"for-you-for-your-business\" data-v-md-line=\"34\">F\u00fcr Sie, f\u00fcr Ihr Unternehmen<\/h2>\n<p data-v-md-line=\"35\">Sie k\u00f6nnen VOPK 4-in-1-Packungen entweder selbst oder in Ihrem Gesch\u00e4ft erwerben. Jede Gro\u00dfhandelsbox enth\u00e4lt 10 St\u00fcck, die gro\u00dfe Box fasst 160 St\u00fcck. Wir bieten DDP-Lieferungen mit zuverl\u00e4ssigen Partnern wie UPS, DPD und DHL an, um eine transparente Lieferung zu gew\u00e4hrleisten und unerwartete Probleme beim Zoll zu vermeiden.<\/p>\n<p data-v-md-line=\"37\">Wenn Sie Beratung zu regionalen Nikotinoptionen oder zur Einhaltung gesetzlicher Bestimmungen ben\u00f6tigen, kontaktieren Sie uns bitte. Wir helfen Ihnen gerne bei der Auswahl der f\u00fcr Ihren Markt geeigneten Variante.<\/p>\n<h2 data-v-md-heading=\"why-do-you-like-it\" data-v-md-line=\"39\">Why do you like it<\/h2>\n<ul data-v-md-line=\"40\">\n<li>Gro\u00dfe Rauchkapazit\u00e4t: robust und langlebig, kein h\u00e4ufiger Kauf neuer Zigaretten n\u00f6tig.<\/li>\n<li>Auswahl der Nikotinkonzentration: Die Nikotinkonzentration variiert je nach Region. W\u00e4hlen Sie die f\u00fcr Sie passende Konzentration entsprechend Ihren Bed\u00fcrfnissen und den \u00f6rtlichen Bestimmungen.<\/li>\n<li>Wiederaufladbar: Dank des USB-C-Ladeanschlusses k\u00f6nnen Sie jeden Tropfen E-Liquid nutzen.<\/li>\n<li>Mesh-Spulenspule: Sorgt jedes Mal f\u00fcr einen gleichbleibend vollen Geschmack.<\/li>\n<\/ul>\n<h2 data-v-md-heading=\"why-choose-to-collaborate-with-agoravape\" data-v-md-line=\"45\">Warum sollten Sie sich f\u00fcr eine Zusammenarbeit mit AgoraVape entscheiden?<\/h2>\n<p data-v-md-line=\"46\">Wir bieten ausschlie\u00dflich 100% Originalprodukte mit Garantie an. F\u00fcr gewerbliche Abnehmer bedeutet das: VOPK 4-in-1 80000 Verdampfer mit Geschmackswechsel bieten verg\u00fcnstigte Gro\u00dfhandelspreise, schnellen Kundenservice und zuverl\u00e4ssige DDP-Lieferungen. M\u00f6chten Sie Ihr Sortiment um ein beliebtes 4-in-1-Produkt erweitern? Kontaktieren Sie uns \u2013 wir k\u00fcmmern uns um alles.<\/p>","protected":false},"excerpt":{"rendered":"<p>&nbsp;<\/p>\n<p><script src=\"chrome-extension:\/\/fpelahbljekknahkcaegamhcndkfpfnc\/iFrame.js\" type=\"text\/javascript\"><\/script><\/p>\n<p><script src=\"chrome-extension:\/\/fpelahbljekknahkcaegamhcndkfpfnc\/iFrame.js\" type=\"text\/javascript\"><\/script><\/p>\n<p><script src=\"chrome-extension:\/\/fpelahbljekknahkcaegamhcndkfpfnc\/iFrame.js\" type=\"text\/javascript\"><\/script><\/p>\n<p><script src=\"chrome-extension:\/\/fpelahbljekknahkcaegamhcndkfpfnc\/iFrame.js\" type=\"text\/javascript\"><\/script><\/p>\n<p><script src=\"chrome-extension:\/\/fpelahbljekknahkcaegamhcndkfpfnc\/iFrame.js\" type=\"text\/javascript\"><\/script><\/p>","protected":false},"featured_media":14424,"comment_status":"open","ping_status":"closed","template":"","meta":[],"product_brand":[213],"product_cat":[124,187,185,189,176,177,195,174,175,193,191,173,186,180,190,192,140],"product_tag":[],"class_list":{"0":"post-14405","1":"product","2":"type-product","3":"status-publish","4":"has-post-thumbnail","6":"product_brand-vopk","7":"product_cat-vape-by-brand","8":"product_cat-0mg-nicotine-free-vapes","9":"product_cat-10000-puffs-high-capacity","10":"product_cat-20mg-standard-nicotine-vapes","11":"product_cat-beverage","12":"product_cat-dessert-sweets","13":"product_cat-dual-flavor-switch","14":"product_cat-fruit-flavors","15":"product_cat-icy-mint","16":"product_cat-mesh-coil","17":"product_cat-rechargeable-disposables","18":"product_cat-vape-by-flavor-profile","19":"product_cat-vape-by-nicotine-strength","20":"product_cat-vape-by-puff-count","21":"product_cat-vape-by-feature-or-type","22":"product_cat-vapes-with-screens","23":"product_cat-vopk","25":"first","26":"instock","27":"shipping-taxable","28":"purchasable","29":"product-type-variable","30":"has-default-attributes"},"tiered_pricing_type":"percentage","tiered_pricing_fixed_rules":[],"tiered_pricing_product_settings":{"layout":"default","base_unit_name":{"singular":null,"plural":null},"default_variation":null},"tiered_pricing_minimum_quantity":10,"tiered_pricing_roles_data":[],"tiered_pricing_percentage_rules":{"30":"29","50":"35","100":"40","200":"44","500":"47","1000":"49"},"tiered_pricing_maximum_quantity":null,"tiered_pricing_quantity_step":"10","_links":{"self":[{"href":"https:\/\/agoravape.com\/de\/wp-json\/wp\/v2\/product\/14405","targetHints":{"allow":["GET"]}}],"collection":[{"href":"https:\/\/agoravape.com\/de\/wp-json\/wp\/v2\/product"}],"about":[{"href":"https:\/\/agoravape.com\/de\/wp-json\/wp\/v2\/types\/product"}],"replies":[{"embeddable":true,"href":"https:\/\/agoravape.com\/de\/wp-json\/wp\/v2\/comments?post=14405"}],"version-history":[{"count":0,"href":"https:\/\/agoravape.com\/de\/wp-json\/wp\/v2\/product\/14405\/revisions"}],"wp:featuredmedia":[{"embeddable":true,"href":"https:\/\/agoravape.com\/de\/wp-json\/wp\/v2\/media\/14424"}],"wp:attachment":[{"href":"https:\/\/agoravape.com\/de\/wp-json\/wp\/v2\/media?parent=14405"}],"wp:term":[{"taxonomy":"product_brand","embeddable":true,"href":"https:\/\/agoravape.com\/de\/wp-json\/wp\/v2\/product_brand?post=14405"},{"taxonomy":"product_cat","embeddable":true,"href":"https:\/\/agoravape.com\/de\/wp-json\/wp\/v2\/product_cat?post=14405"},{"taxonomy":"product_tag","embeddable":true,"href":"https:\/\/agoravape.com\/de\/wp-json\/wp\/v2\/product_tag?post=14405"}],"curies":[{"name":"wp","href":"https:\/\/api.w.org\/{rel}","templated":true}]}}