{"id":14474,"date":"2025-10-13T15:31:30","date_gmt":"2025-10-13T07:31:30","guid":{"rendered":"https:\/\/green-grasshopper-921422.hostingersite.com\/?post_type=product&#038;p=14474"},"modified":"2026-01-13T01:04:04","modified_gmt":"2026-01-12T17:04:04","slug":"vopk-ultra-40000-puffs-doppelgeschmack-vape","status":"publish","type":"product","link":"https:\/\/agoravape.com\/de\/product\/vopk-ultra-40000-puffs-dual-flavor-vape\/","title":{"rendered":"VOPK Ultra E-Zigarette mit Dual-Aroma-Sieb f\u00fcr 40.000 Z\u00fcge | Gro\u00dfe Z\u00fcge, zwei Geschmacksrichtungen, kinderleichte Bedienung"},"content":{"rendered":"<h2 data-v-md-heading=\"what-are-the-advantages-of-vopk-ultra-40000-dual-flavor-screen-vapes\" data-v-md-line=\"3\"><img loading=\"lazy\" decoding=\"async\" class=\"aligncenter size-full wp-image-14496\" src=\"https:\/\/agoravape.com\/wp-content\/uploads\/2025\/10\/VOPK-Ultra-40000-Puffs-Dual-Flavor-Screen-Vape_Agora_vape-11.webp\" alt=\"\" width=\"2000\" height=\"1088\" srcset=\"https:\/\/agoravape.com\/wp-content\/uploads\/2025\/10\/VOPK-Ultra-40000-Puffs-Dual-Flavor-Screen-Vape_Agora_vape-11.webp 2000w, https:\/\/agoravape.com\/wp-content\/uploads\/2025\/10\/VOPK-Ultra-40000-Puffs-Dual-Flavor-Screen-Vape_Agora_vape-11-1200x653.webp 1200w, https:\/\/agoravape.com\/wp-content\/uploads\/2025\/10\/VOPK-Ultra-40000-Puffs-Dual-Flavor-Screen-Vape_Agora_vape-11-300x163.webp 300w, https:\/\/agoravape.com\/wp-content\/uploads\/2025\/10\/VOPK-Ultra-40000-Puffs-Dual-Flavor-Screen-Vape_Agora_vape-11-1024x557.webp 1024w, https:\/\/agoravape.com\/wp-content\/uploads\/2025\/10\/VOPK-Ultra-40000-Puffs-Dual-Flavor-Screen-Vape_Agora_vape-11-768x418.webp 768w, https:\/\/agoravape.com\/wp-content\/uploads\/2025\/10\/VOPK-Ultra-40000-Puffs-Dual-Flavor-Screen-Vape_Agora_vape-11-1536x836.webp 1536w\" sizes=\"auto, (max-width: 2000px) 100vw, 2000px\" \/><\/h2>\n<h2 data-v-md-heading=\"what-are-the-advantages-of-vopk-ultra-40000-dual-flavor-screen-vapes\" data-v-md-line=\"3\">Was sind die Vorteile des VOPK Ultra 40000 Dual Flavor Screen Vapes?<\/h2>\n<p data-v-md-line=\"4\">Wenn Sie es leid sind, alle paar Tage Einwegverdampfer zu ersetzen, wird dieses Produkt Ihr Leben einfacher machen. VOPK Ultra hat eine Kapazit\u00e4t von bis zu 40000 Z\u00fcgen und bietet zwei Geschmacksrichtungen in einem Ger\u00e4t, so dass Sie leicht wechseln k\u00f6nnen, ohne einen zweiten Vape mit sich f\u00fchren zu m\u00fcssen.<\/p>\n<p data-v-md-line=\"6\">Er ist f\u00fcr jeden geeignet, der eine lang anhaltende Leistung und einen direkten k\u00f6stlichen Geschmack anstrebt, und es gibt keinen Grund zur Sorge. Das gro\u00dfe Display zeigt den Akku- und Fl\u00fcssigkeitsstand auf einen Blick an, so dass Sie den aktuellen Status genau verstehen k\u00f6nnen. Sie denken vielleicht, dass das Display bei Einwegverdampfern nur ein Gimmick ist, aber es l\u00f6st tats\u00e4chlich das Problem, dass Sie es nicht genau beurteilen k\u00f6nnen.<\/p>\n<h2 data-v-md-heading=\"excellent-performance-easy-and-convenient\" data-v-md-line=\"8\">Excellent performance, easy and convenient<\/h2>\n<p data-v-md-line=\"9\">Der eingebaute Dual-Mesh-Zerst\u00e4uberkern sorgt f\u00fcr eine schnelle und gleichm\u00e4\u00dfige Erw\u00e4rmung, die einen gleichbleibenden Geschmack und lang anhaltende Reichhaltigkeit gew\u00e4hrleistet. Wenn der Akku leer ist, kann er \u00fcber Typ-C aufgeladen werden. Verwenden Sie das gleiche Datenkabel wie Ihr Telefon, um die Nutzung schnell wiederherzustellen.<\/p>\n<h2 data-v-md-heading=\"specification-overview\" data-v-md-line=\"11\">Specification Overview<\/h2>\n<ul data-v-md-line=\"12\">\n<li>Suction frequency: up to 40000 times<\/li>\n<li>Nikotingehalt: Verschiedene M\u00e4rkte bieten unterschiedliche Optionen an, mit einem TPD-Bereich von 0 Milligramm. Bitte pr\u00fcfen Sie die lokale Versorgungslage<\/li>\n<li>Working principle: Activated by inhalation<\/li>\n<li>Laden: USB-Typ-C-Schnittstelle<\/li>\n<li>Status: Sofort einsatzbereit<\/li>\n<li>E-Fl\u00fcssigkeitskapazit\u00e4t: 36 Milliliter<\/li>\n<li>Akku: 650mAh (16350 Zellen)<\/li>\n<li>Zerst\u00e4ubungskern: Doppelgewebe<\/li>\n<li>Display: gro\u00dfer Bildschirm mit Batterie- und E-Liquid-Kontrollleuchte<\/li>\n<\/ul>\n<p data-v-md-line=\"22\">Achtung! Aufgrund lokaler Vorschriften k\u00f6nnen die Versorgungslage und die M\u00f6glichkeiten des Nikotingehalts in verschiedenen L\u00e4ndern\/Regionen unterschiedlich sein.<\/p>\n<h2 data-v-md-heading=\"full-range-of-flavors\" data-v-md-line=\"24\">Full range of flavors<\/h2>\n<ul data-v-md-line=\"25\">\n<li>Erdbeere Wassermelone\/Kiwi Passionsfrucht Guave<\/li>\n<li>Heidelbeeren, Himbeeren, Pfirsiche, Mangos, Wassermelonen<\/li>\n<li>Blaubeer-B\u00e4r-Gummis\/Erdbeer-Kiwis<\/li>\n<li>Blaubeere-Kirsche\/Erdbeere-Himbeere<\/li>\n<li>Zitronen-Limetten-Soda\/Wassermelone-Minze<\/li>\n<li>Wassermeloneneis\/Blaubeereis<\/li>\n<li>Heidelbeere-Ananas\/Dreifach-Mango<\/li>\n<li>Trauben-Beeren-Explosion\/Birnen-Apfel-Himbeere<\/li>\n<li>Erdbeere Cranberry Kirsche\/Ananas Maracuja Limette<\/li>\n<li>Blaubeere-Erdbeere-Minze\/Blaubeere-Himbeere-Minze<\/li>\n<\/ul>\n<h2 data-v-md-heading=\"for-you-and-your-business\" data-v-md-line=\"36\">For you and your business<\/h2>\n<p data-v-md-line=\"37\">Wenn Sie einen zuverl\u00e4ssigen Allwetterdampfer mit passendem Geschmack und bequemer Aufladung wollen, dann beeilen Sie sich und holen Sie ihn! Dank des gro\u00dfen Bildschirms m\u00fcssen Sie nicht mehr raten, und Sie m\u00fcssen sich keine Sorgen machen, dass der Akku leer wird oder der Tank austrocknet.<\/p>\n<p data-v-md-line=\"39\">Betreiben Sie ein Ladengesch\u00e4ft oder einen Online-Shop? Wir liefern VOPK Ultra 40000 in Gro\u00dfhandelskartons, mit 10 St\u00fcck pro Karton und 160 St\u00fcck pro Karton. Wir arbeiten mit vertrauensw\u00fcrdigen Partnern wie UPS, DPD und DHL zusammen, um den Versand innerhalb Europas \u00fcber DDP abzuwickeln, so dass Tarife im Voraus bearbeitet werden k\u00f6nnen, um unerwartete Zollsituationen zu vermeiden.<\/p>\n<h2 data-v-md-heading=\"why-do-you-like-it\" data-v-md-line=\"41\">Why do you like it<\/h2>\n<ul data-v-md-line=\"42\">\n<li>Gro\u00dfe Saugleistung: l\u00e4ngere Lebensdauer der Batterie, kein h\u00e4ufiges Nachladen erforderlich<\/li>\n<li>Duale Geschmacksauswahl: Ein Ger\u00e4t bietet zwei Geschmacksoptionen f\u00fcr einen einfachen Wechsel<\/li>\n<li>Wiederaufladbar: Typ-C-Aufladung hilft Ihnen, jeden Tropfen E-Liquid vollst\u00e4ndig zu nutzen<\/li>\n<li>Mesh Coil: vom ersten bis zum letzten Biss bleibt der Geschmack gleich<\/li>\n<li>\u00dcbersichtliches Display: Batterie- und Fl\u00fcssigkeitsstand sind auf einen Blick ersichtlich<\/li>\n<\/ul>\n<h2 data-v-md-heading=\"why-collaborate-with-agoravape\" data-v-md-line=\"48\">Warum mit AgoraVape zusammenarbeiten?<\/h2>\n<p data-v-md-line=\"49\">Wir verkaufen nur 100% echte Produkte und sind verantwortlich f\u00fcr die Produkte, die wir versenden. VOPK Ultra 40000 Dual Flavor Screen Vape erm\u00f6glicht es Ihnen, erm\u00e4\u00dfigte Gro\u00dfhandelspreise, schnelle technische Unterst\u00fctzung und DDP schnellen Lieferservice innerhalb Europas zu genie\u00dfen. Diskutieren Sie mit uns \u00fcber aktuelle Geschmacksrichtungen, regionale Nikotinauswahl und Gro\u00dfhandelspreise und decken Sie sich dann mit Ger\u00e4ten ein, die Ihre Kunden wirklich gerne wieder kaufen werden.<\/p>","protected":false},"excerpt":{"rendered":"<p>&nbsp;<\/p>","protected":false},"featured_media":14495,"comment_status":"open","ping_status":"closed","template":"","meta":[],"product_brand":[213],"product_cat":[124,187,185,189,1639,195,174,175,193,191,173,186,180,190,192,140],"product_tag":[],"class_list":{"0":"post-14474","1":"product","2":"type-product","3":"status-publish","4":"has-post-thumbnail","6":"product_brand-vopk","7":"product_cat-vape-by-brand","8":"product_cat-0mg-nicotine-free-vapes","9":"product_cat-10000-puffs-high-capacity","10":"product_cat-20mg-standard-nicotine-vapes","11":"product_cat-40000-puffs","12":"product_cat-dual-flavor-switch","13":"product_cat-fruit-flavors","14":"product_cat-icy-mint","15":"product_cat-mesh-coil","16":"product_cat-rechargeable-disposables","17":"product_cat-vape-by-flavor-profile","18":"product_cat-vape-by-nicotine-strength","19":"product_cat-vape-by-puff-count","20":"product_cat-vape-by-feature-or-type","21":"product_cat-vapes-with-screens","22":"product_cat-vopk","24":"first","25":"instock","26":"shipping-taxable","27":"purchasable","28":"product-type-variable","29":"has-default-attributes"},"tiered_pricing_type":"percentage","tiered_pricing_fixed_rules":[],"tiered_pricing_product_settings":{"layout":"default","base_unit_name":{"singular":null,"plural":null},"default_variation":null},"tiered_pricing_minimum_quantity":10,"tiered_pricing_roles_data":[],"tiered_pricing_percentage_rules":{"30":"29","50":"35","100":"40","200":"44","500":"47","1000":"49"},"tiered_pricing_maximum_quantity":null,"tiered_pricing_quantity_step":"10","_links":{"self":[{"href":"https:\/\/agoravape.com\/de\/wp-json\/wp\/v2\/product\/14474","targetHints":{"allow":["GET"]}}],"collection":[{"href":"https:\/\/agoravape.com\/de\/wp-json\/wp\/v2\/product"}],"about":[{"href":"https:\/\/agoravape.com\/de\/wp-json\/wp\/v2\/types\/product"}],"replies":[{"embeddable":true,"href":"https:\/\/agoravape.com\/de\/wp-json\/wp\/v2\/comments?post=14474"}],"version-history":[{"count":0,"href":"https:\/\/agoravape.com\/de\/wp-json\/wp\/v2\/product\/14474\/revisions"}],"wp:featuredmedia":[{"embeddable":true,"href":"https:\/\/agoravape.com\/de\/wp-json\/wp\/v2\/media\/14495"}],"wp:attachment":[{"href":"https:\/\/agoravape.com\/de\/wp-json\/wp\/v2\/media?parent=14474"}],"wp:term":[{"taxonomy":"product_brand","embeddable":true,"href":"https:\/\/agoravape.com\/de\/wp-json\/wp\/v2\/product_brand?post=14474"},{"taxonomy":"product_cat","embeddable":true,"href":"https:\/\/agoravape.com\/de\/wp-json\/wp\/v2\/product_cat?post=14474"},{"taxonomy":"product_tag","embeddable":true,"href":"https:\/\/agoravape.com\/de\/wp-json\/wp\/v2\/product_tag?post=14474"}],"curies":[{"name":"wp","href":"https:\/\/api.w.org\/{rel}","templated":true}]}}