{"id":14547,"date":"2025-10-13T16:10:30","date_gmt":"2025-10-13T08:10:30","guid":{"rendered":"https:\/\/green-grasshopper-921422.hostingersite.com\/?post_type=product&#038;p=14547"},"modified":"2026-03-26T13:22:24","modified_gmt":"2026-03-26T12:22:24","slug":"vopk-cool-bar-9000-puffs-vape","status":"publish","type":"product","link":"https:\/\/agoravape.com\/de\/product\/vopk-cool-bar-9000-puffs-vape\/","title":{"rendered":"VOPK Cool Bar E-Zigarette mit einstellbarer Luftzufuhr f\u00fcr 9000 Z\u00fcge | Langanhaltender Geschmack, einfach im Alltag"},"content":{"rendered":"<h2 data-v-md-heading=\"what-is-the-charm-of-vopk-cool-bar-9000-adjustable-intake-vape\" data-v-md-line=\"3\"><img loading=\"lazy\" decoding=\"async\" class=\"aligncenter size-full wp-image-14546\" src=\"https:\/\/agoravape.com\/wp-content\/uploads\/2025\/10\/VOPK-Cool-Bar-9000-Puffs-Adjustable-Airflow-Vape_Agora_vape-1-scaled.webp\" alt=\"\" width=\"2560\" height=\"2560\" srcset=\"https:\/\/agoravape.com\/wp-content\/uploads\/2025\/10\/VOPK-Cool-Bar-9000-Puffs-Adjustable-Airflow-Vape_Agora_vape-1-scaled.webp 2560w, https:\/\/agoravape.com\/wp-content\/uploads\/2025\/10\/VOPK-Cool-Bar-9000-Puffs-Adjustable-Airflow-Vape_Agora_vape-1-scaled-600x600.webp 600w, https:\/\/agoravape.com\/wp-content\/uploads\/2025\/10\/VOPK-Cool-Bar-9000-Puffs-Adjustable-Airflow-Vape_Agora_vape-1-scaled-1200x1200.webp 1200w, https:\/\/agoravape.com\/wp-content\/uploads\/2025\/10\/VOPK-Cool-Bar-9000-Puffs-Adjustable-Airflow-Vape_Agora_vape-1-300x300.webp 300w, https:\/\/agoravape.com\/wp-content\/uploads\/2025\/10\/VOPK-Cool-Bar-9000-Puffs-Adjustable-Airflow-Vape_Agora_vape-1-1024x1024.webp 1024w, https:\/\/agoravape.com\/wp-content\/uploads\/2025\/10\/VOPK-Cool-Bar-9000-Puffs-Adjustable-Airflow-Vape_Agora_vape-1-150x150.webp 150w, https:\/\/agoravape.com\/wp-content\/uploads\/2025\/10\/VOPK-Cool-Bar-9000-Puffs-Adjustable-Airflow-Vape_Agora_vape-1-768x768.webp 768w, https:\/\/agoravape.com\/wp-content\/uploads\/2025\/10\/VOPK-Cool-Bar-9000-Puffs-Adjustable-Airflow-Vape_Agora_vape-1-1536x1536.webp 1536w, https:\/\/agoravape.com\/wp-content\/uploads\/2025\/10\/VOPK-Cool-Bar-9000-Puffs-Adjustable-Airflow-Vape_Agora_vape-1-2048x2048.webp 2048w\" sizes=\"auto, (max-width: 2560px) 100vw, 2560px\" \/><\/h2>\n<h2 data-v-md-heading=\"what-is-the-charm-of-vopk-cool-bar-9000-adjustable-intake-vape\" data-v-md-line=\"3\">Was macht den Reiz der VOPK Cool Bar 9000 E-Zigarette mit einstellbarem Lufteinlass aus?<\/h2>\n<p data-v-md-line=\"4\">Sind Sie es leid, dass Einweg-E-Zigaretten schnell leer werden? Dann ist dieses Produkt genau das Richtige f\u00fcr Sie. Die VOPK Cool Bar bietet bis zu 9000 Speicherpl\u00e4tze und erm\u00f6glicht Ihnen unbeschwerten Genuss ohne h\u00e4ufiges Wechseln des Ger\u00e4ts. Dank der weichen, rutschfesten Beschichtung liegt sie angenehm in der Hand und erm\u00f6glicht Ihnen die problemlose Bedienung von Kn\u00f6pfen und Einstellungen.<\/p>\n<p data-v-md-line=\"6\">Sie eignet sich f\u00fcr alle, die Wert auf zuverl\u00e4ssigen Geschmack, gleichm\u00e4\u00dfigen Rauch und individuell einstellbare Zugkraft legen. Dank der verstellbaren Luftzufuhr an der Unterseite k\u00f6nnen Sie zwischen einem straffen, zigaretten\u00e4hnlichen und einem etwas offeneren Raucherlebnis wechseln. Vielf\u00e4ltige Einstellm\u00f6glichkeiten, ganz ohne komplizierte Bedienung.<\/p>\n<h2 data-v-md-heading=\"excellent-performance-easy-and-convenient\" data-v-md-line=\"8\">Excellent performance, easy and convenient<\/h2>\n<p data-v-md-line=\"9\">Das Herzst\u00fcck der Cool Bar ist ein 1,0 \u03a9 Mesh-Verdampferkern, der bei jedem Zug f\u00fcr einen reinen und gleichm\u00e4\u00dfigen Geschmack sorgt. Der Mesh-Verdampferkern leitet die W\u00e4rme gleichm\u00e4\u00dfig ab und garantiert so ein gleichbleibendes Geschmackserlebnis vom ersten bis zum letzten Zug. Bei niedrigem Akkustand k\u00f6nnen Sie die Cool Bar mit einem USB-C-Datenkabel aufladen. Dieses Kabel k\u00f6nnen Sie beispielsweise auch f\u00fcr Ihr Smartphone verwenden. Einfach und bequem \u2013 ganz unkompliziert.<\/p>\n<h2 data-v-md-heading=\"specification-overview\" data-v-md-line=\"11\">Specification Overview<\/h2>\n<ul data-v-md-line=\"12\">\n<li>Saugfrequenz: bis zu 9000 Mal<\/li>\n<li>E-Liquid-Kapazit\u00e4t: 15 Milliliter<\/li>\n<li>Zerst\u00e4ubungskern: 1,0 \u03a9 Maschenzerst\u00e4ubungskern<\/li>\n<li>Luftansaugmethode: unten verstellbare Luftansaugung<\/li>\n<li>Akku: 600 mAh (wiederaufladbar, 18250 Zellen)<\/li>\n<li>Ladeverfahren: USB-Typ-C-Schnittstelle<\/li>\n<li>Funktionsprinzip: Automatisches Ansaugen (kann durch Einatmen verwendet werden)<\/li>\n<li>Oberfl\u00e4chenbehandlung: Gummibeschichtung, UV-Druckmuster<\/li>\n<li>Status: Sofort einsatzbereit<\/li>\n<li>Nikotingehalt: Die Verf\u00fcgbarkeit kann je nach Markt und gesetzlichen Bestimmungen variieren. Bitte pr\u00fcfen Sie vor Ihrer Bestellung die aktuelle Geschmacksrichtung auf dieser Seite.<\/li>\n<\/ul>\n<h2 data-v-md-heading=\"full-range-of-flavors\" data-v-md-line=\"23\">Full range of flavors<\/h2>\n<ul data-v-md-line=\"24\">\n<li>Pfirsicheis<\/li>\n<li>Doppelte Minze<\/li>\n<li>Zitronen-Blasen<\/li>\n<li>Trauben-Aloe Vera<\/li>\n<li>Trauben-Litschi<\/li>\n<li>Coca Cola Ice<\/li>\n<li>Saure Orange<\/li>\n<li>Gemischte Beeren<\/li>\n<li>Red Bull Ice<\/li>\n<li>Watermelon Ice<\/li>\n<\/ul>\n<h2 data-v-md-heading=\"for-you-and-for-your-business-as-well\" data-v-md-line=\"35\">For you, and for your business as well<\/h2>\n<p data-v-md-line=\"36\">Selbstfinanzierter Kauf? W\u00e4hle deinen Lieblingsgeschmack und leg los. Du denkst vielleicht, eine Einweg-E-Zigarette mit 9000 Z\u00fcgen w\u00e4re klobig, aber die Cool Bar ist mit einer Gummibeschichtung versehen und bietet so ein komfortables und praktisches Dampferlebnis.<\/p>\n<p data-v-md-line=\"38\">Betreiben Sie ein Ladengesch\u00e4ft oder einen Online-Shop? Wir liefern VOPK Cool Bar 9000 E-Zigaretten mit einstellbarer Nikotinzufuhr in Gro\u00dfhandelskartons mit je 10 Zigaretten (insgesamt 200 Zigaretten pro Karton). Wir bieten DDP-Lieferungen \u00fcber zuverl\u00e4ssige Partner wie UPS, DPD und DHL an, sodass Z\u00f6lle im Voraus abgewickelt werden k\u00f6nnen und \u00dcberraschungen beim Zoll vermieden werden. Verf\u00fcgbarkeit und Nikotinst\u00e4rken k\u00f6nnen je nach den lokalen Bestimmungen variieren. Bitte informieren Sie sich daher \u00fcber die geltenden Vorschriften in Ihrem Land\/Ihrer Region.<\/p>\n<h2 data-v-md-heading=\"why-do-you-like-it\" data-v-md-line=\"40\">Why do you like it<\/h2>\n<ul data-v-md-line=\"41\">\n<li>Enorme Saugkraft: langlebig und robust, kein h\u00e4ufiges Nachf\u00fcllen n\u00f6tig.<\/li>\n<li>Einstellbarer Luftstrom: Passen Sie die Saugkraft je nach Stimmung an, von st\u00e4rker bis sanfter.<\/li>\n<li>Wiederaufladbar: Dank des USB-C-Ladeanschlusses k\u00f6nnen Sie jeden Tropfen E-Liquid aufbrauchen.<\/li>\n<li>Mesh-Spule: Gleichbleibender Geschmack und sanfter Rauch von Anfang bis Ende.<\/li>\n<li>Einfache Bedienung: Dank des automatischen Saugsystems sind keine Kn\u00f6pfe oder Men\u00fcs n\u00f6tig, der Druck l\u00e4sst sich m\u00fchelos aus\u00fcben.<\/li>\n<li>Angenehmes Tragegef\u00fchl: Die Gummibeschichtung sorgt f\u00fcr einen sicheren Halt w\u00e4hrend der Fahrt.<\/li>\n<\/ul>\n<h2 data-v-md-heading=\"why-choose-to-collaborate-with-agoravape\" data-v-md-line=\"48\">Warum sollten Sie sich f\u00fcr eine Zusammenarbeit mit AgoraVape entscheiden?<\/h2>\n<p data-v-md-line=\"49\">Wir verkaufen ausschlie\u00dflich Originalprodukte und bieten daf\u00fcr Garantien. Gewerbliche K\u00e4ufer profitieren von g\u00fcnstigen Gro\u00dfhandelspreisen, zuverl\u00e4ssiger Lagerhaltung und schnellem DDP-Versand in ganz Europa. Unser Team unterst\u00fctzt Sie beim einfachen Einstellen und Verkaufen der VOPK Cool Bar 9000 E-Zigarette mit einstellbarem Luftstrom \u2013 f\u00fcr ein Produkt, das Ihre Kunden immer wieder kaufen m\u00f6chten. Kontaktieren Sie uns, um Preise und Geschmackskombinationen festzulegen, die zu Ihrem Sortiment passen.<\/p>","protected":false},"excerpt":{"rendered":"<p>&nbsp;<\/p>\n<p><script src=\"chrome-extension:\/\/fpelahbljekknahkcaegamhcndkfpfnc\/iFrame.js\" type=\"text\/javascript\"><\/script><\/p>\n<p><script src=\"chrome-extension:\/\/fpelahbljekknahkcaegamhcndkfpfnc\/iFrame.js\" type=\"text\/javascript\"><\/script><\/p>\n<p><script src=\"chrome-extension:\/\/fpelahbljekknahkcaegamhcndkfpfnc\/iFrame.js\" type=\"text\/javascript\"><\/script><\/p>\n<p><script src=\"chrome-extension:\/\/fpelahbljekknahkcaegamhcndkfpfnc\/iFrame.js\" type=\"text\/javascript\"><\/script><\/p>\n<p><script src=\"chrome-extension:\/\/fpelahbljekknahkcaegamhcndkfpfnc\/iFrame.js\" type=\"text\/javascript\"><\/script><\/p>","protected":false},"featured_media":14568,"comment_status":"open","ping_status":"closed","template":"","meta":[],"product_brand":[213],"product_cat":[124,187,185,189,194,176,174,175,193,191,173,186,180,190,140],"product_tag":[],"class_list":{"0":"post-14547","1":"product","2":"type-product","3":"status-publish","4":"has-post-thumbnail","6":"product_brand-vopk","7":"product_cat-vape-by-brand","8":"product_cat-0mg-nicotine-free-vapes","9":"product_cat-10000-puffs-high-capacity","10":"product_cat-20mg-standard-nicotine-vapes","11":"product_cat-adjustable-airflow","12":"product_cat-beverage","13":"product_cat-fruit-flavors","14":"product_cat-icy-mint","15":"product_cat-mesh-coil","16":"product_cat-rechargeable-disposables","17":"product_cat-vape-by-flavor-profile","18":"product_cat-vape-by-nicotine-strength","19":"product_cat-vape-by-puff-count","20":"product_cat-vape-by-feature-or-type","21":"product_cat-vopk","23":"first","24":"instock","25":"shipping-taxable","26":"purchasable","27":"product-type-variable","28":"has-default-attributes"},"tiered_pricing_type":"percentage","tiered_pricing_fixed_rules":[],"tiered_pricing_product_settings":{"layout":"default","base_unit_name":{"singular":null,"plural":null},"default_variation":null},"tiered_pricing_minimum_quantity":10,"tiered_pricing_roles_data":[],"tiered_pricing_percentage_rules":{"30":"29","50":"35","100":"40","200":"44","500":"47","1000":"49"},"tiered_pricing_maximum_quantity":null,"tiered_pricing_quantity_step":"10","_links":{"self":[{"href":"https:\/\/agoravape.com\/de\/wp-json\/wp\/v2\/product\/14547","targetHints":{"allow":["GET"]}}],"collection":[{"href":"https:\/\/agoravape.com\/de\/wp-json\/wp\/v2\/product"}],"about":[{"href":"https:\/\/agoravape.com\/de\/wp-json\/wp\/v2\/types\/product"}],"replies":[{"embeddable":true,"href":"https:\/\/agoravape.com\/de\/wp-json\/wp\/v2\/comments?post=14547"}],"version-history":[{"count":0,"href":"https:\/\/agoravape.com\/de\/wp-json\/wp\/v2\/product\/14547\/revisions"}],"wp:featuredmedia":[{"embeddable":true,"href":"https:\/\/agoravape.com\/de\/wp-json\/wp\/v2\/media\/14568"}],"wp:attachment":[{"href":"https:\/\/agoravape.com\/de\/wp-json\/wp\/v2\/media?parent=14547"}],"wp:term":[{"taxonomy":"product_brand","embeddable":true,"href":"https:\/\/agoravape.com\/de\/wp-json\/wp\/v2\/product_brand?post=14547"},{"taxonomy":"product_cat","embeddable":true,"href":"https:\/\/agoravape.com\/de\/wp-json\/wp\/v2\/product_cat?post=14547"},{"taxonomy":"product_tag","embeddable":true,"href":"https:\/\/agoravape.com\/de\/wp-json\/wp\/v2\/product_tag?post=14547"}],"curies":[{"name":"wp","href":"https:\/\/api.w.org\/{rel}","templated":true}]}}