{"id":14773,"date":"2025-10-14T10:58:54","date_gmt":"2025-10-14T02:58:54","guid":{"rendered":"https:\/\/green-grasshopper-921422.hostingersite.com\/?post_type=product&#038;p=14773"},"modified":"2026-02-22T15:14:36","modified_gmt":"2026-02-22T14:14:36","slug":"vasy-langweilig-tiger-25k-puffs-3-modus-vape","status":"publish","type":"product","link":"https:\/\/agoravape.com\/de\/product\/vasy-boring-tiger-25k-puffs-3-mode-vape\/","title":{"rendered":"Boring Tiger 25K Puffs 3-Mode Disposable Vape | Long-Running, Adjustable Flavour"},"content":{"rendered":"<h2 data-v-md-heading=\"what-are-the-advantages-of-a-disposable-vape-with-three-modes-in-the-born-tiger-25k\" data-v-md-line=\"3\"><img loading=\"lazy\" decoding=\"async\" class=\"aligncenter size-full wp-image-14810\" src=\"https:\/\/agoravape.com\/wp-content\/uploads\/2025\/10\/Boring-Tiger-25K-Puffs-3-Mode-Disposable-Vape_Agora_vape-18-scaled.webp\" alt=\"\" width=\"2560\" height=\"1440\" srcset=\"https:\/\/agoravape.com\/wp-content\/uploads\/2025\/10\/Boring-Tiger-25K-Puffs-3-Mode-Disposable-Vape_Agora_vape-18-scaled.webp 2560w, https:\/\/agoravape.com\/wp-content\/uploads\/2025\/10\/Boring-Tiger-25K-Puffs-3-Mode-Disposable-Vape_Agora_vape-18-scaled-1200x675.webp 1200w, https:\/\/agoravape.com\/wp-content\/uploads\/2025\/10\/Boring-Tiger-25K-Puffs-3-Mode-Disposable-Vape_Agora_vape-18-300x169.webp 300w, https:\/\/agoravape.com\/wp-content\/uploads\/2025\/10\/Boring-Tiger-25K-Puffs-3-Mode-Disposable-Vape_Agora_vape-18-1024x576.webp 1024w, https:\/\/agoravape.com\/wp-content\/uploads\/2025\/10\/Boring-Tiger-25K-Puffs-3-Mode-Disposable-Vape_Agora_vape-18-768x432.webp 768w, https:\/\/agoravape.com\/wp-content\/uploads\/2025\/10\/Boring-Tiger-25K-Puffs-3-Mode-Disposable-Vape_Agora_vape-18-1536x864.webp 1536w, https:\/\/agoravape.com\/wp-content\/uploads\/2025\/10\/Boring-Tiger-25K-Puffs-3-Mode-Disposable-Vape_Agora_vape-18-2048x1152.webp 2048w\" sizes=\"auto, (max-width: 2560px) 100vw, 2560px\" \/><\/h2>\n<h2 data-v-md-heading=\"what-are-the-advantages-of-a-disposable-vape-with-three-modes-in-the-born-tiger-25k\" data-v-md-line=\"3\">Welche Vorteile bietet der Born Tiger 25K, ein Einwegger\u00e4t mit drei Modi?<\/h2>\n<p data-v-md-line=\"4\">Wenn Sie es leid sind, alle paar Tage Ihren Vape zu wechseln, wird dieses Produkt definitiv Ihre Bed\u00fcrfnisse erf\u00fcllen. Der Boring Tiger 25K ist f\u00fcr den Langzeitgebrauch konzipiert, mit einfacher Bedienung, stabilem Geschmack und nicht leicht, seinen Geschmack zu verlieren.<\/p>\n<p data-v-md-line=\"6\">Er ist f\u00fcr jeden geeignet, der einen einfachen, zuverl\u00e4ssigen und leicht zu bedienenden Einwegdampfer sucht. Sie k\u00f6nnen zwischen drei Modi w\u00e4hlen, je nach Ihrer Stimmung: \u201csanft\u201d, \u201cnormal\u201d und \u201cstark\u201d. Einfach, w\u00e4hrend des Tages zu verwenden, wenn Sie etwas explosiv in der Nacht wollen, k\u00f6nnen Sie das Volumen zu erh\u00f6hen.<\/p>\n<h2 data-v-md-heading=\"excellent-performance-easy-and-convenient\" data-v-md-line=\"8\">Excellent performance, easy and convenient<\/h2>\n<p data-v-md-line=\"9\">Mesh-Spulen-Design, leicht zu handhaben alles. Es f\u00fchrt \u00d6l schnell, um sicherzustellen, dass jeder Bissen einen reinen Geschmack hat, so dass Ihr letzter Bissen so glatt wie Ihre erste. Wenn die Batterie schwach ist, k\u00f6nnen Sie Typ-C zum Aufladen verwenden. Gleiches Kabel wie bei deinem Handy. Kein Grund zur Sorge. Drei Modi erm\u00f6glichen es Ihnen, ohne gro\u00dfe \u00dcberlegungen zwischen leichter und starker Saugkraft zu w\u00e4hlen.<\/p>\n<h2 data-v-md-heading=\"specification-introduction\" data-v-md-line=\"11\">Specification Introduction<\/h2>\n<ul data-v-md-line=\"12\">\n<li>Saugfrequenz: bis zu 25000 Mal<\/li>\n<li>Nikotin: 50 mg Nikotinsalz<\/li>\n<li>Working principle: Activated by inhalation<\/li>\n<li>Laden: Standard-USB-Typ-C-Anschluss<\/li>\n<li>Status: Sofort einsatzbereit<\/li>\n<\/ul>\n<h2 data-v-md-heading=\"full-range-of-flavors\" data-v-md-line=\"18\">Full range of flavors<\/h2>\n<ul data-v-md-line=\"19\">\n<li>Gr\u00fcner Apfel-Wassermelonen-Geschmack<\/li>\n<li>Himbeer-Granatapfel-Geschmack<\/li>\n<li>Strawberry and Mango Flavor<\/li>\n<li>Pfirsich-Beeren-Geschmack<\/li>\n<li>Blaubeer-Smoothie-Geschmack<\/li>\n<li>Wassermelonen-Smoothie-Geschmack<\/li>\n<li>Blaubeere und Marshmallow-Geschmack<\/li>\n<li>Erdbeer-K\u00e4sekuchen-Geschmack<\/li>\n<li>Teddyb\u00e4r-Gummib\u00e4rchengeschmack<\/li>\n<li>Miami Mint Flavor<\/li>\n<li>Geschmacksrichtung Mango-Smoothie<\/li>\n<li>Erdbeer- und Himbeergeschmack<\/li>\n<li>Trauben-Smoothie-Geschmack<\/li>\n<li>Geschmacksrichtung Alaska Smoothie<\/li>\n<li>Strawberry smoothie flavor<\/li>\n<li>K\u00fchler Minzgeschmack<\/li>\n<li>Minze-Minze-Smoothie-Geschmack<\/li>\n<\/ul>\n<h2 data-v-md-heading=\"tailored-for-you-and-your-business\" data-v-md-line=\"37\">Tailored for you and your business<\/h2>\n<p data-v-md-line=\"38\">Sie k\u00f6nnen eine f\u00fcr sich selbst kaufen oder einen Vorrat f\u00fcr Ihr Gesch\u00e4ft anlegen. Gro\u00dfhandelspackung: 5 St\u00fcck pro Displaykarton und 200 St\u00fcck pro Umkarton. Einfach in die Regale zu stellen und zu transportieren.<\/p>\n<p data-v-md-line=\"40\">Wir bieten DDP-Zustelldienste innerhalb Europas \u00fcber vertrauensw\u00fcrdige Partner wie UPS, DPD und DHL an, so dass die Z\u00f6lle im Voraus abgewickelt werden k\u00f6nnen und es keine unerwarteten Zollprobleme geben wird. Erl\u00e4utern Sie kurz die relevanten Vorschriften. Gro\u00dfvolumige Einwegverdampfer und 50mg Nikotinsalz sind in vielen EU-L\u00e4ndern\/Regionen eingeschr\u00e4nkt. Bitte pr\u00fcfen Sie vor dem Kauf oder Wiederverkauf die \u00f6rtlichen TPD-Anforderungen.<\/p>\n<h2 data-v-md-heading=\"why-do-you-like-it\" data-v-md-line=\"42\">Why do you like it<\/h2>\n<ul data-v-md-line=\"43\">\n<li>Gro\u00dfes Saugverm\u00f6gen: bis zu 25000 Schlucke, d.h. weniger Auswechslungen mitten in der Woche<\/li>\n<li>Drei Modi f\u00fcr Ihre t\u00e4glichen Bed\u00fcrfnisse: sanft, normal oder stark, f\u00fcr ein leichteres oder st\u00e4rkeres Erlebnis<\/li>\n<li>Wiederaufladbare Typ-C-Schnittstelle: Verwenden Sie alle E-Liquids, die Sie kaufen<\/li>\n<li>Mesh-Coil-Konsistenz: weicher und stabiler Geschmack von Anfang bis Ende<\/li>\n<li>Einfache Anwendung: kann inhaliert und bei Bedarf aufgeladen werden<\/li>\n<\/ul>\n<h2 data-v-md-heading=\"why-choose-agoravape\" data-v-md-line=\"49\">Why choose AgoraVape?<\/h2>\n<p data-v-md-line=\"50\">Wir kaufen nur 100% echte Produkte, um sicherzustellen, dass Sie immer echte Waren zu einem g\u00fcnstigen Preis kaufen k\u00f6nnen. Unternehmenskunden k\u00f6nnen faire Gro\u00dfhandelspreise, klare Kommunikation und schnellen und zuverl\u00e4ssigen DDP-Vertriebsservice genie\u00dfen, wenn sie den Boring Tiger 25K Puffs three mode disposable vape kaufen. M\u00f6chten Sie ein Vape-Produkt auflisten, das schon lange verkauft wird und eine hohe Kundenr\u00fccklaufquote hat? Bitte kontaktieren Sie uns und wir werden es schnell f\u00fcr Sie arrangieren.<\/p>","protected":false},"excerpt":{"rendered":"<p>&nbsp;<\/p>\n<p><script src=\"chrome-extension:\/\/fpelahbljekknahkcaegamhcndkfpfnc\/iFrame.js\" type=\"text\/javascript\"><\/script><\/p>\n<p><script src=\"chrome-extension:\/\/fpelahbljekknahkcaegamhcndkfpfnc\/iFrame.js\" type=\"text\/javascript\"><\/script><\/p>\n<p><script src=\"chrome-extension:\/\/fpelahbljekknahkcaegamhcndkfpfnc\/iFrame.js\" type=\"text\/javascript\"><\/script><\/p>\n<p><script src=\"chrome-extension:\/\/fpelahbljekknahkcaegamhcndkfpfnc\/iFrame.js\" type=\"text\/javascript\"><\/script><\/p>\n<p><script src=\"chrome-extension:\/\/fpelahbljekknahkcaegamhcndkfpfnc\/iFrame.js\" type=\"text\/javascript\"><\/script><\/p>\n<p><script src=\"chrome-extension:\/\/fpelahbljekknahkcaegamhcndkfpfnc\/iFrame.js\" type=\"text\/javascript\"><\/script><\/p>\n<p><script src=\"chrome-extension:\/\/fpelahbljekknahkcaegamhcndkfpfnc\/iFrame.js\" type=\"text\/javascript\"><\/script><\/p>","protected":false},"featured_media":14809,"comment_status":"open","ping_status":"closed","template":"","meta":[],"product_brand":[215],"product_cat":[124,185,177,174,175,193,191,173,186,180,190,192,142],"product_tag":[],"class_list":{"0":"post-14773","1":"product","2":"type-product","3":"status-publish","4":"has-post-thumbnail","6":"product_brand-vasy","7":"product_cat-vape-by-brand","8":"product_cat-10000-puffs-high-capacity","9":"product_cat-dessert-sweets","10":"product_cat-fruit-flavors","11":"product_cat-icy-mint","12":"product_cat-mesh-coil","13":"product_cat-rechargeable-disposables","14":"product_cat-vape-by-flavor-profile","15":"product_cat-vape-by-nicotine-strength","16":"product_cat-vape-by-puff-count","17":"product_cat-vape-by-feature-or-type","18":"product_cat-vapes-with-screens","19":"product_cat-vasy","21":"first","22":"onbackorder","23":"shipping-taxable","24":"purchasable","25":"product-type-variable","26":"has-default-attributes"},"tiered_pricing_type":"percentage","tiered_pricing_fixed_rules":[],"tiered_pricing_product_settings":{"layout":"default","base_unit_name":{"singular":null,"plural":null},"default_variation":null},"tiered_pricing_minimum_quantity":10,"tiered_pricing_roles_data":[],"tiered_pricing_percentage_rules":{"30":"29","50":"35","100":"40","200":"44","500":"47","1000":"49"},"tiered_pricing_maximum_quantity":null,"tiered_pricing_quantity_step":"10","_links":{"self":[{"href":"https:\/\/agoravape.com\/de\/wp-json\/wp\/v2\/product\/14773","targetHints":{"allow":["GET"]}}],"collection":[{"href":"https:\/\/agoravape.com\/de\/wp-json\/wp\/v2\/product"}],"about":[{"href":"https:\/\/agoravape.com\/de\/wp-json\/wp\/v2\/types\/product"}],"replies":[{"embeddable":true,"href":"https:\/\/agoravape.com\/de\/wp-json\/wp\/v2\/comments?post=14773"}],"version-history":[{"count":0,"href":"https:\/\/agoravape.com\/de\/wp-json\/wp\/v2\/product\/14773\/revisions"}],"wp:featuredmedia":[{"embeddable":true,"href":"https:\/\/agoravape.com\/de\/wp-json\/wp\/v2\/media\/14809"}],"wp:attachment":[{"href":"https:\/\/agoravape.com\/de\/wp-json\/wp\/v2\/media?parent=14773"}],"wp:term":[{"taxonomy":"product_brand","embeddable":true,"href":"https:\/\/agoravape.com\/de\/wp-json\/wp\/v2\/product_brand?post=14773"},{"taxonomy":"product_cat","embeddable":true,"href":"https:\/\/agoravape.com\/de\/wp-json\/wp\/v2\/product_cat?post=14773"},{"taxonomy":"product_tag","embeddable":true,"href":"https:\/\/agoravape.com\/de\/wp-json\/wp\/v2\/product_tag?post=14773"}],"curies":[{"name":"wp","href":"https:\/\/api.w.org\/{rel}","templated":true}]}}