{"id":14887,"date":"2025-10-14T12:55:00","date_gmt":"2025-10-14T04:55:00","guid":{"rendered":"https:\/\/green-grasshopper-921422.hostingersite.com\/?post_type=product&#038;p=14887"},"modified":"2026-03-30T17:51:48","modified_gmt":"2026-03-30T15:51:48","slug":"arymi-k-stick-28000-puffs-dual-pod-vape","status":"publish","type":"product","link":"https:\/\/agoravape.com\/de\/product\/arymi-k-stick-28000-puffs-dual-pod-vape\/","title":{"rendered":"Arymi K-Stick 28000 Puffs Dual Pod Disposable Vape | Big Capacity Made Simple"},"content":{"rendered":"<h2 data-v-md-heading=\"what-about-the-arymi-k-stick-28000-dual-cartridge-disposable-vape\" data-v-md-line=\"3\"><img loading=\"lazy\" decoding=\"async\" class=\"aligncenter size-full wp-image-14917\" src=\"https:\/\/agoravape.com\/wp-content\/uploads\/2025\/10\/1_Agora_vape.webp\" alt=\"\" width=\"1280\" height=\"1280\" srcset=\"https:\/\/agoravape.com\/wp-content\/uploads\/2025\/10\/1_Agora_vape.webp 1280w, https:\/\/agoravape.com\/wp-content\/uploads\/2025\/10\/1_Agora_vape-600x600.webp 600w, https:\/\/agoravape.com\/wp-content\/uploads\/2025\/10\/1_Agora_vape-1200x1200.webp 1200w, https:\/\/agoravape.com\/wp-content\/uploads\/2025\/10\/1_Agora_vape-300x300.webp 300w, https:\/\/agoravape.com\/wp-content\/uploads\/2025\/10\/1_Agora_vape-1024x1024.webp 1024w, https:\/\/agoravape.com\/wp-content\/uploads\/2025\/10\/1_Agora_vape-150x150.webp 150w, https:\/\/agoravape.com\/wp-content\/uploads\/2025\/10\/1_Agora_vape-768x768.webp 768w\" sizes=\"auto, (max-width: 1280px) 100vw, 1280px\" \/><\/h2>\n<h2 data-v-md-heading=\"what-about-the-arymi-k-stick-28000-dual-cartridge-disposable-vape\" data-v-md-line=\"3\">Und wie sieht es mit der Arymi K-Stick 28000 Dual-Cartridge-Einweg-E-Zigarette aus?<\/h2>\n<p data-v-md-line=\"4\">Sind Sie es leid, dass Einweg-E-Zigaretten nach wenigen Tagen leer sind? Dann wird dieses Produkt Sie begeistern. Der Arymi K-Stick bietet eine extrem hohe Kapazit\u00e4t von 28.000 Z\u00fcgen und verf\u00fcgt \u00fcber ein Dual-Cartridge-System, das speziell f\u00fcr den Langzeitgebrauch und einen gleichbleibenden Geschmack entwickelt wurde.<\/p>\n<p data-v-md-line=\"6\">Wenn Sie eine zuverl\u00e4ssige und komfortable E-Zigarette suchen, ist dies die ideale Wahl. Kein Men\u00fc, keine Kn\u00f6pfe \u2013 einfach in die Hand nehmen und losdampfen. Sie denken vielleicht, dass diese E-Zigarette mit ihrem gro\u00dfen Volumen klobig ist, aber \u00fcberraschenderweise ist sie mit einer H\u00f6he von 137 Millimetern und einem Durchmesser von 28 Millimetern sehr handlich. Sie liegt gut in der Hand und wiegt nur 122 Gramm, was sie besonders leicht macht.<\/p>\n<h2 data-v-md-heading=\"excellent-performance-easy-and-convenient\" data-v-md-line=\"8\">Excellent performance, easy and convenient<\/h2>\n<p data-v-md-line=\"9\">Der K-Stick verwendet Doppel-Mesh-Heizspulen f\u00fcr gleichbleibenden Geschmack vom ersten bis zum letzten Zug. Das Dual-Cartridge-Design und die Technologie zur Trennung der Heizspulen erg\u00e4nzen sich und tragen dazu bei, das E-Liquid frisch zu halten und das Auslaufen von \u00d6l w\u00e4hrend der Lagerung oder auf Reisen zu minimieren. Zus\u00e4tzlich ist er mit austauschbaren D\u00fcsen ausgestattet, die sich mit einer leichten Drehung einfach zwischen den Kartuschen wechseln lassen und so f\u00fcr anhaltenden, frischen Geschmack sorgen.<\/p>\n<h2 data-v-md-heading=\"specification-overview\" data-v-md-line=\"11\">Specification Overview<\/h2>\n<p data-v-md-line=\"12\"><strong>Suction frequency<\/strong>bis zu 28000 Mal<br \/>\n<strong>Nicotine content<\/strong>: 5 % (50 Milligramm)<br \/>\n<strong>Working principle<\/strong>: Wird durch Einatmen aktiviert<br \/>\n<strong>Ladeverfahren<\/strong>Hersteller nicht angegeben<br \/>\n<strong>Status<\/strong>Sofort einsatzbereit nach dem Auspacken<br \/>\n<strong>Gr\u00f6\u00dfe<\/strong>: \u03c6 28 \u00d7 137 Millimeter<br \/>\n<strong>Einzelgewicht<\/strong>122 Gramm<\/p>\n<h2 data-v-md-heading=\"for-you-for-your-business\" data-v-md-line=\"20\">F\u00fcr Sie, f\u00fcr Ihr Unternehmen<\/h2>\n<p data-v-md-line=\"21\">Sie k\u00f6nnen die <a class=\"wpil_keyword_link\" href=\"https:\/\/agoravape.com\/de\/marke\/arymi\/\" target=\"_blank\" rel=\"noopener\" title=\"ARYMI\" data-wpil-keyword-link=\"linked\" data-wpil-monitor-id=\"7180\">Arymi<\/a> Kaufen Sie K-Stick f\u00fcr den pers\u00f6nlichen Gebrauch oder f\u00fcr Ihr Gesch\u00e4ft. Die Gro\u00dfhandelsverpackung ist einfach und leicht verst\u00e4ndlich. Die Innenverpackung fasst 10 St\u00fcck. Die Au\u00dfenverpackung fasst 15 Innenverpackungen, also insgesamt 150 St\u00fcck. Das erleichtert die Prognose und Regalplanung.<\/p>\n<p data-v-md-line=\"23\">Wir versenden Ihre Bestellungen europaweit \u00fcber zuverl\u00e4ssige Partner wie UPS, DPD und DHL (steuerbezahlt, DDP), um eine reibungslose Zollabfertigung zu gew\u00e4hrleisten. Die Verf\u00fcgbarkeit von Nikotin und die Auswahl an Nikotinst\u00e4rken k\u00f6nnen je nach Land\/Region variieren. Bitte informieren Sie sich daher vor Ihrer Bestellung \u00fcber die geltenden Bestimmungen in Ihrem Land.<\/p>\n<h2 data-v-md-heading=\"why-do-you-like-it\" data-v-md-line=\"25\">Why do you like it<\/h2>\n<p data-v-md-line=\"26\"><strong>Gro\u00dfe Mundzahl<\/strong>L\u00e4ngere Nutzungsdauer, kein h\u00e4ufiger Ger\u00e4teaustausch erforderlich.<br \/>\n<strong>H\u00f6herer Nikotingehalt<\/strong>Ein Nikotingehalt von 5 % eignet sich f\u00fcr Konsumenten, die einen st\u00e4rkeren Geschmack bevorzugen.<br \/>\n<strong>Doppelkartuschen-Design<\/strong>Gr\u00f6\u00dferes Fassungsverm\u00f6gen, einfacher Wechsel, sorgt f\u00fcr einen frischen Geschmack.<br \/>\n<strong>Doppelmaschenspulen<\/strong>Gleichbleibender Geschmack und gleichm\u00e4\u00dfige Saugleistung.<br \/>\n<strong>\u00d6lzerst\u00e4ubungskerntrennung<\/strong>Hilft dabei, das E-Liquid frisch zu halten und das Auslaufen von \u00d6l zu reduzieren.<\/p>\n<h2 data-v-md-heading=\"why-choose-to-collaborate-with-agoravape\" data-v-md-line=\"32\">Warum sollten Sie sich f\u00fcr eine Zusammenarbeit mit AgoraVape entscheiden?<\/h2>\n<p data-v-md-line=\"33\">Wir verkaufen ausschlie\u00dflich 100% Originalprodukte mit klaren und verl\u00e4sslichen Spezifikationen. F\u00fcr Gesch\u00e4ftskunden bedeutet das: Die Arymi K-Stick 28000 Packung mit zwei Kartuschen bietet wettbewerbsf\u00e4hige Gro\u00dfhandelspreise, schnellen Support und z\u00fcgige Lieferung. M\u00f6chten Sie ein Ger\u00e4t reservieren, das Ihre Kunden wieder kaufen werden? Kontaktieren Sie uns einfach, wir k\u00fcmmern uns darum.<\/p>","protected":false},"excerpt":{"rendered":"<p>Wie w\u00e4re es mit dem Arymi K-Stick 28000 Dual Cartridge Einweg-Dampfger\u00e4t? Wenn Sie genug von Einwegdampfern haben, die sich<\/p>","protected":false},"featured_media":14916,"comment_status":"open","ping_status":"closed","template":"","meta":[],"product_brand":[216],"product_cat":[124,185,143,177,195,174,175,193,191,178,173,186,180,190],"product_tag":[],"class_list":{"0":"post-14887","1":"product","2":"type-product","3":"status-publish","4":"has-post-thumbnail","6":"product_brand-arymi","7":"product_cat-vape-by-brand","8":"product_cat-10000-puffs-high-capacity","9":"product_cat-arymi","10":"product_cat-dessert-sweets","11":"product_cat-dual-flavor-switch","12":"product_cat-fruit-flavors","13":"product_cat-icy-mint","14":"product_cat-mesh-coil","15":"product_cat-rechargeable-disposables","16":"product_cat-tobacco","17":"product_cat-vape-by-flavor-profile","18":"product_cat-vape-by-nicotine-strength","19":"product_cat-vape-by-puff-count","20":"product_cat-vape-by-feature-or-type","22":"first","23":"onbackorder","24":"shipping-taxable","25":"purchasable","26":"product-type-variable","27":"has-default-attributes"},"tiered_pricing_type":"percentage","tiered_pricing_fixed_rules":[],"tiered_pricing_product_settings":{"layout":"default","base_unit_name":{"singular":null,"plural":null},"default_variation":null},"tiered_pricing_minimum_quantity":10,"tiered_pricing_roles_data":[],"tiered_pricing_percentage_rules":{"30":"29","50":"35","100":"40","200":"44","500":"47","1000":"49"},"tiered_pricing_maximum_quantity":null,"tiered_pricing_quantity_step":"10","_links":{"self":[{"href":"https:\/\/agoravape.com\/de\/wp-json\/wp\/v2\/product\/14887","targetHints":{"allow":["GET"]}}],"collection":[{"href":"https:\/\/agoravape.com\/de\/wp-json\/wp\/v2\/product"}],"about":[{"href":"https:\/\/agoravape.com\/de\/wp-json\/wp\/v2\/types\/product"}],"replies":[{"embeddable":true,"href":"https:\/\/agoravape.com\/de\/wp-json\/wp\/v2\/comments?post=14887"}],"version-history":[{"count":2,"href":"https:\/\/agoravape.com\/de\/wp-json\/wp\/v2\/product\/14887\/revisions"}],"predecessor-version":[{"id":29837,"href":"https:\/\/agoravape.com\/de\/wp-json\/wp\/v2\/product\/14887\/revisions\/29837"}],"wp:featuredmedia":[{"embeddable":true,"href":"https:\/\/agoravape.com\/de\/wp-json\/wp\/v2\/media\/14916"}],"wp:attachment":[{"href":"https:\/\/agoravape.com\/de\/wp-json\/wp\/v2\/media?parent=14887"}],"wp:term":[{"taxonomy":"product_brand","embeddable":true,"href":"https:\/\/agoravape.com\/de\/wp-json\/wp\/v2\/product_brand?post=14887"},{"taxonomy":"product_cat","embeddable":true,"href":"https:\/\/agoravape.com\/de\/wp-json\/wp\/v2\/product_cat?post=14887"},{"taxonomy":"product_tag","embeddable":true,"href":"https:\/\/agoravape.com\/de\/wp-json\/wp\/v2\/product_tag?post=14887"}],"curies":[{"name":"wp","href":"https:\/\/api.w.org\/{rel}","templated":true}]}}