{"id":15012,"date":"2025-10-14T13:34:47","date_gmt":"2025-10-14T05:34:47","guid":{"rendered":"https:\/\/green-grasshopper-921422.hostingersite.com\/?post_type=product&#038;p=15012"},"modified":"2026-01-19T22:05:28","modified_gmt":"2026-01-19T14:05:28","slug":"grativape-boom-9000-puffs-vape","status":"publish","type":"product","link":"https:\/\/agoravape.com\/de\/product\/grativape-boom-9000-puffs-vape\/","title":{"rendered":"Grativape Boom 9000 Puffs Disposable Vape | Lang anhaltender Geschmack leicht gemacht"},"content":{"rendered":"<h2 data-v-md-heading=\"what-are-the-special-features-of-grativape-boom-9000-disposable-vapes\" data-v-md-line=\"3\"><img loading=\"lazy\" decoding=\"async\" class=\"aligncenter size-full wp-image-15042\" src=\"https:\/\/agoravape.com\/wp-content\/uploads\/2025\/10\/Grativape-Boom-9000-Puffs-Disposable-Vape_Agora_vape-11.webp\" alt=\"\" width=\"1920\" height=\"800\" srcset=\"https:\/\/agoravape.com\/wp-content\/uploads\/2025\/10\/Grativape-Boom-9000-Puffs-Disposable-Vape_Agora_vape-11.webp 1920w, https:\/\/agoravape.com\/wp-content\/uploads\/2025\/10\/Grativape-Boom-9000-Puffs-Disposable-Vape_Agora_vape-11-1200x500.webp 1200w, https:\/\/agoravape.com\/wp-content\/uploads\/2025\/10\/Grativape-Boom-9000-Puffs-Disposable-Vape_Agora_vape-11-300x125.webp 300w, https:\/\/agoravape.com\/wp-content\/uploads\/2025\/10\/Grativape-Boom-9000-Puffs-Disposable-Vape_Agora_vape-11-1024x427.webp 1024w, https:\/\/agoravape.com\/wp-content\/uploads\/2025\/10\/Grativape-Boom-9000-Puffs-Disposable-Vape_Agora_vape-11-768x320.webp 768w, https:\/\/agoravape.com\/wp-content\/uploads\/2025\/10\/Grativape-Boom-9000-Puffs-Disposable-Vape_Agora_vape-11-1536x640.webp 1536w\" sizes=\"auto, (max-width: 1920px) 100vw, 1920px\" \/><\/h2>\n<h2 data-v-md-heading=\"what-are-the-special-features-of-grativape-boom-9000-disposable-vapes\" data-v-md-line=\"3\">Was sind die besonderen Eigenschaften der Grativape Boom 9000 Einwegvapes?<\/h2>\n<p data-v-md-line=\"4\">Wenn Du genug von Einwegverdampfern hast, die zu viel Kraftstoff verbrauchen, kann dieses Produkt Deine Bed\u00fcrfnisse erf\u00fcllen. Der Grativape Boom hat eine ultralange Akkulaufzeit von bis zu 9000 Z\u00fcgen und ist mit einem wiederaufladbaren Typ-C-Akku ausgestattet, so dass Sie tats\u00e4chlich das gesamte E-Liquid, das Sie kaufen, aufbrauchen werden. Keine Notwendigkeit f\u00fcr komplizierte Men\u00fcs, einfach und bequem.<\/p>\n<p data-v-md-line=\"6\">Wenn Sie nur einen zuverl\u00e4ssigen, leckeren und tragbaren Vape wollen, dann ist dieses Produkt die ideale Wahl. Die Bedienung ist einfach, der Geschmack ist genau richtig, und es wird nicht machen Sie das Gef\u00fchl, \u00fcberm\u00e4\u00dfig.<\/p>\n<h2 data-v-md-heading=\"excellent-performance-easy-and-convenient\" data-v-md-line=\"8\">Excellent performance, easy and convenient<\/h2>\n<p data-v-md-line=\"9\">Boom wurde sorgf\u00e4ltig abgestimmt, um von Anfang bis Ende einen sauberen und gleichm\u00e4\u00dfigen Geschmack zu bieten. Jeder Bissen f\u00fchlt sich weich und ausgewogen an. Wenn der Akku leer ist, kannst du ihn einfach mit dem Typ-C-Datenkabel deines Telefons anschlie\u00dfen. Es ist ganz einfach.<\/p>\n<h2 data-v-md-heading=\"specification-overview\" data-v-md-line=\"11\">Specification Overview<\/h2>\n<p data-v-md-line=\"12\"><strong>Suction frequency<\/strong>bis zu 9000 Mal<br \/>\n<strong>Nicotine content<\/strong>: 0%, 2%, 3%, 5%<br \/>\n<strong>Working principle<\/strong>: Simply inhale to activate<br \/>\n<strong>Charging<\/strong>: Type-C USB interface<br \/>\n<strong>Status<\/strong>Sofort einsatzbereit nach dem Auspacken<br \/>\n<strong>E-Liquid-Kapazit\u00e4t<\/strong>: 14 Milliliter<br \/>\n<strong>Batterie<\/strong>: 600mAh wiederaufladbare Batterie<\/p>\n<h2 data-v-md-heading=\"multiple-flavor-options\" data-v-md-line=\"20\">Multiple flavor options<\/h2>\n<ul data-v-md-line=\"21\">\n<li>Bananenkaugummi<\/li>\n<li>Grape Ice<\/li>\n<li>Doppelte \u00c4pfel<\/li>\n<li>Strawberry Mango<\/li>\n<li>Virginia-Tabak<\/li>\n<li>Pink Lemon<\/li>\n<li>Blue Rink Ice<\/li>\n<li>Saftige Kirsche<\/li>\n<li>Als<\/li>\n<li>Watermelon Ice<\/li>\n<\/ul>\n<h2 data-v-md-heading=\"for-you-for-your-business\" data-v-md-line=\"32\">F\u00fcr Sie, f\u00fcr Ihr Unternehmen<\/h2>\n<p data-v-md-line=\"33\">Du kannst Grativape Boom 9000 Puffs f\u00fcr den pers\u00f6nlichen Gebrauch w\u00e4hlen oder sie in Deinem Gesch\u00e4ft anbieten. Wir bieten Gro\u00dfhandelspackungen und Geschmackskombinationen an, um Deine Regalanforderungen zu erf\u00fcllen. Erkundigen Sie sich nach den neuesten Packungsgr\u00f6\u00dfen und Preisen.<\/p>\n<p data-v-md-line=\"35\">Wir bieten DDP-Lieferservices innerhalb Europas durch UPS, DPD und DHL. Das bedeutet, dass die Z\u00f6lle im Voraus abgewickelt werden und Ihre Bestellung nicht mit unerwarteten Situationen beim Zoll konfrontiert wird. Sie profitieren von Tracking-Services und zuverl\u00e4ssigen Lieferzeiten.<\/p>\n<p data-v-md-line=\"37\">Regulatorischer \u00dcberblick. Gem\u00e4\u00df den TPD-Vorschriften d\u00fcrfen die Boom-Varianten mit 14 Milliliter Inhalt und h\u00f6herem Nikotingehalt nicht auf allen EU-M\u00e4rkten verkauft werden. Wir bieten eine Option mit 0% Nikotingehalt an. Bitte informieren Sie sich \u00fcber die \u00f6rtlichen Vorschriften oder kontaktieren Sie uns, um die f\u00fcr Ihr Land\/Ihre Region geeigneten Optionen zu erhalten.<\/p>\n<h2 data-v-md-heading=\"why-do-you-like-it\" data-v-md-line=\"39\">Why do you like it<\/h2>\n<p data-v-md-line=\"40\"><strong>Enorme Saugkraft<\/strong>Die Saugzeit ist l\u00e4nger, sodass Sie nicht so h\u00e4ufig neue kaufen m\u00fcssen.<br \/>\n<strong>Nikotinauswahl<\/strong>: W\u00e4hlen Sie die Nikotinkonzentration, die f\u00fcr Ihre Rauchmethode geeignet ist.<br \/>\n<strong>Wiederaufladbar<\/strong>: Sie k\u00f6nnen jeden Tropfen des E-Liquids aufbrauchen.<br \/>\n<strong>Gleichbleibender Geschmack<\/strong>: Vom ersten bis zum letzten Bissen ist es ein angenehmes Erlebnis.<br \/>\n<strong>Komfortable Typ-C-Schnittstelle<\/strong>: Ein Datenkabel kann Ihr Telefon und vape verbinden.<\/p>\n<h2 data-v-md-heading=\"why-collaborate-with-agoravape\" data-v-md-line=\"46\">Warum mit AgoraVape zusammenarbeiten?<\/h2>\n<p data-v-md-line=\"47\">Wir verkaufen nur 100%-Originalprodukte, keine gef\u00e4lschten Artikel. Gewerbliche K\u00e4ufer profitieren von verg\u00fcnstigten Gro\u00dfhandelspreisen, zuverl\u00e4ssigem Support und schnellen DDP-Lieferdiensten in ganz Europa. Wir bieten sichere Zahlungsmethoden und eine strenge Alters\u00fcberpr\u00fcfung, so dass Sie unbesorgt einkaufen k\u00f6nnen. Ben\u00f6tigen Sie Unterst\u00fctzung bei der R\u00fccksendung oder dem Austausch fehlerhafter Produkte? Unser Team wird schnell f\u00fcr Sie sortieren.<\/p>\n<p data-v-md-line=\"49\">M\u00f6chten Sie Grativape Boom 9000 Einwegdampfer kaufen? Bitte kontaktieren Sie uns, und wir werden einen Geschmack kreieren, der Ihre Kunden mit einer explosiven Rate zur\u00fcckkommen lassen wird.<\/p>","protected":false},"excerpt":{"rendered":"<p>&nbsp;<\/p>\n<p><script src=\"chrome-extension:\/\/fpelahbljekknahkcaegamhcndkfpfnc\/iFrame.js\" type=\"text\/javascript\"><\/script><\/p>\n<p><script src=\"chrome-extension:\/\/fpelahbljekknahkcaegamhcndkfpfnc\/iFrame.js\" type=\"text\/javascript\"><\/script><\/p>\n<p><script src=\"chrome-extension:\/\/fpelahbljekknahkcaegamhcndkfpfnc\/iFrame.js\" type=\"text\/javascript\"><\/script><\/p>\n<p><script src=\"chrome-extension:\/\/fpelahbljekknahkcaegamhcndkfpfnc\/iFrame.js\" type=\"text\/javascript\"><\/script><\/p>\n<p><script src=\"chrome-extension:\/\/fpelahbljekknahkcaegamhcndkfpfnc\/iFrame.js\" type=\"text\/javascript\"><\/script><\/p>\n<p><script src=\"chrome-extension:\/\/fpelahbljekknahkcaegamhcndkfpfnc\/iFrame.js\" type=\"text\/javascript\"><\/script><\/p>\n<p><script src=\"chrome-extension:\/\/fpelahbljekknahkcaegamhcndkfpfnc\/iFrame.js\" type=\"text\/javascript\"><\/script><\/p>","protected":false},"featured_media":15041,"comment_status":"open","ping_status":"closed","template":"","meta":[],"product_brand":[217],"product_cat":[124,187,185,189,176,174,144,175,191,178,173,186,180,190],"product_tag":[],"class_list":{"0":"post-15012","1":"product","2":"type-product","3":"status-publish","4":"has-post-thumbnail","6":"product_brand-grativape","7":"product_cat-vape-by-brand","8":"product_cat-0mg-nicotine-free-vapes","9":"product_cat-10000-puffs-high-capacity","10":"product_cat-20mg-standard-nicotine-vapes","11":"product_cat-beverage","12":"product_cat-fruit-flavors","13":"product_cat-grativape","14":"product_cat-icy-mint","15":"product_cat-rechargeable-disposables","16":"product_cat-tobacco","17":"product_cat-vape-by-flavor-profile","18":"product_cat-vape-by-nicotine-strength","19":"product_cat-vape-by-puff-count","20":"product_cat-vape-by-feature-or-type","22":"first","23":"onbackorder","24":"shipping-taxable","25":"purchasable","26":"product-type-variable","27":"has-default-attributes"},"tiered_pricing_type":"percentage","tiered_pricing_fixed_rules":[],"tiered_pricing_product_settings":{"layout":"default","base_unit_name":{"singular":null,"plural":null},"default_variation":null},"tiered_pricing_minimum_quantity":10,"tiered_pricing_roles_data":[],"tiered_pricing_percentage_rules":{"200":"44","500":"47","1000":"49"},"tiered_pricing_maximum_quantity":null,"tiered_pricing_quantity_step":"10","_links":{"self":[{"href":"https:\/\/agoravape.com\/de\/wp-json\/wp\/v2\/product\/15012","targetHints":{"allow":["GET"]}}],"collection":[{"href":"https:\/\/agoravape.com\/de\/wp-json\/wp\/v2\/product"}],"about":[{"href":"https:\/\/agoravape.com\/de\/wp-json\/wp\/v2\/types\/product"}],"replies":[{"embeddable":true,"href":"https:\/\/agoravape.com\/de\/wp-json\/wp\/v2\/comments?post=15012"}],"version-history":[{"count":0,"href":"https:\/\/agoravape.com\/de\/wp-json\/wp\/v2\/product\/15012\/revisions"}],"wp:featuredmedia":[{"embeddable":true,"href":"https:\/\/agoravape.com\/de\/wp-json\/wp\/v2\/media\/15041"}],"wp:attachment":[{"href":"https:\/\/agoravape.com\/de\/wp-json\/wp\/v2\/media?parent=15012"}],"wp:term":[{"taxonomy":"product_brand","embeddable":true,"href":"https:\/\/agoravape.com\/de\/wp-json\/wp\/v2\/product_brand?post=15012"},{"taxonomy":"product_cat","embeddable":true,"href":"https:\/\/agoravape.com\/de\/wp-json\/wp\/v2\/product_cat?post=15012"},{"taxonomy":"product_tag","embeddable":true,"href":"https:\/\/agoravape.com\/de\/wp-json\/wp\/v2\/product_tag?post=15012"}],"curies":[{"name":"wp","href":"https:\/\/api.w.org\/{rel}","templated":true}]}}