{"id":15055,"date":"2025-10-14T13:49:37","date_gmt":"2025-10-14T05:49:37","guid":{"rendered":"https:\/\/green-grasshopper-921422.hostingersite.com\/?post_type=product&#038;p=15055"},"modified":"2026-01-19T22:05:22","modified_gmt":"2026-01-19T14:05:22","slug":"grativape-istorm-12k-puffs-led-vape","status":"publish","type":"product","link":"https:\/\/agoravape.com\/de\/product\/grativape-istorm-12k-puffs-led-vape\/","title":{"rendered":"Grativape iStorm 12K Puffs LED-Licht Einweg-Vape | Hohe Zugzahl mit einfacher USB-C-Aufladung"},"content":{"rendered":"<h2 data-v-md-heading=\"what-is-the-grativape-istorm-12k-led-disposable-vape-like\" data-v-md-line=\"3\"><img loading=\"lazy\" decoding=\"async\" class=\"aligncenter size-full wp-image-15077\" src=\"https:\/\/agoravape.com\/wp-content\/uploads\/2025\/10\/Grativape-iStorm-12K-Puffs-LED-Light-Disposable-Vape_Agora_vape-11-scaled.webp\" alt=\"\" width=\"2560\" height=\"1067\" srcset=\"https:\/\/agoravape.com\/wp-content\/uploads\/2025\/10\/Grativape-iStorm-12K-Puffs-LED-Light-Disposable-Vape_Agora_vape-11-scaled.webp 2560w, https:\/\/agoravape.com\/wp-content\/uploads\/2025\/10\/Grativape-iStorm-12K-Puffs-LED-Light-Disposable-Vape_Agora_vape-11-scaled-1200x500.webp 1200w, https:\/\/agoravape.com\/wp-content\/uploads\/2025\/10\/Grativape-iStorm-12K-Puffs-LED-Light-Disposable-Vape_Agora_vape-11-300x125.webp 300w, https:\/\/agoravape.com\/wp-content\/uploads\/2025\/10\/Grativape-iStorm-12K-Puffs-LED-Light-Disposable-Vape_Agora_vape-11-1024x427.webp 1024w, https:\/\/agoravape.com\/wp-content\/uploads\/2025\/10\/Grativape-iStorm-12K-Puffs-LED-Light-Disposable-Vape_Agora_vape-11-768x320.webp 768w, https:\/\/agoravape.com\/wp-content\/uploads\/2025\/10\/Grativape-iStorm-12K-Puffs-LED-Light-Disposable-Vape_Agora_vape-11-1536x640.webp 1536w, https:\/\/agoravape.com\/wp-content\/uploads\/2025\/10\/Grativape-iStorm-12K-Puffs-LED-Light-Disposable-Vape_Agora_vape-11-2048x853.webp 2048w\" sizes=\"auto, (max-width: 2560px) 100vw, 2560px\" \/><\/h2>\n<h2 data-v-md-heading=\"what-is-the-grativape-istorm-12k-led-disposable-vape-like\" data-v-md-line=\"3\">Wie ist der Grativape iStorm 12K LED Einweg-Vaporizer aufgebaut?<\/h2>\n<p data-v-md-line=\"4\">Wenn Sie genug von Einwegverdampfern haben, die zu viel Strom verbrauchen, sollten Sie einen Blick auf dieses Produkt werfen. Der Grativape iStorm hat eine Kapazit\u00e4t von bis zu 12000 Anschl\u00fcssen, ist mit einer wiederaufladbaren Typ-C-Schnittstelle und praktischen LED-Anzeigen ausgestattet, so dass Sie den Betriebsstatus Ihres Vapes jederzeit im Auge behalten k\u00f6nnen. Es ist speziell f\u00fcr den t\u00e4glichen Gebrauch konzipiert, so dass Sie leicht k\u00f6stliche Speisen genie\u00dfen k\u00f6nnen.<\/p>\n<p data-v-md-line=\"6\">Wenn Sie einen lang anhaltenden Geschmack und ein bequemes Erlebnis suchen, ist dies Ihre ideale Wahl. W\u00e4hlen Sie Ihre bevorzugte Nikotinkonzentration und dann die passende Geschmacksrichtung je nach Stimmung. Sie brauchen keine Kn\u00f6pfe und keine Men\u00fcs. Von Anfang bis Ende sp\u00fcren Sie den sanften Zug und den stabilen Geschmack.<\/p>\n<h2 data-v-md-heading=\"excellent-performance-easy-and-convenient\" data-v-md-line=\"8\">Excellent performance, easy and convenient<\/h2>\n<p data-v-md-line=\"9\">Die Spulen und der Lufteinlass im Inneren des iStorm wurden sorgf\u00e4ltig abgestimmt, um einen gleichbleibenden Geschmack zu gew\u00e4hrleisten, sodass sich der erste Biss wie der letzte anf\u00fchlt. Wenn der Akku leer ist, kannst du zum Aufladen dasselbe Typ-C-Datenkabel wie f\u00fcr dein Telefon verwenden. Einfach zu bedienen. Die LED-Anzeige leuchtet klar und deutlich, wenn Sie inhalieren, so dass Sie sofortiges Feedback ohne jegliche Bedienung erhalten.<\/p>\n<h2 data-v-md-heading=\"specification-overview\" data-v-md-line=\"11\">Specification Overview<\/h2>\n<ul data-v-md-line=\"12\">\n<li>Saugfrequenz: bis zu 12000 Mal<\/li>\n<li>E-Liquid-Kapazit\u00e4t: 20 Milliliter<\/li>\n<li>Batteriekapazit\u00e4t: 550 mAh<\/li>\n<li>Nikotingehalt: 0 %, 2 %, 3 %, 5 %<\/li>\n<li>Funktionsprinzip: Saugaktivierungsdesign. Nehmen Sie einfach einen sanften Hauch<\/li>\n<li>Charging: Standard Type-C USB interface<\/li>\n<li>LED-Licht: gibt beim Einatmen ein leichtes Gl\u00fchen ab<\/li>\n<li>Status: Sofort einsatzbereit<\/li>\n<li>SKU: Grativape-iStorm-12000 Anschl\u00fcsse<\/li>\n<\/ul>\n<h2 data-v-md-heading=\"full-range-of-flavors\" data-v-md-line=\"22\">Full range of flavors<\/h2>\n<ul data-v-md-line=\"23\">\n<li>Saftige Kirsche<\/li>\n<li>Erdbeer-Mango-Eis<\/li>\n<li>Pfirsicheis<\/li>\n<li>Heidelbeer-Zitroneneis<\/li>\n<li>Mango-Eis<\/li>\n<li>Blue Rink Ice<\/li>\n<li>Menthol ice<\/li>\n<li>Grape Ice<\/li>\n<li>Strawberry watermelon ice<\/li>\n<li>Schwarze Johannisbeere Eis<\/li>\n<\/ul>\n<p><img loading=\"lazy\" decoding=\"async\" class=\"aligncenter size-full wp-image-15078\" src=\"https:\/\/agoravape.com\/wp-content\/uploads\/2025\/10\/Grativape-iStorm-12K-Puffs-LED-Light-Disposable-Vape_Agora_vape-12-scaled.webp\" alt=\"\" width=\"2560\" height=\"1434\" srcset=\"https:\/\/agoravape.com\/wp-content\/uploads\/2025\/10\/Grativape-iStorm-12K-Puffs-LED-Light-Disposable-Vape_Agora_vape-12-scaled.webp 2560w, https:\/\/agoravape.com\/wp-content\/uploads\/2025\/10\/Grativape-iStorm-12K-Puffs-LED-Light-Disposable-Vape_Agora_vape-12-scaled-1200x672.webp 1200w, https:\/\/agoravape.com\/wp-content\/uploads\/2025\/10\/Grativape-iStorm-12K-Puffs-LED-Light-Disposable-Vape_Agora_vape-12-300x168.webp 300w, https:\/\/agoravape.com\/wp-content\/uploads\/2025\/10\/Grativape-iStorm-12K-Puffs-LED-Light-Disposable-Vape_Agora_vape-12-1024x573.webp 1024w, https:\/\/agoravape.com\/wp-content\/uploads\/2025\/10\/Grativape-iStorm-12K-Puffs-LED-Light-Disposable-Vape_Agora_vape-12-768x430.webp 768w, https:\/\/agoravape.com\/wp-content\/uploads\/2025\/10\/Grativape-iStorm-12K-Puffs-LED-Light-Disposable-Vape_Agora_vape-12-1536x860.webp 1536w, https:\/\/agoravape.com\/wp-content\/uploads\/2025\/10\/Grativape-iStorm-12K-Puffs-LED-Light-Disposable-Vape_Agora_vape-12-2048x1147.webp 2048w\" sizes=\"auto, (max-width: 2560px) 100vw, 2560px\" \/><\/p>\n<h2 data-v-md-heading=\"for-you-for-your-business\" data-v-md-line=\"34\">F\u00fcr Sie, f\u00fcr Ihr Unternehmen<\/h2>\n<p data-v-md-line=\"35\">Du kannst Grativape iStorm 12000 LED Lights Einwegdampfer f\u00fcr den pers\u00f6nlichen Gebrauch kaufen oder sie f\u00fcr Dein Gesch\u00e4ft vorr\u00e4tig halten. Wir bieten Gro\u00dfhandelspackungen an, um sicherzustellen, dass Deine Regale voll sind und Deine Kunden zufrieden sind. Bitte wenden Sie sich an unser Team, um mehr \u00fcber die aktuelle Konfiguration und die Preise der Vollkartons zu erfahren.<\/p>\n<p data-v-md-line=\"37\">Wir arbeiten mit vertrauensw\u00fcrdigen Partnern wie UPS, DPD und DHL zusammen, um \u00fcber DDP nach Steuern in ganz Europa zu versenden, was eine schnelle Lieferung gew\u00e4hrleistet und Zollunf\u00e4lle vermeidet. Die Bestellung ist sicher verpackt und r\u00fcckverfolgbar, so dass Sie beruhigt sein k\u00f6nnen.<\/p>\n<h2 data-v-md-heading=\"why-do-you-like-it\" data-v-md-line=\"39\">Why do you like it<\/h2>\n<ul data-v-md-line=\"40\">\n<li>Gro\u00dfes Rauchvolumen: l\u00e4ngere Nutzungsdauer, keine Notwendigkeit, die Vapes jeden zweiten Tag zu ersetzen<\/li>\n<li>Auswahl des Nikotingehalts: W\u00e4hlen Sie 0%, 2%, 3% oder 5%, je nach Ihren Vorlieben<\/li>\n<li>Wiederaufladbar: Typ-C-Ladung erm\u00f6glicht es Ihnen, alle gekauften E-Liquids zu verwenden<\/li>\n<li>LED-Anzeige: Sie leuchtet beim Einatmen deutlich auf, so dass Sie jederzeit \u00fcberpr\u00fcfen k\u00f6nnen, ob der Rauch normal ist<\/li>\n<li>Konsistenter Geschmack: weich und konsistent von Anfang bis Ende, mit einer stabilen Textur<\/li>\n<\/ul>\n<h2 data-v-md-heading=\"why-choose-agoravape\" data-v-md-line=\"46\">Why choose AgoraVape?<\/h2>\n<p data-v-md-line=\"47\">Wir sind einer der vertrauensw\u00fcrdigsten Vape-H\u00e4ndler in Europa, deshalb verkaufen wir nur 100% Originalprodukte. F\u00fcr gewerbliche Kunden, k\u00f6nnen Sie erm\u00e4\u00dfigte Gro\u00dfhandelspreise von Grativape iStorm 12K, schnelle Antwort Unterst\u00fctzung, und schnelle und zuverl\u00e4ssige Lieferdienste genie\u00dfen. Wir befolgen einen strengen Altersverifizierungsprozess und verwenden ein sicheres Zahlungsgateway, um Ihre Daten zu sch\u00fctzen. Kontaktieren Sie uns, um ein zuverl\u00e4ssiges Ger\u00e4t f\u00fcr Ihre Kunden auf Lager zu haben.<\/p>","protected":false},"excerpt":{"rendered":"<p>&nbsp;<\/p>\n<p><script src=\"chrome-extension:\/\/fpelahbljekknahkcaegamhcndkfpfnc\/iFrame.js\" type=\"text\/javascript\"><\/script><\/p>\n<p><script src=\"chrome-extension:\/\/fpelahbljekknahkcaegamhcndkfpfnc\/iFrame.js\" type=\"text\/javascript\"><\/script><\/p>\n<p><script src=\"chrome-extension:\/\/fpelahbljekknahkcaegamhcndkfpfnc\/iFrame.js\" type=\"text\/javascript\"><\/script><\/p>\n<p><script src=\"chrome-extension:\/\/fpelahbljekknahkcaegamhcndkfpfnc\/iFrame.js\" type=\"text\/javascript\"><\/script><\/p>\n<p><script src=\"chrome-extension:\/\/fpelahbljekknahkcaegamhcndkfpfnc\/iFrame.js\" type=\"text\/javascript\"><\/script><\/p>\n<p><script src=\"chrome-extension:\/\/fpelahbljekknahkcaegamhcndkfpfnc\/iFrame.js\" type=\"text\/javascript\"><\/script><\/p>\n<p><script src=\"chrome-extension:\/\/fpelahbljekknahkcaegamhcndkfpfnc\/iFrame.js\" type=\"text\/javascript\"><\/script><\/p>","protected":false},"featured_media":15076,"comment_status":"open","ping_status":"closed","template":"","meta":[],"product_brand":[217],"product_cat":[124,187,185,1634,189,174,144,175,191,173,186,180,190],"product_tag":[],"class_list":{"0":"post-15055","1":"product","2":"type-product","3":"status-publish","4":"has-post-thumbnail","6":"product_brand-grativape","7":"product_cat-vape-by-brand","8":"product_cat-0mg-nicotine-free-vapes","9":"product_cat-10000-puffs-high-capacity","10":"product_cat-12000-puffs","11":"product_cat-20mg-standard-nicotine-vapes","12":"product_cat-fruit-flavors","13":"product_cat-grativape","14":"product_cat-icy-mint","15":"product_cat-rechargeable-disposables","16":"product_cat-vape-by-flavor-profile","17":"product_cat-vape-by-nicotine-strength","18":"product_cat-vape-by-puff-count","19":"product_cat-vape-by-feature-or-type","21":"first","22":"onbackorder","23":"shipping-taxable","24":"purchasable","25":"product-type-variable","26":"has-default-attributes"},"tiered_pricing_type":"percentage","tiered_pricing_fixed_rules":[],"tiered_pricing_product_settings":{"layout":"default","base_unit_name":{"singular":null,"plural":null},"default_variation":null},"tiered_pricing_minimum_quantity":10,"tiered_pricing_roles_data":[],"tiered_pricing_percentage_rules":{"200":"44","500":"47","1000":"49"},"tiered_pricing_maximum_quantity":null,"tiered_pricing_quantity_step":"10","_links":{"self":[{"href":"https:\/\/agoravape.com\/de\/wp-json\/wp\/v2\/product\/15055","targetHints":{"allow":["GET"]}}],"collection":[{"href":"https:\/\/agoravape.com\/de\/wp-json\/wp\/v2\/product"}],"about":[{"href":"https:\/\/agoravape.com\/de\/wp-json\/wp\/v2\/types\/product"}],"replies":[{"embeddable":true,"href":"https:\/\/agoravape.com\/de\/wp-json\/wp\/v2\/comments?post=15055"}],"version-history":[{"count":0,"href":"https:\/\/agoravape.com\/de\/wp-json\/wp\/v2\/product\/15055\/revisions"}],"wp:featuredmedia":[{"embeddable":true,"href":"https:\/\/agoravape.com\/de\/wp-json\/wp\/v2\/media\/15076"}],"wp:attachment":[{"href":"https:\/\/agoravape.com\/de\/wp-json\/wp\/v2\/media?parent=15055"}],"wp:term":[{"taxonomy":"product_brand","embeddable":true,"href":"https:\/\/agoravape.com\/de\/wp-json\/wp\/v2\/product_brand?post=15055"},{"taxonomy":"product_cat","embeddable":true,"href":"https:\/\/agoravape.com\/de\/wp-json\/wp\/v2\/product_cat?post=15055"},{"taxonomy":"product_tag","embeddable":true,"href":"https:\/\/agoravape.com\/de\/wp-json\/wp\/v2\/product_tag?post=15055"}],"curies":[{"name":"wp","href":"https:\/\/api.w.org\/{rel}","templated":true}]}}