{"id":15081,"date":"2025-10-14T13:59:18","date_gmt":"2025-10-14T05:59:18","guid":{"rendered":"https:\/\/green-grasshopper-921422.hostingersite.com\/?post_type=product&#038;p=15081"},"modified":"2026-01-19T22:05:16","modified_gmt":"2026-01-19T14:05:16","slug":"grativape-gbot-10000-puffs-box-vape","status":"publish","type":"product","link":"https:\/\/agoravape.com\/de\/product\/grativape-gbot-10000-puffs-box-vape\/","title":{"rendered":"Grativape Gbot Kompakte Box-E-Zigarette f\u00fcr 10.000 Z\u00fcge | Hohe Zugzahl im handlichen Format"},"content":{"rendered":"<h2 data-v-md-heading=\"what-exactly-is-the-grativape-gbot-10000-pack-compact-vape\" data-v-md-line=\"3\">Was genau ist das Grativape Gbot 10000 Pack Kompakt-Vape?<\/h2>\n<p data-v-md-line=\"4\">Wenn Sie es leid sind, alle paar Tage Einweg-E-Liquids zu wechseln, sollten Sie sich Gbot genauer ansehen. Es handelt sich um eine kompakte Box-Vape mit einer Kapazit\u00e4t von bis zu 10.000 Z\u00fcgen, die Ihnen eine ausreichende Akkulaufzeit bietet, ohne dass Sie sperrige Ger\u00e4te mit sich herumtragen m\u00fcssen.<\/p>\n<p data-v-md-line=\"6\">Es eignet sich f\u00fcr alle, die ein unkompliziertes, benutzerfreundliches, leckeres und sofort einsatzbereites Vape-Erlebnis suchen. Keine Kn\u00f6pfe, kein Aufwand \u2013 einfach auspacken und loslegen.<\/p>\n<h2 data-v-md-heading=\"excellent-performance-easy-and-convenient\" data-v-md-line=\"8\">Excellent performance, easy and convenient<\/h2>\n<p data-v-md-line=\"9\">Gbot wurde sorgf\u00e4ltig optimiert, um einen gleichbleibenden Geschmack zu gew\u00e4hrleisten. Das robuste Design der Box liegt gut in der Hand und passt dennoch problemlos in die Hosentasche. Der integrierte 650-mAh-Akku sorgt f\u00fcr ausreichend Leistung den ganzen Tag \u00fcber. Wenn Sie ein Produkt suchen, das einfach und benutzerfreundlich ist und gleichzeitig ein sauberes und angenehmes Saugerlebnis bietet, ist dieses Produkt die beste Wahl.<\/p>\n<h2 data-v-md-heading=\"specification-introduction\" data-v-md-line=\"11\">Specification Introduction<\/h2>\n<ul data-v-md-line=\"12\">\n<li>Saugfrequenz: bis zu 10000 Mal<\/li>\n<li>Nikotingehalt: 5 %<\/li>\n<li>Working principle: Activated by inhalation<\/li>\n<li>Aufladen: Eingebauter 650-mAh-Akku (Schnittstellentyp nicht spezifiziert)<\/li>\n<li>E-Liquid-Kapazit\u00e4t: 14 Milliliter<\/li>\n<li>Gr\u00f6\u00dfe: 50 \u00d7 84 \u00d7 25 Millimeter<\/li>\n<li>Status: Sofort einsatzbereit nach dem Auspacken<\/li>\n<\/ul>\n<h2 data-v-md-heading=\"full-range-of-flavors\" data-v-md-line=\"20\">Full range of flavors<\/h2>\n<ul data-v-md-line=\"21\">\n<li>Blaubeer-Smoothie<\/li>\n<li>Blauer Eissand<\/li>\n<li>Trauben-Smoothie<\/li>\n<li>Minz-Smoothie<\/li>\n<li>Erdbeer-Kiwi-Smoothie<\/li>\n<li>Himbeer-Wassermelonen-Smoothie<\/li>\n<li>Pink Lemon Water Cherry Soda<\/li>\n<li>Duftende Erdbeeren und Kokospalmenhain, eisiger Sand<\/li>\n<li>Erdbeer-Wassermelonen-Kaugummi-Smoothie<\/li>\n<li>Wassermelonen-Smoothie<\/li>\n<\/ul>\n<h2 data-v-md-heading=\"to-create-for-you-and-your-business\" data-v-md-line=\"32\">Um etwas f\u00fcr Sie und Ihr Unternehmen zu schaffen<\/h2>\n<p data-v-md-line=\"33\">Wenn Sie es ausprobieren m\u00f6chten, k\u00f6nnen Sie eine Packung kaufen oder sich f\u00fcr Ihr Gesch\u00e4ft eindecken. Die Gro\u00dfhandelspackung enth\u00e4lt 200 St\u00fcck und erleichtert Ihnen so die Planung Ihrer Regalfl\u00e4che. Jede Packung wiegt etwa 19 Kilogramm, und die Logistik l\u00e4sst sich gut vorhersagen.<\/p>\n<p data-v-md-line=\"35\">Wir arbeiten mit vertrauensw\u00fcrdigen Partnern wie UPS, DPD und DHL zusammen, um per Duty Paid Delivery (DDP) zu versenden. Das bedeutet, dass Sie keine Zollgeb\u00fchren zahlen m\u00fcssen und keine Probleme beim Zoll bef\u00fcrchten m\u00fcssen.<\/p>\n<p data-v-md-line=\"37\">Achtung: Bitte informieren Sie sich vor Ihrer Bestellung \u00fcber die in Ihrem Land\/Ihrer Region geltenden Bestimmungen zur Nikotinkonzentration.<\/p>\n<h2 data-v-md-heading=\"why-do-you-like-it\" data-v-md-line=\"39\">Why do you like it<\/h2>\n<ul data-v-md-line=\"40\">\n<li>Hohe Saugleistung: bis zu 10000 Saugstunden, was weniger Austauschzeiten und eine h\u00f6here Kosteneffizienz bedeutet.<\/li>\n<li>Auswahl an Produkten mit hoher Nikotinkonzentration: Die 5%-Konzentration entspricht den Anspr\u00fcchen von Kunden, die einen intensiveren Geschmack bevorzugen.<\/li>\n<li>Tragbares Design: Kompaktes Box-Design, passt gut zu Jacke oder Jeans.<\/li>\n<li>Sofort einsatzbereit: Kein Dr\u00fccken von Kn\u00f6pfen oder Anpassen von Einstellungen erforderlich.<\/li>\n<\/ul>\n<h2 data-v-md-heading=\"why-choose-to-collaborate-with-agoravape\" data-v-md-line=\"45\">Warum sollten Sie sich f\u00fcr eine Zusammenarbeit mit AgoraVape entscheiden?<\/h2>\n<p data-v-md-line=\"46\">Wir bieten ausschlie\u00dflich 100% Originalprodukte und zuverl\u00e4ssigen Service. Gewerbliche Abnehmer profitieren von verg\u00fcnstigten Gro\u00dfhandelspreisen, kompetenter Unterst\u00fctzung und schnellem DDP-Versand f\u00fcr die Grativape Gbot 10000 Compact Pack Vapes. Suchen Sie ein Produkt, das sich leicht verkaufen l\u00e4sst und bei unseren Kunden sehr beliebt ist? Kontaktieren Sie uns \u2013 wir beraten Sie gerne.<\/p>","protected":false},"excerpt":{"rendered":"<p>&nbsp;<\/p>\n<p><script src=\"chrome-extension:\/\/fpelahbljekknahkcaegamhcndkfpfnc\/iFrame.js\" type=\"text\/javascript\"><\/script><\/p>\n<p><script src=\"chrome-extension:\/\/fpelahbljekknahkcaegamhcndkfpfnc\/iFrame.js\" type=\"text\/javascript\"><\/script><\/p>\n<p><script src=\"chrome-extension:\/\/fpelahbljekknahkcaegamhcndkfpfnc\/iFrame.js\" type=\"text\/javascript\"><\/script><\/p>\n<p><script src=\"chrome-extension:\/\/fpelahbljekknahkcaegamhcndkfpfnc\/iFrame.js\" type=\"text\/javascript\"><\/script><\/p>\n<p><script src=\"chrome-extension:\/\/fpelahbljekknahkcaegamhcndkfpfnc\/iFrame.js\" type=\"text\/javascript\"><\/script><\/p>\n<p><script src=\"chrome-extension:\/\/fpelahbljekknahkcaegamhcndkfpfnc\/iFrame.js\" type=\"text\/javascript\"><\/script><\/p>\n<p><script src=\"chrome-extension:\/\/fpelahbljekknahkcaegamhcndkfpfnc\/iFrame.js\" type=\"text\/javascript\"><\/script><\/p>","protected":false},"featured_media":15101,"comment_status":"open","ping_status":"closed","template":"","meta":[],"product_brand":[217],"product_cat":[124,185,174,144,175,191,173,186,180,190],"product_tag":[],"class_list":{"0":"post-15081","1":"product","2":"type-product","3":"status-publish","4":"has-post-thumbnail","6":"product_brand-grativape","7":"product_cat-vape-by-brand","8":"product_cat-10000-puffs-high-capacity","9":"product_cat-fruit-flavors","10":"product_cat-grativape","11":"product_cat-icy-mint","12":"product_cat-rechargeable-disposables","13":"product_cat-vape-by-flavor-profile","14":"product_cat-vape-by-nicotine-strength","15":"product_cat-vape-by-puff-count","16":"product_cat-vape-by-feature-or-type","18":"first","19":"onbackorder","20":"shipping-taxable","21":"purchasable","22":"product-type-variable","23":"has-default-attributes"},"tiered_pricing_type":"percentage","tiered_pricing_fixed_rules":[],"tiered_pricing_product_settings":{"layout":"default","base_unit_name":{"singular":null,"plural":null},"default_variation":null},"tiered_pricing_minimum_quantity":10,"tiered_pricing_roles_data":[],"tiered_pricing_percentage_rules":{"200":"44","500":"47","1000":"49"},"tiered_pricing_maximum_quantity":null,"tiered_pricing_quantity_step":"10","_links":{"self":[{"href":"https:\/\/agoravape.com\/de\/wp-json\/wp\/v2\/product\/15081","targetHints":{"allow":["GET"]}}],"collection":[{"href":"https:\/\/agoravape.com\/de\/wp-json\/wp\/v2\/product"}],"about":[{"href":"https:\/\/agoravape.com\/de\/wp-json\/wp\/v2\/types\/product"}],"replies":[{"embeddable":true,"href":"https:\/\/agoravape.com\/de\/wp-json\/wp\/v2\/comments?post=15081"}],"version-history":[{"count":0,"href":"https:\/\/agoravape.com\/de\/wp-json\/wp\/v2\/product\/15081\/revisions"}],"wp:featuredmedia":[{"embeddable":true,"href":"https:\/\/agoravape.com\/de\/wp-json\/wp\/v2\/media\/15101"}],"wp:attachment":[{"href":"https:\/\/agoravape.com\/de\/wp-json\/wp\/v2\/media?parent=15081"}],"wp:term":[{"taxonomy":"product_brand","embeddable":true,"href":"https:\/\/agoravape.com\/de\/wp-json\/wp\/v2\/product_brand?post=15081"},{"taxonomy":"product_cat","embeddable":true,"href":"https:\/\/agoravape.com\/de\/wp-json\/wp\/v2\/product_cat?post=15081"},{"taxonomy":"product_tag","embeddable":true,"href":"https:\/\/agoravape.com\/de\/wp-json\/wp\/v2\/product_tag?post=15081"}],"curies":[{"name":"wp","href":"https:\/\/api.w.org\/{rel}","templated":true}]}}