{"id":15111,"date":"2025-10-14T14:06:08","date_gmt":"2025-10-14T06:06:08","guid":{"rendered":"https:\/\/green-grasshopper-921422.hostingersite.com\/?post_type=product&#038;p=15111"},"modified":"2026-01-19T22:05:11","modified_gmt":"2026-01-19T14:05:11","slug":"grativape-imagic-10k-puffs-quicksand-vape","status":"publish","type":"product","link":"https:\/\/agoravape.com\/de\/product\/grativape-imagic-10k-puffs-quicksand-vape\/","title":{"rendered":"Grativape iMagic 10K Puffs Quicksand Design | Wiederaufladbarer Komfort mit gleichbleibendem Geschmack"},"content":{"rendered":"<h2 data-v-md-heading=\"what-are-the-highlights-of-the-grativape-imagic-10k-quicksand-design-vape\" data-v-md-line=\"3\"><img loading=\"lazy\" decoding=\"async\" class=\"aligncenter size-full wp-image-15125\" src=\"https:\/\/agoravape.com\/wp-content\/uploads\/2025\/10\/Grativape-iMagic-10K-Puffs-Quicksand-Design-Vape_Agora_vape-11.webp\" alt=\"\" width=\"1920\" height=\"799\" srcset=\"https:\/\/agoravape.com\/wp-content\/uploads\/2025\/10\/Grativape-iMagic-10K-Puffs-Quicksand-Design-Vape_Agora_vape-11.webp 1920w, https:\/\/agoravape.com\/wp-content\/uploads\/2025\/10\/Grativape-iMagic-10K-Puffs-Quicksand-Design-Vape_Agora_vape-11-1200x499.webp 1200w, https:\/\/agoravape.com\/wp-content\/uploads\/2025\/10\/Grativape-iMagic-10K-Puffs-Quicksand-Design-Vape_Agora_vape-11-300x125.webp 300w, https:\/\/agoravape.com\/wp-content\/uploads\/2025\/10\/Grativape-iMagic-10K-Puffs-Quicksand-Design-Vape_Agora_vape-11-1024x426.webp 1024w, https:\/\/agoravape.com\/wp-content\/uploads\/2025\/10\/Grativape-iMagic-10K-Puffs-Quicksand-Design-Vape_Agora_vape-11-768x320.webp 768w, https:\/\/agoravape.com\/wp-content\/uploads\/2025\/10\/Grativape-iMagic-10K-Puffs-Quicksand-Design-Vape_Agora_vape-11-1536x639.webp 1536w\" sizes=\"auto, (max-width: 1920px) 100vw, 1920px\" \/><\/h2>\n<h2 data-v-md-heading=\"what-are-the-highlights-of-the-grativape-imagic-10k-quicksand-design-vape\" data-v-md-line=\"3\">Was sind die Highlights des Grativape iMagic 10K Vaporizers im Quicksand-Design?<\/h2>\n<p data-v-md-line=\"4\">Wenn Sie genug von Einweg-E-Zigaretten haben, die nicht nach wenigen Tagen leer sind, ist die iMagic 10K die ideale Wahl. Sie bietet eine langanhaltende Saugleistung und ein auff\u00e4lliges, sandfarbenes Design, das sowohl ein echter Hingucker als auch modisch ist.<\/p>\n<p data-v-md-line=\"6\">F\u00fcr alle, die ein unkompliziertes und zuverl\u00e4ssiges Dampferlebnis suchen, ist es die ideale Wahl. Keine komplizierten Men\u00fcs, keine Einarbeitungszeit. Einfach die gew\u00fcnschte Geschmacksrichtung ausw\u00e4hlen, einen sanften Zug nehmen und genie\u00dfen.<\/p>\n<h2 data-v-md-heading=\"excellent-performance-easy-and-convenient\" data-v-md-line=\"8\">Excellent performance, easy and convenient<\/h2>\n<p data-v-md-line=\"9\">Das Herzst\u00fcck des iMagic ist eine 1,0-\u03a9-Mesh-Spule. Dadurch wird jeder Zug sanft und gleichm\u00e4\u00dfig, sodass sich Ihr erster Biss genauso seidig-weich anf\u00fchlt wie Ihr hundertster. Bei niedrigem Akkustand k\u00f6nnen Sie das Ger\u00e4t \u00fcber USB-C aufladen \u2013 m\u00f6glicherweise mit demselben Kabel wie bei Ihrem Smartphone. Ganz einfach.<\/p>\n<h2 data-v-md-heading=\"specification-introduction\" data-v-md-line=\"11\">Specification Introduction<\/h2>\n<ul data-v-md-line=\"12\">\n<li>Saugfrequenz: bis zu 10000 Mal<\/li>\n<li>Nikotin: 0 %, 2 %, 3 %, 5 % (optional)<\/li>\n<li>Working principle: Activated by inhalation<\/li>\n<li>Laden: USB-Typ-C-Schnittstelle<\/li>\n<li>Spule: 1,0 \u03a9 Drahtspule<\/li>\n<li>E-Liquid-Kapazit\u00e4t: 18 Milliliter<\/li>\n<li>Status: Sofort einsatzbereit nach dem Auspacken<\/li>\n<\/ul>\n<h2 data-v-md-heading=\"full-range-of-flavors\" data-v-md-line=\"20\">Full range of flavors<\/h2>\n<ul data-v-md-line=\"21\">\n<li>Blaubeer- und Himbeergeschmack<\/li>\n<li>Regenbogen-Zucker-Eisw\u00fcrfel<\/li>\n<li>Energy drink flavor<\/li>\n<li>Geschmack von rosa Zitronenwasser<\/li>\n<li>Brombeer-Eisw\u00fcrfel<\/li>\n<li>Strawberry and Mango Flavor<\/li>\n<li>Saurer Apfelgeschmack<\/li>\n<li>Blaubeereisw\u00fcrfel<\/li>\n<li>Duftende Eisw\u00fcrfel (Wassermelonen-Erdbeer-Eisw\u00fcrfel)<\/li>\n<li>Erdbeereisw\u00fcrfel<\/li>\n<\/ul>\n<h2 data-v-md-heading=\"for-you-for-your-business\" data-v-md-line=\"32\">F\u00fcr Sie, f\u00fcr Ihr Unternehmen<\/h2>\n<p data-v-md-line=\"33\">Sie k\u00f6nnen Grativape iMagic 10K einzeln f\u00fcr den pers\u00f6nlichen Gebrauch oder zur Best\u00fcckung Ihres Gesch\u00e4fts erwerben. Wir bieten standardm\u00e4\u00dfige Gro\u00dfhandelskartons aus Papier an, und Sie k\u00f6nnen die Geschmackskombinationen individuell an die Bed\u00fcrfnisse Ihrer Kunden anpassen. Ben\u00f6tigen Sie Beratung zu Produktkombinationen oder Nachbestellungsintervallen? Kontaktieren Sie uns gerne, wir unterst\u00fctzen Sie bei der Planung.<\/p>\n<p data-v-md-line=\"35\">Wir versenden Ihre Bestellung in verschiedenen Teilen Europas mit zuverl\u00e4ssigen Partnern wie UPS, DPD und DHL (DDP nach Steuern). So gew\u00e4hrleisten wir Ihnen eine reibungslose und planbare Lieferung und vermeiden Probleme beim Zoll. Da die Nikotinkonzentration je nach Land\/Region variieren kann, informieren Sie sich bitte \u00fcber die geltenden Bestimmungen in Ihrem Land.<\/p>\n<h2 data-v-md-heading=\"why-do-you-like-it\" data-v-md-line=\"37\">Why do you like it<\/h2>\n<ul data-v-md-line=\"38\">\n<li>Enorme Saugkraft: langlebig und robust, ohne dass h\u00e4ufig Ersatz gekauft werden muss.<\/li>\n<li>Nikotinauswahl: W\u00e4hlen Sie die Konzentration, die f\u00fcr Ihren t\u00e4glichen Gebrauch geeignet ist.<\/li>\n<li>Wiederaufladbar: Die gesamte gekaufte E-Fl\u00fcssigkeit wird aufgebraucht.<\/li>\n<li>Mesh-Spule: Vom ersten bis zum letzten Bissen bleibt der Geschmack gleichbleibend.<\/li>\n<li>Flie\u00dfendes Sanddesign: stilvolle Optik, geschmeidiges Gef\u00fchl.<\/li>\n<li>Komfortable Saugfunktion: Keine Kn\u00f6pfe n\u00f6tig, einfach und bequem.<\/li>\n<\/ul>\n<h2 data-v-md-heading=\"why-choose-to-collaborate-with-agoravape\" data-v-md-line=\"45\">Warum sollten Sie sich f\u00fcr eine Zusammenarbeit mit AgoraVape entscheiden?<\/h2>\n<p data-v-md-line=\"46\">Wir geh\u00f6ren zu den vertrauensw\u00fcrdigsten Vape-Distributoren Europas und vertreiben ausschlie\u00dflich Originalprodukte. F\u00fcr Gesch\u00e4ftskunden bedeutet dies, dass wir f\u00fcr die Grativape iMagic 10K Puffs im Quicksand-Design faire Gro\u00dfhandelspreise, schnellen Kundenservice und z\u00fcgige DDP-Lieferungen anbieten. Kontaktieren Sie uns, um die ben\u00f6tigte Ausstattung f\u00fcr Stammkunden bereitzustellen.<\/p>","protected":false},"excerpt":{"rendered":"<p>&nbsp;<\/p>\n<p><script src=\"chrome-extension:\/\/fpelahbljekknahkcaegamhcndkfpfnc\/iFrame.js\" type=\"text\/javascript\"><\/script><\/p>\n<p><script src=\"chrome-extension:\/\/fpelahbljekknahkcaegamhcndkfpfnc\/iFrame.js\" type=\"text\/javascript\"><\/script><\/p>\n<p><script src=\"chrome-extension:\/\/fpelahbljekknahkcaegamhcndkfpfnc\/iFrame.js\" type=\"text\/javascript\"><\/script><\/p>\n<p><script src=\"chrome-extension:\/\/fpelahbljekknahkcaegamhcndkfpfnc\/iFrame.js\" type=\"text\/javascript\"><\/script><\/p>\n<p><script src=\"chrome-extension:\/\/fpelahbljekknahkcaegamhcndkfpfnc\/iFrame.js\" type=\"text\/javascript\"><\/script><\/p>\n<p><script src=\"chrome-extension:\/\/fpelahbljekknahkcaegamhcndkfpfnc\/iFrame.js\" type=\"text\/javascript\"><\/script><\/p>\n<p><script src=\"chrome-extension:\/\/fpelahbljekknahkcaegamhcndkfpfnc\/iFrame.js\" type=\"text\/javascript\"><\/script><\/p>","protected":false},"featured_media":15124,"comment_status":"open","ping_status":"closed","template":"","meta":[],"product_brand":[217],"product_cat":[124,187,185,189,176,174,144,175,193,191,173,186,180,190],"product_tag":[],"class_list":{"0":"post-15111","1":"product","2":"type-product","3":"status-publish","4":"has-post-thumbnail","6":"product_brand-grativape","7":"product_cat-vape-by-brand","8":"product_cat-0mg-nicotine-free-vapes","9":"product_cat-10000-puffs-high-capacity","10":"product_cat-20mg-standard-nicotine-vapes","11":"product_cat-beverage","12":"product_cat-fruit-flavors","13":"product_cat-grativape","14":"product_cat-icy-mint","15":"product_cat-mesh-coil","16":"product_cat-rechargeable-disposables","17":"product_cat-vape-by-flavor-profile","18":"product_cat-vape-by-nicotine-strength","19":"product_cat-vape-by-puff-count","20":"product_cat-vape-by-feature-or-type","22":"first","23":"onbackorder","24":"shipping-taxable","25":"purchasable","26":"product-type-variable","27":"has-default-attributes"},"tiered_pricing_type":"percentage","tiered_pricing_fixed_rules":[],"tiered_pricing_product_settings":{"layout":"default","base_unit_name":{"singular":null,"plural":null},"default_variation":null},"tiered_pricing_minimum_quantity":10,"tiered_pricing_roles_data":[],"tiered_pricing_percentage_rules":{"50":"35","100":"40","200":"44","500":"47","1000":"49"},"tiered_pricing_maximum_quantity":null,"tiered_pricing_quantity_step":"10","_links":{"self":[{"href":"https:\/\/agoravape.com\/de\/wp-json\/wp\/v2\/product\/15111","targetHints":{"allow":["GET"]}}],"collection":[{"href":"https:\/\/agoravape.com\/de\/wp-json\/wp\/v2\/product"}],"about":[{"href":"https:\/\/agoravape.com\/de\/wp-json\/wp\/v2\/types\/product"}],"replies":[{"embeddable":true,"href":"https:\/\/agoravape.com\/de\/wp-json\/wp\/v2\/comments?post=15111"}],"version-history":[{"count":0,"href":"https:\/\/agoravape.com\/de\/wp-json\/wp\/v2\/product\/15111\/revisions"}],"wp:featuredmedia":[{"embeddable":true,"href":"https:\/\/agoravape.com\/de\/wp-json\/wp\/v2\/media\/15124"}],"wp:attachment":[{"href":"https:\/\/agoravape.com\/de\/wp-json\/wp\/v2\/media?parent=15111"}],"wp:term":[{"taxonomy":"product_brand","embeddable":true,"href":"https:\/\/agoravape.com\/de\/wp-json\/wp\/v2\/product_brand?post=15111"},{"taxonomy":"product_cat","embeddable":true,"href":"https:\/\/agoravape.com\/de\/wp-json\/wp\/v2\/product_cat?post=15111"},{"taxonomy":"product_tag","embeddable":true,"href":"https:\/\/agoravape.com\/de\/wp-json\/wp\/v2\/product_tag?post=15111"}],"curies":[{"name":"wp","href":"https:\/\/api.w.org\/{rel}","templated":true}]}}