{"id":15127,"date":"2025-10-14T14:14:37","date_gmt":"2025-10-14T06:14:37","guid":{"rendered":"https:\/\/green-grasshopper-921422.hostingersite.com\/?post_type=product&#038;p=15127"},"modified":"2026-01-19T22:05:05","modified_gmt":"2026-01-19T14:05:05","slug":"grativape-ipanda-15k-puffs-display-vape","status":"publish","type":"product","link":"https:\/\/agoravape.com\/de\/product\/grativape-ipanda-15k-puffs-display-vape\/","title":{"rendered":"Grativape iPanda E-Zigarette mit 15.000 Z\u00fcgen und Display | Langanhaltender Geschmack mit intelligentem Display"},"content":{"rendered":"<h2 data-v-md-heading=\"what-is-the-grativape-ipanda-15000-mouth-vape-with-a-display-screen-like\" data-v-md-line=\"3\"><img loading=\"lazy\" decoding=\"async\" class=\"aligncenter size-full wp-image-15139\" src=\"https:\/\/agoravape.com\/wp-content\/uploads\/2025\/10\/Grativape-iPanda-15K-Puffs-Vape-with-Display-Screen_Agora_vape-1-scaled.webp\" alt=\"\" width=\"2560\" height=\"1121\" srcset=\"https:\/\/agoravape.com\/wp-content\/uploads\/2025\/10\/Grativape-iPanda-15K-Puffs-Vape-with-Display-Screen_Agora_vape-1-scaled.webp 2560w, https:\/\/agoravape.com\/wp-content\/uploads\/2025\/10\/Grativape-iPanda-15K-Puffs-Vape-with-Display-Screen_Agora_vape-1-scaled-1200x525.webp 1200w, https:\/\/agoravape.com\/wp-content\/uploads\/2025\/10\/Grativape-iPanda-15K-Puffs-Vape-with-Display-Screen_Agora_vape-1-300x131.webp 300w, https:\/\/agoravape.com\/wp-content\/uploads\/2025\/10\/Grativape-iPanda-15K-Puffs-Vape-with-Display-Screen_Agora_vape-1-1024x448.webp 1024w, https:\/\/agoravape.com\/wp-content\/uploads\/2025\/10\/Grativape-iPanda-15K-Puffs-Vape-with-Display-Screen_Agora_vape-1-768x336.webp 768w, https:\/\/agoravape.com\/wp-content\/uploads\/2025\/10\/Grativape-iPanda-15K-Puffs-Vape-with-Display-Screen_Agora_vape-1-1536x673.webp 1536w, https:\/\/agoravape.com\/wp-content\/uploads\/2025\/10\/Grativape-iPanda-15K-Puffs-Vape-with-Display-Screen_Agora_vape-1-2048x897.webp 2048w\" sizes=\"auto, (max-width: 2560px) 100vw, 2560px\" \/><\/h2>\n<h2 data-v-md-heading=\"what-is-the-grativape-ipanda-15000-mouth-vape-with-a-display-screen-like\" data-v-md-line=\"3\">Wie ist das Grativape iPanda 15000 Munddampfger\u00e4t mit Display aufgebaut?<\/h2>\n<p data-v-md-line=\"4\">Wenn Sie es leid sind, vor dem Wochenende Einwegverdampfer zu verwenden, sollten Sie sich dieses Produkt ansehen. Der Grativape iPanda hat eine Kapazit\u00e4t von bis zu 15000 Anschl\u00fcssen und ist mit einem \u00fcbersichtlichen Display ausgestattet, das gleichzeitig den Batterie- und Fl\u00fcssigkeitsstand anzeigen kann. Sie m\u00fcssen nicht raten, und es gibt keinen Trockensog.<\/p>\n<p data-v-md-line=\"6\">Er ist f\u00fcr jeden Vape-Nutzer geeignet, der Einfachheit, Zuverl\u00e4ssigkeit und einen gleichbleibenden Geschmack w\u00fcnscht. Sie k\u00f6nnen ein komfortables Raucherlebnis genie\u00dfen und haben ein praktisches Display, das genau anzeigt, wenn Sie aufladen m\u00fcssen oder wenn die e-Fl\u00fcssigkeit niedrig ist. Sie denken vielleicht, dass ein Vape mit einer so gro\u00dfen Kapazit\u00e4t sperrig sein w\u00fcrde, aber seine Tragbarkeit wird Sie \u00fcberraschen.<\/p>\n<h2 data-v-md-heading=\"excellent-performance-easy-and-convenient\" data-v-md-line=\"8\">Excellent performance, easy and convenient<\/h2>\n<p data-v-md-line=\"9\">Der Kern der iPanda ist ein 1,0 \u03a9 Mesh-Zerst\u00e4uber Kern, sicherzustellen, dass jeder Bissen ist so lecker wie ein erster Zug. 650mAh Akku sorgt f\u00fcr eine stabile Leistung der Zerst\u00e4ubung Kern. Die 18ml e-Fl\u00fcssigkeit Kapazit\u00e4t unterst\u00fctzt langfristige Absaugung, und das Display kann die Batterie und e-Fl\u00fcssigkeit Status zeigen, so dass Sie alles zu kontrollieren. Wenn der Akku leer ist, verwenden Sie einfach ein Typ-C-Datenkabel zu verbinden. Einfach und bequem.<\/p>\n<h2 data-v-md-heading=\"specification-introduction\" data-v-md-line=\"11\">Specification Introduction<\/h2>\n<ul data-v-md-line=\"12\">\n<li>Saugfrequenz: bis zu 15000 Mal<\/li>\n<li>Nicotine content: 0%, 2%, 3%, and 5%<\/li>\n<li>Funktionsprinzip: Aktivierung mit nur einem Zug<\/li>\n<li>Charging: Standard Type-C USB interface<\/li>\n<li>Status: Sofort einsatzbereit<\/li>\n<\/ul>\n<h2 data-v-md-heading=\"full-range-of-flavors\" data-v-md-line=\"18\">Full range of flavors<\/h2>\n<ul data-v-md-line=\"19\">\n<li>Himbeereis<\/li>\n<li>Mango-Bananen-Eis<\/li>\n<li>Mango-Eis<\/li>\n<li>Tabak<\/li>\n<li>Litschi-Wassermelonen-Eis<\/li>\n<\/ul>\n<h2 data-v-md-heading=\"for-you-and-your-business\" data-v-md-line=\"25\">For you and your business<\/h2>\n<p data-v-md-line=\"26\">Sie k\u00f6nnen ein Ger\u00e4t f\u00fcr den t\u00e4glichen Gebrauch w\u00e4hlen oder sich einen Vorrat f\u00fcr Ihr Gesch\u00e4ft anlegen. Wir bieten Einzelbestellungen und Gro\u00dfhandelsoptionen, damit Sie die passenden Produkte ausw\u00e4hlen k\u00f6nnen. Wir bieten DDP-Lieferservices innerhalb der Europ\u00e4ischen Union mit vertrauensw\u00fcrdigen Partnern wie UPS, DPD und DHL, um sicherzustellen, dass die Z\u00f6lle ordnungsgem\u00e4\u00df abgewickelt werden und unerwartete Situationen beim Zoll vermieden werden.<\/p>\n<p data-v-md-line=\"28\">Wenn Sie ein Einzelh\u00e4ndler sind, setzen Sie sich bitte mit uns in Verbindung, um sich \u00fcber Gro\u00dfmengenpreise und transportf\u00e4hige Geschmacksmischungen zu informieren. Wir sorgen f\u00fcr Transparenz, damit Sie einen genauen \u00dcberblick \u00fcber die von Ihnen bestellten Produkte haben.<\/p>\n<h2 data-v-md-heading=\"why-do-you-like-it\" data-v-md-line=\"30\">Why do you like it<\/h2>\n<ul data-v-md-line=\"31\">\n<li>Gro\u00dfe Rauchkapazit\u00e4t: l\u00e4ngere Akkulaufzeit, kein h\u00e4ufiges Auswechseln der Vapes erforderlich.<\/li>\n<li>Auswahl der Nikotinkonzentration: W\u00e4hlen Sie die Nikotinkonzentration, die Ihrem Geschmack entspricht.<\/li>\n<li>Wiederaufladbar: 18 Milliliter E-Liquid k\u00f6nnen ohne Abfall verwendet werden.<\/li>\n<li>Mesh-Zerst\u00e4uberkern: Sorgt jedes Mal f\u00fcr einen gleichbleibenden und lang anhaltenden Geschmack.<\/li>\n<li>Intelligentes Display: Der Akkustand und der F\u00fcllstand des E-Liquids sind auf einen Blick ersichtlich, so dass Sie jederzeit bereit sind.<\/li>\n<\/ul>\n<h2 data-v-md-heading=\"why-choose-agoravape\" data-v-md-line=\"37\">Why choose AgoraVape?<\/h2>\n<p data-v-md-line=\"38\">Wir verkaufen nur Originalprodukte und garantieren die Qualit\u00e4t der Produkte, die wir versenden. F\u00fcr gewerbliche Kunden bedeutet dies, dass die Grativape iPanda 15K Vaping-Kapazit\u00e4t mit Bildschirm wettbewerbsf\u00e4hige Gro\u00dfhandelspreise, reaktionsschnellen technischen Support und schnelle EU-Lieferung bieten wird. Bitte kontaktieren Sie uns, um ein vertrauensw\u00fcrdiges Ger\u00e4t f\u00fcr Ihre Kunden zu reservieren.<\/p>","protected":false},"excerpt":{"rendered":"<p>&nbsp;<\/p>\n<p><script src=\"chrome-extension:\/\/fpelahbljekknahkcaegamhcndkfpfnc\/iFrame.js\" type=\"text\/javascript\"><\/script><\/p>\n<p><script src=\"chrome-extension:\/\/fpelahbljekknahkcaegamhcndkfpfnc\/iFrame.js\" type=\"text\/javascript\"><\/script><\/p>\n<p><script src=\"chrome-extension:\/\/fpelahbljekknahkcaegamhcndkfpfnc\/iFrame.js\" type=\"text\/javascript\"><\/script><\/p>\n<p><script src=\"chrome-extension:\/\/fpelahbljekknahkcaegamhcndkfpfnc\/iFrame.js\" type=\"text\/javascript\"><\/script><\/p>\n<p><script src=\"chrome-extension:\/\/fpelahbljekknahkcaegamhcndkfpfnc\/iFrame.js\" type=\"text\/javascript\"><\/script><\/p>\n<p><script src=\"chrome-extension:\/\/fpelahbljekknahkcaegamhcndkfpfnc\/iFrame.js\" type=\"text\/javascript\"><\/script><\/p>\n<p><script src=\"chrome-extension:\/\/fpelahbljekknahkcaegamhcndkfpfnc\/iFrame.js\" type=\"text\/javascript\"><\/script><\/p>","protected":false},"featured_media":15143,"comment_status":"open","ping_status":"closed","template":"","meta":[],"product_brand":[217],"product_cat":[124,187,185,1635,189,174,144,175,193,191,178,173,186,180,190,192],"product_tag":[],"class_list":{"0":"post-15127","1":"product","2":"type-product","3":"status-publish","4":"has-post-thumbnail","6":"product_brand-grativape","7":"product_cat-vape-by-brand","8":"product_cat-0mg-nicotine-free-vapes","9":"product_cat-10000-puffs-high-capacity","10":"product_cat-15000-puffs","11":"product_cat-20mg-standard-nicotine-vapes","12":"product_cat-fruit-flavors","13":"product_cat-grativape","14":"product_cat-icy-mint","15":"product_cat-mesh-coil","16":"product_cat-rechargeable-disposables","17":"product_cat-tobacco","18":"product_cat-vape-by-flavor-profile","19":"product_cat-vape-by-nicotine-strength","20":"product_cat-vape-by-puff-count","21":"product_cat-vape-by-feature-or-type","22":"product_cat-vapes-with-screens","24":"first","25":"onbackorder","26":"shipping-taxable","27":"purchasable","28":"product-type-variable","29":"has-default-attributes"},"tiered_pricing_type":"percentage","tiered_pricing_fixed_rules":[],"tiered_pricing_product_settings":{"layout":"default","base_unit_name":{"singular":null,"plural":null},"default_variation":null},"tiered_pricing_minimum_quantity":10,"tiered_pricing_roles_data":[],"tiered_pricing_percentage_rules":{"50":"35","100":"40","200":"44","500":"47","1000":"49"},"tiered_pricing_maximum_quantity":null,"tiered_pricing_quantity_step":"10","_links":{"self":[{"href":"https:\/\/agoravape.com\/de\/wp-json\/wp\/v2\/product\/15127","targetHints":{"allow":["GET"]}}],"collection":[{"href":"https:\/\/agoravape.com\/de\/wp-json\/wp\/v2\/product"}],"about":[{"href":"https:\/\/agoravape.com\/de\/wp-json\/wp\/v2\/types\/product"}],"replies":[{"embeddable":true,"href":"https:\/\/agoravape.com\/de\/wp-json\/wp\/v2\/comments?post=15127"}],"version-history":[{"count":0,"href":"https:\/\/agoravape.com\/de\/wp-json\/wp\/v2\/product\/15127\/revisions"}],"wp:featuredmedia":[{"embeddable":true,"href":"https:\/\/agoravape.com\/de\/wp-json\/wp\/v2\/media\/15143"}],"wp:attachment":[{"href":"https:\/\/agoravape.com\/de\/wp-json\/wp\/v2\/media?parent=15127"}],"wp:term":[{"taxonomy":"product_brand","embeddable":true,"href":"https:\/\/agoravape.com\/de\/wp-json\/wp\/v2\/product_brand?post=15127"},{"taxonomy":"product_cat","embeddable":true,"href":"https:\/\/agoravape.com\/de\/wp-json\/wp\/v2\/product_cat?post=15127"},{"taxonomy":"product_tag","embeddable":true,"href":"https:\/\/agoravape.com\/de\/wp-json\/wp\/v2\/product_tag?post=15127"}],"curies":[{"name":"wp","href":"https:\/\/api.w.org\/{rel}","templated":true}]}}