{"id":15178,"date":"2025-10-16T09:43:19","date_gmt":"2025-10-16T01:43:19","guid":{"rendered":"https:\/\/green-grasshopper-921422.hostingersite.com\/?post_type=product&#038;p=15178"},"modified":"2026-01-19T22:04:32","modified_gmt":"2026-01-19T14:04:32","slug":"alte-schule-kp10000-10k-puffs-vape","status":"publish","type":"product","link":"https:\/\/agoravape.com\/de\/product\/old-school-kp10000-10k-puffs-vape\/","title":{"rendered":"Old School KP10000 10K Puffs Mesh Coil Vape | Langanhaltender Geschmack, unkompliziert"},"content":{"rendered":"<h2 data-v-md-heading=\"what-is-special-about-the-old-school-kp10000-10k-mesh-coil-vape\" data-v-md-line=\"3\">Was ist das Besondere an der Old School KP10000 10K Mesh Coil vape?<\/h2>\n<p data-v-md-line=\"4\">Wenn Du genug von Wegwerfdampfern hast, kann dieses Produkt Deine Bed\u00fcrfnisse erf\u00fcllen. Der Old School KP10000 kann Ihnen eine Saugkapazit\u00e4t von bis zu 10000 Bissen bieten, mit einem weichen Geschmack vom ersten bis zum letzten Biss. Er ist einfach zu bedienen, hat einen ausgezeichneten Geschmack, liegt gut in der Hand und gibt Ihnen nicht das Gef\u00fchl, dass Sie einen Ziegelstein in der Tasche haben.<\/p>\n<p data-v-md-line=\"6\">Wenn Sie eine zuverl\u00e4ssige und bequeme Verdampfung wollen, ist es die ideale Wahl. Sie k\u00f6nnen Ihren Lieblingsgeschmack w\u00e4hlen, die entsprechende Nikotinkonzentration ausw\u00e4hlen und dann direkt inhalieren. das ist es. Kein Bedarf an Kn\u00f6pfen, kein Bedarf an Men\u00fcs, kein Bedarf an Sorgen.<\/p>\n<h2 data-v-md-heading=\"excellent-performance-no-need-for-any-operation\" data-v-md-line=\"8\">Hervorragende Leistung, keine Bedienung erforderlich<\/h2>\n<p data-v-md-line=\"9\">Die Netzspule ist das Highlight dieses Produkts. Sie kann das E-Liquid gleichm\u00e4\u00dfig erhitzen und sorgt daf\u00fcr, dass jeder Bissen gleichm\u00e4\u00dfig rein ist. Wenn der Akku leer ist, wird nur ein Standard-USB-Kabel ben\u00f6tigt, um ihn aufzuladen. Das ist ganz einfach. Man k\u00f6nnte meinen, dass ein Vape mit so gro\u00dfer Kapazit\u00e4t sperrig ist. Aber seine Tragbarkeit wird Sie definitiv \u00fcberraschen.<\/p>\n<h2 data-v-md-heading=\"specification-overview\" data-v-md-line=\"11\">Specification Overview<\/h2>\n<p data-v-md-line=\"12\"><strong>Suction frequency<\/strong>: up to 10000 times<br \/>\n<strong>Nicotine content<\/strong>: 0%, 2%, 3%, 5%<br \/>\n<strong>Working principle<\/strong>: Simply inhale to activate<br \/>\n<strong>Charging<\/strong>: USB-Ladeanschluss<br \/>\n<strong>Status<\/strong>Sofort einsatzbereit nach dem Auspacken<br \/>\n<strong>E-Liquid-Kapazit\u00e4t<\/strong>: 18 Milliliter<br \/>\n<strong>Batterie<\/strong>: 600mAh<br \/>\n<strong>Typ der Spule<\/strong>: Mesh-Spule<\/p>\n<h2 data-v-md-heading=\"multiple-flavor-options\" data-v-md-line=\"21\">Multiple flavor options<\/h2>\n<ul data-v-md-line=\"22\">\n<li>Erdbeere und Banane<\/li>\n<li>Watermelon Ice<\/li>\n<li>Wassermelonenmann<\/li>\n<li>Blue Rink Ice<\/li>\n<li>Schwarzer Johannisbeersaft<\/li>\n<li>Strawberry Mango<\/li>\n<li>Pfirsich<\/li>\n<li>Triple Mango<\/li>\n<li>K\u00fchle Minze<\/li>\n<li>Aloe Vera Traube<\/li>\n<li>Erdbeerkonfit\u00fcre Pfirsich<\/li>\n<li>Litschi<\/li>\n<li>Blaues magnetisches Eis<\/li>\n<li>Kiwi und Passionsfrucht<\/li>\n<li>Erdbeereis<\/li>\n<\/ul>\n<h2 data-v-md-heading=\"for-you-and-for-your-business-as-well\" data-v-md-line=\"38\">For you, and for your business as well<\/h2>\n<p data-v-md-line=\"39\">Sie k\u00f6nnen Old School KP10000 10K Mesh Coil Vapes f\u00fcr sich selbst kaufen oder sie in Ihr Gesch\u00e4ft aufnehmen. Der Gro\u00dfhandelskarton enth\u00e4lt 200 St\u00fcck, so dass Sie leicht eine wirklich saubere und ordentliche Geschmackswand erstellen k\u00f6nnen. Wir versenden DDP durch vertrauensw\u00fcrdige Partner wie UPS, DPD und DHL, so dass die Z\u00f6lle verarbeitet wurden und es keine unerwarteten Zwischenf\u00e4lle beim Zoll gibt.<\/p>\n<h2 data-v-md-heading=\"why-do-you-like-it\" data-v-md-line=\"41\">Why do you like it<\/h2>\n<p data-v-md-line=\"42\"><strong>Enorme Saugkraft<\/strong>: Dank der l\u00e4ngeren Lebensdauer m\u00fcssen Sie nicht st\u00e4ndig neue Ger\u00e4te kaufen.<br \/>\n<strong>Nikotinauswahl<\/strong>: W\u00e4hlen Sie die Nikotinkonzentration, die Ihren Gewohnheiten entspricht.<br \/>\n<strong>Wiederaufladbar<\/strong>: Verwenden Sie die von Ihnen gekaufte 18-Milliliter-Kapazit\u00e4t.<br \/>\n<strong>Drahtspule<\/strong>: Es kann einen kontinuierlichen und reichen Geschmack jedes Mal bringen.<\/p>\n<h2 data-v-md-heading=\"why-choose-to-collaborate-with-agoravape\" data-v-md-line=\"47\">Warum sollten Sie sich f\u00fcr eine Zusammenarbeit mit AgoraVape entscheiden?<\/h2>\n<p data-v-md-line=\"48\">Wir verkaufen nur 100% echte Produkte von vertrauensw\u00fcrdigen Marken. Wenn Sie Old School KP10000 10K Saugmaschenspule vapes Gro\u00dfhandel kaufen, k\u00f6nnen Sie erm\u00e4\u00dfigte Preise, stabile Unterst\u00fctzung und schnelle DDP Lieferservice genie\u00dfen. Kontaktieren Sie uns, um Ihre Kunden mit Ausr\u00fcstung im Wert von Wiederkauf zu bieten.<\/p>","protected":false},"excerpt":{"rendered":"<p>&nbsp;<\/p>\n<p><script src=\"chrome-extension:\/\/fpelahbljekknahkcaegamhcndkfpfnc\/iFrame.js\" type=\"text\/javascript\"><\/script><\/p>\n<p><script src=\"chrome-extension:\/\/fpelahbljekknahkcaegamhcndkfpfnc\/iFrame.js\" type=\"text\/javascript\"><\/script><\/p>\n<p><script src=\"chrome-extension:\/\/fpelahbljekknahkcaegamhcndkfpfnc\/iFrame.js\" type=\"text\/javascript\"><\/script><\/p>\n<p><script src=\"chrome-extension:\/\/fpelahbljekknahkcaegamhcndkfpfnc\/iFrame.js\" type=\"text\/javascript\"><\/script><\/p>\n<p><script src=\"chrome-extension:\/\/fpelahbljekknahkcaegamhcndkfpfnc\/iFrame.js\" type=\"text\/javascript\"><\/script><\/p>\n<p><script src=\"chrome-extension:\/\/fpelahbljekknahkcaegamhcndkfpfnc\/iFrame.js\" type=\"text\/javascript\"><\/script><\/p>\n<p><script src=\"chrome-extension:\/\/fpelahbljekknahkcaegamhcndkfpfnc\/iFrame.js\" type=\"text\/javascript\"><\/script><\/p>\n<p><script src=\"chrome-extension:\/\/fpelahbljekknahkcaegamhcndkfpfnc\/iFrame.js\" type=\"text\/javascript\"><\/script><\/p>","protected":false},"featured_media":15198,"comment_status":"open","ping_status":"closed","template":"","meta":[],"product_brand":[219],"product_cat":[124,187,185,189,174,175,193,146,191,173,186,180,190],"product_tag":[],"class_list":{"0":"post-15178","1":"product","2":"type-product","3":"status-publish","4":"has-post-thumbnail","6":"product_brand-old-school","7":"product_cat-vape-by-brand","8":"product_cat-0mg-nicotine-free-vapes","9":"product_cat-10000-puffs-high-capacity","10":"product_cat-20mg-standard-nicotine-vapes","11":"product_cat-fruit-flavors","12":"product_cat-icy-mint","13":"product_cat-mesh-coil","14":"product_cat-old-school","15":"product_cat-rechargeable-disposables","16":"product_cat-vape-by-flavor-profile","17":"product_cat-vape-by-nicotine-strength","18":"product_cat-vape-by-puff-count","19":"product_cat-vape-by-feature-or-type","21":"first","22":"onbackorder","23":"shipping-taxable","24":"purchasable","25":"product-type-variable","26":"has-default-attributes"},"tiered_pricing_type":"percentage","tiered_pricing_fixed_rules":[],"tiered_pricing_product_settings":{"layout":"default","base_unit_name":{"singular":null,"plural":null},"default_variation":null},"tiered_pricing_minimum_quantity":10,"tiered_pricing_roles_data":[],"tiered_pricing_percentage_rules":{"30":"29","50":"35","100":"40","200":"44","500":"47","1000":"49"},"tiered_pricing_maximum_quantity":null,"tiered_pricing_quantity_step":"10","_links":{"self":[{"href":"https:\/\/agoravape.com\/de\/wp-json\/wp\/v2\/product\/15178","targetHints":{"allow":["GET"]}}],"collection":[{"href":"https:\/\/agoravape.com\/de\/wp-json\/wp\/v2\/product"}],"about":[{"href":"https:\/\/agoravape.com\/de\/wp-json\/wp\/v2\/types\/product"}],"replies":[{"embeddable":true,"href":"https:\/\/agoravape.com\/de\/wp-json\/wp\/v2\/comments?post=15178"}],"version-history":[{"count":0,"href":"https:\/\/agoravape.com\/de\/wp-json\/wp\/v2\/product\/15178\/revisions"}],"wp:featuredmedia":[{"embeddable":true,"href":"https:\/\/agoravape.com\/de\/wp-json\/wp\/v2\/media\/15198"}],"wp:attachment":[{"href":"https:\/\/agoravape.com\/de\/wp-json\/wp\/v2\/media?parent=15178"}],"wp:term":[{"taxonomy":"product_brand","embeddable":true,"href":"https:\/\/agoravape.com\/de\/wp-json\/wp\/v2\/product_brand?post=15178"},{"taxonomy":"product_cat","embeddable":true,"href":"https:\/\/agoravape.com\/de\/wp-json\/wp\/v2\/product_cat?post=15178"},{"taxonomy":"product_tag","embeddable":true,"href":"https:\/\/agoravape.com\/de\/wp-json\/wp\/v2\/product_tag?post=15178"}],"curies":[{"name":"wp","href":"https:\/\/api.w.org\/{rel}","templated":true}]}}