{"id":15205,"date":"2025-10-16T10:00:30","date_gmt":"2025-10-16T02:00:30","guid":{"rendered":"https:\/\/green-grasshopper-921422.hostingersite.com\/?post_type=product&#038;p=15205"},"modified":"2026-02-22T15:15:45","modified_gmt":"2026-02-22T14:15:45","slug":"breze-stiik-bs-blaze-10k-puffs-vape","status":"publish","type":"product","link":"https:\/\/agoravape.com\/de\/product\/breze-stiik-bs-blaze-10k-puffs-vape\/","title":{"rendered":"Breze Stiik BS Blaze 10K Puffs LED-Display Vape | Langanhaltender Geschmack mit intelligentem Display"},"content":{"rendered":"<h2 data-v-md-heading=\"breze-stiik-bs-blaze-10-what-are-the-special-features-of-an-vape-with-a-thousand-led-display-screens\" data-v-md-line=\"3\">Breze Stiik BS Blaze 10, Was sind die Besonderheiten einer E-Zigarette mit tausend LED-Displays?<\/h2>\n<p data-v-md-line=\"4\">Sind Sie es leid, Einweg-E-Zigaretten zu benutzen? Dieses Produkt kann Ihnen die Woche deutlich erleichtern. Die Breze Stiik BS Blaze bietet Platz f\u00fcr bis zu 10.000 F\u00fcllungen und ist mit einem \u00fcbersichtlichen LED-Display ausgestattet, das gleichzeitig den Akku- und Liquidstand anzeigt. So haben Sie den Status jederzeit im Blick.<\/p>\n<p data-v-md-line=\"6\">Es eignet sich f\u00fcr alle Nutzer, die Wert auf Zuverl\u00e4ssigkeit, k\u00f6stlichen Geschmack und unkomplizierte Bedienung legen. Sie denken vielleicht, ein Verdampfer mit so gro\u00dfem Tank sei sperrig, aber seine Portabilit\u00e4t wird Sie \u00fcberraschen. Leicht, handlich und einfach zu bedienen.<\/p>\n<h2 data-v-md-heading=\"excellent-performance-worry-free\" data-v-md-line=\"8\">Hervorragende Leistung, sorgenfrei<\/h2>\n<p data-v-md-line=\"9\">Die 1,2-\u03a9-Mesh-Spule sorgt f\u00fcr gleichm\u00e4\u00dfigen und sanften Zug, sodass der Geschmack vom ersten bis zum letzten Zug unverf\u00e4lscht bleibt. Das LED-Display zeigt Akku- und Liquidstand auf einen Blick an \u2013 kein R\u00e4tselraten mehr. Bei niedrigem Akkustand k\u00f6nnen Sie das Ger\u00e4t mit Ihrem vorhandenen USB-C-Kabel aufladen. Ganz einfach.<\/p>\n<h2 data-v-md-heading=\"specification-overview\" data-v-md-line=\"11\">Specification Overview<\/h2>\n<ul data-v-md-line=\"12\">\n<li>Saugfrequenz: bis zu 10000 Mal<\/li>\n<li>E-Liquid-Kapazit\u00e4t: 18 Milliliter<\/li>\n<li>Akku: 650 mAh (wiederaufladbar)<\/li>\n<li>Verdampferkern: 1,2 Ohm Mesh<\/li>\n<li>Display: LED-Bildschirm zur Anzeige des verbleibenden Akku- und E-Liquid-F\u00fcllstands.<\/li>\n<li>Funktionsprinzip: Saugaktivierung<\/li>\n<li>Laden: USB-Typ-C-Anschluss<\/li>\n<li>Gr\u00f6\u00dfe: 106 \u00d7 46 \u00d7 21 Millimeter<\/li>\n<li>Gewicht: 72 Gramm<\/li>\n<li>Status: Sofort einsatzbereit<\/li>\n<li>Nikotin: Die verf\u00fcgbaren Konzentrationen variieren je nach Region und gesetzlichen Bestimmungen. Bitte kontaktieren Sie uns, um die aktuell verf\u00fcgbare Option zu erfragen.<\/li>\n<\/ul>\n<h2 data-v-md-heading=\"full-range-of-flavors\" data-v-md-line=\"24\">Full range of flavors<\/h2>\n<ul data-v-md-line=\"25\">\n<li>Arktische Trauben<\/li>\n<li>Black Ice<\/li>\n<li>Klar und deutlich<\/li>\n<li>Kirsch-Zitrone<\/li>\n<li>Gef\u00e4llt mir<\/li>\n<li>Verr\u00fcckte Erdbeere<\/li>\n<li>Duft von Kokosnusshain<\/li>\n<li>Himbeere-Zitrone<\/li>\n<li>Saure \u00c4pfel<\/li>\n<li>Watermelon Ice<\/li>\n<\/ul>\n<h2 data-v-md-heading=\"for-you-for-your-business\" data-v-md-line=\"36\">F\u00fcr Sie, f\u00fcr Ihr Unternehmen<\/h2>\n<p data-v-md-line=\"37\">Sie k\u00f6nnen ein Exemplar f\u00fcr sich selbst kaufen oder Ihren Lagerbestand aufstocken. BS Blaze ist in Kartons mit 10 oder 200 Einheiten erh\u00e4ltlich, was die Bedarfsplanung und Regalbest\u00fcckung vereinfacht. Wir bieten europaweite DDP-Lieferungen \u00fcber zuverl\u00e4ssige Partner wie UPS, DPD und DHL an, sodass Sie Ihre Ware schnell erhalten und die Zollabwicklung unkompliziert erledigen k\u00f6nnen, um unerwartete Probleme beim Zoll zu vermeiden.<\/p>\n<p data-v-md-line=\"39\">Ben\u00f6tigen Sie gr\u00f6\u00dfere Mengen oder regelm\u00e4\u00dfige Bestellungen? Dann lassen Sie es uns bitte wissen. Unser Team organisiert Lagerhaltung und Transport ganz nach Ihrem Zeitplan.<\/p>\n<h2 data-v-md-heading=\"why-do-you-like-it\" data-v-md-line=\"41\">Why do you like it<\/h2>\n<ul data-v-md-line=\"42\">\n<li>Enorme Saugkraft: Bis zu 10.000 Einheiten bedeuten weniger Nachbestellungen und Aufwand.<\/li>\n<li>Nikotinauswahl: W\u00e4hlen Sie die Nikotinkonzentration, die f\u00fcr Sie und Ihren Markt geeignet ist.<\/li>\n<li>Wiederaufladbar: Sie k\u00f6nnen die vollen 18 Milliliter Nikotin verwenden, nicht nur die Restmenge nach der ersten Ladung.<\/li>\n<li>Mesh-Spule: Gleichbleibender Geschmack, gleichm\u00e4\u00dfiger und ungehinderter Sog \u2013 jedes Mal.<\/li>\n<li>Intelligentes LED-Display: Akku- und E-Liquid-Informationen auf einen Blick, ohne langes R\u00e4tselraten.<\/li>\n<\/ul>\n<h2 data-v-md-heading=\"why-choose-agoravape\" data-v-md-line=\"48\">Why choose AgoraVape?<\/h2>\n<p data-v-md-line=\"49\">Wir bieten ausschlie\u00dflich 100% Originalprodukte an und \u00fcbernehmen die volle Verantwortung f\u00fcr die von uns verkauften Produkte. Mit dem Kauf des Breze Stiik BS Blaze 10K profitieren Sie von \u00e4u\u00dferst wettbewerbsf\u00e4higen Gro\u00dfhandelspreisen, schnellem Kundenservice und zuverl\u00e4ssigen DDP-Lieferungen. Wir f\u00fchren bei Einzelhandelsbestellungen eine Altersverifizierung durch und unterst\u00fctzen Gesch\u00e4ftskunden bei der Einhaltung lokaler Bestimmungen, damit Sie sich voll und ganz auf den Vertrieb konzentrieren k\u00f6nnen. M\u00f6chten Sie ein Ger\u00e4t reservieren, das Ihre Kunden wieder kaufen werden? Kontaktieren Sie uns einfach, wir k\u00fcmmern uns darum.<\/p>","protected":false},"excerpt":{"rendered":"<p>Breze Stiik BS Blaze 10, What are the special features of an vape with a thousand LED display screens? If<\/p>","protected":false},"featured_media":15223,"comment_status":"open","ping_status":"closed","template":"","meta":[],"product_brand":[220],"product_cat":[124,185,147,174,175,193,191,173,186,180,190,192],"product_tag":[],"class_list":{"0":"post-15205","1":"product","2":"type-product","3":"status-publish","4":"has-post-thumbnail","6":"product_brand-breze-stiik","7":"product_cat-vape-by-brand","8":"product_cat-10000-puffs-high-capacity","9":"product_cat-breze-stiik","10":"product_cat-fruit-flavors","11":"product_cat-icy-mint","12":"product_cat-mesh-coil","13":"product_cat-rechargeable-disposables","14":"product_cat-vape-by-flavor-profile","15":"product_cat-vape-by-nicotine-strength","16":"product_cat-vape-by-puff-count","17":"product_cat-vape-by-feature-or-type","18":"product_cat-vapes-with-screens","20":"first","21":"onbackorder","22":"shipping-taxable","23":"purchasable","24":"product-type-variable","25":"has-default-attributes"},"tiered_pricing_type":"percentage","tiered_pricing_fixed_rules":[],"tiered_pricing_product_settings":{"layout":"default","base_unit_name":{"singular":null,"plural":null},"default_variation":null},"tiered_pricing_minimum_quantity":10,"tiered_pricing_roles_data":[],"tiered_pricing_percentage_rules":{"30":"29","50":"35","100":"40","200":"44","500":"47","1000":"49"},"tiered_pricing_maximum_quantity":null,"tiered_pricing_quantity_step":"10","_links":{"self":[{"href":"https:\/\/agoravape.com\/de\/wp-json\/wp\/v2\/product\/15205","targetHints":{"allow":["GET"]}}],"collection":[{"href":"https:\/\/agoravape.com\/de\/wp-json\/wp\/v2\/product"}],"about":[{"href":"https:\/\/agoravape.com\/de\/wp-json\/wp\/v2\/types\/product"}],"replies":[{"embeddable":true,"href":"https:\/\/agoravape.com\/de\/wp-json\/wp\/v2\/comments?post=15205"}],"version-history":[{"count":0,"href":"https:\/\/agoravape.com\/de\/wp-json\/wp\/v2\/product\/15205\/revisions"}],"wp:featuredmedia":[{"embeddable":true,"href":"https:\/\/agoravape.com\/de\/wp-json\/wp\/v2\/media\/15223"}],"wp:attachment":[{"href":"https:\/\/agoravape.com\/de\/wp-json\/wp\/v2\/media?parent=15205"}],"wp:term":[{"taxonomy":"product_brand","embeddable":true,"href":"https:\/\/agoravape.com\/de\/wp-json\/wp\/v2\/product_brand?post=15205"},{"taxonomy":"product_cat","embeddable":true,"href":"https:\/\/agoravape.com\/de\/wp-json\/wp\/v2\/product_cat?post=15205"},{"taxonomy":"product_tag","embeddable":true,"href":"https:\/\/agoravape.com\/de\/wp-json\/wp\/v2\/product_tag?post=15205"}],"curies":[{"name":"wp","href":"https:\/\/api.w.org\/{rel}","templated":true}]}}