{"id":15244,"date":"2025-10-16T10:37:06","date_gmt":"2025-10-16T02:37:06","guid":{"rendered":"https:\/\/green-grasshopper-921422.hostingersite.com\/?post_type=product&#038;p=15244"},"modified":"2026-03-31T04:20:54","modified_gmt":"2026-03-31T02:20:54","slug":"breze-stiik-bs8500-8500-puffs-vape","status":"publish","type":"product","link":"https:\/\/agoravape.com\/de\/product\/breze-stiik-bs8500-8500-puffs-vape\/","title":{"rendered":"Breze Stick BS8500 \u2013 Wiederaufladbare E-Zigarette f\u00fcr 8500 Z\u00fcge | Gro\u00dfe Z\u00fcge. Einfaches Aufladen."},"content":{"rendered":"<h2 data-v-md-heading=\"what-is-special-about-the-breze-stiik-bs8500-8500-rechargeable-vape\" data-v-md-line=\"3\"><img loading=\"lazy\" decoding=\"async\" class=\"aligncenter size-full wp-image-15242\" src=\"https:\/\/agoravape.com\/wp-content\/uploads\/2025\/10\/Breze-Stiik-BS8500-8500-Puffs-Rechargeable-Vape_Agora_vape-1-scaled.webp\" alt=\"\" width=\"2560\" height=\"1901\" srcset=\"https:\/\/agoravape.com\/wp-content\/uploads\/2025\/10\/Breze-Stiik-BS8500-8500-Puffs-Rechargeable-Vape_Agora_vape-1-scaled.webp 2560w, https:\/\/agoravape.com\/wp-content\/uploads\/2025\/10\/Breze-Stiik-BS8500-8500-Puffs-Rechargeable-Vape_Agora_vape-1-scaled-1200x891.webp 1200w, https:\/\/agoravape.com\/wp-content\/uploads\/2025\/10\/Breze-Stiik-BS8500-8500-Puffs-Rechargeable-Vape_Agora_vape-1-300x223.webp 300w, https:\/\/agoravape.com\/wp-content\/uploads\/2025\/10\/Breze-Stiik-BS8500-8500-Puffs-Rechargeable-Vape_Agora_vape-1-1024x760.webp 1024w, https:\/\/agoravape.com\/wp-content\/uploads\/2025\/10\/Breze-Stiik-BS8500-8500-Puffs-Rechargeable-Vape_Agora_vape-1-768x570.webp 768w, https:\/\/agoravape.com\/wp-content\/uploads\/2025\/10\/Breze-Stiik-BS8500-8500-Puffs-Rechargeable-Vape_Agora_vape-1-1536x1140.webp 1536w, https:\/\/agoravape.com\/wp-content\/uploads\/2025\/10\/Breze-Stiik-BS8500-8500-Puffs-Rechargeable-Vape_Agora_vape-1-2048x1521.webp 2048w\" sizes=\"auto, (max-width: 2560px) 100vw, 2560px\" \/><\/h2>\n<h2 data-v-md-heading=\"what-is-special-about-the-breze-stiik-bs8500-8500-rechargeable-vape\" data-v-md-line=\"3\">Was ist das Besondere am Breze Stiik BS8500 8500 wiederaufladbaren Vape?<\/h2>\n<p data-v-md-line=\"4\">Wenn Sie genug von Einwegdampfern haben, die weggeworfen werden, bevor das E-Liquid ausgeht, sollten Sie sich den Breze Stiik BS8500 ansehen. Dies ist ein wiederaufladbarer Einwegverdampfer mit einer Kapazit\u00e4t von bis zu 8500 Z\u00fcgen und 17 Millilitern E-Liquid, was Ihnen ein gutes Preis-Leistungs-Verh\u00e4ltnis bietet.<\/p>\n<p data-v-md-line=\"6\">Er ist f\u00fcr jeden Vape-User geeignet, der Zuverl\u00e4ssigkeit, K\u00f6stlichkeit und m\u00fchelose Bedienung w\u00fcnscht. Die gummiartige Harzschale hat einen bequemen Griff und wird nicht verrutschen. Die farbenfrohe transparente Saugd\u00fcse ist einfach und ordentlich, und der kompakte K\u00f6rper kann leicht in eine Tasche passen. Man k\u00f6nnte meinen, dass ein Vape mit einem so gro\u00dfen Fassungsverm\u00f6gen sperrig ist, aber Sie werden \u00fcberrascht sein, wie leicht und tragbar er ist.<\/p>\n<h2 data-v-md-heading=\"excellent-performance-easy-and-convenient\" data-v-md-line=\"8\">Excellent performance, easy and convenient<\/h2>\n<p data-v-md-line=\"9\">Der Kern des BS8500 verwendet Mesh-Coils, um sicherzustellen, dass jeder Bissen so k\u00f6stlich ist wie der erste Schluck. Der Geschmack bleibt ohne Unterbrechungen erhalten. Wenn die Batterie niedrig ist, k\u00f6nnen Sie es durch die Typ-C-Schnittstelle aufladen, die die gleiche wie die Ladekabel in den meisten Handys heute verwendet wird. Keine Notwendigkeit f\u00fcr spezielle Ladeger\u00e4te, einfach und bequem.<\/p>\n<h2 data-v-md-heading=\"specification-introduction\" data-v-md-line=\"11\">Specification Introduction<\/h2>\n<ul data-v-md-line=\"12\">\n<li>Absaugfrequenz: bis zu 8500 Mal<\/li>\n<li>Nikotingehalt: 2 % oder 5 %<\/li>\n<li>E-Fl\u00fcssigkeit Kapazit\u00e4t: 17 Milliliter<\/li>\n<li>Atomizing core: 1.2 \u03a9 mesh<\/li>\n<li>Batterie: Wiederaufladbarer 600-mAh-Akku<\/li>\n<li>Funktionsprinzip: Aktivierung mit nur einem Zug<\/li>\n<li>Charging: Standard Type-C USB interface<\/li>\n<li>Status: Sofort einsatzbereit nach dem Auspacken<\/li>\n<\/ul>\n<h2 data-v-md-heading=\"full-range-of-flavors\" data-v-md-line=\"21\">Full range of flavors<\/h2>\n<ul data-v-md-line=\"22\">\n<li>Orangensaftlimonade<\/li>\n<li>Blaubeeren, Himbeeren, Zitronen<\/li>\n<li>Trauben-Soda<\/li>\n<li>Ananas, Apfel, Birne<\/li>\n<li>Mango, Peach, Watermelon<\/li>\n<li>Watermelon Ice<\/li>\n<li>Erdbeer-Creme<\/li>\n<li>Regenbogenbonbons<\/li>\n<li>Gef\u00e4llt mir<\/li>\n<li>Strawberry kiwi fruit<\/li>\n<li>K\u00f6stlich<\/li>\n<li>Cranberry-Zitrone-Minze<\/li>\n<li>Kirsch-Cola<\/li>\n<li>Duft von Kokosnusshain<\/li>\n<li>Mint chewing gum<\/li>\n<li>Erdbeere und Banane<\/li>\n<\/ul>\n<h2 data-v-md-heading=\"for-you-and-your-business\" data-v-md-line=\"39\">For you and your business<\/h2>\n<p data-v-md-line=\"40\">Sie k\u00f6nnen Breze Stiik hier kaufen, zugeschnitten auf Ihren BS8500 Standard. Wenn Sie einen Vape-Store oder Online-Shop betreiben, k\u00f6nnen Sie 10er-Packs in Gro\u00dfmengen kaufen. Gro\u00dfbestellungen werden in 200 Pappkartons versandt, um den Nachschub zu erleichtern.<\/p>\n<p data-v-md-line=\"42\">Wir arbeiten mit vertrauensw\u00fcrdigen Partnern wie UPS, DPD und DHL zusammen, um DDP-Zustelldienste anzubieten, so dass Tarife im Voraus bezahlt werden k\u00f6nnen, um Zollunf\u00e4lle zu vermeiden. Schnelle Transportgeschwindigkeit und schnelle Lieferung.<\/p>\n<h2 data-v-md-heading=\"why-do-you-like-it\" data-v-md-line=\"44\">Why do you like it<\/h2>\n<ul data-v-md-line=\"45\">\n<li>Gro\u00dfe Rauchkapazit\u00e4t: langlebig und ergiebig, sodass Sie nicht st\u00e4ndig neue Zigaretten kaufen m\u00fcssen.<\/li>\n<li>Auswahl des Nikotingehalts: W\u00e4hlen Sie je nach Vorliebe 2 % oder 5 %.<\/li>\n<li>Wiederaufladbar: Verwenden Sie alle E-Liquids, ohne die halb verbrauchten Ger\u00e4te wegzuwerfen.<\/li>\n<li>Mesh-Zerst\u00e4uberkern: Konsistenter Geschmack, glatt und flie\u00dfend von Anfang bis Ende.<\/li>\n<li>Bequemes Aufladen: Die Typ-C-Schnittstelle erm\u00f6glicht ein schnelles und bequemes Aufladen.<\/li>\n<\/ul>\n<h2 data-v-md-heading=\"why-choose-to-collaborate-with-agoravape\" data-v-md-line=\"51\">Warum sollten Sie sich f\u00fcr eine Zusammenarbeit mit AgoraVape entscheiden?<\/h2>\n<p data-v-md-line=\"52\">Wir verkaufen nur 100% Originalprodukte und garantieren die Qualit\u00e4t unserer Lieferungen. F\u00fcr gewerbliche Kunden bedeutet dies, dass das Breze Stiik BS8500 8500 wiederaufladbare Vape-Ger\u00e4t sehr wettbewerbsf\u00e4hige Gro\u00dfhandelspreise, zuverl\u00e4ssigen Support und zuverl\u00e4ssige DDP-Logistik hat. Setzen Sie sich mit uns in Verbindung, um ein Ger\u00e4t vorzubereiten, das es wert ist, dass Ihre Kunden es wieder kaufen.<\/p>","protected":false},"excerpt":{"rendered":"<p>&nbsp;<\/p>","protected":false},"featured_media":15266,"comment_status":"open","ping_status":"closed","template":"","meta":[],"product_brand":[220],"product_cat":[124,185,176,147,177,174,175,193,191,173,186,180,190],"product_tag":[],"class_list":{"0":"post-15244","1":"product","2":"type-product","3":"status-publish","4":"has-post-thumbnail","6":"product_brand-breze-stiik","7":"product_cat-vape-by-brand","8":"product_cat-10000-puffs-high-capacity","9":"product_cat-beverage","10":"product_cat-breze-stiik","11":"product_cat-dessert-sweets","12":"product_cat-fruit-flavors","13":"product_cat-icy-mint","14":"product_cat-mesh-coil","15":"product_cat-rechargeable-disposables","16":"product_cat-vape-by-flavor-profile","17":"product_cat-vape-by-nicotine-strength","18":"product_cat-vape-by-puff-count","19":"product_cat-vape-by-feature-or-type","21":"first","22":"onbackorder","23":"shipping-taxable","24":"purchasable","25":"product-type-variable","26":"has-default-attributes"},"tiered_pricing_type":"percentage","tiered_pricing_fixed_rules":[],"tiered_pricing_product_settings":{"layout":"default","base_unit_name":{"singular":null,"plural":null},"default_variation":null},"tiered_pricing_minimum_quantity":10,"tiered_pricing_roles_data":[],"tiered_pricing_percentage_rules":{"30":"29","50":"35","100":"40","200":"44","500":"47","1000":"49"},"tiered_pricing_maximum_quantity":null,"tiered_pricing_quantity_step":"10","_links":{"self":[{"href":"https:\/\/agoravape.com\/de\/wp-json\/wp\/v2\/product\/15244","targetHints":{"allow":["GET"]}}],"collection":[{"href":"https:\/\/agoravape.com\/de\/wp-json\/wp\/v2\/product"}],"about":[{"href":"https:\/\/agoravape.com\/de\/wp-json\/wp\/v2\/types\/product"}],"replies":[{"embeddable":true,"href":"https:\/\/agoravape.com\/de\/wp-json\/wp\/v2\/comments?post=15244"}],"version-history":[{"count":1,"href":"https:\/\/agoravape.com\/de\/wp-json\/wp\/v2\/product\/15244\/revisions"}],"predecessor-version":[{"id":29823,"href":"https:\/\/agoravape.com\/de\/wp-json\/wp\/v2\/product\/15244\/revisions\/29823"}],"wp:featuredmedia":[{"embeddable":true,"href":"https:\/\/agoravape.com\/de\/wp-json\/wp\/v2\/media\/15266"}],"wp:attachment":[{"href":"https:\/\/agoravape.com\/de\/wp-json\/wp\/v2\/media?parent=15244"}],"wp:term":[{"taxonomy":"product_brand","embeddable":true,"href":"https:\/\/agoravape.com\/de\/wp-json\/wp\/v2\/product_brand?post=15244"},{"taxonomy":"product_cat","embeddable":true,"href":"https:\/\/agoravape.com\/de\/wp-json\/wp\/v2\/product_cat?post=15244"},{"taxonomy":"product_tag","embeddable":true,"href":"https:\/\/agoravape.com\/de\/wp-json\/wp\/v2\/product_tag?post=15244"}],"curies":[{"name":"wp","href":"https:\/\/api.w.org\/{rel}","templated":true}]}}