{"id":15287,"date":"2025-10-16T10:51:17","date_gmt":"2025-10-16T02:51:17","guid":{"rendered":"https:\/\/green-grasshopper-921422.hostingersite.com\/?post_type=product&#038;p=15287"},"modified":"2026-03-31T04:20:54","modified_gmt":"2026-03-31T02:20:54","slug":"breze-stiik-king-max-10k-dtl-vape","status":"publish","type":"product","link":"https:\/\/agoravape.com\/de\/product\/breze-stiik-king-max-10k-dtl-vape\/","title":{"rendered":"Breze Stiik King Max 10K Puffs DTL Adjustable Airflow | Langanhaltender DTL-Geschmack mit einfachem Typ-C-Laden"},"content":{"rendered":"<h2 data-v-md-heading=\"what-is-special-about-breze-stiik-king-max-10k-caliber-adjustable-dtl-e-liquid\" data-v-md-line=\"3\"><img loading=\"lazy\" decoding=\"async\" class=\"aligncenter size-full wp-image-15286\" src=\"https:\/\/agoravape.com\/wp-content\/uploads\/2025\/10\/Breze-Stiik-King-Max-10K-Puffs-DTL-Adjustable-Airflow_Agora_vape-3.webp\" alt=\"\" width=\"1000\" height=\"1000\" srcset=\"https:\/\/agoravape.com\/wp-content\/uploads\/2025\/10\/Breze-Stiik-King-Max-10K-Puffs-DTL-Adjustable-Airflow_Agora_vape-3.webp 1000w, https:\/\/agoravape.com\/wp-content\/uploads\/2025\/10\/Breze-Stiik-King-Max-10K-Puffs-DTL-Adjustable-Airflow_Agora_vape-3-600x600.webp 600w, https:\/\/agoravape.com\/wp-content\/uploads\/2025\/10\/Breze-Stiik-King-Max-10K-Puffs-DTL-Adjustable-Airflow_Agora_vape-3-300x300.webp 300w, https:\/\/agoravape.com\/wp-content\/uploads\/2025\/10\/Breze-Stiik-King-Max-10K-Puffs-DTL-Adjustable-Airflow_Agora_vape-3-150x150.webp 150w, https:\/\/agoravape.com\/wp-content\/uploads\/2025\/10\/Breze-Stiik-King-Max-10K-Puffs-DTL-Adjustable-Airflow_Agora_vape-3-768x768.webp 768w\" sizes=\"auto, (max-width: 1000px) 100vw, 1000px\" \/><\/h2>\n<h2 data-v-md-heading=\"what-is-special-about-breze-stiik-king-max-10k-caliber-adjustable-dtl-e-liquid\" data-v-md-line=\"3\">Was ist das Besondere an Breze Stiik King Max 10K caliber adjustable DTL e-liquid?<\/h2>\n<p data-v-md-line=\"4\">Wenn Sie genug von Einweg-E-Liquid haben, das Ihnen beim ersten Rauchen ausgeht, dann ist dieses Produkt einen Blick wert. Der Breze Stiik King Max wurde speziell f\u00fcr das tiefe Saugen in der Lunge entwickelt, mit einstellbarem Einlass und reichlich E-Liquid-Reserven. Er kann seinen Geschmack f\u00fcr eine lange Zeit beibehalten, ohne dass man komplizierte Einstellungen vornehmen muss.<\/p>\n<p data-v-md-line=\"6\">Es ist f\u00fcr jeden geeignet, der einen transparenteren, rauchigen und weichen Geschmack mag. Sie k\u00f6nnen die 10K Kaliber DTL e-Fl\u00fcssigkeit Ger\u00e4t sperrig finden, aber dieses Produkt kann immer noch in eine Jackentasche passen und leicht erf\u00fcllen Ihre t\u00e4glichen Bed\u00fcrfnisse durch Typ-C-Ladung.<\/p>\n<h2 data-v-md-heading=\"excellent-performance-no-need-for-complex-operations\" data-v-md-line=\"8\">Hervorragende Leistung, keine komplexen Abl\u00e4ufe erforderlich<\/h2>\n<p data-v-md-line=\"9\">Die Netzspule tr\u00e4gt die Hauptverantwortung, was bedeutet, dass sie vom ersten bis zum letzten Bissen gleichm\u00e4\u00dfig erhitzt werden kann und der Geschmack konsistent ist. \u00d6ffnen Sie den Einlass, um ein leichtes und feines Saugerlebnis zu genie\u00dfen; Wenn Sie einen gr\u00f6\u00dferen Widerstand bevorzugen, k\u00f6nnen Sie auch den Einlass senken. Wenn der Akku leer ist, kannst du ihn einfach mit dem Standard-Typ-C-Datenkabel aufladen. Dies ist das gleiche Kabel, das Sie auch f\u00fcr Ihr Telefon verwenden. Einfach zu bedienen.<\/p>\n<h2 data-v-md-heading=\"specification-introduction\" data-v-md-line=\"11\">Specification Introduction<\/h2>\n<ul data-v-md-line=\"12\">\n<li>Saugfrequenz: bis zu 10000 Mal<\/li>\n<li>Nikotingehalt: 0 Milligramm oder 1% (10 Milligramm\/Milliliter)<\/li>\n<li>Working principle: Activated by inhalation<\/li>\n<li>Charging: Standard Type-C USB interface<\/li>\n<li>Status: Sofort einsatzbereit<\/li>\n<li>E-Liquid-Kapazit\u00e4t: 20 Milliliter<\/li>\n<li>Battery: 850mAh rechargeable battery<\/li>\n<\/ul>\n<h2 data-v-md-heading=\"full-range-of-flavors\" data-v-md-line=\"20\">Full range of flavors<\/h2>\n<ul data-v-md-line=\"21\">\n<li>Blaubeer-Zitronenwasser<\/li>\n<li>Cotton candy<\/li>\n<li>Apfel-Pfirsich<\/li>\n<li>Watermelon Ice<\/li>\n<li>Menthol ice<\/li>\n<li>Erdbeereis<\/li>\n<li>Blaubeeren und Himbeeren<\/li>\n<li>Pfirsich und Mango<\/li>\n<li>Trauben-Soda<\/li>\n<li>Orangen, Mangos, Wassermelonen<\/li>\n<li>Kleine B\u00e4rengummib\u00e4rchen<\/li>\n<li>Strawberry kiwi fruit<\/li>\n<\/ul>\n<h2 data-v-md-heading=\"for-you-and-for-your-business-as-well\" data-v-md-line=\"34\">For you, and for your business as well<\/h2>\n<p data-v-md-line=\"35\">Kaufen Sie f\u00fcr sich selbst? Sie erhalten eine langlebige DTL elektronische Zigarette, die einfach zu bedienen und aufzuladen ist. Kein Men\u00fc erforderlich, keine Tasten ben\u00f6tigt. Glatter Geschmack, einstellbare Luftzufuhr, frei zu w\u00e4hlen aus.<\/p>\n<p data-v-md-line=\"37\">Ist der Lagerbestand knapp? Wir bieten Gro\u00dfhandelskartons mit <a class=\"wpil_keyword_link\" href=\"https:\/\/agoravape.com\/de\/verdampfen-nach-marke\/breze-stiik\/\" target=\"_blank\" rel=\"noopener\" title=\"BREEZE STICK\" data-wpil-keyword-link=\"linked\" data-wpil-monitor-id=\"7170\">Breze Stiik<\/a> King Max, mit 6 St\u00fcck pro Karton und 180 St\u00fcck pro Karton. Wir bieten DDP-Lieferdienste \u00fcber vertrauensw\u00fcrdige Partner wie UPS, DPD und DHL an, sodass Z\u00f6lle im Voraus abgewickelt werden k\u00f6nnen, um Zollunf\u00e4lle zu vermeiden. Zuverl\u00e4ssige Lieferung bedeutet, dass Sie die Bed\u00fcrfnisse Ihrer Kunden versprechen und wirklich erf\u00fcllen k\u00f6nnen.<\/p>\n<h2 data-v-md-heading=\"why-do-you-like-it\" data-v-md-line=\"39\">Why do you like it<\/h2>\n<ul data-v-md-line=\"40\">\n<li>Gro\u00dfe Rauchkapazit\u00e4t: bis zu 10000 Z\u00fcge, keine Notwendigkeit, h\u00e4ufig neue Zigaretten zu kaufen.<\/li>\n<li>Nikotingehalt Optionen: 0 Milligramm oder 1%, k\u00f6nnen Sie den am besten geeigneten Nikotingehalt f\u00fcr sich selbst w\u00e4hlen.<\/li>\n<li>Rechargeable: Type-C charging allows you to fully utilize every drop of e-liquid.<\/li>\n<li>Mesh-Spule: Gleichm\u00e4\u00dfiger Geschmack, zartes und sanftes DTL-Saugerlebnis.<\/li>\n<li>Einstellbare Ansaugung: \u00d6ffnen kann Rauch erzeugen, Festziehen kann den Widerstand erh\u00f6hen.<\/li>\n<\/ul>\n<h2 data-v-md-heading=\"why-choose-to-collaborate-with-agoravape\" data-v-md-line=\"46\">Warum sollten Sie sich f\u00fcr eine Zusammenarbeit mit AgoraVape entscheiden?<\/h2>\n<p data-v-md-line=\"47\">Wir verkaufen nur 100% Originalprodukte und garantieren deren Qualit\u00e4t. Enterprise Kunden, die Breze Stiik King Max 10K Puffs DTL einstellbare Einlass Rauchbomben kaufen k\u00f6nnen erm\u00e4\u00dfigte Gro\u00dfhandelspreise, professionelle Unterst\u00fctzung und schnelle und zuverl\u00e4ssige Lieferung genie\u00dfen. Nehmen Sie Kontakt mit uns auf, um zu erfahren, wie Sie Ihre Kunden zu Stammkunden machen k\u00f6nnen.<\/p>","protected":false},"excerpt":{"rendered":"<p>&nbsp;<\/p>","protected":false},"featured_media":15306,"comment_status":"open","ping_status":"closed","template":"","meta":[],"product_brand":[220],"product_cat":[124,187,185,188,194,176,147,177,174,175,193,191,173,186,180,190],"product_tag":[],"class_list":{"0":"post-15287","1":"product","2":"type-product","3":"status-publish","4":"has-post-thumbnail","6":"product_brand-breze-stiik","7":"product_cat-vape-by-brand","8":"product_cat-0mg-nicotine-free-vapes","9":"product_cat-10000-puffs-high-capacity","10":"product_cat-10mg-low-nicotine-vapes","11":"product_cat-adjustable-airflow","12":"product_cat-beverage","13":"product_cat-breze-stiik","14":"product_cat-dessert-sweets","15":"product_cat-fruit-flavors","16":"product_cat-icy-mint","17":"product_cat-mesh-coil","18":"product_cat-rechargeable-disposables","19":"product_cat-vape-by-flavor-profile","20":"product_cat-vape-by-nicotine-strength","21":"product_cat-vape-by-puff-count","22":"product_cat-vape-by-feature-or-type","24":"first","25":"onbackorder","26":"shipping-taxable","27":"purchasable","28":"product-type-variable","29":"has-default-attributes"},"tiered_pricing_type":"percentage","tiered_pricing_fixed_rules":[],"tiered_pricing_product_settings":{"layout":"default","base_unit_name":{"singular":null,"plural":null},"default_variation":null},"tiered_pricing_minimum_quantity":10,"tiered_pricing_roles_data":[],"tiered_pricing_percentage_rules":{"30":"29","50":"35","100":"40","200":"44","500":"47","1000":"49"},"tiered_pricing_maximum_quantity":null,"tiered_pricing_quantity_step":"10","_links":{"self":[{"href":"https:\/\/agoravape.com\/de\/wp-json\/wp\/v2\/product\/15287","targetHints":{"allow":["GET"]}}],"collection":[{"href":"https:\/\/agoravape.com\/de\/wp-json\/wp\/v2\/product"}],"about":[{"href":"https:\/\/agoravape.com\/de\/wp-json\/wp\/v2\/types\/product"}],"replies":[{"embeddable":true,"href":"https:\/\/agoravape.com\/de\/wp-json\/wp\/v2\/comments?post=15287"}],"version-history":[{"count":1,"href":"https:\/\/agoravape.com\/de\/wp-json\/wp\/v2\/product\/15287\/revisions"}],"predecessor-version":[{"id":29822,"href":"https:\/\/agoravape.com\/de\/wp-json\/wp\/v2\/product\/15287\/revisions\/29822"}],"wp:featuredmedia":[{"embeddable":true,"href":"https:\/\/agoravape.com\/de\/wp-json\/wp\/v2\/media\/15306"}],"wp:attachment":[{"href":"https:\/\/agoravape.com\/de\/wp-json\/wp\/v2\/media?parent=15287"}],"wp:term":[{"taxonomy":"product_brand","embeddable":true,"href":"https:\/\/agoravape.com\/de\/wp-json\/wp\/v2\/product_brand?post=15287"},{"taxonomy":"product_cat","embeddable":true,"href":"https:\/\/agoravape.com\/de\/wp-json\/wp\/v2\/product_cat?post=15287"},{"taxonomy":"product_tag","embeddable":true,"href":"https:\/\/agoravape.com\/de\/wp-json\/wp\/v2\/product_tag?post=15287"}],"curies":[{"name":"wp","href":"https:\/\/api.w.org\/{rel}","templated":true}]}}