{"id":15611,"date":"2025-10-16T17:25:29","date_gmt":"2025-10-16T09:25:29","guid":{"rendered":"https:\/\/green-grasshopper-921422.hostingersite.com\/?post_type=product&#038;p=15611"},"modified":"2026-01-19T22:03:20","modified_gmt":"2026-01-19T14:03:20","slug":"jnr-radiance-31000-puffs-vape","status":"publish","type":"product","link":"https:\/\/agoravape.com\/de\/product\/jnr-radiance-31000-puffs-vape\/","title":{"rendered":"JNR Radiance E-Zigarette mit 31.000 Z\u00fcgen und animiertem Display | Langanhaltender Geschmack und einfaches Laden per USB-C"},"content":{"rendered":"<h2 data-v-md-heading=\"jnr-radiance-31k-suction-capacity-with-animated-screen-what-s-special-about-it\" data-v-md-line=\"3\"><img loading=\"lazy\" decoding=\"async\" class=\"aligncenter size-full wp-image-15632\" src=\"https:\/\/agoravape.com\/wp-content\/uploads\/2025\/10\/JNR-Radiance-31K-Puffs-Vape-with-Animation-Screen_Blue-Razz-Cherry_Agora_vape-11.webp\" alt=\"\" width=\"1920\" height=\"1080\" srcset=\"https:\/\/agoravape.com\/wp-content\/uploads\/2025\/10\/JNR-Radiance-31K-Puffs-Vape-with-Animation-Screen_Blue-Razz-Cherry_Agora_vape-11.webp 1920w, https:\/\/agoravape.com\/wp-content\/uploads\/2025\/10\/JNR-Radiance-31K-Puffs-Vape-with-Animation-Screen_Blue-Razz-Cherry_Agora_vape-11-1200x675.webp 1200w, https:\/\/agoravape.com\/wp-content\/uploads\/2025\/10\/JNR-Radiance-31K-Puffs-Vape-with-Animation-Screen_Blue-Razz-Cherry_Agora_vape-11-300x169.webp 300w, https:\/\/agoravape.com\/wp-content\/uploads\/2025\/10\/JNR-Radiance-31K-Puffs-Vape-with-Animation-Screen_Blue-Razz-Cherry_Agora_vape-11-1024x576.webp 1024w, https:\/\/agoravape.com\/wp-content\/uploads\/2025\/10\/JNR-Radiance-31K-Puffs-Vape-with-Animation-Screen_Blue-Razz-Cherry_Agora_vape-11-768x432.webp 768w, https:\/\/agoravape.com\/wp-content\/uploads\/2025\/10\/JNR-Radiance-31K-Puffs-Vape-with-Animation-Screen_Blue-Razz-Cherry_Agora_vape-11-1536x864.webp 1536w\" sizes=\"auto, (max-width: 1920px) 100vw, 1920px\" \/><\/h2>\n<h2 data-v-md-heading=\"jnr-radiance-31k-suction-capacity-with-animated-screen-what-s-special-about-it\" data-v-md-line=\"3\">JNR Radiance 31K Saugleistung mit animiertem Bildschirm \u2013 was ist das Besondere daran?<\/h2>\n<p data-v-md-line=\"4\">Sind Sie es leid, dass Einweg-E-Zigaretten zu viel Strom verbrauchen? Dann sollten Sie sich dieses Produkt genauer ansehen. Die JNR Radiance bietet eine Saugleistung von bis zu 31.000 kcal und ist mit einem intelligenten, animierten Display ausgestattet, das f\u00fcr ein unterhaltsames Dampferlebnis sorgt. Sie wurde f\u00fcr Nutzer entwickelt, die Wert auf lange Akkulaufzeit und gleichbleibenden Geschmack legen \u2013 ganz ohne komplizierte Einstellungen oder Kn\u00f6pfe.<\/p>\n<p data-v-md-line=\"6\">Es ist mit wiederaufladbaren Akkus und einem gro\u00dfen E-Liquid-Tank ausgestattet, sodass Sie Ihre Lieblingsaromen l\u00e4nger und unbesorgt genie\u00dfen k\u00f6nnen. Es eignet sich ideal f\u00fcr t\u00e4gliche Dampfer, die nicht alle paar Stunden aufladen oder ihr Ger\u00e4t unter der Woche austauschen m\u00f6chten.<\/p>\n<h2 data-v-md-heading=\"excellent-performance-easy-and-convenient\" data-v-md-line=\"8\">Excellent performance, easy and convenient<\/h2>\n<p data-v-md-line=\"9\">Das Herzst\u00fcck der Radiance verwendet doppelte Mesh-Heizspulen, um bei jedem Bissen ein reines und volles Geschmackserlebnis zu garantieren. Vom ersten bis zum letzten Bissen bleibt der Geschmack konstant. Bei niedrigem Akkustand kann das Ger\u00e4t \u00fcber ein USB-C-Kabel aufgeladen werden \u2013 \u00e4hnlich wie beim Smartphone. Ganz einfach.<\/p>\n<h2 data-v-md-heading=\"specification-overview\" data-v-md-line=\"11\">Specification Overview<\/h2>\n<p data-v-md-line=\"12\"><strong>Anzahl der Saugvorg\u00e4nge<\/strong>bis zu 31000 Saugvorg\u00e4nge<br \/>\n<strong>Nikotin<\/strong>: 0 %, 2 % und 5 % optional (die genaue Verf\u00fcgbarkeit kann je nach Land\/Region variieren)<br \/>\n<strong>Zerst\u00e4uberkern<\/strong>Doppeltes Netzgewebe<br \/>\n<strong>Batterie<\/strong>: 950-mAh-Akku<br \/>\n<strong>E-Liquid-Kapazit\u00e4t<\/strong>28 Milliliter<br \/>\n<strong>Charging<\/strong>Standardm\u00e4\u00dfige USB-Typ-C-Schnittstelle<br \/>\n<strong>Status<\/strong>Sofort einsatzbereit nach dem Auspacken<\/p>\n<h2 data-v-md-heading=\"full-range-of-flavors\" data-v-md-line=\"20\">Full range of flavors<\/h2>\n<ul data-v-md-line=\"21\">\n<li>Blaubeer-Kirsch-Geschmack<\/li>\n<li>Blaubeer-Smoothie-Geschmack<\/li>\n<li>Kirschbeergeschmack<\/li>\n<li>Doppelter Apfelgeschmack<\/li>\n<li>Kirsch-Cola-Limonadengeschmack<\/li>\n<li>Hawaiianisches Aroma<\/li>\n<li>Mixed berry flavor<\/li>\n<li>Strawberry Strange Fruit Flavor<\/li>\n<li>Blaubeer-Himbeer-Geschmack<\/li>\n<li>Passionsfrucht \u2013 Seltsamer Fruchtgeschmack<\/li>\n<li>Pfirsich- und Ananasgeschmack<\/li>\n<li>Smoothie-Geschmack mit Erdbeer-, Himbeer- und Kirschgeschmack<\/li>\n<li>Sommerlicher Pfirsich-Smoothie<\/li>\n<li>Wassermelonen-Smoothie<\/li>\n<li>Erdbeer-Smoothie<\/li>\n<\/ul>\n<h2 data-v-md-heading=\"for-you-for-your-business\" data-v-md-line=\"37\">F\u00fcr Sie, f\u00fcr Ihr Unternehmen<\/h2>\n<p data-v-md-line=\"38\">Sie k\u00f6nnen ein Ger\u00e4t f\u00fcr den pers\u00f6nlichen Gebrauch erwerben oder Ihren Lagerbestand f\u00fcr Ihr Gesch\u00e4ft aufstocken. Wir bieten Gro\u00dfhandelsverpackungen an, sodass Sie Gro\u00dfbestellungen mit zuverl\u00e4ssiger Lieferung aufgeben k\u00f6nnen. Wir bieten DDP-Lieferungen \u00fcber vertrauensw\u00fcrdige Partner wie UPS, DPD und DHL an, sodass Z\u00f6lle im Voraus abgewickelt werden k\u00f6nnen und unerwartete Probleme beim Zoll vermieden werden.<\/p>\n<p data-v-md-line=\"40\">Die Bestimmungen variieren in Europa. Nikotinkonzentration und -menge k\u00f6nnen je nach Land\/Region unterschiedlich sein. Bitte informieren Sie sich vor dem Kauf \u00fcber die geltenden Bestimmungen in Ihrem Land. Bei Fragen kontaktieren Sie uns bitte.<\/p>\n<h2 data-v-md-heading=\"why-do-you-like-it\" data-v-md-line=\"42\">Why do you like it<\/h2>\n<p data-v-md-line=\"43\"><strong>Large caliber:<\/strong>\u00a0Rauchkartuschen halten l\u00e4nger und erfordern keinen h\u00e4ufigen Kauf neuer Kartuschen.<br \/>\n<strong>Nicotine concentration selection:<\/strong>\u00a0W\u00e4hlen Sie je nach Wunsch eine Konzentration von 0 %, 2 % oder 5 %.<br \/>\n<strong>Rechargeable battery:<\/strong>\u00a0Verbrauchen Sie das gesamte gekaufte E-Liquid auf einmal.<br \/>\n<strong>Doppeltes Zerst\u00e4ubungsnetz:<\/strong>\u00a0Gleichbleibender Geschmack ist stets gew\u00e4hrleistet.<br \/>\n<strong>Laden \u00fcber USB-C:<\/strong>\u00a0Mit nur einem Datenkabel k\u00f6nnen Sie alles problemlos erledigen und sich das Leben erleichtern.<br \/>\n<strong>Animierter Bildschirm:<\/strong>\u00a0Intelligente visuelle Effekte machen jede Anwendung attraktiver.<\/p>\n<h2 data-v-md-heading=\"why-collaborate-with-agoravape\" data-v-md-line=\"50\">Warum mit AgoraVape zusammenarbeiten?<\/h2>\n<p data-v-md-line=\"51\">Wir verkaufen ausschlie\u00dflich 100% Originalprodukte von renommierten Herstellern. Gesch\u00e4ftskunden profitieren von verg\u00fcnstigten Gro\u00dfhandelspreisen, zuverl\u00e4ssigem Kundenservice und schnellen, zuverl\u00e4ssigen Lieferdiensten innerhalb Europas. Kontaktieren Sie uns, um mehr \u00fcber die JNR Radiance 31K E-Zigarette mit animierten Bildschirmen zu erfahren \u2013 ein Ger\u00e4t, das Ihre Kunden immer wieder kaufen m\u00f6chten.<\/p>\n<p><script src=\"chrome-extension:\/\/fpelahbljekknahkcaegamhcndkfpfnc\/iFrame.js\" type=\"text\/javascript\"><\/script><\/p>\n<p><script src=\"chrome-extension:\/\/fpelahbljekknahkcaegamhcndkfpfnc\/iFrame.js\" type=\"text\/javascript\"><\/script><\/p>\n<p><script src=\"chrome-extension:\/\/fpelahbljekknahkcaegamhcndkfpfnc\/iFrame.js\" type=\"text\/javascript\"><\/script><\/p>","protected":false},"excerpt":{"rendered":"<p>&nbsp;<\/p>\n<p><script src=\"chrome-extension:\/\/fpelahbljekknahkcaegamhcndkfpfnc\/iFrame.js\" type=\"text\/javascript\"><\/script><\/p>\n<p><script src=\"chrome-extension:\/\/fpelahbljekknahkcaegamhcndkfpfnc\/iFrame.js\" type=\"text\/javascript\"><\/script><\/p>\n<p><script src=\"chrome-extension:\/\/fpelahbljekknahkcaegamhcndkfpfnc\/iFrame.js\" type=\"text\/javascript\"><\/script><\/p>\n<p><script src=\"chrome-extension:\/\/fpelahbljekknahkcaegamhcndkfpfnc\/iFrame.js\" type=\"text\/javascript\"><\/script><\/p>\n<p><script src=\"chrome-extension:\/\/fpelahbljekknahkcaegamhcndkfpfnc\/iFrame.js\" type=\"text\/javascript\"><\/script><\/p>\n<p><script src=\"chrome-extension:\/\/fpelahbljekknahkcaegamhcndkfpfnc\/iFrame.js\" type=\"text\/javascript\"><\/script><\/p>\n<p><script src=\"chrome-extension:\/\/fpelahbljekknahkcaegamhcndkfpfnc\/iFrame.js\" type=\"text\/javascript\"><\/script><\/p>\n<p><script src=\"chrome-extension:\/\/fpelahbljekknahkcaegamhcndkfpfnc\/iFrame.js\" type=\"text\/javascript\"><\/script><\/p>\n<p><script src=\"chrome-extension:\/\/fpelahbljekknahkcaegamhcndkfpfnc\/iFrame.js\" type=\"text\/javascript\"><\/script><\/p>\n<p><script src=\"chrome-extension:\/\/fpelahbljekknahkcaegamhcndkfpfnc\/iFrame.js\" type=\"text\/javascript\"><\/script><\/p>\n<p><script src=\"chrome-extension:\/\/fpelahbljekknahkcaegamhcndkfpfnc\/iFrame.js\" type=\"text\/javascript\"><\/script><\/p>\n<p><script src=\"chrome-extension:\/\/fpelahbljekknahkcaegamhcndkfpfnc\/iFrame.js\" type=\"text\/javascript\"><\/script><\/p>","protected":false},"featured_media":15637,"comment_status":"open","ping_status":"closed","template":"","meta":[],"product_brand":[225],"product_cat":[124,187,185,189,176,177,174,175,152,193,191,179,173,186,180,190,192],"product_tag":[],"class_list":{"0":"post-15611","1":"product","2":"type-product","3":"status-publish","4":"has-post-thumbnail","6":"product_brand-jnr","7":"product_cat-vape-by-brand","8":"product_cat-0mg-nicotine-free-vapes","9":"product_cat-10000-puffs-high-capacity","10":"product_cat-20mg-standard-nicotine-vapes","11":"product_cat-beverage","12":"product_cat-dessert-sweets","13":"product_cat-fruit-flavors","14":"product_cat-icy-mint","15":"product_cat-jnr","16":"product_cat-mesh-coil","17":"product_cat-rechargeable-disposables","18":"product_cat-unique-blends","19":"product_cat-vape-by-flavor-profile","20":"product_cat-vape-by-nicotine-strength","21":"product_cat-vape-by-puff-count","22":"product_cat-vape-by-feature-or-type","23":"product_cat-vapes-with-screens","25":"first","26":"onbackorder","27":"shipping-taxable","28":"purchasable","29":"product-type-variable","30":"has-default-attributes"},"tiered_pricing_type":"percentage","tiered_pricing_fixed_rules":[],"tiered_pricing_product_settings":{"layout":"default","base_unit_name":{"singular":null,"plural":null},"default_variation":null},"tiered_pricing_minimum_quantity":10,"tiered_pricing_roles_data":[],"tiered_pricing_percentage_rules":{"50":"35","100":"40","200":"44","500":"47","1000":"49"},"tiered_pricing_maximum_quantity":null,"tiered_pricing_quantity_step":"10","_links":{"self":[{"href":"https:\/\/agoravape.com\/de\/wp-json\/wp\/v2\/product\/15611","targetHints":{"allow":["GET"]}}],"collection":[{"href":"https:\/\/agoravape.com\/de\/wp-json\/wp\/v2\/product"}],"about":[{"href":"https:\/\/agoravape.com\/de\/wp-json\/wp\/v2\/types\/product"}],"replies":[{"embeddable":true,"href":"https:\/\/agoravape.com\/de\/wp-json\/wp\/v2\/comments?post=15611"}],"version-history":[{"count":0,"href":"https:\/\/agoravape.com\/de\/wp-json\/wp\/v2\/product\/15611\/revisions"}],"wp:featuredmedia":[{"embeddable":true,"href":"https:\/\/agoravape.com\/de\/wp-json\/wp\/v2\/media\/15637"}],"wp:attachment":[{"href":"https:\/\/agoravape.com\/de\/wp-json\/wp\/v2\/media?parent=15611"}],"wp:term":[{"taxonomy":"product_brand","embeddable":true,"href":"https:\/\/agoravape.com\/de\/wp-json\/wp\/v2\/product_brand?post=15611"},{"taxonomy":"product_cat","embeddable":true,"href":"https:\/\/agoravape.com\/de\/wp-json\/wp\/v2\/product_cat?post=15611"},{"taxonomy":"product_tag","embeddable":true,"href":"https:\/\/agoravape.com\/de\/wp-json\/wp\/v2\/product_tag?post=15611"}],"curies":[{"name":"wp","href":"https:\/\/api.w.org\/{rel}","templated":true}]}}