{"id":15758,"date":"2025-10-16T21:40:51","date_gmt":"2025-10-16T13:40:51","guid":{"rendered":"https:\/\/green-grasshopper-921422.hostingersite.com\/?post_type=product&#038;p=15758"},"modified":"2026-03-26T13:22:37","modified_gmt":"2026-03-26T12:22:37","slug":"jnr-falcon-x-18000-puffs-vape","status":"publish","type":"product","link":"https:\/\/agoravape.com\/de\/product\/jnr-falcon-x-18000-puffs-vape\/","title":{"rendered":"JNR Falcon-X E-Zigarette mit 18.000 Z\u00fcgen und Digitalanzeige | Langanhaltender Geschmack dank intelligentem Display"},"content":{"rendered":"<h2 data-v-md-heading=\"how-about-jnr-falcon-x-18k-suction-digital-vape\" data-v-md-line=\"3\"><img loading=\"lazy\" decoding=\"async\" class=\"aligncenter size-full wp-image-15836\" src=\"https:\/\/agoravape.com\/wp-content\/uploads\/2025\/10\/JNR-Falcon-X-18K-Puffs-Digital-Display-Vape-Online_Agora_vape-14.webp\" alt=\"\" width=\"2048\" height=\"1152\" srcset=\"https:\/\/agoravape.com\/wp-content\/uploads\/2025\/10\/JNR-Falcon-X-18K-Puffs-Digital-Display-Vape-Online_Agora_vape-14.webp 2048w, https:\/\/agoravape.com\/wp-content\/uploads\/2025\/10\/JNR-Falcon-X-18K-Puffs-Digital-Display-Vape-Online_Agora_vape-14-1200x675.webp 1200w, https:\/\/agoravape.com\/wp-content\/uploads\/2025\/10\/JNR-Falcon-X-18K-Puffs-Digital-Display-Vape-Online_Agora_vape-14-300x169.webp 300w, https:\/\/agoravape.com\/wp-content\/uploads\/2025\/10\/JNR-Falcon-X-18K-Puffs-Digital-Display-Vape-Online_Agora_vape-14-1024x576.webp 1024w, https:\/\/agoravape.com\/wp-content\/uploads\/2025\/10\/JNR-Falcon-X-18K-Puffs-Digital-Display-Vape-Online_Agora_vape-14-768x432.webp 768w, https:\/\/agoravape.com\/wp-content\/uploads\/2025\/10\/JNR-Falcon-X-18K-Puffs-Digital-Display-Vape-Online_Agora_vape-14-1536x864.webp 1536w\" sizes=\"auto, (max-width: 2048px) 100vw, 2048px\" \/><\/h2>\n<h2 data-v-md-heading=\"how-about-jnr-falcon-x-18k-suction-digital-vape\" data-v-md-line=\"3\">Wie w\u00e4re es mit dem JNR Falcon-X 18K Saugdampfger\u00e4t?<\/h2>\n<p data-v-md-line=\"4\">Wenn Sie genug von Einweg-Vapes haben, die schnell Strom verbrauchen oder Sie die verbleibende Akkulaufzeit erraten lassen, dann ist dieses Produkt einen Blick wert. Der JNR Falcon-X ist f\u00fcr eine einfache und bequeme Langzeitnutzung konzipiert und verf\u00fcgt \u00fcber ein klares digitales Display, das Sie \u00fcber die neuesten Entwicklungen auf dem Laufenden h\u00e4lt.<\/p>\n<p data-v-md-line=\"6\">Er ist f\u00fcr jeden geeignet, der einfach gro\u00dfe Bisse genie\u00dfen m\u00f6chte. Sie k\u00f6nnen eine Saugleistung von bis zu 18000 Z\u00fcgen erhalten, das Ansaugvolumen zur Feinabstimmung der Saugleistung einstellen und haben eine praktische Typ-C-Ladeschnittstelle, die es Ihnen leicht macht, jeden Tropfen E-Liquid zu beenden.<\/p>\n<h2 data-v-md-heading=\"excellent-performance-easy-and-convenient\" data-v-md-line=\"8\">Excellent performance, easy and convenient<\/h2>\n<p data-v-md-line=\"9\">Die Falcon-X nimmt eine Dual-Mesh-Spule und Dual-Core-Design, das eine glatte und konsistente Geschmack vom ersten Biss bis zum letzten Biss zu halten. Man k\u00f6nnte meinen, dass sich ein Ger\u00e4t mit einem so gro\u00dfen Mund langweilig anf\u00fchlen k\u00f6nnte, wenn es fast aufgebraucht ist, aber diese Zerst\u00e4ubungskerntechnologie h\u00e4lt es lebendig. Wenn der Akku leer ist, k\u00f6nnen Sie ihn mit einem Typ-C-Datenkabel aufladen, das Sie vielleicht schon haben. Es ist einfach, das digitale Display erm\u00f6glicht es Ihnen, den aktuellen Status auf einen Blick zu verstehen.<\/p>\n<h2 data-v-md-heading=\"specification-overview\" data-v-md-line=\"11\">Specification Overview<\/h2>\n<ul data-v-md-line=\"12\">\n<li>Anzahl der Ports: bis zu 18000 Ports<\/li>\n<li>Nikotin: 0%, 2%, oder 5% wahlweise<\/li>\n<li>Funktionsprinzip: Keine Einrichtung erforderlich<\/li>\n<li>Charging: Standard Type-C USB interface<\/li>\n<li>Status: Sofort einsatzbereit<\/li>\n<\/ul>\n<h2 data-v-md-heading=\"full-range-of-flavors\" data-v-md-line=\"18\">Full range of flavors<\/h2>\n<ul data-v-md-line=\"19\">\n<li>Blaubeer-Smoothie<\/li>\n<li>Strawberry kiwi fruit<\/li>\n<li>Wassermelonen-Smoothie<\/li>\n<li>Pfirsich-Smoothie<\/li>\n<li>Mehr Geschmacksrichtungen zur Auswahl<\/li>\n<\/ul>\n<h2 data-v-md-heading=\"for-you-and-for-your-business\" data-v-md-line=\"25\">F\u00fcr Sie und f\u00fcr Ihr Unternehmen<\/h2>\n<p data-v-md-line=\"26\">Kaufen Sie f\u00fcr sich selbst schnell und einfach ein. Wenn Sie einen physischen oder Online-Laden betreiben, k\u00f6nnen Sie JNR Falcon-X in gro\u00dfem Umfang zu \u00e4u\u00dferst wettbewerbsf\u00e4higen Gro\u00dfhandelspreisen erwerben. Die Verpackungsmenge und die Mindestbestellmenge variieren je nach Charge. Bitte setzen Sie sich mit uns in Verbindung, um die aktuellen Verpackungsgr\u00f6\u00dfen und Bestandsinformationen zu erhalten.<\/p>\n<p data-v-md-line=\"28\">Wir bieten zuverl\u00e4ssige, steuerpflichtige DDP-Optionen f\u00fcr verschiedene Standorte in Europa durch UPS, DPD und DHL, die Ihre Waren an viele Bestimmungsorte ohne unerwartete Zwischenf\u00e4lle beim Zoll transportieren k\u00f6nnen. Die Einhaltung der Vorschriften und die Liefersituation h\u00e4ngen von den lokalen Bestimmungen ab, daher helfen wir Ihnen, die zul\u00e4ssige Bandbreite in Ihrem Land\/Ihrer Region zu verstehen.<\/p>\n<h2 data-v-md-heading=\"why-do-you-like-it\" data-v-md-line=\"30\">Why do you like it<\/h2>\n<ul data-v-md-line=\"31\">\n<li>Starke Saugkraft: Eine Kapazit\u00e4t von bis zu 18.000 St\u00fcck bedeutet weniger Ersatz und einen h\u00f6heren Wert.<\/li>\n<li>Auswahl des Nikotingehalts: W\u00e4hlen Sie je nach Vorliebe 0 %, 2 % oder 5 %.<\/li>\n<li>Wiederaufladbar: Verwenden Sie alle 24 Milliliter e-Fl\u00fcssigkeit, ohne zu verschwenden.<\/li>\n<li>Mesh-Spule: Die doppellagige Mesh-Spule sorgt f\u00fcr einen gleichbleibenden und zufriedenstellenden Geschmack.<\/li>\n<li>Digitaler Bildschirm: Sehen Sie Ihren Status auf einen Blick, so dass Sie nicht mehr raten m\u00fcssen.<\/li>\n<li>Regulierbarer Luftstrom: lockere oder festere Ansaugung, passend zu Ihrem Stil.<\/li>\n<\/ul>\n<h2 data-v-md-heading=\"why-choose-to-collaborate-with-agoravape\" data-v-md-line=\"38\">Warum sollten Sie sich f\u00fcr eine Zusammenarbeit mit AgoraVape entscheiden?<\/h2>\n<p data-v-md-line=\"39\">Wir verkaufen nur 100% echte Produkte, und die Quelle der Waren \u00fcberpr\u00fcft werden kann. JNR Falcon-X 18K Puffs digital vape, werden Sie faire Gro\u00dfhandelspreise, professionelle technische Unterst\u00fctzung und schnelle und nachvollziehbare Lieferdienste genie\u00dfen. Eine sichere Zahlungsmethode sorgt f\u00fcr einen reibungslosen und sicheren Checkout-Prozess. Bitte kontaktieren Sie unser Team, um sich \u00fcber den Bestand, die Verf\u00fcgbarkeit von Geschmacksrichtungen und Mengenrabatte zu erkundigen, um Kunden mit wirklich wertvollen Ger\u00e4ten zu versorgen.<\/p>","protected":false},"excerpt":{"rendered":"<p>&nbsp;<\/p>\n<p><script src=\"chrome-extension:\/\/fpelahbljekknahkcaegamhcndkfpfnc\/iFrame.js\" type=\"text\/javascript\"><\/script><\/p>\n<p><script src=\"chrome-extension:\/\/fpelahbljekknahkcaegamhcndkfpfnc\/iFrame.js\" type=\"text\/javascript\"><\/script><\/p>\n<p><script src=\"chrome-extension:\/\/fpelahbljekknahkcaegamhcndkfpfnc\/iFrame.js\" type=\"text\/javascript\"><\/script><\/p>\n<p><script src=\"chrome-extension:\/\/fpelahbljekknahkcaegamhcndkfpfnc\/iFrame.js\" type=\"text\/javascript\"><\/script><\/p>\n<p><script src=\"chrome-extension:\/\/fpelahbljekknahkcaegamhcndkfpfnc\/iFrame.js\" type=\"text\/javascript\"><\/script><\/p>\n<p><script src=\"chrome-extension:\/\/fpelahbljekknahkcaegamhcndkfpfnc\/iFrame.js\" type=\"text\/javascript\"><\/script><\/p>\n<p><script src=\"chrome-extension:\/\/fpelahbljekknahkcaegamhcndkfpfnc\/iFrame.js\" type=\"text\/javascript\"><\/script><\/p>\n<p><script src=\"chrome-extension:\/\/fpelahbljekknahkcaegamhcndkfpfnc\/iFrame.js\" type=\"text\/javascript\"><\/script><\/p>\n<p><script src=\"chrome-extension:\/\/fpelahbljekknahkcaegamhcndkfpfnc\/iFrame.js\" type=\"text\/javascript\"><\/script><\/p>\n<p><script src=\"chrome-extension:\/\/fpelahbljekknahkcaegamhcndkfpfnc\/iFrame.js\" type=\"text\/javascript\"><\/script><\/p>\n<p><script src=\"chrome-extension:\/\/fpelahbljekknahkcaegamhcndkfpfnc\/iFrame.js\" type=\"text\/javascript\"><\/script><\/p>","protected":false},"featured_media":15848,"comment_status":"open","ping_status":"closed","template":"","meta":[],"product_brand":[225],"product_cat":[124,187,185,189,194,176,177,1674,174,175,152,193,191,179,173,186,180,190,192],"product_tag":[],"class_list":{"0":"post-15758","1":"product","2":"type-product","3":"status-publish","4":"has-post-thumbnail","6":"product_brand-jnr","7":"product_cat-vape-by-brand","8":"product_cat-0mg-nicotine-free-vapes","9":"product_cat-10000-puffs-high-capacity","10":"product_cat-20mg-standard-nicotine-vapes","11":"product_cat-adjustable-airflow","12":"product_cat-beverage","13":"product_cat-dessert-sweets","14":"product_cat-eu-warehouse","15":"product_cat-fruit-flavors","16":"product_cat-icy-mint","17":"product_cat-jnr","18":"product_cat-mesh-coil","19":"product_cat-rechargeable-disposables","20":"product_cat-unique-blends","21":"product_cat-vape-by-flavor-profile","22":"product_cat-vape-by-nicotine-strength","23":"product_cat-vape-by-puff-count","24":"product_cat-vape-by-feature-or-type","25":"product_cat-vapes-with-screens","27":"first","28":"instock","29":"shipping-taxable","30":"purchasable","31":"product-type-variable","32":"has-default-attributes"},"tiered_pricing_type":"percentage","tiered_pricing_fixed_rules":[],"tiered_pricing_product_settings":{"layout":"default","base_unit_name":{"singular":null,"plural":null},"default_variation":null},"tiered_pricing_minimum_quantity":10,"tiered_pricing_roles_data":[],"tiered_pricing_percentage_rules":{"50":"35","100":"40","200":"44","500":"47","1000":"49"},"tiered_pricing_maximum_quantity":null,"tiered_pricing_quantity_step":"10","_links":{"self":[{"href":"https:\/\/agoravape.com\/de\/wp-json\/wp\/v2\/product\/15758","targetHints":{"allow":["GET"]}}],"collection":[{"href":"https:\/\/agoravape.com\/de\/wp-json\/wp\/v2\/product"}],"about":[{"href":"https:\/\/agoravape.com\/de\/wp-json\/wp\/v2\/types\/product"}],"replies":[{"embeddable":true,"href":"https:\/\/agoravape.com\/de\/wp-json\/wp\/v2\/comments?post=15758"}],"version-history":[{"count":0,"href":"https:\/\/agoravape.com\/de\/wp-json\/wp\/v2\/product\/15758\/revisions"}],"wp:featuredmedia":[{"embeddable":true,"href":"https:\/\/agoravape.com\/de\/wp-json\/wp\/v2\/media\/15848"}],"wp:attachment":[{"href":"https:\/\/agoravape.com\/de\/wp-json\/wp\/v2\/media?parent=15758"}],"wp:term":[{"taxonomy":"product_brand","embeddable":true,"href":"https:\/\/agoravape.com\/de\/wp-json\/wp\/v2\/product_brand?post=15758"},{"taxonomy":"product_cat","embeddable":true,"href":"https:\/\/agoravape.com\/de\/wp-json\/wp\/v2\/product_cat?post=15758"},{"taxonomy":"product_tag","embeddable":true,"href":"https:\/\/agoravape.com\/de\/wp-json\/wp\/v2\/product_tag?post=15758"}],"curies":[{"name":"wp","href":"https:\/\/api.w.org\/{rel}","templated":true}]}}